{"id":285,"date":"2017-11-07T21:06:41","date_gmt":"2017-11-07T20:06:41","guid":{"rendered":"http:\/\/www.howieshockeytape.fi\/?post_type=product&#038;p=285"},"modified":"2024-12-12T09:01:46","modified_gmt":"2024-12-12T08:01:46","slug":"howies-tape-bag","status":"publish","type":"product","link":"https:\/\/gethowies.com\/fi\/tuote\/howies-tape-bag\/","title":{"rendered":"Howies Tape Bag"},"content":{"rendered":"","protected":false},"excerpt":{"rendered":"<p>Jos k\u00e4velet mink\u00e4 tahansa NHL- tai SHL-seuran pukuhuoneeseen huomaat, ett\u00e4 jokaisella pelaajalla on oma tarvikelaukku. Ei ihme, sill\u00e4 Howies tarvikelaukku on tehty suojaamaan mailateippi\u00e4 ja s\u00e4ilytt\u00e4m\u00e4\u00e4n varalapoja tai esimerkiksi saksia. Pid\u00e4 koko paketti kasassa Howies tarvikelaukun avulla! <\/p>\n<p>Lis\u00e4ksi jokainen j\u00e4\u00e4kiekko tiet\u00e4\u00e4, mit\u00e4 tapahtuu hyville teippirullille kun heit\u00e4t sen laukkuun. Parin p\u00e4iv\u00e4n kuluessa teippirulla on liev\u00e4sti sanottuna hieman k\u00e4rsinyt. Viikon tai kahden kuluttua se on k\u00e4yt\u00e4nn\u00f6ss\u00e4 k\u00e4ytt\u00f6kelvoton. Loppujen lopuksi sinulla Howies Hockeyn maailman huippulaatuinen teippi &#8230; nyt on aika s\u00e4ilytt\u00e4\u00e4 se laatu.<\/p>\n","protected":false},"featured_media":4588,"comment_status":"closed","ping_status":"closed","template":"","meta":{"inline_featured_image":false},"product_brand":[],"product_cat":[107],"product_tag":[],"class_list":{"0":"post-285","1":"product","2":"type-product","3":"status-publish","4":"has-post-thumbnail","6":"product_cat-lisatarvikkeet","8":"first","9":"instock","10":"shipping-taxable","11":"purchasable","12":"product-type-simple"},"yoast_head":"<!-- This site is optimized with the Yoast SEO plugin v27.6 - https:\/\/yoast.com\/product\/yoast-seo-wordpress\/ -->\n<title>Howies Tape Bag - Howies Hockey Suomi<\/title>\n<meta name=\"robots\" content=\"index, follow, max-snippet:-1, max-image-preview:large, max-video-preview:-1\" \/>\n<link rel=\"canonical\" href=\"https:\/\/gethowies.com\/fi\/tuote\/howies-tape-bag\/\" \/>\n<meta property=\"og:locale\" content=\"fi_FI\" \/>\n<meta property=\"og:type\" content=\"article\" \/>\n<meta property=\"og:title\" content=\"Howies Tape Bag - Howies Hockey Suomi\" \/>\n<meta property=\"og:description\" content=\"Jos k\u00e4velet mink\u00e4 tahansa NHL- tai SHL-seuran pukuhuoneeseen huomaat, ett\u00e4 jokaisella pelaajalla on oma tarvikelaukku. Ei ihme, sill\u00e4 Howies tarvikelaukku on tehty suojaamaan mailateippi\u00e4 ja s\u00e4ilytt\u00e4m\u00e4\u00e4n varalapoja tai esimerkiksi saksia. Pid\u00e4 koko paketti kasassa Howies tarvikelaukun avulla!  Lis\u00e4ksi jokainen j\u00e4\u00e4kiekko tiet\u00e4\u00e4, mit\u00e4 tapahtuu hyville teippirullille kun heit\u00e4t sen laukkuun. Parin p\u00e4iv\u00e4n kuluessa teippirulla on liev\u00e4sti sanottuna hieman k\u00e4rsinyt. Viikon tai kahden kuluttua se on k\u00e4yt\u00e4nn\u00f6ss\u00e4 k\u00e4ytt\u00f6kelvoton. Loppujen lopuksi sinulla Howies Hockeyn maailman huippulaatuinen teippi ... nyt on aika s\u00e4ilytt\u00e4\u00e4 se laatu.\" \/>\n<meta property=\"og:url\" content=\"https:\/\/gethowies.com\/fi\/tuote\/howies-tape-bag\/\" \/>\n<meta property=\"og:site_name\" content=\"Howies Hockey Suomi\" \/>\n<meta property=\"article:modified_time\" content=\"2024-12-12T08:01:46+00:00\" \/>\n<meta property=\"og:image\" content=\"https:\/\/gethowies.com\/fi\/wp-content\/uploads\/sites\/5\/2017\/11\/hht-bag-4.jpg\" \/>\n\t<meta property=\"og:image:width\" content=\"1020\" \/>\n\t<meta property=\"og:image:height\" content=\"1020\" \/>\n\t<meta property=\"og:image:type\" content=\"image\/jpeg\" \/>\n<meta name=\"twitter:card\" content=\"summary_large_image\" \/>\n<script type=\"application\/ld+json\" class=\"yoast-schema-graph\">{\"@context\":\"https:\\\/\\\/schema.org\",\"@graph\":[{\"@type\":\"WebPage\",\"@id\":\"https:\\\/\\\/gethowies.com\\\/fi\\\/tuote\\\/howies-tape-bag\\\/\",\"url\":\"https:\\\/\\\/gethowies.com\\\/fi\\\/tuote\\\/howies-tape-bag\\\/\",\"name\":\"Howies Tape Bag - Howies Hockey Suomi\",\"isPartOf\":{\"@id\":\"https:\\\/\\\/gethowies.com\\\/fi\\\/#website\"},\"primaryImageOfPage\":{\"@id\":\"https:\\\/\\\/gethowies.com\\\/fi\\\/tuote\\\/howies-tape-bag\\\/#primaryimage\"},\"image\":{\"@id\":\"https:\\\/\\\/gethowies.com\\\/fi\\\/tuote\\\/howies-tape-bag\\\/#primaryimage\"},\"thumbnailUrl\":\"https:\\\/\\\/gethowies.com\\\/fi\\\/wp-content\\\/uploads\\\/sites\\\/5\\\/2017\\\/11\\\/hht-bag-4.jpg\",\"datePublished\":\"2017-11-07T20:06:41+00:00\",\"dateModified\":\"2024-12-12T08:01:46+00:00\",\"breadcrumb\":{\"@id\":\"https:\\\/\\\/gethowies.com\\\/fi\\\/tuote\\\/howies-tape-bag\\\/#breadcrumb\"},\"inLanguage\":\"fi\",\"potentialAction\":[{\"@type\":\"ReadAction\",\"target\":[\"https:\\\/\\\/gethowies.com\\\/fi\\\/tuote\\\/howies-tape-bag\\\/\"]}]},{\"@type\":\"ImageObject\",\"inLanguage\":\"fi\",\"@id\":\"https:\\\/\\\/gethowies.com\\\/fi\\\/tuote\\\/howies-tape-bag\\\/#primaryimage\",\"url\":\"https:\\\/\\\/gethowies.com\\\/fi\\\/wp-content\\\/uploads\\\/sites\\\/5\\\/2017\\\/11\\\/hht-bag-4.jpg\",\"contentUrl\":\"https:\\\/\\\/gethowies.com\\\/fi\\\/wp-content\\\/uploads\\\/sites\\\/5\\\/2017\\\/11\\\/hht-bag-4.jpg\",\"width\":1020,\"height\":1020,\"caption\":\"Howies Hockey Tapebag\"},{\"@type\":\"BreadcrumbList\",\"@id\":\"https:\\\/\\\/gethowies.com\\\/fi\\\/tuote\\\/howies-tape-bag\\\/#breadcrumb\",\"itemListElement\":[{\"@type\":\"ListItem\",\"position\":1,\"name\":\"Hem\",\"item\":\"https:\\\/\\\/gethowies.com\\\/fi\\\/\"},{\"@type\":\"ListItem\",\"position\":2,\"name\":\"Shop\",\"item\":\"https:\\\/\\\/gethowies.com\\\/fi\\\/shop\\\/\"},{\"@type\":\"ListItem\",\"position\":3,\"name\":\"Howies Tape Bag\"}]},{\"@type\":\"WebSite\",\"@id\":\"https:\\\/\\\/gethowies.com\\\/fi\\\/#website\",\"url\":\"https:\\\/\\\/gethowies.com\\\/fi\\\/\",\"name\":\"Howies Hockey Suomi\",\"description\":\"\",\"potentialAction\":[{\"@type\":\"SearchAction\",\"target\":{\"@type\":\"EntryPoint\",\"urlTemplate\":\"https:\\\/\\\/gethowies.com\\\/fi\\\/?s={search_term_string}\"},\"query-input\":{\"@type\":\"PropertyValueSpecification\",\"valueRequired\":true,\"valueName\":\"search_term_string\"}}],\"inLanguage\":\"fi\"}]}<\/script>\n<!-- \/ Yoast SEO plugin. -->","yoast_head_json":{"title":"Howies Tape Bag - Howies Hockey Suomi","robots":{"index":"index","follow":"follow","max-snippet":"max-snippet:-1","max-image-preview":"max-image-preview:large","max-video-preview":"max-video-preview:-1"},"canonical":"https:\/\/gethowies.com\/fi\/tuote\/howies-tape-bag\/","og_locale":"fi_FI","og_type":"article","og_title":"Howies Tape Bag - Howies Hockey Suomi","og_description":"Jos k\u00e4velet mink\u00e4 tahansa NHL- tai SHL-seuran pukuhuoneeseen huomaat, ett\u00e4 jokaisella pelaajalla on oma tarvikelaukku. Ei ihme, sill\u00e4 Howies tarvikelaukku on tehty suojaamaan mailateippi\u00e4 ja s\u00e4ilytt\u00e4m\u00e4\u00e4n varalapoja tai esimerkiksi saksia. Pid\u00e4 koko paketti kasassa Howies tarvikelaukun avulla!  Lis\u00e4ksi jokainen j\u00e4\u00e4kiekko tiet\u00e4\u00e4, mit\u00e4 tapahtuu hyville teippirullille kun heit\u00e4t sen laukkuun. Parin p\u00e4iv\u00e4n kuluessa teippirulla on liev\u00e4sti sanottuna hieman k\u00e4rsinyt. Viikon tai kahden kuluttua se on k\u00e4yt\u00e4nn\u00f6ss\u00e4 k\u00e4ytt\u00f6kelvoton. Loppujen lopuksi sinulla Howies Hockeyn maailman huippulaatuinen teippi ... nyt on aika s\u00e4ilytt\u00e4\u00e4 se laatu.","og_url":"https:\/\/gethowies.com\/fi\/tuote\/howies-tape-bag\/","og_site_name":"Howies Hockey Suomi","article_modified_time":"2024-12-12T08:01:46+00:00","og_image":[{"width":1020,"height":1020,"url":"https:\/\/gethowies.com\/fi\/wp-content\/uploads\/sites\/5\/2017\/11\/hht-bag-4.jpg","type":"image\/jpeg"}],"twitter_card":"summary_large_image","schema":{"@context":"https:\/\/schema.org","@graph":[{"@type":"WebPage","@id":"https:\/\/gethowies.com\/fi\/tuote\/howies-tape-bag\/","url":"https:\/\/gethowies.com\/fi\/tuote\/howies-tape-bag\/","name":"Howies Tape Bag - Howies Hockey Suomi","isPartOf":{"@id":"https:\/\/gethowies.com\/fi\/#website"},"primaryImageOfPage":{"@id":"https:\/\/gethowies.com\/fi\/tuote\/howies-tape-bag\/#primaryimage"},"image":{"@id":"https:\/\/gethowies.com\/fi\/tuote\/howies-tape-bag\/#primaryimage"},"thumbnailUrl":"https:\/\/gethowies.com\/fi\/wp-content\/uploads\/sites\/5\/2017\/11\/hht-bag-4.jpg","datePublished":"2017-11-07T20:06:41+00:00","dateModified":"2024-12-12T08:01:46+00:00","breadcrumb":{"@id":"https:\/\/gethowies.com\/fi\/tuote\/howies-tape-bag\/#breadcrumb"},"inLanguage":"fi","potentialAction":[{"@type":"ReadAction","target":["https:\/\/gethowies.com\/fi\/tuote\/howies-tape-bag\/"]}]},{"@type":"ImageObject","inLanguage":"fi","@id":"https:\/\/gethowies.com\/fi\/tuote\/howies-tape-bag\/#primaryimage","url":"https:\/\/gethowies.com\/fi\/wp-content\/uploads\/sites\/5\/2017\/11\/hht-bag-4.jpg","contentUrl":"https:\/\/gethowies.com\/fi\/wp-content\/uploads\/sites\/5\/2017\/11\/hht-bag-4.jpg","width":1020,"height":1020,"caption":"Howies Hockey Tapebag"},{"@type":"BreadcrumbList","@id":"https:\/\/gethowies.com\/fi\/tuote\/howies-tape-bag\/#breadcrumb","itemListElement":[{"@type":"ListItem","position":1,"name":"Hem","item":"https:\/\/gethowies.com\/fi\/"},{"@type":"ListItem","position":2,"name":"Shop","item":"https:\/\/gethowies.com\/fi\/shop\/"},{"@type":"ListItem","position":3,"name":"Howies Tape Bag"}]},{"@type":"WebSite","@id":"https:\/\/gethowies.com\/fi\/#website","url":"https:\/\/gethowies.com\/fi\/","name":"Howies Hockey Suomi","description":"","potentialAction":[{"@type":"SearchAction","target":{"@type":"EntryPoint","urlTemplate":"https:\/\/gethowies.com\/fi\/?s={search_term_string}"},"query-input":{"@type":"PropertyValueSpecification","valueRequired":true,"valueName":"search_term_string"}}],"inLanguage":"fi"}]}},"_links":{"self":[{"href":"https:\/\/gethowies.com\/fi\/wp-json\/wp\/v2\/product\/285","targetHints":{"allow":["GET"]}}],"collection":[{"href":"https:\/\/gethowies.com\/fi\/wp-json\/wp\/v2\/product"}],"about":[{"href":"https:\/\/gethowies.com\/fi\/wp-json\/wp\/v2\/types\/product"}],"replies":[{"embeddable":true,"href":"https:\/\/gethowies.com\/fi\/wp-json\/wp\/v2\/comments?post=285"}],"wp:featuredmedia":[{"embeddable":true,"href":"https:\/\/gethowies.com\/fi\/wp-json\/wp\/v2\/media\/4588"}],"wp:attachment":[{"href":"https:\/\/gethowies.com\/fi\/wp-json\/wp\/v2\/media?parent=285"}],"wp:term":[{"taxonomy":"product_brand","embeddable":true,"href":"https:\/\/gethowies.com\/fi\/wp-json\/wp\/v2\/product_brand?post=285"},{"taxonomy":"product_cat","embeddable":true,"href":"https:\/\/gethowies.com\/fi\/wp-json\/wp\/v2\/product_cat?post=285"},{"taxonomy":"product_tag","embeddable":true,"href":"https:\/\/gethowies.com\/fi\/wp-json\/wp\/v2\/product_tag?post=285"}],"curies":[{"name":"wp","href":"https:\/\/api.w.org\/{rel}","templated":true}]}}