{"id":501,"date":"2017-03-06T19:41:58","date_gmt":"2017-03-06T17:41:58","guid":{"rendered":"http:\/\/www.howieshockeytape.fi\/produkt\/howies-pro-clear-rod\/"},"modified":"2024-11-28T21:12:57","modified_gmt":"2024-11-28T20:12:57","slug":"howies-saarisuojateippi-punainen","status":"publish","type":"product","link":"https:\/\/gethowies.com\/fi\/tuote\/howies-saarisuojateippi-punainen\/","title":{"rendered":"Howies S\u00e4\u00e4risuojateippi Punainen"},"content":{"rendered":"<p><span style=\"font-weight: 400\">Kun olet kertalleen k\u00e4ytt\u00e4nyt meid\u00e4n s\u00e4\u00e4risuojateippi\u00e4, et koskaan palaa takaisin vanhaan! Howies s\u00e4\u00e4risuojateipin suorityskyky on yksinkertaisesti ylitse muiden kun haluat s\u00e4\u00e4risuojien pysyv\u00e4n paikoillaan ja minimoida loukkaantumisriski\u00e4.<\/span><\/p>\n<p><span style=\"font-weight: 400\">Kest\u00e4v\u00e4 kirkas s\u00e4\u00e4risuojateippi varmistaa, ett\u00e4 s\u00e4\u00e4risuojat ovat paikoillaan l\u00e4pi otteluiden ja harjoitusten. Howies s\u00e4\u00e4risuojateippi ei ole verrattavissa s\u00e4hk\u00f6teipppiin joka heikkenee\/venyy lyhyen ajan sis\u00e4ll\u00e4 lis\u00e4\u00e4m\u00e4ll\u00e4 loukkaantumisriski\u00e4.<\/span><\/p>\n<p><span style=\"font-weight: 400\">Valmistettu Pohjois-Amerikassa.<\/span><\/p>\n","protected":false},"excerpt":{"rendered":"<p><font><strong>V\u00e4ri<\/strong> &#8211; Punainen<\/font><\/p>\n<div class=\"boxarna\">\n<ul>\n<li><a href=\"..\/howies-saarisuojateippi-kirkas\/\">\n<div class=\"clear-tape\"><\/div>\n<p><\/a><\/li>\n<li><a href=\"..\/howies-saarisuojateippi-valkoinen\/\">\n<div class=\"white\">\n  <\/div>\n<p><\/a><\/li>\n<li><a href=\"..\/howies-saarisuojateippi-tummansininen\/\">\n<div class=\"navy\">\n  <\/div>\n<p><\/a><\/li>\n<li class=\"ccurrent\"><a href=\"..\/howies-saarisuojateippi-punainen\/\">\n<div class=\"red\">\n  <\/div>\n<p><\/a><\/li>\n<li><a href=\"..\/howies-saarisuojateippi-hopea\/\">\n<div class=\"silver\">\n  <\/div>\n<p><\/a><\/li>\n<li><a href=\"..\/howies-saarisuojateippi-oranssi\/\">\n<div class=\"orange\">\n  <\/div>\n<p><\/a><\/li>\n<li><a href=\"..\/howies-saarisuojateippi-keltainen\">\n<div class=\"yellow\">\n  <\/div>\n<p><\/a><\/li>\n<li><a href=\"..\/howies-saarisuojateippi-pinkki\/\">\n<div class=\"pink\">\n  <\/div>\n<p><\/a><\/li>\n<\/ul>\n<\/div>\n","protected":false},"featured_media":4365,"comment_status":"closed","ping_status":"closed","template":"","meta":{"inline_featured_image":false},"product_brand":[],"product_cat":[88],"product_tag":[],"class_list":{"0":"post-501","1":"product","2":"type-product","3":"status-publish","4":"has-post-thumbnail","6":"product_cat-saarisuojateippi","8":"first","9":"instock","10":"shipping-taxable","11":"purchasable","12":"product-type-simple"},"yoast_head":"<!-- This site is optimized with the Yoast SEO plugin v27.3 - https:\/\/yoast.com\/product\/yoast-seo-wordpress\/ -->\n<title>Howies S\u00e4\u00e4risuojateippi Punainen - Howies Hockey Suomi<\/title>\n<meta name=\"robots\" content=\"index, follow, max-snippet:-1, max-image-preview:large, max-video-preview:-1\" \/>\n<link rel=\"canonical\" href=\"https:\/\/gethowies.com\/fi\/tuote\/howies-saarisuojateippi-punainen\/\" \/>\n<meta property=\"og:locale\" content=\"fi_FI\" \/>\n<meta property=\"og:type\" content=\"article\" \/>\n<meta property=\"og:title\" content=\"Howies S\u00e4\u00e4risuojateippi Punainen - Howies Hockey Suomi\" \/>\n<meta property=\"og:description\" content=\"V\u00e4ri - Punainen\" \/>\n<meta property=\"og:url\" content=\"https:\/\/gethowies.com\/fi\/tuote\/howies-saarisuojateippi-punainen\/\" \/>\n<meta property=\"og:site_name\" content=\"Howies Hockey Suomi\" \/>\n<meta property=\"article:modified_time\" content=\"2024-11-28T20:12:57+00:00\" \/>\n<meta property=\"og:image\" content=\"https:\/\/gethowies.com\/fi\/wp-content\/uploads\/sites\/5\/2017\/03\/hht-red_poly.jpg\" \/>\n\t<meta property=\"og:image:width\" content=\"1020\" \/>\n\t<meta property=\"og:image:height\" content=\"1020\" \/>\n\t<meta property=\"og:image:type\" content=\"image\/jpeg\" \/>\n<meta name=\"twitter:card\" content=\"summary_large_image\" \/>\n<script type=\"application\/ld+json\" class=\"yoast-schema-graph\">{\"@context\":\"https:\\\/\\\/schema.org\",\"@graph\":[{\"@type\":\"WebPage\",\"@id\":\"https:\\\/\\\/gethowies.com\\\/fi\\\/tuote\\\/howies-saarisuojateippi-punainen\\\/\",\"url\":\"https:\\\/\\\/gethowies.com\\\/fi\\\/tuote\\\/howies-saarisuojateippi-punainen\\\/\",\"name\":\"Howies S\u00e4\u00e4risuojateippi Punainen - Howies Hockey Suomi\",\"isPartOf\":{\"@id\":\"https:\\\/\\\/gethowies.com\\\/fi\\\/#website\"},\"primaryImageOfPage\":{\"@id\":\"https:\\\/\\\/gethowies.com\\\/fi\\\/tuote\\\/howies-saarisuojateippi-punainen\\\/#primaryimage\"},\"image\":{\"@id\":\"https:\\\/\\\/gethowies.com\\\/fi\\\/tuote\\\/howies-saarisuojateippi-punainen\\\/#primaryimage\"},\"thumbnailUrl\":\"https:\\\/\\\/gethowies.com\\\/fi\\\/wp-content\\\/uploads\\\/sites\\\/5\\\/2017\\\/03\\\/hht-red_poly.jpg\",\"datePublished\":\"2017-03-06T17:41:58+00:00\",\"dateModified\":\"2024-11-28T20:12:57+00:00\",\"breadcrumb\":{\"@id\":\"https:\\\/\\\/gethowies.com\\\/fi\\\/tuote\\\/howies-saarisuojateippi-punainen\\\/#breadcrumb\"},\"inLanguage\":\"fi\",\"potentialAction\":[{\"@type\":\"ReadAction\",\"target\":[\"https:\\\/\\\/gethowies.com\\\/fi\\\/tuote\\\/howies-saarisuojateippi-punainen\\\/\"]}]},{\"@type\":\"ImageObject\",\"inLanguage\":\"fi\",\"@id\":\"https:\\\/\\\/gethowies.com\\\/fi\\\/tuote\\\/howies-saarisuojateippi-punainen\\\/#primaryimage\",\"url\":\"https:\\\/\\\/gethowies.com\\\/fi\\\/wp-content\\\/uploads\\\/sites\\\/5\\\/2017\\\/03\\\/hht-red_poly.jpg\",\"contentUrl\":\"https:\\\/\\\/gethowies.com\\\/fi\\\/wp-content\\\/uploads\\\/sites\\\/5\\\/2017\\\/03\\\/hht-red_poly.jpg\",\"width\":1020,\"height\":1020,\"caption\":\"R\u00f6d Benskyddstejp\"},{\"@type\":\"BreadcrumbList\",\"@id\":\"https:\\\/\\\/gethowies.com\\\/fi\\\/tuote\\\/howies-saarisuojateippi-punainen\\\/#breadcrumb\",\"itemListElement\":[{\"@type\":\"ListItem\",\"position\":1,\"name\":\"Hem\",\"item\":\"https:\\\/\\\/gethowies.com\\\/fi\\\/\"},{\"@type\":\"ListItem\",\"position\":2,\"name\":\"Shop\",\"item\":\"https:\\\/\\\/gethowies.com\\\/fi\\\/shop\\\/\"},{\"@type\":\"ListItem\",\"position\":3,\"name\":\"Howies S\u00e4\u00e4risuojateippi Punainen\"}]},{\"@type\":\"WebSite\",\"@id\":\"https:\\\/\\\/gethowies.com\\\/fi\\\/#website\",\"url\":\"https:\\\/\\\/gethowies.com\\\/fi\\\/\",\"name\":\"Howies Hockey Suomi\",\"description\":\"\",\"potentialAction\":[{\"@type\":\"SearchAction\",\"target\":{\"@type\":\"EntryPoint\",\"urlTemplate\":\"https:\\\/\\\/gethowies.com\\\/fi\\\/?s={search_term_string}\"},\"query-input\":{\"@type\":\"PropertyValueSpecification\",\"valueRequired\":true,\"valueName\":\"search_term_string\"}}],\"inLanguage\":\"fi\"}]}<\/script>\n<!-- \/ Yoast SEO plugin. -->","yoast_head_json":{"title":"Howies S\u00e4\u00e4risuojateippi Punainen - Howies Hockey Suomi","robots":{"index":"index","follow":"follow","max-snippet":"max-snippet:-1","max-image-preview":"max-image-preview:large","max-video-preview":"max-video-preview:-1"},"canonical":"https:\/\/gethowies.com\/fi\/tuote\/howies-saarisuojateippi-punainen\/","og_locale":"fi_FI","og_type":"article","og_title":"Howies S\u00e4\u00e4risuojateippi Punainen - Howies Hockey Suomi","og_description":"V\u00e4ri - Punainen","og_url":"https:\/\/gethowies.com\/fi\/tuote\/howies-saarisuojateippi-punainen\/","og_site_name":"Howies Hockey Suomi","article_modified_time":"2024-11-28T20:12:57+00:00","og_image":[{"width":1020,"height":1020,"url":"https:\/\/gethowies.com\/fi\/wp-content\/uploads\/sites\/5\/2017\/03\/hht-red_poly.jpg","type":"image\/jpeg"}],"twitter_card":"summary_large_image","schema":{"@context":"https:\/\/schema.org","@graph":[{"@type":"WebPage","@id":"https:\/\/gethowies.com\/fi\/tuote\/howies-saarisuojateippi-punainen\/","url":"https:\/\/gethowies.com\/fi\/tuote\/howies-saarisuojateippi-punainen\/","name":"Howies S\u00e4\u00e4risuojateippi Punainen - Howies Hockey Suomi","isPartOf":{"@id":"https:\/\/gethowies.com\/fi\/#website"},"primaryImageOfPage":{"@id":"https:\/\/gethowies.com\/fi\/tuote\/howies-saarisuojateippi-punainen\/#primaryimage"},"image":{"@id":"https:\/\/gethowies.com\/fi\/tuote\/howies-saarisuojateippi-punainen\/#primaryimage"},"thumbnailUrl":"https:\/\/gethowies.com\/fi\/wp-content\/uploads\/sites\/5\/2017\/03\/hht-red_poly.jpg","datePublished":"2017-03-06T17:41:58+00:00","dateModified":"2024-11-28T20:12:57+00:00","breadcrumb":{"@id":"https:\/\/gethowies.com\/fi\/tuote\/howies-saarisuojateippi-punainen\/#breadcrumb"},"inLanguage":"fi","potentialAction":[{"@type":"ReadAction","target":["https:\/\/gethowies.com\/fi\/tuote\/howies-saarisuojateippi-punainen\/"]}]},{"@type":"ImageObject","inLanguage":"fi","@id":"https:\/\/gethowies.com\/fi\/tuote\/howies-saarisuojateippi-punainen\/#primaryimage","url":"https:\/\/gethowies.com\/fi\/wp-content\/uploads\/sites\/5\/2017\/03\/hht-red_poly.jpg","contentUrl":"https:\/\/gethowies.com\/fi\/wp-content\/uploads\/sites\/5\/2017\/03\/hht-red_poly.jpg","width":1020,"height":1020,"caption":"R\u00f6d Benskyddstejp"},{"@type":"BreadcrumbList","@id":"https:\/\/gethowies.com\/fi\/tuote\/howies-saarisuojateippi-punainen\/#breadcrumb","itemListElement":[{"@type":"ListItem","position":1,"name":"Hem","item":"https:\/\/gethowies.com\/fi\/"},{"@type":"ListItem","position":2,"name":"Shop","item":"https:\/\/gethowies.com\/fi\/shop\/"},{"@type":"ListItem","position":3,"name":"Howies S\u00e4\u00e4risuojateippi Punainen"}]},{"@type":"WebSite","@id":"https:\/\/gethowies.com\/fi\/#website","url":"https:\/\/gethowies.com\/fi\/","name":"Howies Hockey Suomi","description":"","potentialAction":[{"@type":"SearchAction","target":{"@type":"EntryPoint","urlTemplate":"https:\/\/gethowies.com\/fi\/?s={search_term_string}"},"query-input":{"@type":"PropertyValueSpecification","valueRequired":true,"valueName":"search_term_string"}}],"inLanguage":"fi"}]}},"_links":{"self":[{"href":"https:\/\/gethowies.com\/fi\/wp-json\/wp\/v2\/product\/501","targetHints":{"allow":["GET"]}}],"collection":[{"href":"https:\/\/gethowies.com\/fi\/wp-json\/wp\/v2\/product"}],"about":[{"href":"https:\/\/gethowies.com\/fi\/wp-json\/wp\/v2\/types\/product"}],"replies":[{"embeddable":true,"href":"https:\/\/gethowies.com\/fi\/wp-json\/wp\/v2\/comments?post=501"}],"wp:featuredmedia":[{"embeddable":true,"href":"https:\/\/gethowies.com\/fi\/wp-json\/wp\/v2\/media\/4365"}],"wp:attachment":[{"href":"https:\/\/gethowies.com\/fi\/wp-json\/wp\/v2\/media?parent=501"}],"wp:term":[{"taxonomy":"product_brand","embeddable":true,"href":"https:\/\/gethowies.com\/fi\/wp-json\/wp\/v2\/product_brand?post=501"},{"taxonomy":"product_cat","embeddable":true,"href":"https:\/\/gethowies.com\/fi\/wp-json\/wp\/v2\/product_cat?post=501"},{"taxonomy":"product_tag","embeddable":true,"href":"https:\/\/gethowies.com\/fi\/wp-json\/wp\/v2\/product_tag?post=501"}],"curies":[{"name":"wp","href":"https:\/\/api.w.org\/{rel}","templated":true}]}}