{"id":511,"date":"2017-03-06T19:54:03","date_gmt":"2017-03-06T19:54:03","guid":{"rendered":"http:\/\/www.howieshockeytape.fi\/produkt\/howies-pro-clear-royal\/"},"modified":"2017-03-06T19:54:03","modified_gmt":"2017-03-06T19:54:03","slug":"howies-pro-clear-royal","status":"publish","type":"product","link":"https:\/\/gethowies.com\/fi\/tuote\/howies-pro-clear-royal\/","title":{"rendered":"Howies Pro Clear Royal"},"content":{"rendered":"<p>Anv\u00e4nds av spelare i NHL och Elitserien. Proffsens sj\u00e4lvklara val genom matchen och f\u00f6r Dig som enbart n\u00f6jer sig\u00a0med det b\u00e4sta. Den kraftiga tejpen h\u00e5ller skydden p\u00e5 plats genom hela matchen\/tr\u00e4ningen. Howies Pro Socktape kan INTE j\u00e4mf\u00f6ras med enklare\/tunnare tejp som mattas\/str\u00e4cks ut och d\u00e4rmed \u00f6kar skaderisken.<\/p>\n<p>V\u00e4lj mellan Clear &#8211; Gold &#8211; Silver &#8211; Pink &#8211; Red &amp; Navy<\/p>\n<p><strong>Made In USA<\/strong><\/p>\n","protected":false},"excerpt":{"rendered":"<p>Anv\u00e4nds av spelare i NHL och Elitserien. Proffsens sj\u00e4lvklara val genom matchen och f\u00f6r Dig som enbart n\u00f6jer sig\u00a0med det b\u00e4sta. Den kraftiga tejpen h\u00e5ller skydden p\u00e5 plats genom hela matchen\/tr\u00e4ningen. Howies Pro Socktape kan INTE j\u00e4mf\u00f6ras med enklare\/tunnare tejp som mattas\/str\u00e4cks ut och d\u00e4rmed \u00f6kar skaderisken.<\/p>\n<p>V\u00e4lj mellan Clear &#8211; Gold &#8211; Silver &#8211; Pink &#8211; Red &amp; Navy<\/p>\n<p><strong>Made In USA<\/strong><\/p>\n","protected":false},"featured_media":0,"comment_status":"closed","ping_status":"closed","template":"","meta":{"inline_featured_image":false},"product_brand":[],"product_cat":[88],"product_tag":[],"class_list":{"0":"post-511","1":"product","2":"type-product","3":"status-publish","5":"product_cat-saarisuojateippi","7":"first","8":"outofstock","9":"shipping-taxable","10":"purchasable","11":"product-type-simple"},"yoast_head":"<!-- This site is optimized with the Yoast SEO plugin v27.3 - https:\/\/yoast.com\/product\/yoast-seo-wordpress\/ -->\n<title>Howies Pro Clear Royal - Howies Hockey Suomi<\/title>\n<meta name=\"robots\" content=\"index, follow, max-snippet:-1, max-image-preview:large, max-video-preview:-1\" \/>\n<link rel=\"canonical\" href=\"https:\/\/gethowies.com\/fi\/tuote\/howies-pro-clear-royal\/\" \/>\n<meta property=\"og:locale\" content=\"fi_FI\" \/>\n<meta property=\"og:type\" content=\"article\" \/>\n<meta property=\"og:title\" content=\"Howies Pro Clear Royal - Howies Hockey Suomi\" \/>\n<meta property=\"og:description\" content=\"Anv\u00e4nds av spelare i NHL och Elitserien. Proffsens sj\u00e4lvklara val genom matchen och f\u00f6r Dig som enbart n\u00f6jer sig\u00a0med det b\u00e4sta. Den kraftiga tejpen h\u00e5ller skydden p\u00e5 plats genom hela matchen\/tr\u00e4ningen. Howies Pro Socktape kan INTE j\u00e4mf\u00f6ras med enklare\/tunnare tejp som mattas\/str\u00e4cks ut och d\u00e4rmed \u00f6kar skaderisken. V\u00e4lj mellan Clear - Gold - Silver - Pink - Red &amp; Navy Made In USA\" \/>\n<meta property=\"og:url\" content=\"https:\/\/gethowies.com\/fi\/tuote\/howies-pro-clear-royal\/\" \/>\n<meta property=\"og:site_name\" content=\"Howies Hockey Suomi\" \/>\n<meta name=\"twitter:card\" content=\"summary_large_image\" \/>\n<script type=\"application\/ld+json\" class=\"yoast-schema-graph\">{\"@context\":\"https:\\\/\\\/schema.org\",\"@graph\":[{\"@type\":\"WebPage\",\"@id\":\"https:\\\/\\\/gethowies.com\\\/fi\\\/tuote\\\/howies-pro-clear-royal\\\/\",\"url\":\"https:\\\/\\\/gethowies.com\\\/fi\\\/tuote\\\/howies-pro-clear-royal\\\/\",\"name\":\"Howies Pro Clear Royal - Howies Hockey Suomi\",\"isPartOf\":{\"@id\":\"https:\\\/\\\/gethowies.com\\\/fi\\\/#website\"},\"datePublished\":\"2017-03-06T19:54:03+00:00\",\"breadcrumb\":{\"@id\":\"https:\\\/\\\/gethowies.com\\\/fi\\\/tuote\\\/howies-pro-clear-royal\\\/#breadcrumb\"},\"inLanguage\":\"fi\",\"potentialAction\":[{\"@type\":\"ReadAction\",\"target\":[\"https:\\\/\\\/gethowies.com\\\/fi\\\/tuote\\\/howies-pro-clear-royal\\\/\"]}]},{\"@type\":\"BreadcrumbList\",\"@id\":\"https:\\\/\\\/gethowies.com\\\/fi\\\/tuote\\\/howies-pro-clear-royal\\\/#breadcrumb\",\"itemListElement\":[{\"@type\":\"ListItem\",\"position\":1,\"name\":\"Hem\",\"item\":\"https:\\\/\\\/gethowies.com\\\/fi\\\/\"},{\"@type\":\"ListItem\",\"position\":2,\"name\":\"Shop\",\"item\":\"https:\\\/\\\/gethowies.com\\\/fi\\\/shop\\\/\"},{\"@type\":\"ListItem\",\"position\":3,\"name\":\"Howies Pro Clear Royal\"}]},{\"@type\":\"WebSite\",\"@id\":\"https:\\\/\\\/gethowies.com\\\/fi\\\/#website\",\"url\":\"https:\\\/\\\/gethowies.com\\\/fi\\\/\",\"name\":\"Howies Hockey Suomi\",\"description\":\"\",\"potentialAction\":[{\"@type\":\"SearchAction\",\"target\":{\"@type\":\"EntryPoint\",\"urlTemplate\":\"https:\\\/\\\/gethowies.com\\\/fi\\\/?s={search_term_string}\"},\"query-input\":{\"@type\":\"PropertyValueSpecification\",\"valueRequired\":true,\"valueName\":\"search_term_string\"}}],\"inLanguage\":\"fi\"}]}<\/script>\n<!-- \/ Yoast SEO plugin. -->","yoast_head_json":{"title":"Howies Pro Clear Royal - Howies Hockey Suomi","robots":{"index":"index","follow":"follow","max-snippet":"max-snippet:-1","max-image-preview":"max-image-preview:large","max-video-preview":"max-video-preview:-1"},"canonical":"https:\/\/gethowies.com\/fi\/tuote\/howies-pro-clear-royal\/","og_locale":"fi_FI","og_type":"article","og_title":"Howies Pro Clear Royal - Howies Hockey Suomi","og_description":"Anv\u00e4nds av spelare i NHL och Elitserien. Proffsens sj\u00e4lvklara val genom matchen och f\u00f6r Dig som enbart n\u00f6jer sig\u00a0med det b\u00e4sta. Den kraftiga tejpen h\u00e5ller skydden p\u00e5 plats genom hela matchen\/tr\u00e4ningen. Howies Pro Socktape kan INTE j\u00e4mf\u00f6ras med enklare\/tunnare tejp som mattas\/str\u00e4cks ut och d\u00e4rmed \u00f6kar skaderisken. V\u00e4lj mellan Clear - Gold - Silver - Pink - Red &amp; Navy Made In USA","og_url":"https:\/\/gethowies.com\/fi\/tuote\/howies-pro-clear-royal\/","og_site_name":"Howies Hockey Suomi","twitter_card":"summary_large_image","schema":{"@context":"https:\/\/schema.org","@graph":[{"@type":"WebPage","@id":"https:\/\/gethowies.com\/fi\/tuote\/howies-pro-clear-royal\/","url":"https:\/\/gethowies.com\/fi\/tuote\/howies-pro-clear-royal\/","name":"Howies Pro Clear Royal - Howies Hockey Suomi","isPartOf":{"@id":"https:\/\/gethowies.com\/fi\/#website"},"datePublished":"2017-03-06T19:54:03+00:00","breadcrumb":{"@id":"https:\/\/gethowies.com\/fi\/tuote\/howies-pro-clear-royal\/#breadcrumb"},"inLanguage":"fi","potentialAction":[{"@type":"ReadAction","target":["https:\/\/gethowies.com\/fi\/tuote\/howies-pro-clear-royal\/"]}]},{"@type":"BreadcrumbList","@id":"https:\/\/gethowies.com\/fi\/tuote\/howies-pro-clear-royal\/#breadcrumb","itemListElement":[{"@type":"ListItem","position":1,"name":"Hem","item":"https:\/\/gethowies.com\/fi\/"},{"@type":"ListItem","position":2,"name":"Shop","item":"https:\/\/gethowies.com\/fi\/shop\/"},{"@type":"ListItem","position":3,"name":"Howies Pro Clear Royal"}]},{"@type":"WebSite","@id":"https:\/\/gethowies.com\/fi\/#website","url":"https:\/\/gethowies.com\/fi\/","name":"Howies Hockey Suomi","description":"","potentialAction":[{"@type":"SearchAction","target":{"@type":"EntryPoint","urlTemplate":"https:\/\/gethowies.com\/fi\/?s={search_term_string}"},"query-input":{"@type":"PropertyValueSpecification","valueRequired":true,"valueName":"search_term_string"}}],"inLanguage":"fi"}]}},"_links":{"self":[{"href":"https:\/\/gethowies.com\/fi\/wp-json\/wp\/v2\/product\/511","targetHints":{"allow":["GET"]}}],"collection":[{"href":"https:\/\/gethowies.com\/fi\/wp-json\/wp\/v2\/product"}],"about":[{"href":"https:\/\/gethowies.com\/fi\/wp-json\/wp\/v2\/types\/product"}],"replies":[{"embeddable":true,"href":"https:\/\/gethowies.com\/fi\/wp-json\/wp\/v2\/comments?post=511"}],"wp:attachment":[{"href":"https:\/\/gethowies.com\/fi\/wp-json\/wp\/v2\/media?parent=511"}],"wp:term":[{"taxonomy":"product_brand","embeddable":true,"href":"https:\/\/gethowies.com\/fi\/wp-json\/wp\/v2\/product_brand?post=511"},{"taxonomy":"product_cat","embeddable":true,"href":"https:\/\/gethowies.com\/fi\/wp-json\/wp\/v2\/product_cat?post=511"},{"taxonomy":"product_tag","embeddable":true,"href":"https:\/\/gethowies.com\/fi\/wp-json\/wp\/v2\/product_tag?post=511"}],"curies":[{"name":"wp","href":"https:\/\/api.w.org\/{rel}","templated":true}]}}