{"id":5252,"date":"2018-03-05T10:56:02","date_gmt":"2018-03-05T09:56:02","guid":{"rendered":"https:\/\/www.howieshockeytape.fi\/?post_type=product&#038;p=5252"},"modified":"2024-11-10T22:46:31","modified_gmt":"2024-11-10T21:46:31","slug":"clipboard-taktiikkataulu","status":"publish","type":"product","link":"https:\/\/gethowies.com\/fi\/tuote\/clipboard-taktiikkataulu\/","title":{"rendered":"Clipboard Taktiikkataulu"},"content":{"rendered":"<p>K\u00e4tev\u00e4 fl\u00e4ppitaulu valmentajalle, jossa on tussi mukana pakkauksessa.<\/p>\n<p>\u00b7 Taulu on kaksi puolinen, jossa toisella puolella on puolikas kentt\u00e4 ja toisella puolella kokonainen kentt\u00e4.<\/p>\n<p>\u00b7 Taulua voit k\u00e4ytt\u00e4\u00e4 monipuolisesti erinlaisten harjoitusten laatimiseen.<\/p>\n<p>\u00b7 Yl\u00e4reunassa on klipsi johon voit asettaa muistilappuja harjoituksista.<\/p>\n<p>25 cm x 40 cm.<\/p>\n","protected":false},"excerpt":{"rendered":"<p>K\u00e4tev\u00e4 fl\u00e4ppitaulu valmentajalle, jossa on tussi mukana pakkauksessa. \u00b7 Taulu on kaksi puolinen, jossa toisella puolella on puolikas kentt\u00e4 ja toisella puolella kokonainen kentt\u00e4. \u00b7 Taulua voit k\u00e4ytt\u00e4\u00e4 monipuolisesti erinlaisten harjoitusten laatimiseen. \u00b7 Yl\u00e4reunassa on klipsi johon voit asettaa muistilappuja harjoituksista. 25 cm x 40 cm.<\/p>\n","protected":false},"featured_media":5253,"comment_status":"closed","ping_status":"closed","template":"","meta":{"inline_featured_image":false},"product_brand":[],"product_cat":[129],"product_tag":[],"class_list":{"0":"post-5252","1":"product","2":"type-product","3":"status-publish","4":"has-post-thumbnail","6":"product_cat-valmentajan-varusteet","8":"first","9":"instock","10":"shipping-taxable","11":"purchasable","12":"product-type-simple"},"yoast_head":"<!-- This site is optimized with the Yoast SEO plugin v27.6 - https:\/\/yoast.com\/product\/yoast-seo-wordpress\/ -->\n<title>Clipboard Taktiikkataulu - Howies Hockey Suomi<\/title>\n<meta name=\"robots\" content=\"index, follow, max-snippet:-1, max-image-preview:large, max-video-preview:-1\" \/>\n<link rel=\"canonical\" href=\"https:\/\/gethowies.com\/fi\/tuote\/clipboard-taktiikkataulu\/\" \/>\n<meta property=\"og:locale\" content=\"fi_FI\" \/>\n<meta property=\"og:type\" content=\"article\" \/>\n<meta property=\"og:title\" content=\"Clipboard Taktiikkataulu - Howies Hockey Suomi\" \/>\n<meta property=\"og:description\" content=\"K\u00e4tev\u00e4 fl\u00e4ppitaulu valmentajalle, jossa on tussi mukana pakkauksessa. \u00b7 Taulu on kaksi puolinen, jossa toisella puolella on puolikas kentt\u00e4 ja toisella puolella kokonainen kentt\u00e4. \u00b7 Taulua voit k\u00e4ytt\u00e4\u00e4 monipuolisesti erinlaisten harjoitusten laatimiseen. \u00b7 Yl\u00e4reunassa on klipsi johon voit asettaa muistilappuja harjoituksista. 25 cm x 40 cm.\" \/>\n<meta property=\"og:url\" content=\"https:\/\/gethowies.com\/fi\/tuote\/clipboard-taktiikkataulu\/\" \/>\n<meta property=\"og:site_name\" content=\"Howies Hockey Suomi\" \/>\n<meta property=\"article:modified_time\" content=\"2024-11-10T21:46:31+00:00\" \/>\n<meta property=\"og:image\" content=\"https:\/\/gethowies.com\/fi\/wp-content\/uploads\/sites\/5\/2018\/03\/coach-board-medium.jpg\" \/>\n\t<meta property=\"og:image:width\" content=\"1020\" \/>\n\t<meta property=\"og:image:height\" content=\"1020\" \/>\n\t<meta property=\"og:image:type\" content=\"image\/jpeg\" \/>\n<meta name=\"twitter:card\" content=\"summary_large_image\" \/>\n<script type=\"application\/ld+json\" class=\"yoast-schema-graph\">{\"@context\":\"https:\\\/\\\/schema.org\",\"@graph\":[{\"@type\":\"WebPage\",\"@id\":\"https:\\\/\\\/gethowies.com\\\/fi\\\/tuote\\\/clipboard-taktiikkataulu\\\/\",\"url\":\"https:\\\/\\\/gethowies.com\\\/fi\\\/tuote\\\/clipboard-taktiikkataulu\\\/\",\"name\":\"Clipboard Taktiikkataulu - Howies Hockey Suomi\",\"isPartOf\":{\"@id\":\"https:\\\/\\\/gethowies.com\\\/fi\\\/#website\"},\"primaryImageOfPage\":{\"@id\":\"https:\\\/\\\/gethowies.com\\\/fi\\\/tuote\\\/clipboard-taktiikkataulu\\\/#primaryimage\"},\"image\":{\"@id\":\"https:\\\/\\\/gethowies.com\\\/fi\\\/tuote\\\/clipboard-taktiikkataulu\\\/#primaryimage\"},\"thumbnailUrl\":\"https:\\\/\\\/gethowies.com\\\/fi\\\/wp-content\\\/uploads\\\/sites\\\/5\\\/2018\\\/03\\\/coach-board-medium.jpg\",\"datePublished\":\"2018-03-05T09:56:02+00:00\",\"dateModified\":\"2024-11-10T21:46:31+00:00\",\"breadcrumb\":{\"@id\":\"https:\\\/\\\/gethowies.com\\\/fi\\\/tuote\\\/clipboard-taktiikkataulu\\\/#breadcrumb\"},\"inLanguage\":\"fi\",\"potentialAction\":[{\"@type\":\"ReadAction\",\"target\":[\"https:\\\/\\\/gethowies.com\\\/fi\\\/tuote\\\/clipboard-taktiikkataulu\\\/\"]}]},{\"@type\":\"ImageObject\",\"inLanguage\":\"fi\",\"@id\":\"https:\\\/\\\/gethowies.com\\\/fi\\\/tuote\\\/clipboard-taktiikkataulu\\\/#primaryimage\",\"url\":\"https:\\\/\\\/gethowies.com\\\/fi\\\/wp-content\\\/uploads\\\/sites\\\/5\\\/2018\\\/03\\\/coach-board-medium.jpg\",\"contentUrl\":\"https:\\\/\\\/gethowies.com\\\/fi\\\/wp-content\\\/uploads\\\/sites\\\/5\\\/2018\\\/03\\\/coach-board-medium.jpg\",\"width\":1020,\"height\":1020,\"caption\":\"Taktiikkataulu\"},{\"@type\":\"BreadcrumbList\",\"@id\":\"https:\\\/\\\/gethowies.com\\\/fi\\\/tuote\\\/clipboard-taktiikkataulu\\\/#breadcrumb\",\"itemListElement\":[{\"@type\":\"ListItem\",\"position\":1,\"name\":\"Hem\",\"item\":\"https:\\\/\\\/gethowies.com\\\/fi\\\/\"},{\"@type\":\"ListItem\",\"position\":2,\"name\":\"Shop\",\"item\":\"https:\\\/\\\/gethowies.com\\\/fi\\\/shop\\\/\"},{\"@type\":\"ListItem\",\"position\":3,\"name\":\"Clipboard Taktiikkataulu\"}]},{\"@type\":\"WebSite\",\"@id\":\"https:\\\/\\\/gethowies.com\\\/fi\\\/#website\",\"url\":\"https:\\\/\\\/gethowies.com\\\/fi\\\/\",\"name\":\"Howies Hockey Suomi\",\"description\":\"\",\"potentialAction\":[{\"@type\":\"SearchAction\",\"target\":{\"@type\":\"EntryPoint\",\"urlTemplate\":\"https:\\\/\\\/gethowies.com\\\/fi\\\/?s={search_term_string}\"},\"query-input\":{\"@type\":\"PropertyValueSpecification\",\"valueRequired\":true,\"valueName\":\"search_term_string\"}}],\"inLanguage\":\"fi\"}]}<\/script>\n<!-- \/ Yoast SEO plugin. -->","yoast_head_json":{"title":"Clipboard Taktiikkataulu - Howies Hockey Suomi","robots":{"index":"index","follow":"follow","max-snippet":"max-snippet:-1","max-image-preview":"max-image-preview:large","max-video-preview":"max-video-preview:-1"},"canonical":"https:\/\/gethowies.com\/fi\/tuote\/clipboard-taktiikkataulu\/","og_locale":"fi_FI","og_type":"article","og_title":"Clipboard Taktiikkataulu - Howies Hockey Suomi","og_description":"K\u00e4tev\u00e4 fl\u00e4ppitaulu valmentajalle, jossa on tussi mukana pakkauksessa. \u00b7 Taulu on kaksi puolinen, jossa toisella puolella on puolikas kentt\u00e4 ja toisella puolella kokonainen kentt\u00e4. \u00b7 Taulua voit k\u00e4ytt\u00e4\u00e4 monipuolisesti erinlaisten harjoitusten laatimiseen. \u00b7 Yl\u00e4reunassa on klipsi johon voit asettaa muistilappuja harjoituksista. 25 cm x 40 cm.","og_url":"https:\/\/gethowies.com\/fi\/tuote\/clipboard-taktiikkataulu\/","og_site_name":"Howies Hockey Suomi","article_modified_time":"2024-11-10T21:46:31+00:00","og_image":[{"width":1020,"height":1020,"url":"https:\/\/gethowies.com\/fi\/wp-content\/uploads\/sites\/5\/2018\/03\/coach-board-medium.jpg","type":"image\/jpeg"}],"twitter_card":"summary_large_image","schema":{"@context":"https:\/\/schema.org","@graph":[{"@type":"WebPage","@id":"https:\/\/gethowies.com\/fi\/tuote\/clipboard-taktiikkataulu\/","url":"https:\/\/gethowies.com\/fi\/tuote\/clipboard-taktiikkataulu\/","name":"Clipboard Taktiikkataulu - Howies Hockey Suomi","isPartOf":{"@id":"https:\/\/gethowies.com\/fi\/#website"},"primaryImageOfPage":{"@id":"https:\/\/gethowies.com\/fi\/tuote\/clipboard-taktiikkataulu\/#primaryimage"},"image":{"@id":"https:\/\/gethowies.com\/fi\/tuote\/clipboard-taktiikkataulu\/#primaryimage"},"thumbnailUrl":"https:\/\/gethowies.com\/fi\/wp-content\/uploads\/sites\/5\/2018\/03\/coach-board-medium.jpg","datePublished":"2018-03-05T09:56:02+00:00","dateModified":"2024-11-10T21:46:31+00:00","breadcrumb":{"@id":"https:\/\/gethowies.com\/fi\/tuote\/clipboard-taktiikkataulu\/#breadcrumb"},"inLanguage":"fi","potentialAction":[{"@type":"ReadAction","target":["https:\/\/gethowies.com\/fi\/tuote\/clipboard-taktiikkataulu\/"]}]},{"@type":"ImageObject","inLanguage":"fi","@id":"https:\/\/gethowies.com\/fi\/tuote\/clipboard-taktiikkataulu\/#primaryimage","url":"https:\/\/gethowies.com\/fi\/wp-content\/uploads\/sites\/5\/2018\/03\/coach-board-medium.jpg","contentUrl":"https:\/\/gethowies.com\/fi\/wp-content\/uploads\/sites\/5\/2018\/03\/coach-board-medium.jpg","width":1020,"height":1020,"caption":"Taktiikkataulu"},{"@type":"BreadcrumbList","@id":"https:\/\/gethowies.com\/fi\/tuote\/clipboard-taktiikkataulu\/#breadcrumb","itemListElement":[{"@type":"ListItem","position":1,"name":"Hem","item":"https:\/\/gethowies.com\/fi\/"},{"@type":"ListItem","position":2,"name":"Shop","item":"https:\/\/gethowies.com\/fi\/shop\/"},{"@type":"ListItem","position":3,"name":"Clipboard Taktiikkataulu"}]},{"@type":"WebSite","@id":"https:\/\/gethowies.com\/fi\/#website","url":"https:\/\/gethowies.com\/fi\/","name":"Howies Hockey Suomi","description":"","potentialAction":[{"@type":"SearchAction","target":{"@type":"EntryPoint","urlTemplate":"https:\/\/gethowies.com\/fi\/?s={search_term_string}"},"query-input":{"@type":"PropertyValueSpecification","valueRequired":true,"valueName":"search_term_string"}}],"inLanguage":"fi"}]}},"_links":{"self":[{"href":"https:\/\/gethowies.com\/fi\/wp-json\/wp\/v2\/product\/5252","targetHints":{"allow":["GET"]}}],"collection":[{"href":"https:\/\/gethowies.com\/fi\/wp-json\/wp\/v2\/product"}],"about":[{"href":"https:\/\/gethowies.com\/fi\/wp-json\/wp\/v2\/types\/product"}],"replies":[{"embeddable":true,"href":"https:\/\/gethowies.com\/fi\/wp-json\/wp\/v2\/comments?post=5252"}],"wp:featuredmedia":[{"embeddable":true,"href":"https:\/\/gethowies.com\/fi\/wp-json\/wp\/v2\/media\/5253"}],"wp:attachment":[{"href":"https:\/\/gethowies.com\/fi\/wp-json\/wp\/v2\/media?parent=5252"}],"wp:term":[{"taxonomy":"product_brand","embeddable":true,"href":"https:\/\/gethowies.com\/fi\/wp-json\/wp\/v2\/product_brand?post=5252"},{"taxonomy":"product_cat","embeddable":true,"href":"https:\/\/gethowies.com\/fi\/wp-json\/wp\/v2\/product_cat?post=5252"},{"taxonomy":"product_tag","embeddable":true,"href":"https:\/\/gethowies.com\/fi\/wp-json\/wp\/v2\/product_tag?post=5252"}],"curies":[{"name":"wp","href":"https:\/\/api.w.org\/{rel}","templated":true}]}}