{"id":5312,"date":"2018-04-03T09:42:48","date_gmt":"2018-04-03T08:42:48","guid":{"rendered":"https:\/\/www.howieshockeytape.fi\/?post_type=product&#038;p=5312"},"modified":"2024-11-28T20:50:05","modified_gmt":"2024-11-28T19:50:05","slug":"howies-tape-scissors","status":"publish","type":"product","link":"https:\/\/gethowies.com\/fi\/tuote\/howies-tape-scissors\/","title":{"rendered":"Howies Teippisakset"},"content":{"rendered":"<p>Mailan lavan k\u00e4rjen teippaaminen voi osoittautua hankalaksi. Howies Hockey teippisakset ovat luotu juuri t\u00e4h\u00e4n ongelmaan ja varmistamaan, ett\u00e4 jokainen kerta takaa t\u00e4ydellisen tuloksen. Howies teippisakset on valmistettu korkealaatuisesta ruostumattomasta ter\u00e4ksest\u00e4 varmistaakseen, ett\u00e4 teippisakset kest\u00e4v\u00e4t pitk\u00e4\u00e4n.<\/p>\n<p>Howies Hockey teippisakset ovat luotu juuri t\u00e4h\u00e4n ongelmaan ja varmistamaan, ett\u00e4 jokainen kerta takaa t\u00e4ydellisen tuloksen.<\/p>\n","protected":false},"excerpt":{"rendered":"<p>Mailan lavan k\u00e4rjen teippaaminen voi osoittautua hankalaksi. Howies Hockey teippisakset ovat luotu juuri t\u00e4h\u00e4n ongelmaan ja varmistamaan, ett\u00e4 jokainen kerta takaa t\u00e4ydellisen tuloksen. Howies teippisakset on valmistettu korkealaatuisesta ruostumattomasta ter\u00e4ksest\u00e4 varmistaakseen, ett\u00e4 teippisakset kest\u00e4v\u00e4t pitk\u00e4\u00e4n. Howies Hockey teippisakset ovat luotu juuri t\u00e4h\u00e4n ongelmaan ja varmistamaan, ett\u00e4 jokainen kerta takaa t\u00e4ydellisen tuloksen.<\/p>\n","protected":false},"featured_media":5314,"comment_status":"closed","ping_status":"closed","template":"","meta":{"inline_featured_image":false},"product_brand":[],"product_cat":[107],"product_tag":[],"class_list":{"0":"post-5312","1":"product","2":"type-product","3":"status-publish","4":"has-post-thumbnail","6":"product_cat-lisatarvikkeet","8":"first","9":"instock","10":"shipping-taxable","11":"purchasable","12":"product-type-simple"},"yoast_head":"<!-- This site is optimized with the Yoast SEO plugin v27.5 - https:\/\/yoast.com\/product\/yoast-seo-wordpress\/ -->\n<title>Howies Teippisakset - Howies Hockey Suomi<\/title>\n<meta name=\"robots\" content=\"index, follow, max-snippet:-1, max-image-preview:large, max-video-preview:-1\" \/>\n<link rel=\"canonical\" href=\"https:\/\/gethowies.com\/fi\/tuote\/howies-tape-scissors\/\" \/>\n<meta property=\"og:locale\" content=\"fi_FI\" \/>\n<meta property=\"og:type\" content=\"article\" \/>\n<meta property=\"og:title\" content=\"Howies Teippisakset - Howies Hockey Suomi\" \/>\n<meta property=\"og:description\" content=\"Mailan lavan k\u00e4rjen teippaaminen voi osoittautua hankalaksi. Howies Hockey teippisakset ovat luotu juuri t\u00e4h\u00e4n ongelmaan ja varmistamaan, ett\u00e4 jokainen kerta takaa t\u00e4ydellisen tuloksen. Howies teippisakset on valmistettu korkealaatuisesta ruostumattomasta ter\u00e4ksest\u00e4 varmistaakseen, ett\u00e4 teippisakset kest\u00e4v\u00e4t pitk\u00e4\u00e4n. Howies Hockey teippisakset ovat luotu juuri t\u00e4h\u00e4n ongelmaan ja varmistamaan, ett\u00e4 jokainen kerta takaa t\u00e4ydellisen tuloksen.\" \/>\n<meta property=\"og:url\" content=\"https:\/\/gethowies.com\/fi\/tuote\/howies-tape-scissors\/\" \/>\n<meta property=\"og:site_name\" content=\"Howies Hockey Suomi\" \/>\n<meta property=\"article:modified_time\" content=\"2024-11-28T19:50:05+00:00\" \/>\n<meta property=\"og:image\" content=\"https:\/\/gethowies.com\/fi\/wp-content\/uploads\/sites\/5\/2018\/04\/howiestape-scissors.jpg_640x640.jpg\" \/>\n\t<meta property=\"og:image:width\" content=\"558\" \/>\n\t<meta property=\"og:image:height\" content=\"558\" \/>\n\t<meta property=\"og:image:type\" content=\"image\/jpeg\" \/>\n<meta name=\"twitter:card\" content=\"summary_large_image\" \/>\n<script type=\"application\/ld+json\" class=\"yoast-schema-graph\">{\"@context\":\"https:\\\/\\\/schema.org\",\"@graph\":[{\"@type\":\"WebPage\",\"@id\":\"https:\\\/\\\/gethowies.com\\\/fi\\\/tuote\\\/howies-tape-scissors\\\/\",\"url\":\"https:\\\/\\\/gethowies.com\\\/fi\\\/tuote\\\/howies-tape-scissors\\\/\",\"name\":\"Howies Teippisakset - Howies Hockey Suomi\",\"isPartOf\":{\"@id\":\"https:\\\/\\\/gethowies.com\\\/fi\\\/#website\"},\"primaryImageOfPage\":{\"@id\":\"https:\\\/\\\/gethowies.com\\\/fi\\\/tuote\\\/howies-tape-scissors\\\/#primaryimage\"},\"image\":{\"@id\":\"https:\\\/\\\/gethowies.com\\\/fi\\\/tuote\\\/howies-tape-scissors\\\/#primaryimage\"},\"thumbnailUrl\":\"https:\\\/\\\/gethowies.com\\\/fi\\\/wp-content\\\/uploads\\\/sites\\\/5\\\/2018\\\/04\\\/howiestape-scissors.jpg_640x640.jpg\",\"datePublished\":\"2018-04-03T08:42:48+00:00\",\"dateModified\":\"2024-11-28T19:50:05+00:00\",\"breadcrumb\":{\"@id\":\"https:\\\/\\\/gethowies.com\\\/fi\\\/tuote\\\/howies-tape-scissors\\\/#breadcrumb\"},\"inLanguage\":\"fi\",\"potentialAction\":[{\"@type\":\"ReadAction\",\"target\":[\"https:\\\/\\\/gethowies.com\\\/fi\\\/tuote\\\/howies-tape-scissors\\\/\"]}]},{\"@type\":\"ImageObject\",\"inLanguage\":\"fi\",\"@id\":\"https:\\\/\\\/gethowies.com\\\/fi\\\/tuote\\\/howies-tape-scissors\\\/#primaryimage\",\"url\":\"https:\\\/\\\/gethowies.com\\\/fi\\\/wp-content\\\/uploads\\\/sites\\\/5\\\/2018\\\/04\\\/howiestape-scissors.jpg_640x640.jpg\",\"contentUrl\":\"https:\\\/\\\/gethowies.com\\\/fi\\\/wp-content\\\/uploads\\\/sites\\\/5\\\/2018\\\/04\\\/howiestape-scissors.jpg_640x640.jpg\",\"width\":558,\"height\":558},{\"@type\":\"BreadcrumbList\",\"@id\":\"https:\\\/\\\/gethowies.com\\\/fi\\\/tuote\\\/howies-tape-scissors\\\/#breadcrumb\",\"itemListElement\":[{\"@type\":\"ListItem\",\"position\":1,\"name\":\"Hem\",\"item\":\"https:\\\/\\\/gethowies.com\\\/fi\\\/\"},{\"@type\":\"ListItem\",\"position\":2,\"name\":\"Shop\",\"item\":\"https:\\\/\\\/gethowies.com\\\/fi\\\/shop\\\/\"},{\"@type\":\"ListItem\",\"position\":3,\"name\":\"Howies Teippisakset\"}]},{\"@type\":\"WebSite\",\"@id\":\"https:\\\/\\\/gethowies.com\\\/fi\\\/#website\",\"url\":\"https:\\\/\\\/gethowies.com\\\/fi\\\/\",\"name\":\"Howies Hockey Suomi\",\"description\":\"\",\"potentialAction\":[{\"@type\":\"SearchAction\",\"target\":{\"@type\":\"EntryPoint\",\"urlTemplate\":\"https:\\\/\\\/gethowies.com\\\/fi\\\/?s={search_term_string}\"},\"query-input\":{\"@type\":\"PropertyValueSpecification\",\"valueRequired\":true,\"valueName\":\"search_term_string\"}}],\"inLanguage\":\"fi\"}]}<\/script>\n<!-- \/ Yoast SEO plugin. -->","yoast_head_json":{"title":"Howies Teippisakset - Howies Hockey Suomi","robots":{"index":"index","follow":"follow","max-snippet":"max-snippet:-1","max-image-preview":"max-image-preview:large","max-video-preview":"max-video-preview:-1"},"canonical":"https:\/\/gethowies.com\/fi\/tuote\/howies-tape-scissors\/","og_locale":"fi_FI","og_type":"article","og_title":"Howies Teippisakset - Howies Hockey Suomi","og_description":"Mailan lavan k\u00e4rjen teippaaminen voi osoittautua hankalaksi. Howies Hockey teippisakset ovat luotu juuri t\u00e4h\u00e4n ongelmaan ja varmistamaan, ett\u00e4 jokainen kerta takaa t\u00e4ydellisen tuloksen. Howies teippisakset on valmistettu korkealaatuisesta ruostumattomasta ter\u00e4ksest\u00e4 varmistaakseen, ett\u00e4 teippisakset kest\u00e4v\u00e4t pitk\u00e4\u00e4n. Howies Hockey teippisakset ovat luotu juuri t\u00e4h\u00e4n ongelmaan ja varmistamaan, ett\u00e4 jokainen kerta takaa t\u00e4ydellisen tuloksen.","og_url":"https:\/\/gethowies.com\/fi\/tuote\/howies-tape-scissors\/","og_site_name":"Howies Hockey Suomi","article_modified_time":"2024-11-28T19:50:05+00:00","og_image":[{"width":558,"height":558,"url":"https:\/\/gethowies.com\/fi\/wp-content\/uploads\/sites\/5\/2018\/04\/howiestape-scissors.jpg_640x640.jpg","type":"image\/jpeg"}],"twitter_card":"summary_large_image","schema":{"@context":"https:\/\/schema.org","@graph":[{"@type":"WebPage","@id":"https:\/\/gethowies.com\/fi\/tuote\/howies-tape-scissors\/","url":"https:\/\/gethowies.com\/fi\/tuote\/howies-tape-scissors\/","name":"Howies Teippisakset - Howies Hockey Suomi","isPartOf":{"@id":"https:\/\/gethowies.com\/fi\/#website"},"primaryImageOfPage":{"@id":"https:\/\/gethowies.com\/fi\/tuote\/howies-tape-scissors\/#primaryimage"},"image":{"@id":"https:\/\/gethowies.com\/fi\/tuote\/howies-tape-scissors\/#primaryimage"},"thumbnailUrl":"https:\/\/gethowies.com\/fi\/wp-content\/uploads\/sites\/5\/2018\/04\/howiestape-scissors.jpg_640x640.jpg","datePublished":"2018-04-03T08:42:48+00:00","dateModified":"2024-11-28T19:50:05+00:00","breadcrumb":{"@id":"https:\/\/gethowies.com\/fi\/tuote\/howies-tape-scissors\/#breadcrumb"},"inLanguage":"fi","potentialAction":[{"@type":"ReadAction","target":["https:\/\/gethowies.com\/fi\/tuote\/howies-tape-scissors\/"]}]},{"@type":"ImageObject","inLanguage":"fi","@id":"https:\/\/gethowies.com\/fi\/tuote\/howies-tape-scissors\/#primaryimage","url":"https:\/\/gethowies.com\/fi\/wp-content\/uploads\/sites\/5\/2018\/04\/howiestape-scissors.jpg_640x640.jpg","contentUrl":"https:\/\/gethowies.com\/fi\/wp-content\/uploads\/sites\/5\/2018\/04\/howiestape-scissors.jpg_640x640.jpg","width":558,"height":558},{"@type":"BreadcrumbList","@id":"https:\/\/gethowies.com\/fi\/tuote\/howies-tape-scissors\/#breadcrumb","itemListElement":[{"@type":"ListItem","position":1,"name":"Hem","item":"https:\/\/gethowies.com\/fi\/"},{"@type":"ListItem","position":2,"name":"Shop","item":"https:\/\/gethowies.com\/fi\/shop\/"},{"@type":"ListItem","position":3,"name":"Howies Teippisakset"}]},{"@type":"WebSite","@id":"https:\/\/gethowies.com\/fi\/#website","url":"https:\/\/gethowies.com\/fi\/","name":"Howies Hockey Suomi","description":"","potentialAction":[{"@type":"SearchAction","target":{"@type":"EntryPoint","urlTemplate":"https:\/\/gethowies.com\/fi\/?s={search_term_string}"},"query-input":{"@type":"PropertyValueSpecification","valueRequired":true,"valueName":"search_term_string"}}],"inLanguage":"fi"}]}},"_links":{"self":[{"href":"https:\/\/gethowies.com\/fi\/wp-json\/wp\/v2\/product\/5312","targetHints":{"allow":["GET"]}}],"collection":[{"href":"https:\/\/gethowies.com\/fi\/wp-json\/wp\/v2\/product"}],"about":[{"href":"https:\/\/gethowies.com\/fi\/wp-json\/wp\/v2\/types\/product"}],"replies":[{"embeddable":true,"href":"https:\/\/gethowies.com\/fi\/wp-json\/wp\/v2\/comments?post=5312"}],"wp:featuredmedia":[{"embeddable":true,"href":"https:\/\/gethowies.com\/fi\/wp-json\/wp\/v2\/media\/5314"}],"wp:attachment":[{"href":"https:\/\/gethowies.com\/fi\/wp-json\/wp\/v2\/media?parent=5312"}],"wp:term":[{"taxonomy":"product_brand","embeddable":true,"href":"https:\/\/gethowies.com\/fi\/wp-json\/wp\/v2\/product_brand?post=5312"},{"taxonomy":"product_cat","embeddable":true,"href":"https:\/\/gethowies.com\/fi\/wp-json\/wp\/v2\/product_cat?post=5312"},{"taxonomy":"product_tag","embeddable":true,"href":"https:\/\/gethowies.com\/fi\/wp-json\/wp\/v2\/product_tag?post=5312"}],"curies":[{"name":"wp","href":"https:\/\/api.w.org\/{rel}","templated":true}]}}