{"id":5363,"date":"2018-07-24T19:27:08","date_gmt":"2018-07-24T17:27:08","guid":{"rendered":"https:\/\/www.howieshockeytape.fi\/?post_type=product&#038;p=5363"},"modified":"2023-02-07T23:42:04","modified_gmt":"2023-02-07T22:42:04","slug":"tape-tiger","status":"publish","type":"product","link":"https:\/\/gethowies.com\/fi\/tuote\/tape-tiger\/","title":{"rendered":"Tape tiger"},"content":{"rendered":"<p>Tape Tiger Dexule avulla poistat mailateipin nopeasti, turvallisesti ja vaivattomasti. Tape Tiger:in vallankumouksellinen leikkausj\u00e4rjestelm\u00e4 takaa sen, ett\u00e4 pelaajien ei tarvitse en\u00e4\u00e4 tapella tahmean ja huonosti irtoavan mailateipin kanssa. The Tape Tiger venyy ja leikkaa mailateipin yhdell\u00e4 nopealla liikkeell\u00e4.<\/p>\n<p>Jokainen Tape Tiger sis\u00e4lt\u00e4\u00e4 yhden ylim\u00e4\u00e4r\u00e4isen ter\u00e4n<\/p>\n","protected":false},"excerpt":{"rendered":"<p>Tape Tiger Dexule avulla poistat mailateipin nopeasti, turvallisesti ja vaivattomasti. Tape Tiger:in vallankumouksellinen leikkausj\u00e4rjestelm\u00e4 takaa sen, ett\u00e4 pelaajien ei tarvitse en\u00e4\u00e4 tapella tahmean ja huonosti irtoavan mailateipin kanssa. The Tape Tiger venyy ja leikkaa mailateipin yhdell\u00e4 nopealla liikkeell\u00e4. Jokainen Tape Tiger sis\u00e4lt\u00e4\u00e4 yhden ylim\u00e4\u00e4r\u00e4isen ter\u00e4n<\/p>\n","protected":false},"featured_media":5365,"comment_status":"closed","ping_status":"closed","template":"","meta":{"inline_featured_image":false},"product_brand":[],"product_cat":[107],"product_tag":[],"class_list":{"0":"post-5363","1":"product","2":"type-product","3":"status-publish","4":"has-post-thumbnail","6":"product_cat-lisatarvikkeet","8":"first","9":"instock","10":"shipping-taxable","11":"purchasable","12":"product-type-simple"},"yoast_head":"<!-- This site is optimized with the Yoast SEO plugin v27.6 - https:\/\/yoast.com\/product\/yoast-seo-wordpress\/ -->\n<title>Tape tiger - Howies Hockey Suomi<\/title>\n<meta name=\"robots\" content=\"index, follow, max-snippet:-1, max-image-preview:large, max-video-preview:-1\" \/>\n<link rel=\"canonical\" href=\"https:\/\/gethowies.com\/fi\/tuote\/tape-tiger\/\" \/>\n<meta property=\"og:locale\" content=\"fi_FI\" \/>\n<meta property=\"og:type\" content=\"article\" \/>\n<meta property=\"og:title\" content=\"Tape tiger - Howies Hockey Suomi\" \/>\n<meta property=\"og:description\" content=\"Tape Tiger Dexule avulla poistat mailateipin nopeasti, turvallisesti ja vaivattomasti. Tape Tiger:in vallankumouksellinen leikkausj\u00e4rjestelm\u00e4 takaa sen, ett\u00e4 pelaajien ei tarvitse en\u00e4\u00e4 tapella tahmean ja huonosti irtoavan mailateipin kanssa. The Tape Tiger venyy ja leikkaa mailateipin yhdell\u00e4 nopealla liikkeell\u00e4. Jokainen Tape Tiger sis\u00e4lt\u00e4\u00e4 yhden ylim\u00e4\u00e4r\u00e4isen ter\u00e4n\" \/>\n<meta property=\"og:url\" content=\"https:\/\/gethowies.com\/fi\/tuote\/tape-tiger\/\" \/>\n<meta property=\"og:site_name\" content=\"Howies Hockey Suomi\" \/>\n<meta property=\"article:modified_time\" content=\"2023-02-07T22:42:04+00:00\" \/>\n<meta property=\"og:image\" content=\"https:\/\/gethowies.com\/fi\/wp-content\/uploads\/sites\/5\/2018\/07\/tape_tiger_grande.jpg\" \/>\n\t<meta property=\"og:image:width\" content=\"540\" \/>\n\t<meta property=\"og:image:height\" content=\"540\" \/>\n\t<meta property=\"og:image:type\" content=\"image\/jpeg\" \/>\n<meta name=\"twitter:card\" content=\"summary_large_image\" \/>\n<script type=\"application\/ld+json\" class=\"yoast-schema-graph\">{\"@context\":\"https:\\\/\\\/schema.org\",\"@graph\":[{\"@type\":\"WebPage\",\"@id\":\"https:\\\/\\\/gethowies.com\\\/fi\\\/tuote\\\/tape-tiger\\\/\",\"url\":\"https:\\\/\\\/gethowies.com\\\/fi\\\/tuote\\\/tape-tiger\\\/\",\"name\":\"Tape tiger - Howies Hockey Suomi\",\"isPartOf\":{\"@id\":\"https:\\\/\\\/gethowies.com\\\/fi\\\/#website\"},\"primaryImageOfPage\":{\"@id\":\"https:\\\/\\\/gethowies.com\\\/fi\\\/tuote\\\/tape-tiger\\\/#primaryimage\"},\"image\":{\"@id\":\"https:\\\/\\\/gethowies.com\\\/fi\\\/tuote\\\/tape-tiger\\\/#primaryimage\"},\"thumbnailUrl\":\"https:\\\/\\\/gethowies.com\\\/fi\\\/wp-content\\\/uploads\\\/sites\\\/5\\\/2018\\\/07\\\/tape_tiger_grande.jpg\",\"datePublished\":\"2018-07-24T17:27:08+00:00\",\"dateModified\":\"2023-02-07T22:42:04+00:00\",\"breadcrumb\":{\"@id\":\"https:\\\/\\\/gethowies.com\\\/fi\\\/tuote\\\/tape-tiger\\\/#breadcrumb\"},\"inLanguage\":\"fi\",\"potentialAction\":[{\"@type\":\"ReadAction\",\"target\":[\"https:\\\/\\\/gethowies.com\\\/fi\\\/tuote\\\/tape-tiger\\\/\"]}]},{\"@type\":\"ImageObject\",\"inLanguage\":\"fi\",\"@id\":\"https:\\\/\\\/gethowies.com\\\/fi\\\/tuote\\\/tape-tiger\\\/#primaryimage\",\"url\":\"https:\\\/\\\/gethowies.com\\\/fi\\\/wp-content\\\/uploads\\\/sites\\\/5\\\/2018\\\/07\\\/tape_tiger_grande.jpg\",\"contentUrl\":\"https:\\\/\\\/gethowies.com\\\/fi\\\/wp-content\\\/uploads\\\/sites\\\/5\\\/2018\\\/07\\\/tape_tiger_grande.jpg\",\"width\":540,\"height\":540},{\"@type\":\"BreadcrumbList\",\"@id\":\"https:\\\/\\\/gethowies.com\\\/fi\\\/tuote\\\/tape-tiger\\\/#breadcrumb\",\"itemListElement\":[{\"@type\":\"ListItem\",\"position\":1,\"name\":\"Hem\",\"item\":\"https:\\\/\\\/gethowies.com\\\/fi\\\/\"},{\"@type\":\"ListItem\",\"position\":2,\"name\":\"Shop\",\"item\":\"https:\\\/\\\/gethowies.com\\\/fi\\\/shop\\\/\"},{\"@type\":\"ListItem\",\"position\":3,\"name\":\"Tape tiger\"}]},{\"@type\":\"WebSite\",\"@id\":\"https:\\\/\\\/gethowies.com\\\/fi\\\/#website\",\"url\":\"https:\\\/\\\/gethowies.com\\\/fi\\\/\",\"name\":\"Howies Hockey Suomi\",\"description\":\"\",\"potentialAction\":[{\"@type\":\"SearchAction\",\"target\":{\"@type\":\"EntryPoint\",\"urlTemplate\":\"https:\\\/\\\/gethowies.com\\\/fi\\\/?s={search_term_string}\"},\"query-input\":{\"@type\":\"PropertyValueSpecification\",\"valueRequired\":true,\"valueName\":\"search_term_string\"}}],\"inLanguage\":\"fi\"}]}<\/script>\n<!-- \/ Yoast SEO plugin. -->","yoast_head_json":{"title":"Tape tiger - Howies Hockey Suomi","robots":{"index":"index","follow":"follow","max-snippet":"max-snippet:-1","max-image-preview":"max-image-preview:large","max-video-preview":"max-video-preview:-1"},"canonical":"https:\/\/gethowies.com\/fi\/tuote\/tape-tiger\/","og_locale":"fi_FI","og_type":"article","og_title":"Tape tiger - Howies Hockey Suomi","og_description":"Tape Tiger Dexule avulla poistat mailateipin nopeasti, turvallisesti ja vaivattomasti. Tape Tiger:in vallankumouksellinen leikkausj\u00e4rjestelm\u00e4 takaa sen, ett\u00e4 pelaajien ei tarvitse en\u00e4\u00e4 tapella tahmean ja huonosti irtoavan mailateipin kanssa. The Tape Tiger venyy ja leikkaa mailateipin yhdell\u00e4 nopealla liikkeell\u00e4. Jokainen Tape Tiger sis\u00e4lt\u00e4\u00e4 yhden ylim\u00e4\u00e4r\u00e4isen ter\u00e4n","og_url":"https:\/\/gethowies.com\/fi\/tuote\/tape-tiger\/","og_site_name":"Howies Hockey Suomi","article_modified_time":"2023-02-07T22:42:04+00:00","og_image":[{"width":540,"height":540,"url":"https:\/\/gethowies.com\/fi\/wp-content\/uploads\/sites\/5\/2018\/07\/tape_tiger_grande.jpg","type":"image\/jpeg"}],"twitter_card":"summary_large_image","schema":{"@context":"https:\/\/schema.org","@graph":[{"@type":"WebPage","@id":"https:\/\/gethowies.com\/fi\/tuote\/tape-tiger\/","url":"https:\/\/gethowies.com\/fi\/tuote\/tape-tiger\/","name":"Tape tiger - Howies Hockey Suomi","isPartOf":{"@id":"https:\/\/gethowies.com\/fi\/#website"},"primaryImageOfPage":{"@id":"https:\/\/gethowies.com\/fi\/tuote\/tape-tiger\/#primaryimage"},"image":{"@id":"https:\/\/gethowies.com\/fi\/tuote\/tape-tiger\/#primaryimage"},"thumbnailUrl":"https:\/\/gethowies.com\/fi\/wp-content\/uploads\/sites\/5\/2018\/07\/tape_tiger_grande.jpg","datePublished":"2018-07-24T17:27:08+00:00","dateModified":"2023-02-07T22:42:04+00:00","breadcrumb":{"@id":"https:\/\/gethowies.com\/fi\/tuote\/tape-tiger\/#breadcrumb"},"inLanguage":"fi","potentialAction":[{"@type":"ReadAction","target":["https:\/\/gethowies.com\/fi\/tuote\/tape-tiger\/"]}]},{"@type":"ImageObject","inLanguage":"fi","@id":"https:\/\/gethowies.com\/fi\/tuote\/tape-tiger\/#primaryimage","url":"https:\/\/gethowies.com\/fi\/wp-content\/uploads\/sites\/5\/2018\/07\/tape_tiger_grande.jpg","contentUrl":"https:\/\/gethowies.com\/fi\/wp-content\/uploads\/sites\/5\/2018\/07\/tape_tiger_grande.jpg","width":540,"height":540},{"@type":"BreadcrumbList","@id":"https:\/\/gethowies.com\/fi\/tuote\/tape-tiger\/#breadcrumb","itemListElement":[{"@type":"ListItem","position":1,"name":"Hem","item":"https:\/\/gethowies.com\/fi\/"},{"@type":"ListItem","position":2,"name":"Shop","item":"https:\/\/gethowies.com\/fi\/shop\/"},{"@type":"ListItem","position":3,"name":"Tape tiger"}]},{"@type":"WebSite","@id":"https:\/\/gethowies.com\/fi\/#website","url":"https:\/\/gethowies.com\/fi\/","name":"Howies Hockey Suomi","description":"","potentialAction":[{"@type":"SearchAction","target":{"@type":"EntryPoint","urlTemplate":"https:\/\/gethowies.com\/fi\/?s={search_term_string}"},"query-input":{"@type":"PropertyValueSpecification","valueRequired":true,"valueName":"search_term_string"}}],"inLanguage":"fi"}]}},"_links":{"self":[{"href":"https:\/\/gethowies.com\/fi\/wp-json\/wp\/v2\/product\/5363","targetHints":{"allow":["GET"]}}],"collection":[{"href":"https:\/\/gethowies.com\/fi\/wp-json\/wp\/v2\/product"}],"about":[{"href":"https:\/\/gethowies.com\/fi\/wp-json\/wp\/v2\/types\/product"}],"replies":[{"embeddable":true,"href":"https:\/\/gethowies.com\/fi\/wp-json\/wp\/v2\/comments?post=5363"}],"wp:featuredmedia":[{"embeddable":true,"href":"https:\/\/gethowies.com\/fi\/wp-json\/wp\/v2\/media\/5365"}],"wp:attachment":[{"href":"https:\/\/gethowies.com\/fi\/wp-json\/wp\/v2\/media?parent=5363"}],"wp:term":[{"taxonomy":"product_brand","embeddable":true,"href":"https:\/\/gethowies.com\/fi\/wp-json\/wp\/v2\/product_brand?post=5363"},{"taxonomy":"product_cat","embeddable":true,"href":"https:\/\/gethowies.com\/fi\/wp-json\/wp\/v2\/product_cat?post=5363"},{"taxonomy":"product_tag","embeddable":true,"href":"https:\/\/gethowies.com\/fi\/wp-json\/wp\/v2\/product_tag?post=5363"}],"curies":[{"name":"wp","href":"https:\/\/api.w.org\/{rel}","templated":true}]}}