{"id":5667,"date":"2018-08-20T13:44:50","date_gmt":"2018-08-20T11:44:50","guid":{"rendered":"https:\/\/gethowies.com\/fi\/?post_type=product&#038;p=5667"},"modified":"2023-02-07T23:41:49","modified_gmt":"2023-02-07T22:41:49","slug":"ankle-gel-pad","status":"publish","type":"product","link":"https:\/\/gethowies.com\/fi\/tuote\/ankle-gel-pad\/","title":{"rendered":"Ankle Gel Pad"},"content":{"rendered":"<p>Ei en\u00e4\u00e4 nilkkojen teippaamista tai muita virityksi\u00e4 hiertymien est\u00e4miseksi. Howies Ankle Gel Pad \u2013 Suojaa nilkan luiden kohtaa luistimen\u00a0 paineelta ja hiertymiselt\u00e4. Suoja pysyy hyvin paikoillaan tarran avulla ja on helppo asettaa paikoilleen. Myyntipakkauksessa kaksi suojaa.<\/p>\n<p>2 paria<\/p>\n","protected":false},"excerpt":{"rendered":"<p>Ei en\u00e4\u00e4 nilkkojen teippaamista tai muita virityksi\u00e4 hiertymien est\u00e4miseksi. Howies Ankle Gel Pad \u2013 Suojaa nilkan luiden kohtaa luistimen\u00a0 paineelta ja hiertymiselt\u00e4. Suoja pysyy hyvin paikoillaan tarran avulla ja on helppo asettaa paikoilleen. Myyntipakkauksessa kaksi suojaa. 2 paria<\/p>\n","protected":false},"featured_media":5638,"comment_status":"open","ping_status":"closed","template":"","meta":{"inline_featured_image":false},"product_brand":[],"product_cat":[107],"product_tag":[],"class_list":{"0":"post-5667","1":"product","2":"type-product","3":"status-publish","4":"has-post-thumbnail","6":"product_cat-lisatarvikkeet","8":"first","9":"instock","10":"shipping-taxable","11":"purchasable","12":"product-type-simple"},"yoast_head":"<!-- This site is optimized with the Yoast SEO plugin v27.5 - https:\/\/yoast.com\/product\/yoast-seo-wordpress\/ -->\n<title>Ankle Gel Pad - Howies Hockey Suomi<\/title>\n<meta name=\"robots\" content=\"index, follow, max-snippet:-1, max-image-preview:large, max-video-preview:-1\" \/>\n<link rel=\"canonical\" href=\"https:\/\/gethowies.com\/fi\/tuote\/ankle-gel-pad\/\" \/>\n<meta property=\"og:locale\" content=\"fi_FI\" \/>\n<meta property=\"og:type\" content=\"article\" \/>\n<meta property=\"og:title\" content=\"Ankle Gel Pad - Howies Hockey Suomi\" \/>\n<meta property=\"og:description\" content=\"Ei en\u00e4\u00e4 nilkkojen teippaamista tai muita virityksi\u00e4 hiertymien est\u00e4miseksi. Howies Ankle Gel Pad \u2013 Suojaa nilkan luiden kohtaa luistimen\u00a0 paineelta ja hiertymiselt\u00e4. Suoja pysyy hyvin paikoillaan tarran avulla ja on helppo asettaa paikoilleen. Myyntipakkauksessa kaksi suojaa. 2 paria\" \/>\n<meta property=\"og:url\" content=\"https:\/\/gethowies.com\/fi\/tuote\/ankle-gel-pad\/\" \/>\n<meta property=\"og:site_name\" content=\"Howies Hockey Suomi\" \/>\n<meta property=\"article:modified_time\" content=\"2023-02-07T22:41:49+00:00\" \/>\n<meta property=\"og:image\" content=\"https:\/\/gethowies.com\/fi\/wp-content\/uploads\/sites\/5\/2018\/08\/hht-ankle-gelpad.jpg\" \/>\n\t<meta property=\"og:image:width\" content=\"1200\" \/>\n\t<meta property=\"og:image:height\" content=\"1200\" \/>\n\t<meta property=\"og:image:type\" content=\"image\/jpeg\" \/>\n<meta name=\"twitter:card\" content=\"summary_large_image\" \/>\n<script type=\"application\/ld+json\" class=\"yoast-schema-graph\">{\"@context\":\"https:\\\/\\\/schema.org\",\"@graph\":[{\"@type\":\"WebPage\",\"@id\":\"https:\\\/\\\/gethowies.com\\\/fi\\\/tuote\\\/ankle-gel-pad\\\/\",\"url\":\"https:\\\/\\\/gethowies.com\\\/fi\\\/tuote\\\/ankle-gel-pad\\\/\",\"name\":\"Ankle Gel Pad - Howies Hockey Suomi\",\"isPartOf\":{\"@id\":\"https:\\\/\\\/gethowies.com\\\/fi\\\/#website\"},\"primaryImageOfPage\":{\"@id\":\"https:\\\/\\\/gethowies.com\\\/fi\\\/tuote\\\/ankle-gel-pad\\\/#primaryimage\"},\"image\":{\"@id\":\"https:\\\/\\\/gethowies.com\\\/fi\\\/tuote\\\/ankle-gel-pad\\\/#primaryimage\"},\"thumbnailUrl\":\"https:\\\/\\\/gethowies.com\\\/fi\\\/wp-content\\\/uploads\\\/sites\\\/5\\\/2018\\\/08\\\/hht-ankle-gelpad.jpg\",\"datePublished\":\"2018-08-20T11:44:50+00:00\",\"dateModified\":\"2023-02-07T22:41:49+00:00\",\"breadcrumb\":{\"@id\":\"https:\\\/\\\/gethowies.com\\\/fi\\\/tuote\\\/ankle-gel-pad\\\/#breadcrumb\"},\"inLanguage\":\"fi\",\"potentialAction\":[{\"@type\":\"ReadAction\",\"target\":[\"https:\\\/\\\/gethowies.com\\\/fi\\\/tuote\\\/ankle-gel-pad\\\/\"]}]},{\"@type\":\"ImageObject\",\"inLanguage\":\"fi\",\"@id\":\"https:\\\/\\\/gethowies.com\\\/fi\\\/tuote\\\/ankle-gel-pad\\\/#primaryimage\",\"url\":\"https:\\\/\\\/gethowies.com\\\/fi\\\/wp-content\\\/uploads\\\/sites\\\/5\\\/2018\\\/08\\\/hht-ankle-gelpad.jpg\",\"contentUrl\":\"https:\\\/\\\/gethowies.com\\\/fi\\\/wp-content\\\/uploads\\\/sites\\\/5\\\/2018\\\/08\\\/hht-ankle-gelpad.jpg\",\"width\":1200,\"height\":1200},{\"@type\":\"BreadcrumbList\",\"@id\":\"https:\\\/\\\/gethowies.com\\\/fi\\\/tuote\\\/ankle-gel-pad\\\/#breadcrumb\",\"itemListElement\":[{\"@type\":\"ListItem\",\"position\":1,\"name\":\"Hem\",\"item\":\"https:\\\/\\\/gethowies.com\\\/fi\\\/\"},{\"@type\":\"ListItem\",\"position\":2,\"name\":\"Shop\",\"item\":\"https:\\\/\\\/gethowies.com\\\/fi\\\/shop\\\/\"},{\"@type\":\"ListItem\",\"position\":3,\"name\":\"Ankle Gel Pad\"}]},{\"@type\":\"WebSite\",\"@id\":\"https:\\\/\\\/gethowies.com\\\/fi\\\/#website\",\"url\":\"https:\\\/\\\/gethowies.com\\\/fi\\\/\",\"name\":\"Howies Hockey Suomi\",\"description\":\"\",\"potentialAction\":[{\"@type\":\"SearchAction\",\"target\":{\"@type\":\"EntryPoint\",\"urlTemplate\":\"https:\\\/\\\/gethowies.com\\\/fi\\\/?s={search_term_string}\"},\"query-input\":{\"@type\":\"PropertyValueSpecification\",\"valueRequired\":true,\"valueName\":\"search_term_string\"}}],\"inLanguage\":\"fi\"}]}<\/script>\n<!-- \/ Yoast SEO plugin. -->","yoast_head_json":{"title":"Ankle Gel Pad - Howies Hockey Suomi","robots":{"index":"index","follow":"follow","max-snippet":"max-snippet:-1","max-image-preview":"max-image-preview:large","max-video-preview":"max-video-preview:-1"},"canonical":"https:\/\/gethowies.com\/fi\/tuote\/ankle-gel-pad\/","og_locale":"fi_FI","og_type":"article","og_title":"Ankle Gel Pad - Howies Hockey Suomi","og_description":"Ei en\u00e4\u00e4 nilkkojen teippaamista tai muita virityksi\u00e4 hiertymien est\u00e4miseksi. Howies Ankle Gel Pad \u2013 Suojaa nilkan luiden kohtaa luistimen\u00a0 paineelta ja hiertymiselt\u00e4. Suoja pysyy hyvin paikoillaan tarran avulla ja on helppo asettaa paikoilleen. Myyntipakkauksessa kaksi suojaa. 2 paria","og_url":"https:\/\/gethowies.com\/fi\/tuote\/ankle-gel-pad\/","og_site_name":"Howies Hockey Suomi","article_modified_time":"2023-02-07T22:41:49+00:00","og_image":[{"width":1200,"height":1200,"url":"https:\/\/gethowies.com\/fi\/wp-content\/uploads\/sites\/5\/2018\/08\/hht-ankle-gelpad.jpg","type":"image\/jpeg"}],"twitter_card":"summary_large_image","schema":{"@context":"https:\/\/schema.org","@graph":[{"@type":"WebPage","@id":"https:\/\/gethowies.com\/fi\/tuote\/ankle-gel-pad\/","url":"https:\/\/gethowies.com\/fi\/tuote\/ankle-gel-pad\/","name":"Ankle Gel Pad - Howies Hockey Suomi","isPartOf":{"@id":"https:\/\/gethowies.com\/fi\/#website"},"primaryImageOfPage":{"@id":"https:\/\/gethowies.com\/fi\/tuote\/ankle-gel-pad\/#primaryimage"},"image":{"@id":"https:\/\/gethowies.com\/fi\/tuote\/ankle-gel-pad\/#primaryimage"},"thumbnailUrl":"https:\/\/gethowies.com\/fi\/wp-content\/uploads\/sites\/5\/2018\/08\/hht-ankle-gelpad.jpg","datePublished":"2018-08-20T11:44:50+00:00","dateModified":"2023-02-07T22:41:49+00:00","breadcrumb":{"@id":"https:\/\/gethowies.com\/fi\/tuote\/ankle-gel-pad\/#breadcrumb"},"inLanguage":"fi","potentialAction":[{"@type":"ReadAction","target":["https:\/\/gethowies.com\/fi\/tuote\/ankle-gel-pad\/"]}]},{"@type":"ImageObject","inLanguage":"fi","@id":"https:\/\/gethowies.com\/fi\/tuote\/ankle-gel-pad\/#primaryimage","url":"https:\/\/gethowies.com\/fi\/wp-content\/uploads\/sites\/5\/2018\/08\/hht-ankle-gelpad.jpg","contentUrl":"https:\/\/gethowies.com\/fi\/wp-content\/uploads\/sites\/5\/2018\/08\/hht-ankle-gelpad.jpg","width":1200,"height":1200},{"@type":"BreadcrumbList","@id":"https:\/\/gethowies.com\/fi\/tuote\/ankle-gel-pad\/#breadcrumb","itemListElement":[{"@type":"ListItem","position":1,"name":"Hem","item":"https:\/\/gethowies.com\/fi\/"},{"@type":"ListItem","position":2,"name":"Shop","item":"https:\/\/gethowies.com\/fi\/shop\/"},{"@type":"ListItem","position":3,"name":"Ankle Gel Pad"}]},{"@type":"WebSite","@id":"https:\/\/gethowies.com\/fi\/#website","url":"https:\/\/gethowies.com\/fi\/","name":"Howies Hockey Suomi","description":"","potentialAction":[{"@type":"SearchAction","target":{"@type":"EntryPoint","urlTemplate":"https:\/\/gethowies.com\/fi\/?s={search_term_string}"},"query-input":{"@type":"PropertyValueSpecification","valueRequired":true,"valueName":"search_term_string"}}],"inLanguage":"fi"}]}},"_links":{"self":[{"href":"https:\/\/gethowies.com\/fi\/wp-json\/wp\/v2\/product\/5667","targetHints":{"allow":["GET"]}}],"collection":[{"href":"https:\/\/gethowies.com\/fi\/wp-json\/wp\/v2\/product"}],"about":[{"href":"https:\/\/gethowies.com\/fi\/wp-json\/wp\/v2\/types\/product"}],"replies":[{"embeddable":true,"href":"https:\/\/gethowies.com\/fi\/wp-json\/wp\/v2\/comments?post=5667"}],"wp:featuredmedia":[{"embeddable":true,"href":"https:\/\/gethowies.com\/fi\/wp-json\/wp\/v2\/media\/5638"}],"wp:attachment":[{"href":"https:\/\/gethowies.com\/fi\/wp-json\/wp\/v2\/media?parent=5667"}],"wp:term":[{"taxonomy":"product_brand","embeddable":true,"href":"https:\/\/gethowies.com\/fi\/wp-json\/wp\/v2\/product_brand?post=5667"},{"taxonomy":"product_cat","embeddable":true,"href":"https:\/\/gethowies.com\/fi\/wp-json\/wp\/v2\/product_cat?post=5667"},{"taxonomy":"product_tag","embeddable":true,"href":"https:\/\/gethowies.com\/fi\/wp-json\/wp\/v2\/product_tag?post=5667"}],"curies":[{"name":"wp","href":"https:\/\/api.w.org\/{rel}","templated":true}]}}