{"id":5668,"date":"2018-08-20T13:45:39","date_gmt":"2018-08-20T11:45:39","guid":{"rendered":"https:\/\/gethowies.com\/fi\/?post_type=product&#038;p=5668"},"modified":"2026-05-13T00:44:06","modified_gmt":"2026-05-12T22:44:06","slug":"achilles-heel-gel-pad","status":"publish","type":"product","link":"https:\/\/gethowies.com\/fi\/tuote\/achilles-heel-gel-pad\/","title":{"rendered":"Achilles Heel Gel Pad"},"content":{"rendered":"<p>Ei en\u00e4\u00e4 kantap\u00e4iden teippivirityksi\u00e4 hiertymien est\u00e4miseksi. Howies Achilles Heel Gel Pad \u2013 Suojaa kantap\u00e4\u00e4t\u00e4 luistimen luistimen paineelta ja hiertymiselt\u00e4. Suoja pysyy hyvin paikoillaan tarran avulla ja on helppo asettaa paikoilleen. Myyntipakkauksessa nelj\u00e4 suojaa.<\/p>\n<p>2 paria<\/p>\n","protected":false},"excerpt":{"rendered":"<p>Ei en\u00e4\u00e4 kantap\u00e4iden teippivirityksi\u00e4 hiertymien est\u00e4miseksi. Howies Achilles Heel Gel Pad \u2013 Suojaa kantap\u00e4\u00e4t\u00e4 luistimen luistimen paineelta ja hiertymiselt\u00e4. Suoja pysyy hyvin paikoillaan tarran avulla ja on helppo asettaa paikoilleen. Myyntipakkauksessa nelj\u00e4 suojaa. 2 paria<\/p>\n","protected":false},"featured_media":5636,"comment_status":"open","ping_status":"closed","template":"","meta":{"inline_featured_image":false},"product_brand":[],"product_cat":[107],"product_tag":[],"class_list":{"0":"post-5668","1":"product","2":"type-product","3":"status-publish","4":"has-post-thumbnail","6":"product_cat-lisatarvikkeet","8":"first","9":"instock","10":"shipping-taxable","11":"purchasable","12":"product-type-simple"},"yoast_head":"<!-- This site is optimized with the Yoast SEO plugin v27.6 - https:\/\/yoast.com\/product\/yoast-seo-wordpress\/ -->\n<title>Achilles Heel Gel Pad - Howies Hockey Suomi<\/title>\n<meta name=\"robots\" content=\"index, follow, max-snippet:-1, max-image-preview:large, max-video-preview:-1\" \/>\n<link rel=\"canonical\" href=\"https:\/\/gethowies.com\/fi\/tuote\/achilles-heel-gel-pad\/\" \/>\n<meta property=\"og:locale\" content=\"fi_FI\" \/>\n<meta property=\"og:type\" content=\"article\" \/>\n<meta property=\"og:title\" content=\"Achilles Heel Gel Pad - Howies Hockey Suomi\" \/>\n<meta property=\"og:description\" content=\"Ei en\u00e4\u00e4 kantap\u00e4iden teippivirityksi\u00e4 hiertymien est\u00e4miseksi. Howies Achilles Heel Gel Pad \u2013 Suojaa kantap\u00e4\u00e4t\u00e4 luistimen luistimen paineelta ja hiertymiselt\u00e4. Suoja pysyy hyvin paikoillaan tarran avulla ja on helppo asettaa paikoilleen. Myyntipakkauksessa nelj\u00e4 suojaa. 2 paria\" \/>\n<meta property=\"og:url\" content=\"https:\/\/gethowies.com\/fi\/tuote\/achilles-heel-gel-pad\/\" \/>\n<meta property=\"og:site_name\" content=\"Howies Hockey Suomi\" \/>\n<meta property=\"article:modified_time\" content=\"2026-05-12T22:44:06+00:00\" \/>\n<meta property=\"og:image\" content=\"https:\/\/gethowies.com\/fi\/wp-content\/uploads\/sites\/5\/2018\/08\/hht-achilles-gelpad.jpg\" \/>\n\t<meta property=\"og:image:width\" content=\"480\" \/>\n\t<meta property=\"og:image:height\" content=\"480\" \/>\n\t<meta property=\"og:image:type\" content=\"image\/jpeg\" \/>\n<meta name=\"twitter:card\" content=\"summary_large_image\" \/>\n<script type=\"application\/ld+json\" class=\"yoast-schema-graph\">{\"@context\":\"https:\\\/\\\/schema.org\",\"@graph\":[{\"@type\":\"WebPage\",\"@id\":\"https:\\\/\\\/gethowies.com\\\/fi\\\/tuote\\\/achilles-heel-gel-pad\\\/\",\"url\":\"https:\\\/\\\/gethowies.com\\\/fi\\\/tuote\\\/achilles-heel-gel-pad\\\/\",\"name\":\"Achilles Heel Gel Pad - Howies Hockey Suomi\",\"isPartOf\":{\"@id\":\"https:\\\/\\\/gethowies.com\\\/fi\\\/#website\"},\"primaryImageOfPage\":{\"@id\":\"https:\\\/\\\/gethowies.com\\\/fi\\\/tuote\\\/achilles-heel-gel-pad\\\/#primaryimage\"},\"image\":{\"@id\":\"https:\\\/\\\/gethowies.com\\\/fi\\\/tuote\\\/achilles-heel-gel-pad\\\/#primaryimage\"},\"thumbnailUrl\":\"https:\\\/\\\/gethowies.com\\\/fi\\\/wp-content\\\/uploads\\\/sites\\\/5\\\/2018\\\/08\\\/hht-achilles-gelpad.jpg\",\"datePublished\":\"2018-08-20T11:45:39+00:00\",\"dateModified\":\"2026-05-12T22:44:06+00:00\",\"breadcrumb\":{\"@id\":\"https:\\\/\\\/gethowies.com\\\/fi\\\/tuote\\\/achilles-heel-gel-pad\\\/#breadcrumb\"},\"inLanguage\":\"fi\",\"potentialAction\":[{\"@type\":\"ReadAction\",\"target\":[\"https:\\\/\\\/gethowies.com\\\/fi\\\/tuote\\\/achilles-heel-gel-pad\\\/\"]}]},{\"@type\":\"ImageObject\",\"inLanguage\":\"fi\",\"@id\":\"https:\\\/\\\/gethowies.com\\\/fi\\\/tuote\\\/achilles-heel-gel-pad\\\/#primaryimage\",\"url\":\"https:\\\/\\\/gethowies.com\\\/fi\\\/wp-content\\\/uploads\\\/sites\\\/5\\\/2018\\\/08\\\/hht-achilles-gelpad.jpg\",\"contentUrl\":\"https:\\\/\\\/gethowies.com\\\/fi\\\/wp-content\\\/uploads\\\/sites\\\/5\\\/2018\\\/08\\\/hht-achilles-gelpad.jpg\",\"width\":480,\"height\":480},{\"@type\":\"BreadcrumbList\",\"@id\":\"https:\\\/\\\/gethowies.com\\\/fi\\\/tuote\\\/achilles-heel-gel-pad\\\/#breadcrumb\",\"itemListElement\":[{\"@type\":\"ListItem\",\"position\":1,\"name\":\"Hem\",\"item\":\"https:\\\/\\\/gethowies.com\\\/fi\\\/\"},{\"@type\":\"ListItem\",\"position\":2,\"name\":\"Shop\",\"item\":\"https:\\\/\\\/gethowies.com\\\/fi\\\/shop\\\/\"},{\"@type\":\"ListItem\",\"position\":3,\"name\":\"Achilles Heel Gel Pad\"}]},{\"@type\":\"WebSite\",\"@id\":\"https:\\\/\\\/gethowies.com\\\/fi\\\/#website\",\"url\":\"https:\\\/\\\/gethowies.com\\\/fi\\\/\",\"name\":\"Howies Hockey Suomi\",\"description\":\"\",\"potentialAction\":[{\"@type\":\"SearchAction\",\"target\":{\"@type\":\"EntryPoint\",\"urlTemplate\":\"https:\\\/\\\/gethowies.com\\\/fi\\\/?s={search_term_string}\"},\"query-input\":{\"@type\":\"PropertyValueSpecification\",\"valueRequired\":true,\"valueName\":\"search_term_string\"}}],\"inLanguage\":\"fi\"}]}<\/script>\n<!-- \/ Yoast SEO plugin. -->","yoast_head_json":{"title":"Achilles Heel Gel Pad - Howies Hockey Suomi","robots":{"index":"index","follow":"follow","max-snippet":"max-snippet:-1","max-image-preview":"max-image-preview:large","max-video-preview":"max-video-preview:-1"},"canonical":"https:\/\/gethowies.com\/fi\/tuote\/achilles-heel-gel-pad\/","og_locale":"fi_FI","og_type":"article","og_title":"Achilles Heel Gel Pad - Howies Hockey Suomi","og_description":"Ei en\u00e4\u00e4 kantap\u00e4iden teippivirityksi\u00e4 hiertymien est\u00e4miseksi. Howies Achilles Heel Gel Pad \u2013 Suojaa kantap\u00e4\u00e4t\u00e4 luistimen luistimen paineelta ja hiertymiselt\u00e4. Suoja pysyy hyvin paikoillaan tarran avulla ja on helppo asettaa paikoilleen. Myyntipakkauksessa nelj\u00e4 suojaa. 2 paria","og_url":"https:\/\/gethowies.com\/fi\/tuote\/achilles-heel-gel-pad\/","og_site_name":"Howies Hockey Suomi","article_modified_time":"2026-05-12T22:44:06+00:00","og_image":[{"width":480,"height":480,"url":"https:\/\/gethowies.com\/fi\/wp-content\/uploads\/sites\/5\/2018\/08\/hht-achilles-gelpad.jpg","type":"image\/jpeg"}],"twitter_card":"summary_large_image","schema":{"@context":"https:\/\/schema.org","@graph":[{"@type":"WebPage","@id":"https:\/\/gethowies.com\/fi\/tuote\/achilles-heel-gel-pad\/","url":"https:\/\/gethowies.com\/fi\/tuote\/achilles-heel-gel-pad\/","name":"Achilles Heel Gel Pad - Howies Hockey Suomi","isPartOf":{"@id":"https:\/\/gethowies.com\/fi\/#website"},"primaryImageOfPage":{"@id":"https:\/\/gethowies.com\/fi\/tuote\/achilles-heel-gel-pad\/#primaryimage"},"image":{"@id":"https:\/\/gethowies.com\/fi\/tuote\/achilles-heel-gel-pad\/#primaryimage"},"thumbnailUrl":"https:\/\/gethowies.com\/fi\/wp-content\/uploads\/sites\/5\/2018\/08\/hht-achilles-gelpad.jpg","datePublished":"2018-08-20T11:45:39+00:00","dateModified":"2026-05-12T22:44:06+00:00","breadcrumb":{"@id":"https:\/\/gethowies.com\/fi\/tuote\/achilles-heel-gel-pad\/#breadcrumb"},"inLanguage":"fi","potentialAction":[{"@type":"ReadAction","target":["https:\/\/gethowies.com\/fi\/tuote\/achilles-heel-gel-pad\/"]}]},{"@type":"ImageObject","inLanguage":"fi","@id":"https:\/\/gethowies.com\/fi\/tuote\/achilles-heel-gel-pad\/#primaryimage","url":"https:\/\/gethowies.com\/fi\/wp-content\/uploads\/sites\/5\/2018\/08\/hht-achilles-gelpad.jpg","contentUrl":"https:\/\/gethowies.com\/fi\/wp-content\/uploads\/sites\/5\/2018\/08\/hht-achilles-gelpad.jpg","width":480,"height":480},{"@type":"BreadcrumbList","@id":"https:\/\/gethowies.com\/fi\/tuote\/achilles-heel-gel-pad\/#breadcrumb","itemListElement":[{"@type":"ListItem","position":1,"name":"Hem","item":"https:\/\/gethowies.com\/fi\/"},{"@type":"ListItem","position":2,"name":"Shop","item":"https:\/\/gethowies.com\/fi\/shop\/"},{"@type":"ListItem","position":3,"name":"Achilles Heel Gel Pad"}]},{"@type":"WebSite","@id":"https:\/\/gethowies.com\/fi\/#website","url":"https:\/\/gethowies.com\/fi\/","name":"Howies Hockey Suomi","description":"","potentialAction":[{"@type":"SearchAction","target":{"@type":"EntryPoint","urlTemplate":"https:\/\/gethowies.com\/fi\/?s={search_term_string}"},"query-input":{"@type":"PropertyValueSpecification","valueRequired":true,"valueName":"search_term_string"}}],"inLanguage":"fi"}]}},"_links":{"self":[{"href":"https:\/\/gethowies.com\/fi\/wp-json\/wp\/v2\/product\/5668","targetHints":{"allow":["GET"]}}],"collection":[{"href":"https:\/\/gethowies.com\/fi\/wp-json\/wp\/v2\/product"}],"about":[{"href":"https:\/\/gethowies.com\/fi\/wp-json\/wp\/v2\/types\/product"}],"replies":[{"embeddable":true,"href":"https:\/\/gethowies.com\/fi\/wp-json\/wp\/v2\/comments?post=5668"}],"wp:featuredmedia":[{"embeddable":true,"href":"https:\/\/gethowies.com\/fi\/wp-json\/wp\/v2\/media\/5636"}],"wp:attachment":[{"href":"https:\/\/gethowies.com\/fi\/wp-json\/wp\/v2\/media?parent=5668"}],"wp:term":[{"taxonomy":"product_brand","embeddable":true,"href":"https:\/\/gethowies.com\/fi\/wp-json\/wp\/v2\/product_brand?post=5668"},{"taxonomy":"product_cat","embeddable":true,"href":"https:\/\/gethowies.com\/fi\/wp-json\/wp\/v2\/product_cat?post=5668"},{"taxonomy":"product_tag","embeddable":true,"href":"https:\/\/gethowies.com\/fi\/wp-json\/wp\/v2\/product_tag?post=5668"}],"curies":[{"name":"wp","href":"https:\/\/api.w.org\/{rel}","templated":true}]}}