{"id":5712,"date":"2018-08-28T12:33:22","date_gmt":"2018-08-28T10:33:22","guid":{"rendered":"https:\/\/gethowies.com\/fi\/?post_type=product&#038;p=5712"},"modified":"2025-09-19T22:14:59","modified_gmt":"2025-09-19T20:14:59","slug":"howies-isoteippi-friction","status":"publish","type":"product","link":"https:\/\/gethowies.com\/fi\/tuote\/howies-isoteippi-friction\/","title":{"rendered":"Howies Isoteippi Friction"},"content":{"rendered":"<p>Howies Kitkateippi on musta mailateippi jonka pitoa on parannettu joka vaimentaa t\u00e4rin\u00e4\u00e4 ja siten takaa sujuvamman kiekonk\u00e4sittelyn.<\/p>\n<p>Howies kitkateippi on eritt\u00e4in tartuttavaa ja voidaan k\u00e4ytt\u00e4\u00e4 joko maila &#8211; tai grippteippin\u00e4. Kitkateippi on tehty tarttuvaksi molemmilta puolilta varmistan eritt\u00e4in hyv\u00e4n otteen mailank\u00e4sittelyn aikana.<\/p>\n","protected":false},"excerpt":{"rendered":"<p>Howies Kitkateippi on musta mailateippi jonka pitoa on parannettu joka vaimentaa t\u00e4rin\u00e4\u00e4 ja siten takaa sujuvamman kiekonk\u00e4sittelyn. Howies kitkateippi on eritt\u00e4in tartuttavaa ja voidaan k\u00e4ytt\u00e4\u00e4 joko maila &#8211; tai grippteippin\u00e4. Kitkateippi on tehty tarttuvaksi molemmilta puolilta varmistan eritt\u00e4in hyv\u00e4n otteen mailank\u00e4sittelyn aikana.<\/p>\n","protected":false},"featured_media":5713,"comment_status":"open","ping_status":"closed","template":"","meta":{"inline_featured_image":false},"product_brand":[],"product_cat":[128,15],"product_tag":[],"class_list":{"0":"post-5712","1":"product","2":"type-product","3":"status-publish","4":"has-post-thumbnail","6":"product_cat-isoteippi-friction","7":"product_cat-yleinen","9":"first","10":"instock","11":"shipping-taxable","12":"purchasable","13":"product-type-simple"},"yoast_head":"<!-- This site is optimized with the Yoast SEO plugin v27.3 - https:\/\/yoast.com\/product\/yoast-seo-wordpress\/ -->\n<title>Howies Isoteippi Friction - Howies Hockey Suomi<\/title>\n<meta name=\"robots\" content=\"index, follow, max-snippet:-1, max-image-preview:large, max-video-preview:-1\" \/>\n<link rel=\"canonical\" href=\"https:\/\/gethowies.com\/fi\/tuote\/howies-isoteippi-friction\/\" \/>\n<meta property=\"og:locale\" content=\"fi_FI\" \/>\n<meta property=\"og:type\" content=\"article\" \/>\n<meta property=\"og:title\" content=\"Howies Isoteippi Friction - Howies Hockey Suomi\" \/>\n<meta property=\"og:description\" content=\"Howies Kitkateippi on musta mailateippi jonka pitoa on parannettu joka vaimentaa t\u00e4rin\u00e4\u00e4 ja siten takaa sujuvamman kiekonk\u00e4sittelyn. Howies kitkateippi on eritt\u00e4in tartuttavaa ja voidaan k\u00e4ytt\u00e4\u00e4 joko maila &#8211; tai grippteippin\u00e4. Kitkateippi on tehty tarttuvaksi molemmilta puolilta varmistan eritt\u00e4in hyv\u00e4n otteen mailank\u00e4sittelyn aikana.\" \/>\n<meta property=\"og:url\" content=\"https:\/\/gethowies.com\/fi\/tuote\/howies-isoteippi-friction\/\" \/>\n<meta property=\"og:site_name\" content=\"Howies Hockey Suomi\" \/>\n<meta property=\"article:modified_time\" content=\"2025-09-19T20:14:59+00:00\" \/>\n<meta property=\"og:image\" content=\"https:\/\/gethowies.com\/fi\/wp-content\/uploads\/sites\/5\/2018\/08\/HH-FrictionTape1.jpg\" \/>\n\t<meta property=\"og:image:width\" content=\"500\" \/>\n\t<meta property=\"og:image:height\" content=\"500\" \/>\n\t<meta property=\"og:image:type\" content=\"image\/jpeg\" \/>\n<meta name=\"twitter:card\" content=\"summary_large_image\" \/>\n<script type=\"application\/ld+json\" class=\"yoast-schema-graph\">{\"@context\":\"https:\\\/\\\/schema.org\",\"@graph\":[{\"@type\":\"WebPage\",\"@id\":\"https:\\\/\\\/gethowies.com\\\/fi\\\/tuote\\\/howies-isoteippi-friction\\\/\",\"url\":\"https:\\\/\\\/gethowies.com\\\/fi\\\/tuote\\\/howies-isoteippi-friction\\\/\",\"name\":\"Howies Isoteippi Friction - Howies Hockey Suomi\",\"isPartOf\":{\"@id\":\"https:\\\/\\\/gethowies.com\\\/fi\\\/#website\"},\"primaryImageOfPage\":{\"@id\":\"https:\\\/\\\/gethowies.com\\\/fi\\\/tuote\\\/howies-isoteippi-friction\\\/#primaryimage\"},\"image\":{\"@id\":\"https:\\\/\\\/gethowies.com\\\/fi\\\/tuote\\\/howies-isoteippi-friction\\\/#primaryimage\"},\"thumbnailUrl\":\"https:\\\/\\\/gethowies.com\\\/fi\\\/wp-content\\\/uploads\\\/sites\\\/5\\\/2018\\\/08\\\/HH-FrictionTape1.jpg\",\"datePublished\":\"2018-08-28T10:33:22+00:00\",\"dateModified\":\"2025-09-19T20:14:59+00:00\",\"breadcrumb\":{\"@id\":\"https:\\\/\\\/gethowies.com\\\/fi\\\/tuote\\\/howies-isoteippi-friction\\\/#breadcrumb\"},\"inLanguage\":\"fi\",\"potentialAction\":[{\"@type\":\"ReadAction\",\"target\":[\"https:\\\/\\\/gethowies.com\\\/fi\\\/tuote\\\/howies-isoteippi-friction\\\/\"]}]},{\"@type\":\"ImageObject\",\"inLanguage\":\"fi\",\"@id\":\"https:\\\/\\\/gethowies.com\\\/fi\\\/tuote\\\/howies-isoteippi-friction\\\/#primaryimage\",\"url\":\"https:\\\/\\\/gethowies.com\\\/fi\\\/wp-content\\\/uploads\\\/sites\\\/5\\\/2018\\\/08\\\/HH-FrictionTape1.jpg\",\"contentUrl\":\"https:\\\/\\\/gethowies.com\\\/fi\\\/wp-content\\\/uploads\\\/sites\\\/5\\\/2018\\\/08\\\/HH-FrictionTape1.jpg\",\"width\":500,\"height\":500},{\"@type\":\"BreadcrumbList\",\"@id\":\"https:\\\/\\\/gethowies.com\\\/fi\\\/tuote\\\/howies-isoteippi-friction\\\/#breadcrumb\",\"itemListElement\":[{\"@type\":\"ListItem\",\"position\":1,\"name\":\"Hem\",\"item\":\"https:\\\/\\\/gethowies.com\\\/fi\\\/\"},{\"@type\":\"ListItem\",\"position\":2,\"name\":\"Shop\",\"item\":\"https:\\\/\\\/gethowies.com\\\/fi\\\/shop\\\/\"},{\"@type\":\"ListItem\",\"position\":3,\"name\":\"Howies Isoteippi Friction\"}]},{\"@type\":\"WebSite\",\"@id\":\"https:\\\/\\\/gethowies.com\\\/fi\\\/#website\",\"url\":\"https:\\\/\\\/gethowies.com\\\/fi\\\/\",\"name\":\"Howies Hockey Suomi\",\"description\":\"\",\"potentialAction\":[{\"@type\":\"SearchAction\",\"target\":{\"@type\":\"EntryPoint\",\"urlTemplate\":\"https:\\\/\\\/gethowies.com\\\/fi\\\/?s={search_term_string}\"},\"query-input\":{\"@type\":\"PropertyValueSpecification\",\"valueRequired\":true,\"valueName\":\"search_term_string\"}}],\"inLanguage\":\"fi\"}]}<\/script>\n<!-- \/ Yoast SEO plugin. -->","yoast_head_json":{"title":"Howies Isoteippi Friction - Howies Hockey Suomi","robots":{"index":"index","follow":"follow","max-snippet":"max-snippet:-1","max-image-preview":"max-image-preview:large","max-video-preview":"max-video-preview:-1"},"canonical":"https:\/\/gethowies.com\/fi\/tuote\/howies-isoteippi-friction\/","og_locale":"fi_FI","og_type":"article","og_title":"Howies Isoteippi Friction - Howies Hockey Suomi","og_description":"Howies Kitkateippi on musta mailateippi jonka pitoa on parannettu joka vaimentaa t\u00e4rin\u00e4\u00e4 ja siten takaa sujuvamman kiekonk\u00e4sittelyn. Howies kitkateippi on eritt\u00e4in tartuttavaa ja voidaan k\u00e4ytt\u00e4\u00e4 joko maila &#8211; tai grippteippin\u00e4. Kitkateippi on tehty tarttuvaksi molemmilta puolilta varmistan eritt\u00e4in hyv\u00e4n otteen mailank\u00e4sittelyn aikana.","og_url":"https:\/\/gethowies.com\/fi\/tuote\/howies-isoteippi-friction\/","og_site_name":"Howies Hockey Suomi","article_modified_time":"2025-09-19T20:14:59+00:00","og_image":[{"width":500,"height":500,"url":"https:\/\/gethowies.com\/fi\/wp-content\/uploads\/sites\/5\/2018\/08\/HH-FrictionTape1.jpg","type":"image\/jpeg"}],"twitter_card":"summary_large_image","schema":{"@context":"https:\/\/schema.org","@graph":[{"@type":"WebPage","@id":"https:\/\/gethowies.com\/fi\/tuote\/howies-isoteippi-friction\/","url":"https:\/\/gethowies.com\/fi\/tuote\/howies-isoteippi-friction\/","name":"Howies Isoteippi Friction - Howies Hockey Suomi","isPartOf":{"@id":"https:\/\/gethowies.com\/fi\/#website"},"primaryImageOfPage":{"@id":"https:\/\/gethowies.com\/fi\/tuote\/howies-isoteippi-friction\/#primaryimage"},"image":{"@id":"https:\/\/gethowies.com\/fi\/tuote\/howies-isoteippi-friction\/#primaryimage"},"thumbnailUrl":"https:\/\/gethowies.com\/fi\/wp-content\/uploads\/sites\/5\/2018\/08\/HH-FrictionTape1.jpg","datePublished":"2018-08-28T10:33:22+00:00","dateModified":"2025-09-19T20:14:59+00:00","breadcrumb":{"@id":"https:\/\/gethowies.com\/fi\/tuote\/howies-isoteippi-friction\/#breadcrumb"},"inLanguage":"fi","potentialAction":[{"@type":"ReadAction","target":["https:\/\/gethowies.com\/fi\/tuote\/howies-isoteippi-friction\/"]}]},{"@type":"ImageObject","inLanguage":"fi","@id":"https:\/\/gethowies.com\/fi\/tuote\/howies-isoteippi-friction\/#primaryimage","url":"https:\/\/gethowies.com\/fi\/wp-content\/uploads\/sites\/5\/2018\/08\/HH-FrictionTape1.jpg","contentUrl":"https:\/\/gethowies.com\/fi\/wp-content\/uploads\/sites\/5\/2018\/08\/HH-FrictionTape1.jpg","width":500,"height":500},{"@type":"BreadcrumbList","@id":"https:\/\/gethowies.com\/fi\/tuote\/howies-isoteippi-friction\/#breadcrumb","itemListElement":[{"@type":"ListItem","position":1,"name":"Hem","item":"https:\/\/gethowies.com\/fi\/"},{"@type":"ListItem","position":2,"name":"Shop","item":"https:\/\/gethowies.com\/fi\/shop\/"},{"@type":"ListItem","position":3,"name":"Howies Isoteippi Friction"}]},{"@type":"WebSite","@id":"https:\/\/gethowies.com\/fi\/#website","url":"https:\/\/gethowies.com\/fi\/","name":"Howies Hockey Suomi","description":"","potentialAction":[{"@type":"SearchAction","target":{"@type":"EntryPoint","urlTemplate":"https:\/\/gethowies.com\/fi\/?s={search_term_string}"},"query-input":{"@type":"PropertyValueSpecification","valueRequired":true,"valueName":"search_term_string"}}],"inLanguage":"fi"}]}},"_links":{"self":[{"href":"https:\/\/gethowies.com\/fi\/wp-json\/wp\/v2\/product\/5712","targetHints":{"allow":["GET"]}}],"collection":[{"href":"https:\/\/gethowies.com\/fi\/wp-json\/wp\/v2\/product"}],"about":[{"href":"https:\/\/gethowies.com\/fi\/wp-json\/wp\/v2\/types\/product"}],"replies":[{"embeddable":true,"href":"https:\/\/gethowies.com\/fi\/wp-json\/wp\/v2\/comments?post=5712"}],"wp:featuredmedia":[{"embeddable":true,"href":"https:\/\/gethowies.com\/fi\/wp-json\/wp\/v2\/media\/5713"}],"wp:attachment":[{"href":"https:\/\/gethowies.com\/fi\/wp-json\/wp\/v2\/media?parent=5712"}],"wp:term":[{"taxonomy":"product_brand","embeddable":true,"href":"https:\/\/gethowies.com\/fi\/wp-json\/wp\/v2\/product_brand?post=5712"},{"taxonomy":"product_cat","embeddable":true,"href":"https:\/\/gethowies.com\/fi\/wp-json\/wp\/v2\/product_cat?post=5712"},{"taxonomy":"product_tag","embeddable":true,"href":"https:\/\/gethowies.com\/fi\/wp-json\/wp\/v2\/product_tag?post=5712"}],"curies":[{"name":"wp","href":"https:\/\/api.w.org\/{rel}","templated":true}]}}