{"id":5734,"date":"2018-08-28T18:49:33","date_gmt":"2018-08-28T16:49:33","guid":{"rendered":"https:\/\/gethowies.com\/fi\/?post_type=product&#038;p=5734"},"modified":"2025-09-19T22:15:54","modified_gmt":"2025-09-19T20:15:54","slug":"howies-split-tape-white","status":"publish","type":"product","link":"https:\/\/gethowies.com\/fi\/tuote\/howies-split-tape-white\/","title":{"rendered":"Howies Split Tape White"},"content":{"rendered":"<p>K\u00e4tev\u00e4 tapa tehd\u00e4 mukautettu, mukava ja funktionaalinen pito j\u00e4\u00e4kiekkomailaan ja muihin urheiluv\u00e4lineisiin.<\/p>\n<p>36 mm, teippi on jaettu kahteen erilliseen 12mm ja 24mm rullaan.<\/p>\n<p>Molempia liuskoja voidaan k\u00e4ytt\u00e4\u00e4 itsen\u00e4isesti.<\/p>\n<p>24 mm k\u00e4ytett\u00e4v\u00e4ksi esimerkiksi grippiteiksi tai mailateipiksi.<br \/>\n12 mm k\u00e4ytett\u00e4v\u00e4ksi esimerkiksi mailan p\u00e4\u00e4h\u00e4n takaamaan vakaan otteen hanskoille.<\/p>\n","protected":false},"excerpt":{"rendered":"<p>K\u00e4tev\u00e4 tapa tehd\u00e4 mukautettu, mukava ja funktionaalinen pito j\u00e4\u00e4kiekkomailaan ja muihin urheiluv\u00e4lineisiin. 36 mm, teippi on jaettu kahteen erilliseen 12mm ja 24mm rullaan. Molempia liuskoja voidaan k\u00e4ytt\u00e4\u00e4 itsen\u00e4isesti. 24 mm k\u00e4ytett\u00e4v\u00e4ksi esimerkiksi grippiteiksi tai mailateipiksi. 12 mm k\u00e4ytett\u00e4v\u00e4ksi esimerkiksi mailan p\u00e4\u00e4h\u00e4n takaamaan vakaan otteen hanskoille.<\/p>\n","protected":false},"featured_media":5733,"comment_status":"open","ping_status":"closed","template":"","meta":{"inline_featured_image":false},"product_brand":[],"product_cat":[95],"product_tag":[],"class_list":{"0":"post-5734","1":"product","2":"type-product","3":"status-publish","4":"has-post-thumbnail","6":"product_cat-musta-valkoinen","8":"first","9":"instock","10":"shipping-taxable","11":"purchasable","12":"product-type-simple"},"yoast_head":"<!-- This site is optimized with the Yoast SEO plugin v27.5 - https:\/\/yoast.com\/product\/yoast-seo-wordpress\/ -->\n<title>Howies Split Tape White - Howies Hockey Suomi<\/title>\n<meta name=\"robots\" content=\"index, follow, max-snippet:-1, max-image-preview:large, max-video-preview:-1\" \/>\n<link rel=\"canonical\" href=\"https:\/\/gethowies.com\/fi\/tuote\/howies-split-tape-white\/\" \/>\n<meta property=\"og:locale\" content=\"fi_FI\" \/>\n<meta property=\"og:type\" content=\"article\" \/>\n<meta property=\"og:title\" content=\"Howies Split Tape White - Howies Hockey Suomi\" \/>\n<meta property=\"og:description\" content=\"K\u00e4tev\u00e4 tapa tehd\u00e4 mukautettu, mukava ja funktionaalinen pito j\u00e4\u00e4kiekkomailaan ja muihin urheiluv\u00e4lineisiin. 36 mm, teippi on jaettu kahteen erilliseen 12mm ja 24mm rullaan. Molempia liuskoja voidaan k\u00e4ytt\u00e4\u00e4 itsen\u00e4isesti. 24 mm k\u00e4ytett\u00e4v\u00e4ksi esimerkiksi grippiteiksi tai mailateipiksi. 12 mm k\u00e4ytett\u00e4v\u00e4ksi esimerkiksi mailan p\u00e4\u00e4h\u00e4n takaamaan vakaan otteen hanskoille.\" \/>\n<meta property=\"og:url\" content=\"https:\/\/gethowies.com\/fi\/tuote\/howies-split-tape-white\/\" \/>\n<meta property=\"og:site_name\" content=\"Howies Hockey Suomi\" \/>\n<meta property=\"article:modified_time\" content=\"2025-09-19T20:15:54+00:00\" \/>\n<meta property=\"og:image\" content=\"https:\/\/gethowies.com\/fi\/wp-content\/uploads\/sites\/5\/2018\/08\/hht_split_vit.jpg\" \/>\n\t<meta property=\"og:image:width\" content=\"1020\" \/>\n\t<meta property=\"og:image:height\" content=\"1020\" \/>\n\t<meta property=\"og:image:type\" content=\"image\/jpeg\" \/>\n<meta name=\"twitter:card\" content=\"summary_large_image\" \/>\n<script type=\"application\/ld+json\" class=\"yoast-schema-graph\">{\"@context\":\"https:\\\/\\\/schema.org\",\"@graph\":[{\"@type\":\"WebPage\",\"@id\":\"https:\\\/\\\/gethowies.com\\\/fi\\\/tuote\\\/howies-split-tape-white\\\/\",\"url\":\"https:\\\/\\\/gethowies.com\\\/fi\\\/tuote\\\/howies-split-tape-white\\\/\",\"name\":\"Howies Split Tape White - Howies Hockey Suomi\",\"isPartOf\":{\"@id\":\"https:\\\/\\\/gethowies.com\\\/fi\\\/#website\"},\"primaryImageOfPage\":{\"@id\":\"https:\\\/\\\/gethowies.com\\\/fi\\\/tuote\\\/howies-split-tape-white\\\/#primaryimage\"},\"image\":{\"@id\":\"https:\\\/\\\/gethowies.com\\\/fi\\\/tuote\\\/howies-split-tape-white\\\/#primaryimage\"},\"thumbnailUrl\":\"https:\\\/\\\/gethowies.com\\\/fi\\\/wp-content\\\/uploads\\\/sites\\\/5\\\/2018\\\/08\\\/hht_split_vit.jpg\",\"datePublished\":\"2018-08-28T16:49:33+00:00\",\"dateModified\":\"2025-09-19T20:15:54+00:00\",\"breadcrumb\":{\"@id\":\"https:\\\/\\\/gethowies.com\\\/fi\\\/tuote\\\/howies-split-tape-white\\\/#breadcrumb\"},\"inLanguage\":\"fi\",\"potentialAction\":[{\"@type\":\"ReadAction\",\"target\":[\"https:\\\/\\\/gethowies.com\\\/fi\\\/tuote\\\/howies-split-tape-white\\\/\"]}]},{\"@type\":\"ImageObject\",\"inLanguage\":\"fi\",\"@id\":\"https:\\\/\\\/gethowies.com\\\/fi\\\/tuote\\\/howies-split-tape-white\\\/#primaryimage\",\"url\":\"https:\\\/\\\/gethowies.com\\\/fi\\\/wp-content\\\/uploads\\\/sites\\\/5\\\/2018\\\/08\\\/hht_split_vit.jpg\",\"contentUrl\":\"https:\\\/\\\/gethowies.com\\\/fi\\\/wp-content\\\/uploads\\\/sites\\\/5\\\/2018\\\/08\\\/hht_split_vit.jpg\",\"width\":1020,\"height\":1020},{\"@type\":\"BreadcrumbList\",\"@id\":\"https:\\\/\\\/gethowies.com\\\/fi\\\/tuote\\\/howies-split-tape-white\\\/#breadcrumb\",\"itemListElement\":[{\"@type\":\"ListItem\",\"position\":1,\"name\":\"Hem\",\"item\":\"https:\\\/\\\/gethowies.com\\\/fi\\\/\"},{\"@type\":\"ListItem\",\"position\":2,\"name\":\"Shop\",\"item\":\"https:\\\/\\\/gethowies.com\\\/fi\\\/shop\\\/\"},{\"@type\":\"ListItem\",\"position\":3,\"name\":\"Howies Split Tape White\"}]},{\"@type\":\"WebSite\",\"@id\":\"https:\\\/\\\/gethowies.com\\\/fi\\\/#website\",\"url\":\"https:\\\/\\\/gethowies.com\\\/fi\\\/\",\"name\":\"Howies Hockey Suomi\",\"description\":\"\",\"potentialAction\":[{\"@type\":\"SearchAction\",\"target\":{\"@type\":\"EntryPoint\",\"urlTemplate\":\"https:\\\/\\\/gethowies.com\\\/fi\\\/?s={search_term_string}\"},\"query-input\":{\"@type\":\"PropertyValueSpecification\",\"valueRequired\":true,\"valueName\":\"search_term_string\"}}],\"inLanguage\":\"fi\"}]}<\/script>\n<!-- \/ Yoast SEO plugin. -->","yoast_head_json":{"title":"Howies Split Tape White - Howies Hockey Suomi","robots":{"index":"index","follow":"follow","max-snippet":"max-snippet:-1","max-image-preview":"max-image-preview:large","max-video-preview":"max-video-preview:-1"},"canonical":"https:\/\/gethowies.com\/fi\/tuote\/howies-split-tape-white\/","og_locale":"fi_FI","og_type":"article","og_title":"Howies Split Tape White - Howies Hockey Suomi","og_description":"K\u00e4tev\u00e4 tapa tehd\u00e4 mukautettu, mukava ja funktionaalinen pito j\u00e4\u00e4kiekkomailaan ja muihin urheiluv\u00e4lineisiin. 36 mm, teippi on jaettu kahteen erilliseen 12mm ja 24mm rullaan. Molempia liuskoja voidaan k\u00e4ytt\u00e4\u00e4 itsen\u00e4isesti. 24 mm k\u00e4ytett\u00e4v\u00e4ksi esimerkiksi grippiteiksi tai mailateipiksi. 12 mm k\u00e4ytett\u00e4v\u00e4ksi esimerkiksi mailan p\u00e4\u00e4h\u00e4n takaamaan vakaan otteen hanskoille.","og_url":"https:\/\/gethowies.com\/fi\/tuote\/howies-split-tape-white\/","og_site_name":"Howies Hockey Suomi","article_modified_time":"2025-09-19T20:15:54+00:00","og_image":[{"width":1020,"height":1020,"url":"https:\/\/gethowies.com\/fi\/wp-content\/uploads\/sites\/5\/2018\/08\/hht_split_vit.jpg","type":"image\/jpeg"}],"twitter_card":"summary_large_image","schema":{"@context":"https:\/\/schema.org","@graph":[{"@type":"WebPage","@id":"https:\/\/gethowies.com\/fi\/tuote\/howies-split-tape-white\/","url":"https:\/\/gethowies.com\/fi\/tuote\/howies-split-tape-white\/","name":"Howies Split Tape White - Howies Hockey Suomi","isPartOf":{"@id":"https:\/\/gethowies.com\/fi\/#website"},"primaryImageOfPage":{"@id":"https:\/\/gethowies.com\/fi\/tuote\/howies-split-tape-white\/#primaryimage"},"image":{"@id":"https:\/\/gethowies.com\/fi\/tuote\/howies-split-tape-white\/#primaryimage"},"thumbnailUrl":"https:\/\/gethowies.com\/fi\/wp-content\/uploads\/sites\/5\/2018\/08\/hht_split_vit.jpg","datePublished":"2018-08-28T16:49:33+00:00","dateModified":"2025-09-19T20:15:54+00:00","breadcrumb":{"@id":"https:\/\/gethowies.com\/fi\/tuote\/howies-split-tape-white\/#breadcrumb"},"inLanguage":"fi","potentialAction":[{"@type":"ReadAction","target":["https:\/\/gethowies.com\/fi\/tuote\/howies-split-tape-white\/"]}]},{"@type":"ImageObject","inLanguage":"fi","@id":"https:\/\/gethowies.com\/fi\/tuote\/howies-split-tape-white\/#primaryimage","url":"https:\/\/gethowies.com\/fi\/wp-content\/uploads\/sites\/5\/2018\/08\/hht_split_vit.jpg","contentUrl":"https:\/\/gethowies.com\/fi\/wp-content\/uploads\/sites\/5\/2018\/08\/hht_split_vit.jpg","width":1020,"height":1020},{"@type":"BreadcrumbList","@id":"https:\/\/gethowies.com\/fi\/tuote\/howies-split-tape-white\/#breadcrumb","itemListElement":[{"@type":"ListItem","position":1,"name":"Hem","item":"https:\/\/gethowies.com\/fi\/"},{"@type":"ListItem","position":2,"name":"Shop","item":"https:\/\/gethowies.com\/fi\/shop\/"},{"@type":"ListItem","position":3,"name":"Howies Split Tape White"}]},{"@type":"WebSite","@id":"https:\/\/gethowies.com\/fi\/#website","url":"https:\/\/gethowies.com\/fi\/","name":"Howies Hockey Suomi","description":"","potentialAction":[{"@type":"SearchAction","target":{"@type":"EntryPoint","urlTemplate":"https:\/\/gethowies.com\/fi\/?s={search_term_string}"},"query-input":{"@type":"PropertyValueSpecification","valueRequired":true,"valueName":"search_term_string"}}],"inLanguage":"fi"}]}},"_links":{"self":[{"href":"https:\/\/gethowies.com\/fi\/wp-json\/wp\/v2\/product\/5734","targetHints":{"allow":["GET"]}}],"collection":[{"href":"https:\/\/gethowies.com\/fi\/wp-json\/wp\/v2\/product"}],"about":[{"href":"https:\/\/gethowies.com\/fi\/wp-json\/wp\/v2\/types\/product"}],"replies":[{"embeddable":true,"href":"https:\/\/gethowies.com\/fi\/wp-json\/wp\/v2\/comments?post=5734"}],"wp:featuredmedia":[{"embeddable":true,"href":"https:\/\/gethowies.com\/fi\/wp-json\/wp\/v2\/media\/5733"}],"wp:attachment":[{"href":"https:\/\/gethowies.com\/fi\/wp-json\/wp\/v2\/media?parent=5734"}],"wp:term":[{"taxonomy":"product_brand","embeddable":true,"href":"https:\/\/gethowies.com\/fi\/wp-json\/wp\/v2\/product_brand?post=5734"},{"taxonomy":"product_cat","embeddable":true,"href":"https:\/\/gethowies.com\/fi\/wp-json\/wp\/v2\/product_cat?post=5734"},{"taxonomy":"product_tag","embeddable":true,"href":"https:\/\/gethowies.com\/fi\/wp-json\/wp\/v2\/product_tag?post=5734"}],"curies":[{"name":"wp","href":"https:\/\/api.w.org\/{rel}","templated":true}]}}