{"id":5747,"date":"2018-09-02T16:00:19","date_gmt":"2018-09-02T14:00:19","guid":{"rendered":"https:\/\/gethowies.com\/fi\/?post_type=product&#038;p=5747"},"modified":"2025-09-19T22:14:05","modified_gmt":"2025-09-19T20:14:05","slug":"hockey-multi-wipe-microfiber","status":"publish","type":"product","link":"https:\/\/gethowies.com\/fi\/tuote\/hockey-multi-wipe-microfiber\/","title":{"rendered":"Hockey Multi Wipe Microfiber"},"content":{"rendered":"<p>V\u00e4lineiden huolehtiminen on t\u00e4rke\u00e4t\u00e4 ja meid\u00e4n mikrokuituliina pyyhe auttaa t\u00e4ss\u00e4 asiassa. K\u00e4yt\u00e4 pyyhett\u00e4 puhdistaakseesi luistimien ter\u00e4t, visiirisi, pyyheliinana tai imukykyisen\u00e4 k\u00e4\u00e4reen\u00e4.<\/p>\n<p>100% polyesteri\u00e4.<br \/>\nHelppo hoitoinen &#8211; K\u00e4sinpesu tai konepesu<br \/>\nMonik\u00e4ytt\u00f6inen &#8211; Pyyhi luistimen ter\u00e4t, puhdista visiiri, pyyheliina tai imukykyinen k\u00e4\u00e4re<\/p>\n","protected":false},"excerpt":{"rendered":"<p>V\u00e4lineiden huolehtiminen on t\u00e4rke\u00e4t\u00e4 ja meid\u00e4n mikrokuituliina pyyhe auttaa t\u00e4ss\u00e4 asiassa. K\u00e4yt\u00e4 pyyhett\u00e4 puhdistaakseesi luistimien ter\u00e4t, visiirisi, pyyheliinana tai imukykyisen\u00e4 k\u00e4\u00e4reen\u00e4. 100% polyesteri\u00e4. Helppo hoitoinen &#8211; K\u00e4sinpesu tai konepesu Monik\u00e4ytt\u00f6inen &#8211; Pyyhi luistimen ter\u00e4t, puhdista visiiri, pyyheliina tai imukykyinen k\u00e4\u00e4re<\/p>\n","protected":false},"featured_media":5748,"comment_status":"open","ping_status":"closed","template":"","meta":{"inline_featured_image":false},"product_brand":[],"product_cat":[130],"product_tag":[],"class_list":{"0":"post-5747","1":"product","2":"type-product","3":"status-publish","4":"has-post-thumbnail","6":"product_cat-pyyhkeet","8":"first","9":"instock","10":"shipping-taxable","11":"purchasable","12":"product-type-simple"},"yoast_head":"<!-- This site is optimized with the Yoast SEO plugin v27.5 - https:\/\/yoast.com\/product\/yoast-seo-wordpress\/ -->\n<title>Hockey Multi Wipe Microfiber - Howies Hockey Suomi<\/title>\n<meta name=\"robots\" content=\"index, follow, max-snippet:-1, max-image-preview:large, max-video-preview:-1\" \/>\n<link rel=\"canonical\" href=\"https:\/\/gethowies.com\/fi\/tuote\/hockey-multi-wipe-microfiber\/\" \/>\n<meta property=\"og:locale\" content=\"fi_FI\" \/>\n<meta property=\"og:type\" content=\"article\" \/>\n<meta property=\"og:title\" content=\"Hockey Multi Wipe Microfiber - Howies Hockey Suomi\" \/>\n<meta property=\"og:description\" content=\"V\u00e4lineiden huolehtiminen on t\u00e4rke\u00e4t\u00e4 ja meid\u00e4n mikrokuituliina pyyhe auttaa t\u00e4ss\u00e4 asiassa. K\u00e4yt\u00e4 pyyhett\u00e4 puhdistaakseesi luistimien ter\u00e4t, visiirisi, pyyheliinana tai imukykyisen\u00e4 k\u00e4\u00e4reen\u00e4. 100% polyesteri\u00e4. Helppo hoitoinen &#8211; K\u00e4sinpesu tai konepesu Monik\u00e4ytt\u00f6inen &#8211; Pyyhi luistimen ter\u00e4t, puhdista visiiri, pyyheliina tai imukykyinen k\u00e4\u00e4re\" \/>\n<meta property=\"og:url\" content=\"https:\/\/gethowies.com\/fi\/tuote\/hockey-multi-wipe-microfiber\/\" \/>\n<meta property=\"og:site_name\" content=\"Howies Hockey Suomi\" \/>\n<meta property=\"article:modified_time\" content=\"2025-09-19T20:14:05+00:00\" \/>\n<meta property=\"og:image\" content=\"https:\/\/gethowies.com\/fi\/wp-content\/uploads\/sites\/5\/2018\/09\/hht_microfiber_cloth.jpg\" \/>\n\t<meta property=\"og:image:width\" content=\"1020\" \/>\n\t<meta property=\"og:image:height\" content=\"1020\" \/>\n\t<meta property=\"og:image:type\" content=\"image\/jpeg\" \/>\n<meta name=\"twitter:card\" content=\"summary_large_image\" \/>\n<script type=\"application\/ld+json\" class=\"yoast-schema-graph\">{\"@context\":\"https:\\\/\\\/schema.org\",\"@graph\":[{\"@type\":\"WebPage\",\"@id\":\"https:\\\/\\\/gethowies.com\\\/fi\\\/tuote\\\/hockey-multi-wipe-microfiber\\\/\",\"url\":\"https:\\\/\\\/gethowies.com\\\/fi\\\/tuote\\\/hockey-multi-wipe-microfiber\\\/\",\"name\":\"Hockey Multi Wipe Microfiber - Howies Hockey Suomi\",\"isPartOf\":{\"@id\":\"https:\\\/\\\/gethowies.com\\\/fi\\\/#website\"},\"primaryImageOfPage\":{\"@id\":\"https:\\\/\\\/gethowies.com\\\/fi\\\/tuote\\\/hockey-multi-wipe-microfiber\\\/#primaryimage\"},\"image\":{\"@id\":\"https:\\\/\\\/gethowies.com\\\/fi\\\/tuote\\\/hockey-multi-wipe-microfiber\\\/#primaryimage\"},\"thumbnailUrl\":\"https:\\\/\\\/gethowies.com\\\/fi\\\/wp-content\\\/uploads\\\/sites\\\/5\\\/2018\\\/09\\\/hht_microfiber_cloth.jpg\",\"datePublished\":\"2018-09-02T14:00:19+00:00\",\"dateModified\":\"2025-09-19T20:14:05+00:00\",\"breadcrumb\":{\"@id\":\"https:\\\/\\\/gethowies.com\\\/fi\\\/tuote\\\/hockey-multi-wipe-microfiber\\\/#breadcrumb\"},\"inLanguage\":\"fi\",\"potentialAction\":[{\"@type\":\"ReadAction\",\"target\":[\"https:\\\/\\\/gethowies.com\\\/fi\\\/tuote\\\/hockey-multi-wipe-microfiber\\\/\"]}]},{\"@type\":\"ImageObject\",\"inLanguage\":\"fi\",\"@id\":\"https:\\\/\\\/gethowies.com\\\/fi\\\/tuote\\\/hockey-multi-wipe-microfiber\\\/#primaryimage\",\"url\":\"https:\\\/\\\/gethowies.com\\\/fi\\\/wp-content\\\/uploads\\\/sites\\\/5\\\/2018\\\/09\\\/hht_microfiber_cloth.jpg\",\"contentUrl\":\"https:\\\/\\\/gethowies.com\\\/fi\\\/wp-content\\\/uploads\\\/sites\\\/5\\\/2018\\\/09\\\/hht_microfiber_cloth.jpg\",\"width\":1020,\"height\":1020},{\"@type\":\"BreadcrumbList\",\"@id\":\"https:\\\/\\\/gethowies.com\\\/fi\\\/tuote\\\/hockey-multi-wipe-microfiber\\\/#breadcrumb\",\"itemListElement\":[{\"@type\":\"ListItem\",\"position\":1,\"name\":\"Hem\",\"item\":\"https:\\\/\\\/gethowies.com\\\/fi\\\/\"},{\"@type\":\"ListItem\",\"position\":2,\"name\":\"Shop\",\"item\":\"https:\\\/\\\/gethowies.com\\\/fi\\\/shop\\\/\"},{\"@type\":\"ListItem\",\"position\":3,\"name\":\"Hockey Multi Wipe Microfiber\"}]},{\"@type\":\"WebSite\",\"@id\":\"https:\\\/\\\/gethowies.com\\\/fi\\\/#website\",\"url\":\"https:\\\/\\\/gethowies.com\\\/fi\\\/\",\"name\":\"Howies Hockey Suomi\",\"description\":\"\",\"potentialAction\":[{\"@type\":\"SearchAction\",\"target\":{\"@type\":\"EntryPoint\",\"urlTemplate\":\"https:\\\/\\\/gethowies.com\\\/fi\\\/?s={search_term_string}\"},\"query-input\":{\"@type\":\"PropertyValueSpecification\",\"valueRequired\":true,\"valueName\":\"search_term_string\"}}],\"inLanguage\":\"fi\"}]}<\/script>\n<!-- \/ Yoast SEO plugin. -->","yoast_head_json":{"title":"Hockey Multi Wipe Microfiber - Howies Hockey Suomi","robots":{"index":"index","follow":"follow","max-snippet":"max-snippet:-1","max-image-preview":"max-image-preview:large","max-video-preview":"max-video-preview:-1"},"canonical":"https:\/\/gethowies.com\/fi\/tuote\/hockey-multi-wipe-microfiber\/","og_locale":"fi_FI","og_type":"article","og_title":"Hockey Multi Wipe Microfiber - Howies Hockey Suomi","og_description":"V\u00e4lineiden huolehtiminen on t\u00e4rke\u00e4t\u00e4 ja meid\u00e4n mikrokuituliina pyyhe auttaa t\u00e4ss\u00e4 asiassa. K\u00e4yt\u00e4 pyyhett\u00e4 puhdistaakseesi luistimien ter\u00e4t, visiirisi, pyyheliinana tai imukykyisen\u00e4 k\u00e4\u00e4reen\u00e4. 100% polyesteri\u00e4. Helppo hoitoinen &#8211; K\u00e4sinpesu tai konepesu Monik\u00e4ytt\u00f6inen &#8211; Pyyhi luistimen ter\u00e4t, puhdista visiiri, pyyheliina tai imukykyinen k\u00e4\u00e4re","og_url":"https:\/\/gethowies.com\/fi\/tuote\/hockey-multi-wipe-microfiber\/","og_site_name":"Howies Hockey Suomi","article_modified_time":"2025-09-19T20:14:05+00:00","og_image":[{"width":1020,"height":1020,"url":"https:\/\/gethowies.com\/fi\/wp-content\/uploads\/sites\/5\/2018\/09\/hht_microfiber_cloth.jpg","type":"image\/jpeg"}],"twitter_card":"summary_large_image","schema":{"@context":"https:\/\/schema.org","@graph":[{"@type":"WebPage","@id":"https:\/\/gethowies.com\/fi\/tuote\/hockey-multi-wipe-microfiber\/","url":"https:\/\/gethowies.com\/fi\/tuote\/hockey-multi-wipe-microfiber\/","name":"Hockey Multi Wipe Microfiber - Howies Hockey Suomi","isPartOf":{"@id":"https:\/\/gethowies.com\/fi\/#website"},"primaryImageOfPage":{"@id":"https:\/\/gethowies.com\/fi\/tuote\/hockey-multi-wipe-microfiber\/#primaryimage"},"image":{"@id":"https:\/\/gethowies.com\/fi\/tuote\/hockey-multi-wipe-microfiber\/#primaryimage"},"thumbnailUrl":"https:\/\/gethowies.com\/fi\/wp-content\/uploads\/sites\/5\/2018\/09\/hht_microfiber_cloth.jpg","datePublished":"2018-09-02T14:00:19+00:00","dateModified":"2025-09-19T20:14:05+00:00","breadcrumb":{"@id":"https:\/\/gethowies.com\/fi\/tuote\/hockey-multi-wipe-microfiber\/#breadcrumb"},"inLanguage":"fi","potentialAction":[{"@type":"ReadAction","target":["https:\/\/gethowies.com\/fi\/tuote\/hockey-multi-wipe-microfiber\/"]}]},{"@type":"ImageObject","inLanguage":"fi","@id":"https:\/\/gethowies.com\/fi\/tuote\/hockey-multi-wipe-microfiber\/#primaryimage","url":"https:\/\/gethowies.com\/fi\/wp-content\/uploads\/sites\/5\/2018\/09\/hht_microfiber_cloth.jpg","contentUrl":"https:\/\/gethowies.com\/fi\/wp-content\/uploads\/sites\/5\/2018\/09\/hht_microfiber_cloth.jpg","width":1020,"height":1020},{"@type":"BreadcrumbList","@id":"https:\/\/gethowies.com\/fi\/tuote\/hockey-multi-wipe-microfiber\/#breadcrumb","itemListElement":[{"@type":"ListItem","position":1,"name":"Hem","item":"https:\/\/gethowies.com\/fi\/"},{"@type":"ListItem","position":2,"name":"Shop","item":"https:\/\/gethowies.com\/fi\/shop\/"},{"@type":"ListItem","position":3,"name":"Hockey Multi Wipe Microfiber"}]},{"@type":"WebSite","@id":"https:\/\/gethowies.com\/fi\/#website","url":"https:\/\/gethowies.com\/fi\/","name":"Howies Hockey Suomi","description":"","potentialAction":[{"@type":"SearchAction","target":{"@type":"EntryPoint","urlTemplate":"https:\/\/gethowies.com\/fi\/?s={search_term_string}"},"query-input":{"@type":"PropertyValueSpecification","valueRequired":true,"valueName":"search_term_string"}}],"inLanguage":"fi"}]}},"_links":{"self":[{"href":"https:\/\/gethowies.com\/fi\/wp-json\/wp\/v2\/product\/5747","targetHints":{"allow":["GET"]}}],"collection":[{"href":"https:\/\/gethowies.com\/fi\/wp-json\/wp\/v2\/product"}],"about":[{"href":"https:\/\/gethowies.com\/fi\/wp-json\/wp\/v2\/types\/product"}],"replies":[{"embeddable":true,"href":"https:\/\/gethowies.com\/fi\/wp-json\/wp\/v2\/comments?post=5747"}],"wp:featuredmedia":[{"embeddable":true,"href":"https:\/\/gethowies.com\/fi\/wp-json\/wp\/v2\/media\/5748"}],"wp:attachment":[{"href":"https:\/\/gethowies.com\/fi\/wp-json\/wp\/v2\/media?parent=5747"}],"wp:term":[{"taxonomy":"product_brand","embeddable":true,"href":"https:\/\/gethowies.com\/fi\/wp-json\/wp\/v2\/product_brand?post=5747"},{"taxonomy":"product_cat","embeddable":true,"href":"https:\/\/gethowies.com\/fi\/wp-json\/wp\/v2\/product_cat?post=5747"},{"taxonomy":"product_tag","embeddable":true,"href":"https:\/\/gethowies.com\/fi\/wp-json\/wp\/v2\/product_tag?post=5747"}],"curies":[{"name":"wp","href":"https:\/\/api.w.org\/{rel}","templated":true}]}}