{"id":5751,"date":"2018-09-02T16:03:23","date_gmt":"2018-09-02T14:03:23","guid":{"rendered":"https:\/\/gethowies.com\/fi\/?post_type=product&#038;p=5751"},"modified":"2025-09-19T22:14:21","modified_gmt":"2025-09-19T20:14:21","slug":"hockey-skate-wipe","status":"publish","type":"product","link":"https:\/\/gethowies.com\/fi\/tuote\/hockey-skate-wipe\/","title":{"rendered":"Hockey Skate Wipe"},"content":{"rendered":"<p>Luistimet voivat olla t\u00e4rkein v\u00e4line jotka sinulla on, nyt on aika huolehtia niist\u00e4 oikealla tavalla. Skate Wipe on pehme\u00e4 s\u00e4\u00e4misk\u00e4nahkainen kangas joka on loistava lis\u00e4varuste huolehtimaan luistimien ter\u00e4st\u00e4. Kankaan luonnolliset \u00f6ljyt auttavat ehk\u00e4isem\u00e4\u00e4n ruosteen kertymist\u00e4 ter\u00e4\u00e4n puhdistamisen aikana.<\/p>\n<p>Kuivuttaa ja suojaa luistimen ter\u00e4\u00e4 ruosteelta, Skate Wipe on imukykyist\u00e4 aitoa nahkaa.<\/p>\n","protected":false},"excerpt":{"rendered":"<p>Luistimet voivat olla t\u00e4rkein v\u00e4line jotka sinulla on, nyt on aika huolehtia niist\u00e4 oikealla tavalla. Skate Wipe on pehme\u00e4 s\u00e4\u00e4misk\u00e4nahkainen kangas joka on loistava lis\u00e4varuste huolehtimaan luistimien ter\u00e4st\u00e4. Kankaan luonnolliset \u00f6ljyt auttavat ehk\u00e4isem\u00e4\u00e4n ruosteen kertymist\u00e4 ter\u00e4\u00e4n puhdistamisen aikana. Kuivuttaa ja suojaa luistimen ter\u00e4\u00e4 ruosteelta, Skate Wipe on imukykyist\u00e4 aitoa nahkaa.<\/p>\n","protected":false},"featured_media":5753,"comment_status":"open","ping_status":"closed","template":"","meta":{"inline_featured_image":false},"product_brand":[],"product_cat":[130],"product_tag":[],"class_list":{"0":"post-5751","1":"product","2":"type-product","3":"status-publish","4":"has-post-thumbnail","6":"product_cat-pyyhkeet","8":"first","9":"instock","10":"shipping-taxable","11":"purchasable","12":"product-type-simple"},"yoast_head":"<!-- This site is optimized with the Yoast SEO plugin v27.5 - https:\/\/yoast.com\/product\/yoast-seo-wordpress\/ -->\n<title>Hockey Skate Wipe - Howies Hockey Suomi<\/title>\n<meta name=\"robots\" content=\"index, follow, max-snippet:-1, max-image-preview:large, max-video-preview:-1\" \/>\n<link rel=\"canonical\" href=\"https:\/\/gethowies.com\/fi\/tuote\/hockey-skate-wipe\/\" \/>\n<meta property=\"og:locale\" content=\"fi_FI\" \/>\n<meta property=\"og:type\" content=\"article\" \/>\n<meta property=\"og:title\" content=\"Hockey Skate Wipe - Howies Hockey Suomi\" \/>\n<meta property=\"og:description\" content=\"Luistimet voivat olla t\u00e4rkein v\u00e4line jotka sinulla on, nyt on aika huolehtia niist\u00e4 oikealla tavalla. Skate Wipe on pehme\u00e4 s\u00e4\u00e4misk\u00e4nahkainen kangas joka on loistava lis\u00e4varuste huolehtimaan luistimien ter\u00e4st\u00e4. Kankaan luonnolliset \u00f6ljyt auttavat ehk\u00e4isem\u00e4\u00e4n ruosteen kertymist\u00e4 ter\u00e4\u00e4n puhdistamisen aikana. Kuivuttaa ja suojaa luistimen ter\u00e4\u00e4 ruosteelta, Skate Wipe on imukykyist\u00e4 aitoa nahkaa.\" \/>\n<meta property=\"og:url\" content=\"https:\/\/gethowies.com\/fi\/tuote\/hockey-skate-wipe\/\" \/>\n<meta property=\"og:site_name\" content=\"Howies Hockey Suomi\" \/>\n<meta property=\"article:modified_time\" content=\"2025-09-19T20:14:21+00:00\" \/>\n<meta property=\"og:image\" content=\"https:\/\/gethowies.com\/fi\/wp-content\/uploads\/sites\/5\/2018\/09\/hht_skate_wipe.jpg\" \/>\n\t<meta property=\"og:image:width\" content=\"1020\" \/>\n\t<meta property=\"og:image:height\" content=\"1020\" \/>\n\t<meta property=\"og:image:type\" content=\"image\/jpeg\" \/>\n<meta name=\"twitter:card\" content=\"summary_large_image\" \/>\n<script type=\"application\/ld+json\" class=\"yoast-schema-graph\">{\"@context\":\"https:\\\/\\\/schema.org\",\"@graph\":[{\"@type\":\"WebPage\",\"@id\":\"https:\\\/\\\/gethowies.com\\\/fi\\\/tuote\\\/hockey-skate-wipe\\\/\",\"url\":\"https:\\\/\\\/gethowies.com\\\/fi\\\/tuote\\\/hockey-skate-wipe\\\/\",\"name\":\"Hockey Skate Wipe - Howies Hockey Suomi\",\"isPartOf\":{\"@id\":\"https:\\\/\\\/gethowies.com\\\/fi\\\/#website\"},\"primaryImageOfPage\":{\"@id\":\"https:\\\/\\\/gethowies.com\\\/fi\\\/tuote\\\/hockey-skate-wipe\\\/#primaryimage\"},\"image\":{\"@id\":\"https:\\\/\\\/gethowies.com\\\/fi\\\/tuote\\\/hockey-skate-wipe\\\/#primaryimage\"},\"thumbnailUrl\":\"https:\\\/\\\/gethowies.com\\\/fi\\\/wp-content\\\/uploads\\\/sites\\\/5\\\/2018\\\/09\\\/hht_skate_wipe.jpg\",\"datePublished\":\"2018-09-02T14:03:23+00:00\",\"dateModified\":\"2025-09-19T20:14:21+00:00\",\"breadcrumb\":{\"@id\":\"https:\\\/\\\/gethowies.com\\\/fi\\\/tuote\\\/hockey-skate-wipe\\\/#breadcrumb\"},\"inLanguage\":\"fi\",\"potentialAction\":[{\"@type\":\"ReadAction\",\"target\":[\"https:\\\/\\\/gethowies.com\\\/fi\\\/tuote\\\/hockey-skate-wipe\\\/\"]}]},{\"@type\":\"ImageObject\",\"inLanguage\":\"fi\",\"@id\":\"https:\\\/\\\/gethowies.com\\\/fi\\\/tuote\\\/hockey-skate-wipe\\\/#primaryimage\",\"url\":\"https:\\\/\\\/gethowies.com\\\/fi\\\/wp-content\\\/uploads\\\/sites\\\/5\\\/2018\\\/09\\\/hht_skate_wipe.jpg\",\"contentUrl\":\"https:\\\/\\\/gethowies.com\\\/fi\\\/wp-content\\\/uploads\\\/sites\\\/5\\\/2018\\\/09\\\/hht_skate_wipe.jpg\",\"width\":1020,\"height\":1020},{\"@type\":\"BreadcrumbList\",\"@id\":\"https:\\\/\\\/gethowies.com\\\/fi\\\/tuote\\\/hockey-skate-wipe\\\/#breadcrumb\",\"itemListElement\":[{\"@type\":\"ListItem\",\"position\":1,\"name\":\"Hem\",\"item\":\"https:\\\/\\\/gethowies.com\\\/fi\\\/\"},{\"@type\":\"ListItem\",\"position\":2,\"name\":\"Shop\",\"item\":\"https:\\\/\\\/gethowies.com\\\/fi\\\/shop\\\/\"},{\"@type\":\"ListItem\",\"position\":3,\"name\":\"Hockey Skate Wipe\"}]},{\"@type\":\"WebSite\",\"@id\":\"https:\\\/\\\/gethowies.com\\\/fi\\\/#website\",\"url\":\"https:\\\/\\\/gethowies.com\\\/fi\\\/\",\"name\":\"Howies Hockey Suomi\",\"description\":\"\",\"potentialAction\":[{\"@type\":\"SearchAction\",\"target\":{\"@type\":\"EntryPoint\",\"urlTemplate\":\"https:\\\/\\\/gethowies.com\\\/fi\\\/?s={search_term_string}\"},\"query-input\":{\"@type\":\"PropertyValueSpecification\",\"valueRequired\":true,\"valueName\":\"search_term_string\"}}],\"inLanguage\":\"fi\"}]}<\/script>\n<!-- \/ Yoast SEO plugin. -->","yoast_head_json":{"title":"Hockey Skate Wipe - Howies Hockey Suomi","robots":{"index":"index","follow":"follow","max-snippet":"max-snippet:-1","max-image-preview":"max-image-preview:large","max-video-preview":"max-video-preview:-1"},"canonical":"https:\/\/gethowies.com\/fi\/tuote\/hockey-skate-wipe\/","og_locale":"fi_FI","og_type":"article","og_title":"Hockey Skate Wipe - Howies Hockey Suomi","og_description":"Luistimet voivat olla t\u00e4rkein v\u00e4line jotka sinulla on, nyt on aika huolehtia niist\u00e4 oikealla tavalla. Skate Wipe on pehme\u00e4 s\u00e4\u00e4misk\u00e4nahkainen kangas joka on loistava lis\u00e4varuste huolehtimaan luistimien ter\u00e4st\u00e4. Kankaan luonnolliset \u00f6ljyt auttavat ehk\u00e4isem\u00e4\u00e4n ruosteen kertymist\u00e4 ter\u00e4\u00e4n puhdistamisen aikana. Kuivuttaa ja suojaa luistimen ter\u00e4\u00e4 ruosteelta, Skate Wipe on imukykyist\u00e4 aitoa nahkaa.","og_url":"https:\/\/gethowies.com\/fi\/tuote\/hockey-skate-wipe\/","og_site_name":"Howies Hockey Suomi","article_modified_time":"2025-09-19T20:14:21+00:00","og_image":[{"width":1020,"height":1020,"url":"https:\/\/gethowies.com\/fi\/wp-content\/uploads\/sites\/5\/2018\/09\/hht_skate_wipe.jpg","type":"image\/jpeg"}],"twitter_card":"summary_large_image","schema":{"@context":"https:\/\/schema.org","@graph":[{"@type":"WebPage","@id":"https:\/\/gethowies.com\/fi\/tuote\/hockey-skate-wipe\/","url":"https:\/\/gethowies.com\/fi\/tuote\/hockey-skate-wipe\/","name":"Hockey Skate Wipe - Howies Hockey Suomi","isPartOf":{"@id":"https:\/\/gethowies.com\/fi\/#website"},"primaryImageOfPage":{"@id":"https:\/\/gethowies.com\/fi\/tuote\/hockey-skate-wipe\/#primaryimage"},"image":{"@id":"https:\/\/gethowies.com\/fi\/tuote\/hockey-skate-wipe\/#primaryimage"},"thumbnailUrl":"https:\/\/gethowies.com\/fi\/wp-content\/uploads\/sites\/5\/2018\/09\/hht_skate_wipe.jpg","datePublished":"2018-09-02T14:03:23+00:00","dateModified":"2025-09-19T20:14:21+00:00","breadcrumb":{"@id":"https:\/\/gethowies.com\/fi\/tuote\/hockey-skate-wipe\/#breadcrumb"},"inLanguage":"fi","potentialAction":[{"@type":"ReadAction","target":["https:\/\/gethowies.com\/fi\/tuote\/hockey-skate-wipe\/"]}]},{"@type":"ImageObject","inLanguage":"fi","@id":"https:\/\/gethowies.com\/fi\/tuote\/hockey-skate-wipe\/#primaryimage","url":"https:\/\/gethowies.com\/fi\/wp-content\/uploads\/sites\/5\/2018\/09\/hht_skate_wipe.jpg","contentUrl":"https:\/\/gethowies.com\/fi\/wp-content\/uploads\/sites\/5\/2018\/09\/hht_skate_wipe.jpg","width":1020,"height":1020},{"@type":"BreadcrumbList","@id":"https:\/\/gethowies.com\/fi\/tuote\/hockey-skate-wipe\/#breadcrumb","itemListElement":[{"@type":"ListItem","position":1,"name":"Hem","item":"https:\/\/gethowies.com\/fi\/"},{"@type":"ListItem","position":2,"name":"Shop","item":"https:\/\/gethowies.com\/fi\/shop\/"},{"@type":"ListItem","position":3,"name":"Hockey Skate Wipe"}]},{"@type":"WebSite","@id":"https:\/\/gethowies.com\/fi\/#website","url":"https:\/\/gethowies.com\/fi\/","name":"Howies Hockey Suomi","description":"","potentialAction":[{"@type":"SearchAction","target":{"@type":"EntryPoint","urlTemplate":"https:\/\/gethowies.com\/fi\/?s={search_term_string}"},"query-input":{"@type":"PropertyValueSpecification","valueRequired":true,"valueName":"search_term_string"}}],"inLanguage":"fi"}]}},"_links":{"self":[{"href":"https:\/\/gethowies.com\/fi\/wp-json\/wp\/v2\/product\/5751","targetHints":{"allow":["GET"]}}],"collection":[{"href":"https:\/\/gethowies.com\/fi\/wp-json\/wp\/v2\/product"}],"about":[{"href":"https:\/\/gethowies.com\/fi\/wp-json\/wp\/v2\/types\/product"}],"replies":[{"embeddable":true,"href":"https:\/\/gethowies.com\/fi\/wp-json\/wp\/v2\/comments?post=5751"}],"wp:featuredmedia":[{"embeddable":true,"href":"https:\/\/gethowies.com\/fi\/wp-json\/wp\/v2\/media\/5753"}],"wp:attachment":[{"href":"https:\/\/gethowies.com\/fi\/wp-json\/wp\/v2\/media?parent=5751"}],"wp:term":[{"taxonomy":"product_brand","embeddable":true,"href":"https:\/\/gethowies.com\/fi\/wp-json\/wp\/v2\/product_brand?post=5751"},{"taxonomy":"product_cat","embeddable":true,"href":"https:\/\/gethowies.com\/fi\/wp-json\/wp\/v2\/product_cat?post=5751"},{"taxonomy":"product_tag","embeddable":true,"href":"https:\/\/gethowies.com\/fi\/wp-json\/wp\/v2\/product_tag?post=5751"}],"curies":[{"name":"wp","href":"https:\/\/api.w.org\/{rel}","templated":true}]}}