{"id":5842,"date":"2023-03-02T00:45:46","date_gmt":"2023-03-01T23:45:46","guid":{"rendered":"https:\/\/gethowies.com\/fi\/?post_type=product&#038;p=5842"},"modified":"2024-11-28T20:48:53","modified_gmt":"2024-11-28T19:48:53","slug":"howies-gauze-grippi-vihrea","status":"publish","type":"product","link":"https:\/\/gethowies.com\/fi\/tuote\/howies-gauze-grippi-vihrea\/","title":{"rendered":"Howies Gauze Grippi Vihre\u00e4"},"content":{"rendered":"<p>Venym\u00e4t\u00f6n grippiteippi on eritt\u00e4in ohut ja kevyt teippi, alunperin suunniteltu ammattilaispelaajille. Teipin eritt\u00e4in tahmea verkko takaa tiukan otteen mailasta.<\/p>\n<ul>\n<li>Sideharsomainen grippi<\/li>\n<li>Venym\u00e4t\u00f6n<\/li>\n<li>Tahmea pinta mahdollistaa hyv\u00e4n otteen mailasta<\/li>\n<li>Saatavilla eri v\u00e4reiss\u00e4<\/li>\n<li>Pro-pelaajien suosima<\/li>\n<\/ul>\n<p>\u00a0<\/p>\n","protected":false},"excerpt":{"rendered":"<p>Venym\u00e4t\u00f6n grippiteippi on eritt\u00e4in ohut ja kevyt teippi, alunperin suunniteltu ammattilaispelaajille. Teipin eritt\u00e4in tahmea verkko takaa tiukan otteen mailasta. Sideharsomainen grippi Venym\u00e4t\u00f6n Tahmea pinta mahdollistaa hyv\u00e4n otteen mailasta Saatavilla eri v\u00e4reiss\u00e4 Pro-pelaajien suosima \u00a0<\/p>\n","protected":false},"featured_media":5843,"comment_status":"closed","ping_status":"closed","template":"","meta":{"inline_featured_image":false},"product_brand":[],"product_cat":[91,90],"product_tag":[],"class_list":{"0":"post-5842","1":"product","2":"type-product","3":"status-publish","4":"has-post-thumbnail","6":"product_cat-gauze-grippi","7":"product_cat-gripit","9":"first","10":"instock","11":"shipping-taxable","12":"purchasable","13":"product-type-simple"},"yoast_head":"<!-- This site is optimized with the Yoast SEO plugin v27.4 - https:\/\/yoast.com\/product\/yoast-seo-wordpress\/ -->\n<title>Howies Gauze Grippi Vihre\u00e4 - Howies Hockey Suomi<\/title>\n<meta name=\"robots\" content=\"index, follow, max-snippet:-1, max-image-preview:large, max-video-preview:-1\" \/>\n<link rel=\"canonical\" href=\"https:\/\/gethowies.com\/fi\/tuote\/howies-gauze-grippi-vihrea\/\" \/>\n<meta property=\"og:locale\" content=\"fi_FI\" \/>\n<meta property=\"og:type\" content=\"article\" \/>\n<meta property=\"og:title\" content=\"Howies Gauze Grippi Vihre\u00e4 - Howies Hockey Suomi\" \/>\n<meta property=\"og:description\" content=\"Venym\u00e4t\u00f6n grippiteippi on eritt\u00e4in ohut ja kevyt teippi, alunperin suunniteltu ammattilaispelaajille. Teipin eritt\u00e4in tahmea verkko takaa tiukan otteen mailasta. Sideharsomainen grippi Venym\u00e4t\u00f6n Tahmea pinta mahdollistaa hyv\u00e4n otteen mailasta Saatavilla eri v\u00e4reiss\u00e4 Pro-pelaajien suosima \u00a0\" \/>\n<meta property=\"og:url\" content=\"https:\/\/gethowies.com\/fi\/tuote\/howies-gauze-grippi-vihrea\/\" \/>\n<meta property=\"og:site_name\" content=\"Howies Hockey Suomi\" \/>\n<meta property=\"article:modified_time\" content=\"2024-11-28T19:48:53+00:00\" \/>\n<meta property=\"og:image\" content=\"https:\/\/gethowies.com\/fi\/wp-content\/uploads\/sites\/5\/2023\/03\/hht-gauze-green.jpg\" \/>\n\t<meta property=\"og:image:width\" content=\"800\" \/>\n\t<meta property=\"og:image:height\" content=\"800\" \/>\n\t<meta property=\"og:image:type\" content=\"image\/jpeg\" \/>\n<meta name=\"twitter:card\" content=\"summary_large_image\" \/>\n<script type=\"application\/ld+json\" class=\"yoast-schema-graph\">{\"@context\":\"https:\\\/\\\/schema.org\",\"@graph\":[{\"@type\":\"WebPage\",\"@id\":\"https:\\\/\\\/gethowies.com\\\/fi\\\/tuote\\\/howies-gauze-grippi-vihrea\\\/\",\"url\":\"https:\\\/\\\/gethowies.com\\\/fi\\\/tuote\\\/howies-gauze-grippi-vihrea\\\/\",\"name\":\"Howies Gauze Grippi Vihre\u00e4 - Howies Hockey Suomi\",\"isPartOf\":{\"@id\":\"https:\\\/\\\/gethowies.com\\\/fi\\\/#website\"},\"primaryImageOfPage\":{\"@id\":\"https:\\\/\\\/gethowies.com\\\/fi\\\/tuote\\\/howies-gauze-grippi-vihrea\\\/#primaryimage\"},\"image\":{\"@id\":\"https:\\\/\\\/gethowies.com\\\/fi\\\/tuote\\\/howies-gauze-grippi-vihrea\\\/#primaryimage\"},\"thumbnailUrl\":\"https:\\\/\\\/gethowies.com\\\/fi\\\/wp-content\\\/uploads\\\/sites\\\/5\\\/2023\\\/03\\\/hht-gauze-green.jpg\",\"datePublished\":\"2023-03-01T23:45:46+00:00\",\"dateModified\":\"2024-11-28T19:48:53+00:00\",\"breadcrumb\":{\"@id\":\"https:\\\/\\\/gethowies.com\\\/fi\\\/tuote\\\/howies-gauze-grippi-vihrea\\\/#breadcrumb\"},\"inLanguage\":\"fi\",\"potentialAction\":[{\"@type\":\"ReadAction\",\"target\":[\"https:\\\/\\\/gethowies.com\\\/fi\\\/tuote\\\/howies-gauze-grippi-vihrea\\\/\"]}]},{\"@type\":\"ImageObject\",\"inLanguage\":\"fi\",\"@id\":\"https:\\\/\\\/gethowies.com\\\/fi\\\/tuote\\\/howies-gauze-grippi-vihrea\\\/#primaryimage\",\"url\":\"https:\\\/\\\/gethowies.com\\\/fi\\\/wp-content\\\/uploads\\\/sites\\\/5\\\/2023\\\/03\\\/hht-gauze-green.jpg\",\"contentUrl\":\"https:\\\/\\\/gethowies.com\\\/fi\\\/wp-content\\\/uploads\\\/sites\\\/5\\\/2023\\\/03\\\/hht-gauze-green.jpg\",\"width\":800,\"height\":800},{\"@type\":\"BreadcrumbList\",\"@id\":\"https:\\\/\\\/gethowies.com\\\/fi\\\/tuote\\\/howies-gauze-grippi-vihrea\\\/#breadcrumb\",\"itemListElement\":[{\"@type\":\"ListItem\",\"position\":1,\"name\":\"Hem\",\"item\":\"https:\\\/\\\/gethowies.com\\\/fi\\\/\"},{\"@type\":\"ListItem\",\"position\":2,\"name\":\"Shop\",\"item\":\"https:\\\/\\\/gethowies.com\\\/fi\\\/shop\\\/\"},{\"@type\":\"ListItem\",\"position\":3,\"name\":\"Howies Gauze Grippi Vihre\u00e4\"}]},{\"@type\":\"WebSite\",\"@id\":\"https:\\\/\\\/gethowies.com\\\/fi\\\/#website\",\"url\":\"https:\\\/\\\/gethowies.com\\\/fi\\\/\",\"name\":\"Howies Hockey Suomi\",\"description\":\"\",\"potentialAction\":[{\"@type\":\"SearchAction\",\"target\":{\"@type\":\"EntryPoint\",\"urlTemplate\":\"https:\\\/\\\/gethowies.com\\\/fi\\\/?s={search_term_string}\"},\"query-input\":{\"@type\":\"PropertyValueSpecification\",\"valueRequired\":true,\"valueName\":\"search_term_string\"}}],\"inLanguage\":\"fi\"}]}<\/script>\n<!-- \/ Yoast SEO plugin. -->","yoast_head_json":{"title":"Howies Gauze Grippi Vihre\u00e4 - Howies Hockey Suomi","robots":{"index":"index","follow":"follow","max-snippet":"max-snippet:-1","max-image-preview":"max-image-preview:large","max-video-preview":"max-video-preview:-1"},"canonical":"https:\/\/gethowies.com\/fi\/tuote\/howies-gauze-grippi-vihrea\/","og_locale":"fi_FI","og_type":"article","og_title":"Howies Gauze Grippi Vihre\u00e4 - Howies Hockey Suomi","og_description":"Venym\u00e4t\u00f6n grippiteippi on eritt\u00e4in ohut ja kevyt teippi, alunperin suunniteltu ammattilaispelaajille. Teipin eritt\u00e4in tahmea verkko takaa tiukan otteen mailasta. Sideharsomainen grippi Venym\u00e4t\u00f6n Tahmea pinta mahdollistaa hyv\u00e4n otteen mailasta Saatavilla eri v\u00e4reiss\u00e4 Pro-pelaajien suosima \u00a0","og_url":"https:\/\/gethowies.com\/fi\/tuote\/howies-gauze-grippi-vihrea\/","og_site_name":"Howies Hockey Suomi","article_modified_time":"2024-11-28T19:48:53+00:00","og_image":[{"width":800,"height":800,"url":"https:\/\/gethowies.com\/fi\/wp-content\/uploads\/sites\/5\/2023\/03\/hht-gauze-green.jpg","type":"image\/jpeg"}],"twitter_card":"summary_large_image","schema":{"@context":"https:\/\/schema.org","@graph":[{"@type":"WebPage","@id":"https:\/\/gethowies.com\/fi\/tuote\/howies-gauze-grippi-vihrea\/","url":"https:\/\/gethowies.com\/fi\/tuote\/howies-gauze-grippi-vihrea\/","name":"Howies Gauze Grippi Vihre\u00e4 - Howies Hockey Suomi","isPartOf":{"@id":"https:\/\/gethowies.com\/fi\/#website"},"primaryImageOfPage":{"@id":"https:\/\/gethowies.com\/fi\/tuote\/howies-gauze-grippi-vihrea\/#primaryimage"},"image":{"@id":"https:\/\/gethowies.com\/fi\/tuote\/howies-gauze-grippi-vihrea\/#primaryimage"},"thumbnailUrl":"https:\/\/gethowies.com\/fi\/wp-content\/uploads\/sites\/5\/2023\/03\/hht-gauze-green.jpg","datePublished":"2023-03-01T23:45:46+00:00","dateModified":"2024-11-28T19:48:53+00:00","breadcrumb":{"@id":"https:\/\/gethowies.com\/fi\/tuote\/howies-gauze-grippi-vihrea\/#breadcrumb"},"inLanguage":"fi","potentialAction":[{"@type":"ReadAction","target":["https:\/\/gethowies.com\/fi\/tuote\/howies-gauze-grippi-vihrea\/"]}]},{"@type":"ImageObject","inLanguage":"fi","@id":"https:\/\/gethowies.com\/fi\/tuote\/howies-gauze-grippi-vihrea\/#primaryimage","url":"https:\/\/gethowies.com\/fi\/wp-content\/uploads\/sites\/5\/2023\/03\/hht-gauze-green.jpg","contentUrl":"https:\/\/gethowies.com\/fi\/wp-content\/uploads\/sites\/5\/2023\/03\/hht-gauze-green.jpg","width":800,"height":800},{"@type":"BreadcrumbList","@id":"https:\/\/gethowies.com\/fi\/tuote\/howies-gauze-grippi-vihrea\/#breadcrumb","itemListElement":[{"@type":"ListItem","position":1,"name":"Hem","item":"https:\/\/gethowies.com\/fi\/"},{"@type":"ListItem","position":2,"name":"Shop","item":"https:\/\/gethowies.com\/fi\/shop\/"},{"@type":"ListItem","position":3,"name":"Howies Gauze Grippi Vihre\u00e4"}]},{"@type":"WebSite","@id":"https:\/\/gethowies.com\/fi\/#website","url":"https:\/\/gethowies.com\/fi\/","name":"Howies Hockey Suomi","description":"","potentialAction":[{"@type":"SearchAction","target":{"@type":"EntryPoint","urlTemplate":"https:\/\/gethowies.com\/fi\/?s={search_term_string}"},"query-input":{"@type":"PropertyValueSpecification","valueRequired":true,"valueName":"search_term_string"}}],"inLanguage":"fi"}]}},"_links":{"self":[{"href":"https:\/\/gethowies.com\/fi\/wp-json\/wp\/v2\/product\/5842","targetHints":{"allow":["GET"]}}],"collection":[{"href":"https:\/\/gethowies.com\/fi\/wp-json\/wp\/v2\/product"}],"about":[{"href":"https:\/\/gethowies.com\/fi\/wp-json\/wp\/v2\/types\/product"}],"replies":[{"embeddable":true,"href":"https:\/\/gethowies.com\/fi\/wp-json\/wp\/v2\/comments?post=5842"}],"wp:featuredmedia":[{"embeddable":true,"href":"https:\/\/gethowies.com\/fi\/wp-json\/wp\/v2\/media\/5843"}],"wp:attachment":[{"href":"https:\/\/gethowies.com\/fi\/wp-json\/wp\/v2\/media?parent=5842"}],"wp:term":[{"taxonomy":"product_brand","embeddable":true,"href":"https:\/\/gethowies.com\/fi\/wp-json\/wp\/v2\/product_brand?post=5842"},{"taxonomy":"product_cat","embeddable":true,"href":"https:\/\/gethowies.com\/fi\/wp-json\/wp\/v2\/product_cat?post=5842"},{"taxonomy":"product_tag","embeddable":true,"href":"https:\/\/gethowies.com\/fi\/wp-json\/wp\/v2\/product_tag?post=5842"}],"curies":[{"name":"wp","href":"https:\/\/api.w.org\/{rel}","templated":true}]}}