{"id":829,"date":"2017-03-13T19:47:43","date_gmt":"2017-03-13T19:47:43","guid":{"rendered":"http:\/\/www.howieshockeytape.fi\/produkt\/howies-tape-tin-3-rullar\/"},"modified":"2017-03-13T19:47:43","modified_gmt":"2017-03-13T19:47:43","slug":"howies-tape-tin-3-rullaa","status":"publish","type":"product","link":"https:\/\/gethowies.com\/fi\/tuote\/howies-tape-tin-3-rullaa\/","title":{"rendered":"Howies Tape Tin (3 rullaa)"},"content":{"rendered":"<p>Hockey players will never agree on the best way to tape a twig. Heel to toe or toe to heel? Black or white? Thick or thin? One thing everbody agrees on \u2013 there is nothing better than a fresh roll of hockey tape. We designed the Tape Tin to protect your tape from life in the hockey bag. Holding up to three rolls, the Howies Tape Tin guards your tape from dents, bruises, and dirt buildup \u2013 so your Howies tape stays fresh and applies perfectly \u2013 no matter how you tape your stick<\/p>\n<p>\u2022  Holds 3 rolls<br \/>\n\u200c\u2022  Prevents dents, bruises, &amp; dirt buildup<br \/>\n\u200c\u2022  Locate tape quickly in hockey bag<br \/>\n\u200c\u2022  Keeps tape fresh<\/p>\n","protected":false},"excerpt":{"rendered":"<p>Howies Erkka purkki. Purkkiin mahtuu kolme rullaa erkkaa tai teippi\u00e4. Helposti l\u00f6ydett\u00e4viss\u00e4 j\u00e4\u00e4kiekkokassista. Pit\u00e4\u00e4 teipit ja erkat hyv\u00e4n\u00e4.<\/p>\n","protected":false},"featured_media":5076,"comment_status":"closed","ping_status":"closed","template":"","meta":{"inline_featured_image":false},"product_brand":[],"product_cat":[97],"product_tag":[],"class_list":{"0":"post-829","1":"product","2":"type-product","3":"status-publish","4":"has-post-thumbnail","6":"product_cat-tape-tin","8":"first","9":"instock","10":"shipping-taxable","11":"purchasable","12":"product-type-variable"},"yoast_head":"<!-- This site is optimized with the Yoast SEO plugin v27.4 - https:\/\/yoast.com\/product\/yoast-seo-wordpress\/ -->\n<title>Howies Tape Tin (3 rullaa) - Howies Hockey Suomi<\/title>\n<meta name=\"robots\" content=\"index, follow, max-snippet:-1, max-image-preview:large, max-video-preview:-1\" \/>\n<link rel=\"canonical\" href=\"https:\/\/gethowies.com\/fi\/tuote\/howies-tape-tin-3-rullaa\/\" \/>\n<meta property=\"og:locale\" content=\"fi_FI\" \/>\n<meta property=\"og:type\" content=\"article\" \/>\n<meta property=\"og:title\" content=\"Howies Tape Tin (3 rullaa) - Howies Hockey Suomi\" \/>\n<meta property=\"og:description\" content=\"Howies Erkka purkki. Purkkiin mahtuu kolme rullaa erkkaa tai teippi\u00e4. Helposti l\u00f6ydett\u00e4viss\u00e4 j\u00e4\u00e4kiekkokassista. Pit\u00e4\u00e4 teipit ja erkat hyv\u00e4n\u00e4.\" \/>\n<meta property=\"og:url\" content=\"https:\/\/gethowies.com\/fi\/tuote\/howies-tape-tin-3-rullaa\/\" \/>\n<meta property=\"og:site_name\" content=\"Howies Hockey Suomi\" \/>\n<meta property=\"og:image\" content=\"https:\/\/gethowies.com\/fi\/wp-content\/uploads\/sites\/5\/2017\/03\/tapetin.jpg\" \/>\n\t<meta property=\"og:image:width\" content=\"500\" \/>\n\t<meta property=\"og:image:height\" content=\"500\" \/>\n\t<meta property=\"og:image:type\" content=\"image\/jpeg\" \/>\n<meta name=\"twitter:card\" content=\"summary_large_image\" \/>\n<meta name=\"twitter:label1\" content=\"Arvioitu lukuaika\" \/>\n\t<meta name=\"twitter:data1\" content=\"1 minuutti\" \/>\n<script type=\"application\/ld+json\" class=\"yoast-schema-graph\">{\"@context\":\"https:\\\/\\\/schema.org\",\"@graph\":[{\"@type\":\"WebPage\",\"@id\":\"https:\\\/\\\/gethowies.com\\\/fi\\\/tuote\\\/howies-tape-tin-3-rullaa\\\/\",\"url\":\"https:\\\/\\\/gethowies.com\\\/fi\\\/tuote\\\/howies-tape-tin-3-rullaa\\\/\",\"name\":\"Howies Tape Tin (3 rullaa) - Howies Hockey Suomi\",\"isPartOf\":{\"@id\":\"https:\\\/\\\/gethowies.com\\\/fi\\\/#website\"},\"primaryImageOfPage\":{\"@id\":\"https:\\\/\\\/gethowies.com\\\/fi\\\/tuote\\\/howies-tape-tin-3-rullaa\\\/#primaryimage\"},\"image\":{\"@id\":\"https:\\\/\\\/gethowies.com\\\/fi\\\/tuote\\\/howies-tape-tin-3-rullaa\\\/#primaryimage\"},\"thumbnailUrl\":\"https:\\\/\\\/gethowies.com\\\/fi\\\/wp-content\\\/uploads\\\/sites\\\/5\\\/2017\\\/03\\\/tapetin.jpg\",\"datePublished\":\"2017-03-13T19:47:43+00:00\",\"breadcrumb\":{\"@id\":\"https:\\\/\\\/gethowies.com\\\/fi\\\/tuote\\\/howies-tape-tin-3-rullaa\\\/#breadcrumb\"},\"inLanguage\":\"fi\",\"potentialAction\":[{\"@type\":\"ReadAction\",\"target\":[\"https:\\\/\\\/gethowies.com\\\/fi\\\/tuote\\\/howies-tape-tin-3-rullaa\\\/\"]}]},{\"@type\":\"ImageObject\",\"inLanguage\":\"fi\",\"@id\":\"https:\\\/\\\/gethowies.com\\\/fi\\\/tuote\\\/howies-tape-tin-3-rullaa\\\/#primaryimage\",\"url\":\"https:\\\/\\\/gethowies.com\\\/fi\\\/wp-content\\\/uploads\\\/sites\\\/5\\\/2017\\\/03\\\/tapetin.jpg\",\"contentUrl\":\"https:\\\/\\\/gethowies.com\\\/fi\\\/wp-content\\\/uploads\\\/sites\\\/5\\\/2017\\\/03\\\/tapetin.jpg\",\"width\":500,\"height\":500,\"caption\":\"Howies Tejp Tin\"},{\"@type\":\"BreadcrumbList\",\"@id\":\"https:\\\/\\\/gethowies.com\\\/fi\\\/tuote\\\/howies-tape-tin-3-rullaa\\\/#breadcrumb\",\"itemListElement\":[{\"@type\":\"ListItem\",\"position\":1,\"name\":\"Hem\",\"item\":\"https:\\\/\\\/gethowies.com\\\/fi\\\/\"},{\"@type\":\"ListItem\",\"position\":2,\"name\":\"Shop\",\"item\":\"https:\\\/\\\/gethowies.com\\\/fi\\\/shop\\\/\"},{\"@type\":\"ListItem\",\"position\":3,\"name\":\"Howies Tape Tin (3 rullaa)\"}]},{\"@type\":\"WebSite\",\"@id\":\"https:\\\/\\\/gethowies.com\\\/fi\\\/#website\",\"url\":\"https:\\\/\\\/gethowies.com\\\/fi\\\/\",\"name\":\"Howies Hockey Suomi\",\"description\":\"\",\"potentialAction\":[{\"@type\":\"SearchAction\",\"target\":{\"@type\":\"EntryPoint\",\"urlTemplate\":\"https:\\\/\\\/gethowies.com\\\/fi\\\/?s={search_term_string}\"},\"query-input\":{\"@type\":\"PropertyValueSpecification\",\"valueRequired\":true,\"valueName\":\"search_term_string\"}}],\"inLanguage\":\"fi\"}]}<\/script>\n<!-- \/ Yoast SEO plugin. -->","yoast_head_json":{"title":"Howies Tape Tin (3 rullaa) - Howies Hockey Suomi","robots":{"index":"index","follow":"follow","max-snippet":"max-snippet:-1","max-image-preview":"max-image-preview:large","max-video-preview":"max-video-preview:-1"},"canonical":"https:\/\/gethowies.com\/fi\/tuote\/howies-tape-tin-3-rullaa\/","og_locale":"fi_FI","og_type":"article","og_title":"Howies Tape Tin (3 rullaa) - Howies Hockey Suomi","og_description":"Howies Erkka purkki. Purkkiin mahtuu kolme rullaa erkkaa tai teippi\u00e4. Helposti l\u00f6ydett\u00e4viss\u00e4 j\u00e4\u00e4kiekkokassista. Pit\u00e4\u00e4 teipit ja erkat hyv\u00e4n\u00e4.","og_url":"https:\/\/gethowies.com\/fi\/tuote\/howies-tape-tin-3-rullaa\/","og_site_name":"Howies Hockey Suomi","og_image":[{"width":500,"height":500,"url":"https:\/\/gethowies.com\/fi\/wp-content\/uploads\/sites\/5\/2017\/03\/tapetin.jpg","type":"image\/jpeg"}],"twitter_card":"summary_large_image","twitter_misc":{"Arvioitu lukuaika":"1 minuutti"},"schema":{"@context":"https:\/\/schema.org","@graph":[{"@type":"WebPage","@id":"https:\/\/gethowies.com\/fi\/tuote\/howies-tape-tin-3-rullaa\/","url":"https:\/\/gethowies.com\/fi\/tuote\/howies-tape-tin-3-rullaa\/","name":"Howies Tape Tin (3 rullaa) - Howies Hockey Suomi","isPartOf":{"@id":"https:\/\/gethowies.com\/fi\/#website"},"primaryImageOfPage":{"@id":"https:\/\/gethowies.com\/fi\/tuote\/howies-tape-tin-3-rullaa\/#primaryimage"},"image":{"@id":"https:\/\/gethowies.com\/fi\/tuote\/howies-tape-tin-3-rullaa\/#primaryimage"},"thumbnailUrl":"https:\/\/gethowies.com\/fi\/wp-content\/uploads\/sites\/5\/2017\/03\/tapetin.jpg","datePublished":"2017-03-13T19:47:43+00:00","breadcrumb":{"@id":"https:\/\/gethowies.com\/fi\/tuote\/howies-tape-tin-3-rullaa\/#breadcrumb"},"inLanguage":"fi","potentialAction":[{"@type":"ReadAction","target":["https:\/\/gethowies.com\/fi\/tuote\/howies-tape-tin-3-rullaa\/"]}]},{"@type":"ImageObject","inLanguage":"fi","@id":"https:\/\/gethowies.com\/fi\/tuote\/howies-tape-tin-3-rullaa\/#primaryimage","url":"https:\/\/gethowies.com\/fi\/wp-content\/uploads\/sites\/5\/2017\/03\/tapetin.jpg","contentUrl":"https:\/\/gethowies.com\/fi\/wp-content\/uploads\/sites\/5\/2017\/03\/tapetin.jpg","width":500,"height":500,"caption":"Howies Tejp Tin"},{"@type":"BreadcrumbList","@id":"https:\/\/gethowies.com\/fi\/tuote\/howies-tape-tin-3-rullaa\/#breadcrumb","itemListElement":[{"@type":"ListItem","position":1,"name":"Hem","item":"https:\/\/gethowies.com\/fi\/"},{"@type":"ListItem","position":2,"name":"Shop","item":"https:\/\/gethowies.com\/fi\/shop\/"},{"@type":"ListItem","position":3,"name":"Howies Tape Tin (3 rullaa)"}]},{"@type":"WebSite","@id":"https:\/\/gethowies.com\/fi\/#website","url":"https:\/\/gethowies.com\/fi\/","name":"Howies Hockey Suomi","description":"","potentialAction":[{"@type":"SearchAction","target":{"@type":"EntryPoint","urlTemplate":"https:\/\/gethowies.com\/fi\/?s={search_term_string}"},"query-input":{"@type":"PropertyValueSpecification","valueRequired":true,"valueName":"search_term_string"}}],"inLanguage":"fi"}]}},"_links":{"self":[{"href":"https:\/\/gethowies.com\/fi\/wp-json\/wp\/v2\/product\/829","targetHints":{"allow":["GET"]}}],"collection":[{"href":"https:\/\/gethowies.com\/fi\/wp-json\/wp\/v2\/product"}],"about":[{"href":"https:\/\/gethowies.com\/fi\/wp-json\/wp\/v2\/types\/product"}],"replies":[{"embeddable":true,"href":"https:\/\/gethowies.com\/fi\/wp-json\/wp\/v2\/comments?post=829"}],"wp:featuredmedia":[{"embeddable":true,"href":"https:\/\/gethowies.com\/fi\/wp-json\/wp\/v2\/media\/5076"}],"wp:attachment":[{"href":"https:\/\/gethowies.com\/fi\/wp-json\/wp\/v2\/media?parent=829"}],"wp:term":[{"taxonomy":"product_brand","embeddable":true,"href":"https:\/\/gethowies.com\/fi\/wp-json\/wp\/v2\/product_brand?post=829"},{"taxonomy":"product_cat","embeddable":true,"href":"https:\/\/gethowies.com\/fi\/wp-json\/wp\/v2\/product_cat?post=829"},{"taxonomy":"product_tag","embeddable":true,"href":"https:\/\/gethowies.com\/fi\/wp-json\/wp\/v2\/product_tag?post=829"}],"curies":[{"name":"wp","href":"https:\/\/api.w.org\/{rel}","templated":true}]}}