{"id":841,"date":"2017-11-22T12:36:28","date_gmt":"2017-11-22T11:36:28","guid":{"rendered":"http:\/\/www.howieshockeytape.fi\/?post_type=product&#038;p=841"},"modified":"2023-02-11T23:33:34","modified_gmt":"2023-02-11T22:33:34","slug":"howies-reunahiomakivi","status":"publish","type":"product","link":"https:\/\/gethowies.com\/fi\/tuote\/howies-reunahiomakivi\/","title":{"rendered":"Howies Reunahiomakivi"},"content":{"rendered":"<p><span style=\"font-weight: 400\">Varusteiden huoltaminen on t\u00e4rke\u00e4t\u00e4 ja joskus sinun on teht\u00e4v\u00e4 se itse. Howies teroituskivi on tehty pienten vaurioiden korjaamiseen ja ter\u00e4n viimeistelyyn. T\u00e4ydellinen ty\u00f6kalu luistimien teroitusten v\u00e4lill\u00e4 tai kun huomaat, ett\u00e4 astuit luistimilla johonkin mihin sinun ei olisi pit\u00e4nyt, Howies Hockey reunahiomakiven avulla korjaat pienet vauriot ilman t\u00e4ysivaltaista luistimen teroittamista.<\/span><\/p>\n<ul>\n<li><span style=\"font-weight: 400\"> Sis\u00e4lt\u00e4\u00e4 korkealaatuista piikarbidia<\/span><\/li>\n<li><span style=\"font-weight: 400\"> Nopea leikkaustoiminto<\/span><\/li>\n<li><span style=\"font-weight: 400\"> K\u00e4ytt\u00e4\u00e4 alan johtavaa lasitettua sideteknologiaa<\/span><\/li>\n<li><span style=\"font-weight: 400\"> Korjaa v\u00e4h\u00e4iset vauriot ja viimeistelee ter\u00e4n ter\u00e4v\u00e4ksi<\/span><\/li>\n<\/ul>\n","protected":false},"excerpt":{"rendered":"<p>Varusteiden huoltaminen on t\u00e4rke\u00e4t\u00e4 ja joskus sinun on teht\u00e4v\u00e4 se itse. Howies teroituskivi on tehty pienten vaurioiden korjaamiseen ja ter\u00e4n viimeistelyyn. T\u00e4ydellinen ty\u00f6kalu luistimien teroitusten v\u00e4lill\u00e4 tai kun huomaat, ett\u00e4 astuit luistimilla johonkin mihin sinun ei olisi pit\u00e4nyt, Howies Hockey reunahiomakiven avulla korjaat pienet vauriot ilman t\u00e4ysivaltaista luistimen teroittamista. Sis\u00e4lt\u00e4\u00e4 korkealaatuista piikarbidia Nopea leikkaustoiminto K\u00e4ytt\u00e4\u00e4 [&#8230;]\n","protected":false},"featured_media":4320,"comment_status":"closed","ping_status":"closed","template":"","meta":{"inline_featured_image":false},"product_brand":[],"product_cat":[111],"product_tag":[],"class_list":{"0":"post-841","1":"product","2":"type-product","3":"status-publish","4":"has-post-thumbnail","6":"product_cat-teroitustarvikkeet","8":"first","9":"instock","10":"shipping-taxable","11":"purchasable","12":"product-type-simple"},"yoast_head":"<!-- This site is optimized with the Yoast SEO plugin v27.5 - https:\/\/yoast.com\/product\/yoast-seo-wordpress\/ -->\n<title>Howies Reunahiomakivi - Howies Hockey Suomi<\/title>\n<meta name=\"robots\" content=\"index, follow, max-snippet:-1, max-image-preview:large, max-video-preview:-1\" \/>\n<link rel=\"canonical\" href=\"https:\/\/gethowies.com\/fi\/tuote\/howies-reunahiomakivi\/\" \/>\n<meta property=\"og:locale\" content=\"fi_FI\" \/>\n<meta property=\"og:type\" content=\"article\" \/>\n<meta property=\"og:title\" content=\"Howies Reunahiomakivi - Howies Hockey Suomi\" \/>\n<meta property=\"og:description\" content=\"Varusteiden huoltaminen on t\u00e4rke\u00e4t\u00e4 ja joskus sinun on teht\u00e4v\u00e4 se itse. Howies teroituskivi on tehty pienten vaurioiden korjaamiseen ja ter\u00e4n viimeistelyyn. T\u00e4ydellinen ty\u00f6kalu luistimien teroitusten v\u00e4lill\u00e4 tai kun huomaat, ett\u00e4 astuit luistimilla johonkin mihin sinun ei olisi pit\u00e4nyt, Howies Hockey reunahiomakiven avulla korjaat pienet vauriot ilman t\u00e4ysivaltaista luistimen teroittamista. Sis\u00e4lt\u00e4\u00e4 korkealaatuista piikarbidia Nopea leikkaustoiminto K\u00e4ytt\u00e4\u00e4 [...]\" \/>\n<meta property=\"og:url\" content=\"https:\/\/gethowies.com\/fi\/tuote\/howies-reunahiomakivi\/\" \/>\n<meta property=\"og:site_name\" content=\"Howies Hockey Suomi\" \/>\n<meta property=\"article:modified_time\" content=\"2023-02-11T22:33:34+00:00\" \/>\n<meta property=\"og:image\" content=\"https:\/\/gethowies.com\/fi\/wp-content\/uploads\/sites\/5\/2017\/03\/hht_bryne.jpg\" \/>\n\t<meta property=\"og:image:width\" content=\"1020\" \/>\n\t<meta property=\"og:image:height\" content=\"1020\" \/>\n\t<meta property=\"og:image:type\" content=\"image\/jpeg\" \/>\n<meta name=\"twitter:card\" content=\"summary_large_image\" \/>\n<script type=\"application\/ld+json\" class=\"yoast-schema-graph\">{\"@context\":\"https:\\\/\\\/schema.org\",\"@graph\":[{\"@type\":\"WebPage\",\"@id\":\"https:\\\/\\\/gethowies.com\\\/fi\\\/tuote\\\/howies-reunahiomakivi\\\/\",\"url\":\"https:\\\/\\\/gethowies.com\\\/fi\\\/tuote\\\/howies-reunahiomakivi\\\/\",\"name\":\"Howies Reunahiomakivi - Howies Hockey Suomi\",\"isPartOf\":{\"@id\":\"https:\\\/\\\/gethowies.com\\\/fi\\\/#website\"},\"primaryImageOfPage\":{\"@id\":\"https:\\\/\\\/gethowies.com\\\/fi\\\/tuote\\\/howies-reunahiomakivi\\\/#primaryimage\"},\"image\":{\"@id\":\"https:\\\/\\\/gethowies.com\\\/fi\\\/tuote\\\/howies-reunahiomakivi\\\/#primaryimage\"},\"thumbnailUrl\":\"https:\\\/\\\/gethowies.com\\\/fi\\\/wp-content\\\/uploads\\\/sites\\\/5\\\/2017\\\/03\\\/hht_bryne.jpg\",\"datePublished\":\"2017-11-22T11:36:28+00:00\",\"dateModified\":\"2023-02-11T22:33:34+00:00\",\"breadcrumb\":{\"@id\":\"https:\\\/\\\/gethowies.com\\\/fi\\\/tuote\\\/howies-reunahiomakivi\\\/#breadcrumb\"},\"inLanguage\":\"fi\",\"potentialAction\":[{\"@type\":\"ReadAction\",\"target\":[\"https:\\\/\\\/gethowies.com\\\/fi\\\/tuote\\\/howies-reunahiomakivi\\\/\"]}]},{\"@type\":\"ImageObject\",\"inLanguage\":\"fi\",\"@id\":\"https:\\\/\\\/gethowies.com\\\/fi\\\/tuote\\\/howies-reunahiomakivi\\\/#primaryimage\",\"url\":\"https:\\\/\\\/gethowies.com\\\/fi\\\/wp-content\\\/uploads\\\/sites\\\/5\\\/2017\\\/03\\\/hht_bryne.jpg\",\"contentUrl\":\"https:\\\/\\\/gethowies.com\\\/fi\\\/wp-content\\\/uploads\\\/sites\\\/5\\\/2017\\\/03\\\/hht_bryne.jpg\",\"width\":1020,\"height\":1020,\"caption\":\"Howies Reunahiomakivi\"},{\"@type\":\"BreadcrumbList\",\"@id\":\"https:\\\/\\\/gethowies.com\\\/fi\\\/tuote\\\/howies-reunahiomakivi\\\/#breadcrumb\",\"itemListElement\":[{\"@type\":\"ListItem\",\"position\":1,\"name\":\"Hem\",\"item\":\"https:\\\/\\\/gethowies.com\\\/fi\\\/\"},{\"@type\":\"ListItem\",\"position\":2,\"name\":\"Shop\",\"item\":\"https:\\\/\\\/gethowies.com\\\/fi\\\/shop\\\/\"},{\"@type\":\"ListItem\",\"position\":3,\"name\":\"Howies Reunahiomakivi\"}]},{\"@type\":\"WebSite\",\"@id\":\"https:\\\/\\\/gethowies.com\\\/fi\\\/#website\",\"url\":\"https:\\\/\\\/gethowies.com\\\/fi\\\/\",\"name\":\"Howies Hockey Suomi\",\"description\":\"\",\"potentialAction\":[{\"@type\":\"SearchAction\",\"target\":{\"@type\":\"EntryPoint\",\"urlTemplate\":\"https:\\\/\\\/gethowies.com\\\/fi\\\/?s={search_term_string}\"},\"query-input\":{\"@type\":\"PropertyValueSpecification\",\"valueRequired\":true,\"valueName\":\"search_term_string\"}}],\"inLanguage\":\"fi\"}]}<\/script>\n<!-- \/ Yoast SEO plugin. -->","yoast_head_json":{"title":"Howies Reunahiomakivi - Howies Hockey Suomi","robots":{"index":"index","follow":"follow","max-snippet":"max-snippet:-1","max-image-preview":"max-image-preview:large","max-video-preview":"max-video-preview:-1"},"canonical":"https:\/\/gethowies.com\/fi\/tuote\/howies-reunahiomakivi\/","og_locale":"fi_FI","og_type":"article","og_title":"Howies Reunahiomakivi - Howies Hockey Suomi","og_description":"Varusteiden huoltaminen on t\u00e4rke\u00e4t\u00e4 ja joskus sinun on teht\u00e4v\u00e4 se itse. Howies teroituskivi on tehty pienten vaurioiden korjaamiseen ja ter\u00e4n viimeistelyyn. T\u00e4ydellinen ty\u00f6kalu luistimien teroitusten v\u00e4lill\u00e4 tai kun huomaat, ett\u00e4 astuit luistimilla johonkin mihin sinun ei olisi pit\u00e4nyt, Howies Hockey reunahiomakiven avulla korjaat pienet vauriot ilman t\u00e4ysivaltaista luistimen teroittamista. Sis\u00e4lt\u00e4\u00e4 korkealaatuista piikarbidia Nopea leikkaustoiminto K\u00e4ytt\u00e4\u00e4 [...]","og_url":"https:\/\/gethowies.com\/fi\/tuote\/howies-reunahiomakivi\/","og_site_name":"Howies Hockey Suomi","article_modified_time":"2023-02-11T22:33:34+00:00","og_image":[{"width":1020,"height":1020,"url":"https:\/\/gethowies.com\/fi\/wp-content\/uploads\/sites\/5\/2017\/03\/hht_bryne.jpg","type":"image\/jpeg"}],"twitter_card":"summary_large_image","schema":{"@context":"https:\/\/schema.org","@graph":[{"@type":"WebPage","@id":"https:\/\/gethowies.com\/fi\/tuote\/howies-reunahiomakivi\/","url":"https:\/\/gethowies.com\/fi\/tuote\/howies-reunahiomakivi\/","name":"Howies Reunahiomakivi - Howies Hockey Suomi","isPartOf":{"@id":"https:\/\/gethowies.com\/fi\/#website"},"primaryImageOfPage":{"@id":"https:\/\/gethowies.com\/fi\/tuote\/howies-reunahiomakivi\/#primaryimage"},"image":{"@id":"https:\/\/gethowies.com\/fi\/tuote\/howies-reunahiomakivi\/#primaryimage"},"thumbnailUrl":"https:\/\/gethowies.com\/fi\/wp-content\/uploads\/sites\/5\/2017\/03\/hht_bryne.jpg","datePublished":"2017-11-22T11:36:28+00:00","dateModified":"2023-02-11T22:33:34+00:00","breadcrumb":{"@id":"https:\/\/gethowies.com\/fi\/tuote\/howies-reunahiomakivi\/#breadcrumb"},"inLanguage":"fi","potentialAction":[{"@type":"ReadAction","target":["https:\/\/gethowies.com\/fi\/tuote\/howies-reunahiomakivi\/"]}]},{"@type":"ImageObject","inLanguage":"fi","@id":"https:\/\/gethowies.com\/fi\/tuote\/howies-reunahiomakivi\/#primaryimage","url":"https:\/\/gethowies.com\/fi\/wp-content\/uploads\/sites\/5\/2017\/03\/hht_bryne.jpg","contentUrl":"https:\/\/gethowies.com\/fi\/wp-content\/uploads\/sites\/5\/2017\/03\/hht_bryne.jpg","width":1020,"height":1020,"caption":"Howies Reunahiomakivi"},{"@type":"BreadcrumbList","@id":"https:\/\/gethowies.com\/fi\/tuote\/howies-reunahiomakivi\/#breadcrumb","itemListElement":[{"@type":"ListItem","position":1,"name":"Hem","item":"https:\/\/gethowies.com\/fi\/"},{"@type":"ListItem","position":2,"name":"Shop","item":"https:\/\/gethowies.com\/fi\/shop\/"},{"@type":"ListItem","position":3,"name":"Howies Reunahiomakivi"}]},{"@type":"WebSite","@id":"https:\/\/gethowies.com\/fi\/#website","url":"https:\/\/gethowies.com\/fi\/","name":"Howies Hockey Suomi","description":"","potentialAction":[{"@type":"SearchAction","target":{"@type":"EntryPoint","urlTemplate":"https:\/\/gethowies.com\/fi\/?s={search_term_string}"},"query-input":{"@type":"PropertyValueSpecification","valueRequired":true,"valueName":"search_term_string"}}],"inLanguage":"fi"}]}},"_links":{"self":[{"href":"https:\/\/gethowies.com\/fi\/wp-json\/wp\/v2\/product\/841","targetHints":{"allow":["GET"]}}],"collection":[{"href":"https:\/\/gethowies.com\/fi\/wp-json\/wp\/v2\/product"}],"about":[{"href":"https:\/\/gethowies.com\/fi\/wp-json\/wp\/v2\/types\/product"}],"replies":[{"embeddable":true,"href":"https:\/\/gethowies.com\/fi\/wp-json\/wp\/v2\/comments?post=841"}],"wp:featuredmedia":[{"embeddable":true,"href":"https:\/\/gethowies.com\/fi\/wp-json\/wp\/v2\/media\/4320"}],"wp:attachment":[{"href":"https:\/\/gethowies.com\/fi\/wp-json\/wp\/v2\/media?parent=841"}],"wp:term":[{"taxonomy":"product_brand","embeddable":true,"href":"https:\/\/gethowies.com\/fi\/wp-json\/wp\/v2\/product_brand?post=841"},{"taxonomy":"product_cat","embeddable":true,"href":"https:\/\/gethowies.com\/fi\/wp-json\/wp\/v2\/product_cat?post=841"},{"taxonomy":"product_tag","embeddable":true,"href":"https:\/\/gethowies.com\/fi\/wp-json\/wp\/v2\/product_tag?post=841"}],"curies":[{"name":"wp","href":"https:\/\/api.w.org\/{rel}","templated":true}]}}