{"id":4724,"date":"2017-12-22T23:34:00","date_gmt":"2017-12-22T22:34:00","guid":{"rendered":"https:\/\/hockeylife.se\/?page_id=4724"},"modified":"2018-08-26T12:53:13","modified_gmt":"2018-08-26T10:53:13","slug":"designa-din-egen-keps","status":"publish","type":"page","link":"https:\/\/gethowies.com\/se\/designa-din-egen-keps\/","title":{"rendered":"Designa din egen keps"},"content":{"rendered":"\n  <div class=\"banner has-hover\" id=\"banner-890672755\">\n          <div class=\"banner-inner fill\">\n        <div class=\"banner-bg fill\" >\n            <div class=\"bg fill bg-fill \"><\/div>\n                                    \n                    <\/div>\n\t\t\n        <div class=\"banner-layers container\">\n            <div class=\"fill banner-link\"><\/div>            \n   <div id=\"text-box-25260807\" class=\"text-box banner-layer x50 md-x50 lg-x50 y50 md-y50 lg-y50 res-text\">\n                                <div class=\"text-box-content text dark\">\n              \n              <div class=\"text-inner text-center\">\n                  \n<h3 class=\"uppercase\"><strong>designa din egen keps<\/strong><\/h3>\n<p>Designa din egen keps<\/p>\n              <\/div>\n           <\/div>\n                            \n<style>\n#text-box-25260807 {\n  width: 60%;\n}\n#text-box-25260807 .text-box-content {\n  font-size: 100%;\n}\n<\/style>\n    <\/div>\n \n        <\/div>\n      <\/div>\n\n            \n<style>\n#banner-890672755 {\n  padding-top: 200px;\n}\n#banner-890672755 .bg.bg-loaded {\n  background-image: url(https:\/\/gethowies.com\/se\/wp-content\/uploads\/sites\/2\/2017\/12\/hatsbanner-1024x279.jpg);\n}\n#banner-890672755 .ux-shape-divider--top svg {\n  height: 150px;\n  --divider-top-width: 100%;\n}\n#banner-890672755 .ux-shape-divider--bottom svg {\n  height: 150px;\n  --divider-width: 100%;\n}\n@media (min-width:550px) {\n  #banner-890672755 {\n    padding-top: 300px;\n  }\n}\n<\/style>\n  <\/div>\n\n\n<div class=\"row\"  id=\"row-1321595578\">\n\n\t<div id=\"col-1411344907\" class=\"col medium-8 small-12 large-8\"  >\n\t\t\t\t<div class=\"col-inner\"  >\n\t\t\t\n\t\t\t\n<div class=\"container section-title-container\" ><h3 class=\"section-title section-title-normal\"><b><\/b><span class=\"section-title-main\" >keps med egen brodyr<\/span><b><\/b><\/h3><\/div>\n<p>Designa din egen keps, vi har stor erfarenhet inom omr\u00e5det d\u00e4r vi erbjuder det mesta inom keps och m\u00f6ss industrin. Kontakta oss idag f\u00f6r att f\u00e5 en offert s\u00e5 \u00e5terkommer vi s\u00e5 snart vi kan.<\/p>\n<h5>KLUBBENS LOGOTYPE<\/h5>\n<p>Howies levererar kepsar och m\u00f6ssor till ett stort antal f\u00f6reningar i norden. V\u00e5ra kepsar och m\u00f6ssor \u00e4r oftast snyggare \u00e4n den genomsnittliga souvenir\/supporter produkten man ser bland lag. Det beror p\u00e5 att vi skapar er keps eller m\u00f6ssa specifikt efter era \u00f6nskem\u00e5l, passa p\u00e5 att g\u00f6ra kepsen eller m\u00f6ssan helt unik f\u00f6r er klubb. Du kan v\u00e4lja mellan brodyr, patch eller tryck. Fr\u00e5n godk\u00e4nd korrektur tar det ca 14-20 dagar att tillverka er order innan den slutligen kan skickas till er.<\/p>\n<p><b>Best\u00e4llning<\/b><\/p>\n<p>1. Maila er order till info@howies.se och inkludera f\u00f6ljande:\u00a0<br \/>\u2022 \u00a0Logotype\u00a0<br \/>\u2022 \u00a0Eventuella \u00f6nskem\u00e5l\u00a0<br \/>\u2022 \u00a0Antal\u00a0<br \/>\u2022 \u00a0Kontakt information<\/p>\n<p><b>Orderbekr\u00e4ftelse<\/b><\/p>\n<p>2. En orderbekr\u00e4ftelse mailas till er n\u00e4r vi har sett \u00f6ver den\u00a0<\/p>\n<p><b>Viktigt!<\/b>\u00a0<br \/>\u2022 \u00a0Designen skall vara vector baserad fr\u00e5n program som Adobe Illustrator eller Corel Draw\u00a0<br \/>\u2022 \u00a0Filformatet skall vara sparad i ai, cdr eller eps<br \/>\u2022 \u00a0Filen kan inte inneh\u00e5lla raster eller pixel baserade bilder\u00a0<\/p>\n<p><b>Villkor<\/b>\u00a0<br \/>Kepsar\/m\u00f6ssor med egen brodyr \u00e4r en unik produkt f\u00f6r er.\u00a0<br \/>Betalning i f\u00f6rskott via kreditkort eller faktura kr\u00e4vs.\u00a0<br \/>Fraktkostnad tillkommer\u00a0<\/p>\n<p>Kontakta oss f\u00f6r mer information och priser, vi tar kostnadsfritt fram ett korrektur med er logo.\u00a0<\/p>\n\t\t<\/div>\n\t\t\t\t\t<\/div>\n\n\t\n\n\t<div id=\"col-1417210011\" class=\"col medium-4 small-12 large-4\"  >\n\t\t\t\t<div class=\"col-inner\"  >\n\t\t\t\n\t\t\t\n<div class=\"container section-title-container\" ><h3 class=\"section-title section-title-normal\"><b><\/b><span class=\"section-title-main\" >kontakta oss<\/span><b><\/b><\/h3><\/div>\n\n<div class=\"wpcf7 no-js\" id=\"wpcf7-f7363-o1\" lang=\"sv-SE\" dir=\"ltr\" data-wpcf7-id=\"7363\">\n<div class=\"screen-reader-response\"><p role=\"status\" aria-live=\"polite\" aria-atomic=\"true\"><\/p> <ul><\/ul><\/div>\n<form action=\"\/se\/wp-json\/wp\/v2\/pages\/4724#wpcf7-f7363-o1\" method=\"post\" class=\"wpcf7-form init\" aria-label=\"Kontaktformul\u00e4r\" novalidate=\"novalidate\" data-status=\"init\">\n<fieldset class=\"hidden-fields-container\"><input type=\"hidden\" name=\"_wpcf7\" value=\"7363\" \/><input type=\"hidden\" name=\"_wpcf7_version\" value=\"6.1.5\" \/><input type=\"hidden\" name=\"_wpcf7_locale\" value=\"sv_SE\" \/><input type=\"hidden\" name=\"_wpcf7_unit_tag\" value=\"wpcf7-f7363-o1\" \/><input type=\"hidden\" name=\"_wpcf7_container_post\" value=\"0\" \/><input type=\"hidden\" name=\"_wpcf7_posted_data_hash\" value=\"\" \/>\n<\/fieldset>\n<p><label> Namn *<br \/>\n<span class=\"wpcf7-form-control-wrap\" data-name=\"your-name\"><input size=\"40\" maxlength=\"400\" class=\"wpcf7-form-control wpcf7-text wpcf7-validates-as-required\" aria-required=\"true\" aria-invalid=\"false\" value=\"\" type=\"text\" name=\"your-name\" \/><\/span> <\/label>\n<\/p>\n<p><label> E-postadress *<br \/>\n<span class=\"wpcf7-form-control-wrap\" data-name=\"your-email\"><input size=\"40\" maxlength=\"400\" class=\"wpcf7-form-control wpcf7-email wpcf7-validates-as-required wpcf7-text wpcf7-validates-as-email\" aria-required=\"true\" aria-invalid=\"false\" value=\"\" type=\"email\" name=\"your-email\" \/><\/span> <\/label>\n<\/p>\n<p><label> \u00c4mne<br \/>\n<span class=\"wpcf7-form-control-wrap\" data-name=\"your-subject\"><input size=\"40\" maxlength=\"400\" class=\"wpcf7-form-control wpcf7-text\" aria-invalid=\"false\" value=\"\" type=\"text\" name=\"your-subject\" \/><\/span> <\/label>\n<\/p>\n<p><label> Ditt meddelande<br \/>\n<span class=\"wpcf7-form-control-wrap\" data-name=\"your-message\"><textarea cols=\"40\" rows=\"10\" maxlength=\"2000\" class=\"wpcf7-form-control wpcf7-textarea\" aria-invalid=\"false\" name=\"your-message\"><\/textarea><\/span> <\/label>\n<\/p>\n<div style=\"margin-bottom: 1em;\">\n\t<p>[recaptcha]\n\t<\/p>\n<\/div>\n<p><input class=\"wpcf7-form-control wpcf7-submit has-spinner\" type=\"submit\" value=\"Skicka\" \/>\n<\/p><div class=\"wpcf7-response-output\" aria-hidden=\"true\"><\/div>\n<\/form>\n<\/div>\n\n\t\t<\/div>\n\t\t\t\t\t<\/div>\n\n\t\n<\/div>\n\t<section class=\"section\" id=\"section_1430145641\">\n\t\t<div class=\"bg section-bg fill bg-fill  bg-loaded\" >\n\n\t\t\t\n\t\t\t\n\t\t\t\n\n\t\t<\/div>\n\n\t\t\n\n\t\t<div class=\"section-content relative\">\n\t\t\t\n<div class=\"row align-center\"  id=\"row-1203831100\">\n\n\t<div id=\"col-1723996552\" class=\"col medium-6 small-12 large-6\"  >\n\t\t\t\t<div class=\"col-inner text-center\"  >\n\t\t\t\n\t\t\t\n\t<div id=\"gap-1879386312\" class=\"gap-element clearfix\" style=\"display:block; height:auto;\">\n\t\t\n<style>\n#gap-1879386312 {\n  padding-top: 36px;\n}\n<\/style>\n\t<\/div>\n\t\n<h2 class=\"uppercase\" style=\"text-align: center\"><span style=\"font-size: 130%\">MODELLER<\/span><\/h2>\n<div class=\"text-center\"><div class=\"is-divider divider clearfix\" style=\"margin-top:1.4em;margin-bottom:1.4em;max-width:50px;\"><\/div><\/div>\n\t\t<\/div>\n\t\t\t\t\t<\/div>\n\n\t\n<\/div>\n<div class=\"row row-small\"  id=\"row-314468031\">\n\n\t<div id=\"col-256076889\" class=\"col medium-4 small-12 large-4\"  >\n\t\t\t\t<div class=\"col-inner\"  >\n\t\t\t\n\t\t\t\n\n  <div class=\"banner has-hover bg-overlay-add\" id=\"banner-551624186\">\n          <div class=\"banner-inner fill\">\n        <div class=\"banner-bg fill\" >\n            <div class=\"bg fill bg-fill \"><\/div>\n                        <div class=\"overlay\"><\/div>            \n                    <\/div>\n\t\t\n        <div class=\"banner-layers container\">\n            <div class=\"fill banner-link\"><\/div>            \n   <div id=\"text-box-1084040195\" class=\"text-box banner-layer x50 md-x50 lg-x50 y50 md-y50 lg-y50 res-text\">\n       <div class=\"hover-zoom-in\">                         <div class=\"text-box-content text dark\">\n              \n              <div class=\"text-inner text-center\">\n                  \n<h2>LOCKER ROOM HAT<\/h2>\n<a class=\"button white is-link is-large\"  >\n    <span>view now<\/span>\n  <\/a>\n\n              <\/div>\n           <\/div>\n                     <\/div>       \n<style>\n#text-box-1084040195 {\n  width: 60%;\n}\n#text-box-1084040195 .text-box-content {\n  font-size: 100%;\n}\n<\/style>\n    <\/div>\n \n        <\/div>\n      <\/div>\n\n            \n<style>\n#banner-551624186 {\n  padding-top: 360px;\n}\n#banner-551624186 .bg.bg-loaded {\n  background-image: url(https:\/\/gethowies.com\/se\/wp-content\/uploads\/sites\/2\/2017\/12\/hh-hat-1.jpg);\n}\n#banner-551624186 .overlay {\n  background-color: rgba(254, 130, 108, 0.72);\n}\n#banner-551624186 .bg {\n  background-position: 42% 38%;\n}\n#banner-551624186 .ux-shape-divider--top svg {\n  height: 150px;\n  --divider-top-width: 100%;\n}\n#banner-551624186 .ux-shape-divider--bottom svg {\n  height: 150px;\n  --divider-width: 100%;\n}\n<\/style>\n  <\/div>\n\n\n\t\t<\/div>\n\t\t\t\t\t<\/div>\n\n\t\n\n\t<div id=\"col-339935044\" class=\"col medium-4 small-12 large-4\"  >\n\t\t\t\t<div class=\"col-inner\"  >\n\t\t\t\n\t\t\t\n\n  <div class=\"banner has-hover bg-overlay-add\" id=\"banner-1626779905\">\n          <div class=\"banner-inner fill\">\n        <div class=\"banner-bg fill\" >\n            <div class=\"bg fill bg-fill \"><\/div>\n                        <div class=\"overlay\"><\/div>            \n                    <\/div>\n\t\t\n        <div class=\"banner-layers container\">\n            <div class=\"fill banner-link\"><\/div>            \n   <div id=\"text-box-651015233\" class=\"text-box banner-layer x50 md-x50 lg-x50 y50 md-y50 lg-y50 res-text\">\n       <div class=\"hover-zoom-in\">                         <div class=\"text-box-content text dark\">\n              \n              <div class=\"text-inner text-center\">\n                  \n<h2>WINTER CLASSIC M\u00d6SSA<\/h2>\n<a class=\"button white is-link is-large\"  >\n    <span>view now<\/span>\n  <\/a>\n\n              <\/div>\n           <\/div>\n                     <\/div>       \n<style>\n#text-box-651015233 {\n  width: 77%;\n}\n#text-box-651015233 .text-box-content {\n  font-size: 100%;\n}\n<\/style>\n    <\/div>\n \n        <\/div>\n      <\/div>\n\n            \n<style>\n#banner-1626779905 {\n  padding-top: 360px;\n}\n#banner-1626779905 .bg.bg-loaded {\n  background-image: url(https:\/\/gethowies.com\/se\/wp-content\/uploads\/sites\/2\/2017\/02\/esh-beanie-870x1024.jpg);\n}\n#banner-1626779905 .overlay {\n  background-color: rgba(254, 130, 108, 0.72);\n}\n#banner-1626779905 .bg {\n  background-position: 51% 45%;\n}\n#banner-1626779905 .ux-shape-divider--top svg {\n  height: 150px;\n  --divider-top-width: 100%;\n}\n#banner-1626779905 .ux-shape-divider--bottom svg {\n  height: 150px;\n  --divider-width: 100%;\n}\n<\/style>\n  <\/div>\n\n\n\t\t<\/div>\n\t\t\t\t\t<\/div>\n\n\t\n\n\t<div id=\"col-499012201\" class=\"col medium-4 small-12 large-4\"  >\n\t\t\t\t<div class=\"col-inner\"  >\n\t\t\t\n\t\t\t\n\n  <div class=\"banner has-hover bg-overlay-add\" id=\"banner-1392865873\">\n          <div class=\"banner-inner fill\">\n        <div class=\"banner-bg fill\" >\n            <div class=\"bg fill bg-fill \"><\/div>\n                        <div class=\"overlay\"><\/div>            \n                    <\/div>\n\t\t\n        <div class=\"banner-layers container\">\n            <div class=\"fill banner-link\"><\/div>            \n   <div id=\"text-box-1219338340\" class=\"text-box banner-layer x50 md-x50 lg-x50 y50 md-y50 lg-y50 res-text\">\n       <div class=\"hover-zoom-in\">                         <div class=\"text-box-content text dark\">\n              \n              <div class=\"text-inner text-center\">\n                  \n<h2>SNAPBACK<\/h2>\n<a class=\"button white is-link is-large\"  >\n    <span>view now<\/span>\n  <\/a>\n\n              <\/div>\n           <\/div>\n                     <\/div>       \n<style>\n#text-box-1219338340 {\n  width: 60%;\n}\n#text-box-1219338340 .text-box-content {\n  font-size: 100%;\n}\n<\/style>\n    <\/div>\n \n        <\/div>\n      <\/div>\n\n            \n<style>\n#banner-1392865873 {\n  padding-top: 360px;\n}\n#banner-1392865873 .bg.bg-loaded {\n  background-image: url(https:\/\/gethowies.com\/se\/wp-content\/uploads\/sites\/2\/2017\/07\/snapback-blue-1024x678.jpg);\n}\n#banner-1392865873 .overlay {\n  background-color: rgba(254, 130, 108, 0.72);\n}\n#banner-1392865873 .bg {\n  background-position: 42% 38%;\n}\n#banner-1392865873 .ux-shape-divider--top svg {\n  height: 150px;\n  --divider-top-width: 100%;\n}\n#banner-1392865873 .ux-shape-divider--bottom svg {\n  height: 150px;\n  --divider-width: 100%;\n}\n<\/style>\n  <\/div>\n\n\n\t\t<\/div>\n\t\t\t\t\t<\/div>\n\n\t\n<\/div>\n<div class=\"row align-center\"  id=\"row-150454463\">\n\n\t<div id=\"col-283324651\" class=\"col medium-6 small-12 large-6\"  >\n\t\t\t\t<div class=\"col-inner text-center\"  >\n\t\t\t\n\t\t\t\n\t<div id=\"gap-104954312\" class=\"gap-element clearfix\" style=\"display:block; height:auto;\">\n\t\t\n<style>\n#gap-104954312 {\n  padding-top: 40px;\n}\n<\/style>\n\t<\/div>\n\t\n<a class=\"button white is-outline is-small\"  style=\"border-radius:99px;\">\n    <span>BE OM OFFERT<\/span>\n  <\/a>\n\n\t\t<\/div>\n\t\t\t\t\t<\/div>\n\n\t\n<\/div>\n\t\t<\/div>\n\n\t\t\n<style>\n#section_1430145641 {\n  padding-top: 42px;\n  padding-bottom: 42px;\n  background-color: rgb(255, 255, 255);\n}\n#section_1430145641 .ux-shape-divider--top svg {\n  height: 150px;\n  --divider-top-width: 100%;\n}\n#section_1430145641 .ux-shape-divider--bottom svg {\n  height: 150px;\n  --divider-width: 100%;\n}\n<\/style>\n\t<\/section>\n\t\n","protected":false},"excerpt":{"rendered":"","protected":false},"author":1,"featured_media":0,"parent":0,"menu_order":0,"comment_status":"closed","ping_status":"closed","template":"","meta":{"inline_featured_image":false,"footnotes":""},"class_list":["post-4724","page","type-page","status-publish","hentry"],"yoast_head":"<!-- This site is optimized with the Yoast SEO plugin v27.5 - https:\/\/yoast.com\/product\/yoast-seo-wordpress\/ -->\n<title>Designa din egen keps - Howies Hockey Sverige<\/title>\n<meta name=\"description\" content=\"Designa din egen keps eller m\u00f6ssa. Vi leverar kepsar med egen brodyr till f\u00f6retag och f\u00f6reningar i Sverige, Norge och Danmark. Skapa egna m\u00f6ssor och kepsar med v\u00e5ra kvalitets modeller.\" \/>\n<meta name=\"robots\" content=\"index, follow, max-snippet:-1, max-image-preview:large, max-video-preview:-1\" \/>\n<link rel=\"canonical\" href=\"https:\/\/gethowies.com\/se\/designa-din-egen-keps\/\" \/>\n<meta property=\"og:locale\" content=\"sv_SE\" \/>\n<meta property=\"og:type\" content=\"article\" \/>\n<meta property=\"og:title\" content=\"Designa din egen keps - Howies Hockey Sverige\" \/>\n<meta property=\"og:description\" content=\"Designa din egen keps eller m\u00f6ssa. Vi leverar kepsar med egen brodyr till f\u00f6retag och f\u00f6reningar i Sverige, Norge och Danmark. Skapa egna m\u00f6ssor och kepsar med v\u00e5ra kvalitets modeller.\" \/>\n<meta property=\"og:url\" content=\"https:\/\/gethowies.com\/se\/designa-din-egen-keps\/\" \/>\n<meta property=\"og:site_name\" content=\"Howies Hockey Sverige\" \/>\n<meta property=\"article:modified_time\" content=\"2018-08-26T10:53:13+00:00\" \/>\n<meta name=\"twitter:card\" content=\"summary_large_image\" \/>\n<meta name=\"twitter:label1\" content=\"Ber\u00e4knad l\u00e4stid\" \/>\n\t<meta name=\"twitter:data1\" content=\"2 minuter\" \/>\n<script type=\"application\/ld+json\" class=\"yoast-schema-graph\">{\"@context\":\"https:\\\/\\\/schema.org\",\"@graph\":[{\"@type\":\"WebPage\",\"@id\":\"https:\\\/\\\/gethowies.com\\\/se\\\/designa-din-egen-keps\\\/\",\"url\":\"https:\\\/\\\/gethowies.com\\\/se\\\/designa-din-egen-keps\\\/\",\"name\":\"Designa din egen keps - Howies Hockey Sverige\",\"isPartOf\":{\"@id\":\"https:\\\/\\\/gethowies.com\\\/se\\\/#website\"},\"datePublished\":\"2017-12-22T22:34:00+00:00\",\"dateModified\":\"2018-08-26T10:53:13+00:00\",\"description\":\"Designa din egen keps eller m\u00f6ssa. Vi leverar kepsar med egen brodyr till f\u00f6retag och f\u00f6reningar i Sverige, Norge och Danmark. Skapa egna m\u00f6ssor och kepsar med v\u00e5ra kvalitets modeller.\",\"breadcrumb\":{\"@id\":\"https:\\\/\\\/gethowies.com\\\/se\\\/designa-din-egen-keps\\\/#breadcrumb\"},\"inLanguage\":\"sv-SE\",\"potentialAction\":[{\"@type\":\"ReadAction\",\"target\":[\"https:\\\/\\\/gethowies.com\\\/se\\\/designa-din-egen-keps\\\/\"]}]},{\"@type\":\"BreadcrumbList\",\"@id\":\"https:\\\/\\\/gethowies.com\\\/se\\\/designa-din-egen-keps\\\/#breadcrumb\",\"itemListElement\":[{\"@type\":\"ListItem\",\"position\":1,\"name\":\"Hem\",\"item\":\"https:\\\/\\\/gethowies.com\\\/se\\\/\"},{\"@type\":\"ListItem\",\"position\":2,\"name\":\"Designa din egen keps\"}]},{\"@type\":\"WebSite\",\"@id\":\"https:\\\/\\\/gethowies.com\\\/se\\\/#website\",\"url\":\"https:\\\/\\\/gethowies.com\\\/se\\\/\",\"name\":\"Howies Hockey Sverige\",\"description\":\"\",\"potentialAction\":[{\"@type\":\"SearchAction\",\"target\":{\"@type\":\"EntryPoint\",\"urlTemplate\":\"https:\\\/\\\/gethowies.com\\\/se\\\/?s={search_term_string}\"},\"query-input\":{\"@type\":\"PropertyValueSpecification\",\"valueRequired\":true,\"valueName\":\"search_term_string\"}}],\"inLanguage\":\"sv-SE\"}]}<\/script>\n<!-- \/ Yoast SEO plugin. -->","yoast_head_json":{"title":"Designa din egen keps - Howies Hockey Sverige","description":"Designa din egen keps eller m\u00f6ssa. Vi leverar kepsar med egen brodyr till f\u00f6retag och f\u00f6reningar i Sverige, Norge och Danmark. Skapa egna m\u00f6ssor och kepsar med v\u00e5ra kvalitets modeller.","robots":{"index":"index","follow":"follow","max-snippet":"max-snippet:-1","max-image-preview":"max-image-preview:large","max-video-preview":"max-video-preview:-1"},"canonical":"https:\/\/gethowies.com\/se\/designa-din-egen-keps\/","og_locale":"sv_SE","og_type":"article","og_title":"Designa din egen keps - Howies Hockey Sverige","og_description":"Designa din egen keps eller m\u00f6ssa. Vi leverar kepsar med egen brodyr till f\u00f6retag och f\u00f6reningar i Sverige, Norge och Danmark. Skapa egna m\u00f6ssor och kepsar med v\u00e5ra kvalitets modeller.","og_url":"https:\/\/gethowies.com\/se\/designa-din-egen-keps\/","og_site_name":"Howies Hockey Sverige","article_modified_time":"2018-08-26T10:53:13+00:00","twitter_card":"summary_large_image","twitter_misc":{"Ber\u00e4knad l\u00e4stid":"2 minuter"},"schema":{"@context":"https:\/\/schema.org","@graph":[{"@type":"WebPage","@id":"https:\/\/gethowies.com\/se\/designa-din-egen-keps\/","url":"https:\/\/gethowies.com\/se\/designa-din-egen-keps\/","name":"Designa din egen keps - Howies Hockey Sverige","isPartOf":{"@id":"https:\/\/gethowies.com\/se\/#website"},"datePublished":"2017-12-22T22:34:00+00:00","dateModified":"2018-08-26T10:53:13+00:00","description":"Designa din egen keps eller m\u00f6ssa. Vi leverar kepsar med egen brodyr till f\u00f6retag och f\u00f6reningar i Sverige, Norge och Danmark. Skapa egna m\u00f6ssor och kepsar med v\u00e5ra kvalitets modeller.","breadcrumb":{"@id":"https:\/\/gethowies.com\/se\/designa-din-egen-keps\/#breadcrumb"},"inLanguage":"sv-SE","potentialAction":[{"@type":"ReadAction","target":["https:\/\/gethowies.com\/se\/designa-din-egen-keps\/"]}]},{"@type":"BreadcrumbList","@id":"https:\/\/gethowies.com\/se\/designa-din-egen-keps\/#breadcrumb","itemListElement":[{"@type":"ListItem","position":1,"name":"Hem","item":"https:\/\/gethowies.com\/se\/"},{"@type":"ListItem","position":2,"name":"Designa din egen keps"}]},{"@type":"WebSite","@id":"https:\/\/gethowies.com\/se\/#website","url":"https:\/\/gethowies.com\/se\/","name":"Howies Hockey Sverige","description":"","potentialAction":[{"@type":"SearchAction","target":{"@type":"EntryPoint","urlTemplate":"https:\/\/gethowies.com\/se\/?s={search_term_string}"},"query-input":{"@type":"PropertyValueSpecification","valueRequired":true,"valueName":"search_term_string"}}],"inLanguage":"sv-SE"}]}},"_links":{"self":[{"href":"https:\/\/gethowies.com\/se\/wp-json\/wp\/v2\/pages\/4724","targetHints":{"allow":["GET"]}}],"collection":[{"href":"https:\/\/gethowies.com\/se\/wp-json\/wp\/v2\/pages"}],"about":[{"href":"https:\/\/gethowies.com\/se\/wp-json\/wp\/v2\/types\/page"}],"author":[{"embeddable":true,"href":"https:\/\/gethowies.com\/se\/wp-json\/wp\/v2\/users\/1"}],"replies":[{"embeddable":true,"href":"https:\/\/gethowies.com\/se\/wp-json\/wp\/v2\/comments?post=4724"}],"version-history":[{"count":1,"href":"https:\/\/gethowies.com\/se\/wp-json\/wp\/v2\/pages\/4724\/revisions"}],"predecessor-version":[{"id":7424,"href":"https:\/\/gethowies.com\/se\/wp-json\/wp\/v2\/pages\/4724\/revisions\/7424"}],"wp:attachment":[{"href":"https:\/\/gethowies.com\/se\/wp-json\/wp\/v2\/media?parent=4724"}],"curies":[{"name":"wp","href":"https:\/\/api.w.org\/{rel}","templated":true}]}}