{"id":544,"date":"2017-03-06T21:54:53","date_gmt":"2017-03-06T21:54:53","guid":{"rendered":"https:\/\/hockeylife.se\/?page_id=544"},"modified":"2017-03-06T21:54:53","modified_gmt":"2017-03-06T21:54:53","slug":"kopvillkor","status":"publish","type":"page","link":"https:\/\/gethowies.com\/se\/kopvillkor\/","title":{"rendered":"K\u00f6pvillkor"},"content":{"rendered":"<div class=\"row\"  id=\"row-642281078\">\n\n\t<div id=\"col-802309646\" class=\"col small-12 large-12\"  >\n\t\t\t\t<div class=\"col-inner\"  >\n\t\t\t\n\t\t\t\n  <div id=\"page-header-1980549932\" class=\"page-header-wrapper\">\n  <div class=\"page-title light simple-title\">\n\n    \n    <div class=\"page-title-inner container align-center text-center flex-row-col medium-flex-wrap\" >\n              <div class=\"title-wrapper uppercase is-xlarge flex-col\">\n          <h1 class=\"entry-title mb-0\">\n            K\u00f6pvillkor          <\/h1>\n        <\/div>\n                    <div class=\"title-content flex-col\">\n        <div class=\"title-breadcrumbs pb-half pt-half\"><nav class=\"woocommerce-breadcrumb breadcrumbs uppercase\">Hem<\/nav><\/div>      <\/div>\n    <\/div>\n\n       <\/div>\n    <\/div>\n  \n<h2 class=\"uppercase\">Leveransvillkor<\/h2>\n<p>Vi anv\u00e4nder oss av Postnord som samarbetspartner. N\u00e4r din order \u00e4r lagd behandlas den direkt av kontoret och skickas samma dag eller dagen d\u00e4rp\u00e5. V\u00e4nligen observera att uppskattad leveranstid (1-2 dagar) \u00e4r en uppskattning och att tiden kan variera beroende p\u00e5 yttre faktorer utanf\u00f6r Howies Hockey Tape\u00a0och dess budfirmas kontroll.\u00a0Dessa faktorer kan inkludera, men \u00e4r inte begr\u00e4nsade till, extrema v\u00e4derf\u00f6rh\u00e5llanden, tekniska fel, tullf\u00f6rseningar etc.\u00a0Observera \u00e4ven att leveranstiderna kan vara l\u00e4ngre \u00e4n vanligt under produktkampanjer.<\/p>\n<div class=\"is-divider divider clearfix\" style=\"max-width:1150px;height:1px;background-color:rgb(0, 0, 0);\"><\/div>\n<h2 class=\"uppercase\">betalning<\/h2>\n<p>Howies Hockey Tape erbjuder betalning via kortbetalning, Swish, faktura samt postf\u00f6rskott.<br \/><b><\/b><\/p>\n<h6 class=\"uppercase\">KORTBETALNING<\/h6>\n<p>Betala enkelt och s\u00e4kert med VISA och MASTERCARD. Kortbetalning \u00e4r avgiftsfri. Howies Hockey Tape anv\u00e4nder 3D secured \u00a0som \u00e4r en s\u00e4kerhetsteknik som VISA och MASTERCARD har enats om f\u00f6r verifiering av kortinnehavaren f\u00f6r e-handels k\u00f6p.<br \/><b><\/b><\/p>\n<h6 class=\"uppercase\">FAKTURA<\/h6>\n<p>V\u00e4ljer Du att betala mot faktura kan en kreditupplysning komma att tas f\u00f6r att s\u00e4kerhetst\u00e4lla att best\u00e4llaren \u00e4ven \u00e4r mottagare. Vid faktura tillkommer SEK 30.00 i faktura avgift.<\/p>\n<h6 class=\"uppercase\">POSTF\u00d6RSKOTT<\/h6>\n<p>V\u00e4ljer Du att betala mot postf\u00f6rskott tillkommer Posten postf\u00f6rskottsavgift SEK 65.00<br \/><b><\/b><\/p>\n<h6 class=\"uppercase\">SWISH BETALNING<\/h6>\n<p>Skicka totalsumman med Swish till nr: 123 302 32 80. Skriv ert ordernummer som ni f\u00e5r efter slutf\u00f6rd best\u00e4llning i meddelanderutan i Swish. Betalning ska ske inom 24 timmar annars annulleras best\u00e4llningen.<\/p>\n<div class=\"is-divider divider clearfix\" style=\"max-width:1150px;height:1px;background-color:rgb(0, 0, 0);\"><\/div>\n<h2 class=\"uppercase\">\u00c5ngerr\u00e4tt och bytesr\u00e4tt<\/h2>\n<p>Som kund hos Howies Hockey Tape har Du r\u00e4tt att \u00e5ngra ditt k\u00f6p inom <b>30 dagar <\/b>efter att Du har tagit emot Din order. \u00c5ngerr\u00e4tten motsvarar \u00f6ppet k\u00f6p. Om Du v\u00e4ljer att \u00e5ngra Ditt k\u00f6p returnera varan till:<\/p>\n<p>Sonum Sports Group AB<br \/>Varholmsgatan 6<br \/>414 74 G\u00f6teborg<\/p>\n<p>Produkten skall\u00a0returneras i orginaf\u00f6rpackning och f\u00e5r inte vara anv\u00e4nd. Ange\u00a0om du\u00a0\u00f6nskar att byta varan, vill ha pengarna tillgodo eller ange ett konto d\u00e4r vi kan \u00e5terbetala summan. Retur och byte f\u00f6ruts\u00e4tter att varan \u00e4r oanv\u00e4nd och otv\u00e4ttad. Vid retur st\u00e5r du f\u00f6r returkostnaden och transportrisken.<\/p>\n<div class=\"is-divider divider clearfix\" style=\"max-width:1150px;height:1px;background-color:rgb(0, 0, 0);\"><\/div>\n<h2 class=\"uppercase\">TILL\u00c4MPLIG LAG OCH JURISDIKTION<\/h2>\n<p>Svensk lag g\u00e4ller f\u00f6r dessa villkor och din anv\u00e4ndning av denna webbsida. I den m\u00e5n lag till\u00e5ter det ska svensk domstol ha exklusiv jurisdiktion vad g\u00e4ller tvist som uppst\u00e5r med anledning av dessa villkor eller din anv\u00e4ndning av webbsidan, med undantag f\u00f6r fall d\u00e5 Howies Hockey Tape sj\u00e4lvmant v\u00e4ljer att vidta r\u00e4ttsliga \u00e5tg\u00e4rder mot en kund\/anv\u00e4ndare d\u00e4r den har sitt hemvist.<\/p>\n\t<div id=\"gap-1919746597\" class=\"gap-element clearfix\" style=\"display:block; height:auto;\">\n\t\t\n<style>\n#gap-1919746597 {\n  padding-top: 60px;\n}\n<\/style>\n\t<\/div>\n\t\n\t\t<\/div>\n\t\t\t\t\t<\/div>\n\n\t\n\n<style>\n#row-642281078 > .col > .col-inner {\n  padding: 30px 0px 0px 0px;\n}\n<\/style>\n<\/div>\n","protected":false},"excerpt":{"rendered":"","protected":false},"author":1,"featured_media":0,"parent":0,"menu_order":0,"comment_status":"closed","ping_status":"closed","template":"page-blank.php","meta":{"inline_featured_image":false,"footnotes":""},"class_list":["post-544","page","type-page","status-publish","hentry"],"yoast_head":"<!-- This site is optimized with the Yoast SEO plugin v27.5 - https:\/\/yoast.com\/product\/yoast-seo-wordpress\/ -->\n<title>K\u00f6pvillkor - Howies Hockey Sverige<\/title>\n<meta name=\"robots\" content=\"index, follow, max-snippet:-1, max-image-preview:large, max-video-preview:-1\" \/>\n<link rel=\"canonical\" href=\"https:\/\/gethowies.com\/se\/kopvillkor\/\" \/>\n<meta property=\"og:locale\" content=\"sv_SE\" \/>\n<meta property=\"og:type\" content=\"article\" \/>\n<meta property=\"og:title\" content=\"K\u00f6pvillkor - Howies Hockey Sverige\" \/>\n<meta property=\"og:url\" content=\"https:\/\/gethowies.com\/se\/kopvillkor\/\" \/>\n<meta property=\"og:site_name\" content=\"Howies Hockey Sverige\" \/>\n<meta name=\"twitter:card\" content=\"summary_large_image\" \/>\n<meta name=\"twitter:label1\" content=\"Ber\u00e4knad l\u00e4stid\" \/>\n\t<meta name=\"twitter:data1\" content=\"2 minuter\" \/>\n<script type=\"application\/ld+json\" class=\"yoast-schema-graph\">{\"@context\":\"https:\\\/\\\/schema.org\",\"@graph\":[{\"@type\":\"WebPage\",\"@id\":\"https:\\\/\\\/gethowies.com\\\/se\\\/kopvillkor\\\/\",\"url\":\"https:\\\/\\\/gethowies.com\\\/se\\\/kopvillkor\\\/\",\"name\":\"K\u00f6pvillkor - Howies Hockey Sverige\",\"isPartOf\":{\"@id\":\"https:\\\/\\\/gethowies.com\\\/se\\\/#website\"},\"datePublished\":\"2017-03-06T21:54:53+00:00\",\"breadcrumb\":{\"@id\":\"https:\\\/\\\/gethowies.com\\\/se\\\/kopvillkor\\\/#breadcrumb\"},\"inLanguage\":\"sv-SE\",\"potentialAction\":[{\"@type\":\"ReadAction\",\"target\":[\"https:\\\/\\\/gethowies.com\\\/se\\\/kopvillkor\\\/\"]}]},{\"@type\":\"BreadcrumbList\",\"@id\":\"https:\\\/\\\/gethowies.com\\\/se\\\/kopvillkor\\\/#breadcrumb\",\"itemListElement\":[{\"@type\":\"ListItem\",\"position\":1,\"name\":\"Hem\",\"item\":\"https:\\\/\\\/gethowies.com\\\/se\\\/\"},{\"@type\":\"ListItem\",\"position\":2,\"name\":\"K\u00f6pvillkor\"}]},{\"@type\":\"WebSite\",\"@id\":\"https:\\\/\\\/gethowies.com\\\/se\\\/#website\",\"url\":\"https:\\\/\\\/gethowies.com\\\/se\\\/\",\"name\":\"Howies Hockey Sverige\",\"description\":\"\",\"potentialAction\":[{\"@type\":\"SearchAction\",\"target\":{\"@type\":\"EntryPoint\",\"urlTemplate\":\"https:\\\/\\\/gethowies.com\\\/se\\\/?s={search_term_string}\"},\"query-input\":{\"@type\":\"PropertyValueSpecification\",\"valueRequired\":true,\"valueName\":\"search_term_string\"}}],\"inLanguage\":\"sv-SE\"}]}<\/script>\n<!-- \/ Yoast SEO plugin. -->","yoast_head_json":{"title":"K\u00f6pvillkor - Howies Hockey Sverige","robots":{"index":"index","follow":"follow","max-snippet":"max-snippet:-1","max-image-preview":"max-image-preview:large","max-video-preview":"max-video-preview:-1"},"canonical":"https:\/\/gethowies.com\/se\/kopvillkor\/","og_locale":"sv_SE","og_type":"article","og_title":"K\u00f6pvillkor - Howies Hockey Sverige","og_url":"https:\/\/gethowies.com\/se\/kopvillkor\/","og_site_name":"Howies Hockey Sverige","twitter_card":"summary_large_image","twitter_misc":{"Ber\u00e4knad l\u00e4stid":"2 minuter"},"schema":{"@context":"https:\/\/schema.org","@graph":[{"@type":"WebPage","@id":"https:\/\/gethowies.com\/se\/kopvillkor\/","url":"https:\/\/gethowies.com\/se\/kopvillkor\/","name":"K\u00f6pvillkor - Howies Hockey Sverige","isPartOf":{"@id":"https:\/\/gethowies.com\/se\/#website"},"datePublished":"2017-03-06T21:54:53+00:00","breadcrumb":{"@id":"https:\/\/gethowies.com\/se\/kopvillkor\/#breadcrumb"},"inLanguage":"sv-SE","potentialAction":[{"@type":"ReadAction","target":["https:\/\/gethowies.com\/se\/kopvillkor\/"]}]},{"@type":"BreadcrumbList","@id":"https:\/\/gethowies.com\/se\/kopvillkor\/#breadcrumb","itemListElement":[{"@type":"ListItem","position":1,"name":"Hem","item":"https:\/\/gethowies.com\/se\/"},{"@type":"ListItem","position":2,"name":"K\u00f6pvillkor"}]},{"@type":"WebSite","@id":"https:\/\/gethowies.com\/se\/#website","url":"https:\/\/gethowies.com\/se\/","name":"Howies Hockey Sverige","description":"","potentialAction":[{"@type":"SearchAction","target":{"@type":"EntryPoint","urlTemplate":"https:\/\/gethowies.com\/se\/?s={search_term_string}"},"query-input":{"@type":"PropertyValueSpecification","valueRequired":true,"valueName":"search_term_string"}}],"inLanguage":"sv-SE"}]}},"_links":{"self":[{"href":"https:\/\/gethowies.com\/se\/wp-json\/wp\/v2\/pages\/544","targetHints":{"allow":["GET"]}}],"collection":[{"href":"https:\/\/gethowies.com\/se\/wp-json\/wp\/v2\/pages"}],"about":[{"href":"https:\/\/gethowies.com\/se\/wp-json\/wp\/v2\/types\/page"}],"author":[{"embeddable":true,"href":"https:\/\/gethowies.com\/se\/wp-json\/wp\/v2\/users\/1"}],"replies":[{"embeddable":true,"href":"https:\/\/gethowies.com\/se\/wp-json\/wp\/v2\/comments?post=544"}],"version-history":[{"count":0,"href":"https:\/\/gethowies.com\/se\/wp-json\/wp\/v2\/pages\/544\/revisions"}],"wp:attachment":[{"href":"https:\/\/gethowies.com\/se\/wp-json\/wp\/v2\/media?parent=544"}],"curies":[{"name":"wp","href":"https:\/\/api.w.org\/{rel}","templated":true}]}}