{"id":5807,"date":"2018-04-22T14:30:02","date_gmt":"2018-04-22T13:30:02","guid":{"rendered":"https:\/\/hockeylife.se\/?page_id=5807"},"modified":"2018-04-22T14:30:02","modified_gmt":"2018-04-22T13:30:02","slug":"sekretesspolicy","status":"publish","type":"page","link":"https:\/\/gethowies.com\/se\/sekretesspolicy\/","title":{"rendered":"Sekretesspolicy"},"content":{"rendered":"<div class=\"row\"  id=\"row-930082112\">\n\n\t<div id=\"col-1154569930\" class=\"col small-12 large-12\"  >\n\t\t\t\t<div class=\"col-inner\"  >\n\t\t\t\n\t\t\t\n  <div id=\"page-header-1293879062\" class=\"page-header-wrapper\">\n  <div class=\"page-title light simple-title\">\n\n    \n    <div class=\"page-title-inner container align-center text-center flex-row-col medium-flex-wrap\" >\n              <div class=\"title-wrapper uppercase is-xlarge flex-col\">\n          <h1 class=\"entry-title mb-0\">\n            Sekretesspolicy          <\/h1>\n        <\/div>\n                    <div class=\"title-content flex-col\">\n        <div class=\"title-breadcrumbs pb-half pt-half\"><nav class=\"woocommerce-breadcrumb breadcrumbs uppercase\">Hem<\/nav><\/div>      <\/div>\n    <\/div>\n\n       <\/div>\n    <\/div>\n  \n<p class=\"uppercase\"><strong>Personuppgifter<\/strong><\/p>\n<p>I samband med din registrering och best\u00e4llning godk\u00e4nner du enligt lag att vi lagrar och anv\u00e4nder dina uppgifter i v\u00e5r verksamhet f\u00f6r att fullf\u00f6lja v\u00e5ra \u00e5tagande gentemot dig. Howies Hockey skyddar dina personuppgifter enligt personuppgiftslagen.<br \/>Vi anv\u00e4nder informationen endast f\u00f6r att kunna handl\u00e4gga din best\u00e4llning och kunna erbjuda relevant marknadsf\u00f6ring via e-post och SMS.<\/p>\n<div class=\"is-divider divider clearfix\" style=\"max-width:1150px;height:1px;background-color:rgb(0, 0, 0);\"><\/div>\n<p class=\"uppercase\"><strong>Upplysningar eller \u00e4ndringar av din information<\/strong><\/p>\n<p>Ifall att du inte vill f\u00e5 information av oss kan du enkelt avregistrera dig via v\u00e5ra utskick eller h\u00f6ra av dig till kundtj\u00e4nst.<br \/>Du har alltid r\u00e4tt att se dina personuppgifter som finns registrerade hos oss. Om de \u00e4r felaktiga eller ofullst\u00e4ndiga har du r\u00e4tt att f\u00e5 uppgifterna r\u00e4ttade eller raderade.<br \/>Howies Hockey anv\u00e4nder krypterad data\u00f6verf\u00f6ring. Betalning- och personuppgifter sker genom s\u00e4kra sidor p\u00e5 n\u00e4tet. Vi ing\u00e5r inga avtal med minder\u00e5riga. Om du \u00e4r under 18 \u00e5r m\u00e5ste du ha m\u00e5lsmans tillst\u00e5nd f\u00f6r att handla p\u00e5 Howies Hockey.<\/p>\n<div class=\"is-divider divider clearfix\" style=\"max-width:1150px;height:1px;background-color:rgb(0, 0, 0);\"><\/div>\n<p class=\"uppercase\"><strong>Vilken information samlar vi in?<\/strong><\/p>\n<p>Information du angiver vid kontakt med oss, vid anm\u00e4lan till v\u00e5rt nyhetsbrev eller det du anger vid best\u00e4llning. Cookies kan ocks\u00e5 samla in information om ditt bes\u00f6k, s\u00e5 som demografi, varaktighet p\u00e5 sidor eller bes\u00f6kta sidor.<\/p>\n<div class=\"is-divider divider clearfix\" style=\"max-width:1150px;height:1px;background-color:rgb(0, 0, 0);\"><\/div>\n<p class=\"uppercase\"><strong>Tredje Parter<\/strong><\/p>\n<p>Howies Hockey kan dela kundinformation med tredje part f\u00f6r att utf\u00f6ra tj\u00e4nster p\u00e5 kunds r\u00e4kning. Inga personuppgifter kommer att skickas vidare, bytas eller publiceras utanf\u00f6r v\u00e5r organisation eller v\u00e5ra tillf\u00f6rlitliga samarbetspartners.<\/p>\n<div class=\"is-divider divider clearfix\" style=\"max-width:1150px;height:1px;background-color:rgb(0, 0, 0);\"><\/div>\n<p class=\"uppercase\"><strong>Anv\u00e4nder Hockeylife.se cookies?<\/strong><\/p>\n<p>P\u00e5 Hockeylife.se anv\u00e4nds permanenta cookies f\u00f6r b\u00e4sta funktionalitet.<\/p>\n<div class=\"is-divider divider clearfix\" style=\"max-width:1150px;height:1px;background-color:rgb(0, 0, 0);\"><\/div>\n<p class=\"uppercase\"><strong>Vad anv\u00e4nds cookies till?<\/strong><\/p>\n<p>En cookie \u00e4r en liten textfil som lagras p\u00e5 din dator och som inneh\u00e5ller information. Cookies anv\u00e4nds av rent tekniska sk\u00e4l f\u00f6r hemsidans funktionalitet, till exempel f\u00f6r inloggning, navigering och formul\u00e4rhantering. Det finns tv\u00e5 sorters cookies, en sort som sparar en fil permanent p\u00e5 din dator och en annan sort som sparas tempor\u00e4rt under tiden du befinner dig p\u00e5 hemsidan.<\/p>\n<div class=\"is-divider divider clearfix\" style=\"max-width:1150px;height:1px;background-color:rgb(0, 0, 0);\"><\/div>\n<p class=\"uppercase\"><strong>Hur kan du undvika cookies?<\/strong><\/p>\n<p>Om du inte vill till\u00e5ta lagring av cookies p\u00e5 din dator kan du st\u00e4nga av det i din webbl\u00e4sares inst\u00e4llningar (se din webbl\u00e4sares instruktion, tillv\u00e4gag\u00e5ngss\u00e4ttet varierar beroende p\u00e5 vilken webbl\u00e4sare du har). Det inneb\u00e4r dock att funktionaliteten p\u00e5 hemsidan kan begr\u00e4nsas.<\/p>\n<div class=\"is-divider divider clearfix\" style=\"max-width:1150px;height:1px;background-color:rgb(0, 0, 0);\"><\/div>\n<p class=\"uppercase\"><strong>Uppdatering<\/strong><\/p>\n<p>Information p\u00e5 denna sida kan komma att uppdateras, vi rekommenderar att anv\u00e4ndare av hemsidan h\u00e5ller sig uppdaterade genom att bes\u00f6ka den h\u00e4r sidan frekvent.<br \/>Alla uppdateringar l\u00e4ggs upp p\u00e5 den h\u00e4r sidan.<\/p>\n\t<div id=\"gap-241895119\" class=\"gap-element clearfix\" style=\"display:block; height:auto;\">\n\t\t\n<style>\n#gap-241895119 {\n  padding-top: 60px;\n}\n<\/style>\n\t<\/div>\n\t\n\t\t<\/div>\n\t\t\t\t\t<\/div>\n\n\t\n\n<style>\n#row-930082112 > .col > .col-inner {\n  padding: 30px 0px 0px 0px;\n}\n<\/style>\n<\/div>\n","protected":false},"excerpt":{"rendered":"","protected":false},"author":1,"featured_media":0,"parent":0,"menu_order":0,"comment_status":"closed","ping_status":"closed","template":"","meta":{"inline_featured_image":false,"footnotes":""},"class_list":["post-5807","page","type-page","status-publish","hentry"],"yoast_head":"<!-- This site is optimized with the Yoast SEO plugin v27.5 - https:\/\/yoast.com\/product\/yoast-seo-wordpress\/ -->\n<title>Sekretesspolicy - Howies Hockey Sverige<\/title>\n<meta name=\"robots\" content=\"index, follow, max-snippet:-1, max-image-preview:large, max-video-preview:-1\" \/>\n<link rel=\"canonical\" href=\"https:\/\/gethowies.com\/se\/sekretesspolicy\/\" \/>\n<meta property=\"og:locale\" content=\"sv_SE\" \/>\n<meta property=\"og:type\" content=\"article\" \/>\n<meta property=\"og:title\" content=\"Sekretesspolicy - Howies Hockey Sverige\" \/>\n<meta property=\"og:url\" content=\"https:\/\/gethowies.com\/se\/sekretesspolicy\/\" \/>\n<meta property=\"og:site_name\" content=\"Howies Hockey Sverige\" \/>\n<meta name=\"twitter:card\" content=\"summary_large_image\" \/>\n<meta name=\"twitter:label1\" content=\"Ber\u00e4knad l\u00e4stid\" \/>\n\t<meta name=\"twitter:data1\" content=\"3 minuter\" \/>\n<script type=\"application\/ld+json\" class=\"yoast-schema-graph\">{\"@context\":\"https:\\\/\\\/schema.org\",\"@graph\":[{\"@type\":\"WebPage\",\"@id\":\"https:\\\/\\\/gethowies.com\\\/se\\\/sekretesspolicy\\\/\",\"url\":\"https:\\\/\\\/gethowies.com\\\/se\\\/sekretesspolicy\\\/\",\"name\":\"Sekretesspolicy - Howies Hockey Sverige\",\"isPartOf\":{\"@id\":\"https:\\\/\\\/gethowies.com\\\/se\\\/#website\"},\"datePublished\":\"2018-04-22T13:30:02+00:00\",\"breadcrumb\":{\"@id\":\"https:\\\/\\\/gethowies.com\\\/se\\\/sekretesspolicy\\\/#breadcrumb\"},\"inLanguage\":\"sv-SE\",\"potentialAction\":[{\"@type\":\"ReadAction\",\"target\":[\"https:\\\/\\\/gethowies.com\\\/se\\\/sekretesspolicy\\\/\"]}]},{\"@type\":\"BreadcrumbList\",\"@id\":\"https:\\\/\\\/gethowies.com\\\/se\\\/sekretesspolicy\\\/#breadcrumb\",\"itemListElement\":[{\"@type\":\"ListItem\",\"position\":1,\"name\":\"Hem\",\"item\":\"https:\\\/\\\/gethowies.com\\\/se\\\/\"},{\"@type\":\"ListItem\",\"position\":2,\"name\":\"Sekretesspolicy\"}]},{\"@type\":\"WebSite\",\"@id\":\"https:\\\/\\\/gethowies.com\\\/se\\\/#website\",\"url\":\"https:\\\/\\\/gethowies.com\\\/se\\\/\",\"name\":\"Howies Hockey Sverige\",\"description\":\"\",\"potentialAction\":[{\"@type\":\"SearchAction\",\"target\":{\"@type\":\"EntryPoint\",\"urlTemplate\":\"https:\\\/\\\/gethowies.com\\\/se\\\/?s={search_term_string}\"},\"query-input\":{\"@type\":\"PropertyValueSpecification\",\"valueRequired\":true,\"valueName\":\"search_term_string\"}}],\"inLanguage\":\"sv-SE\"}]}<\/script>\n<!-- \/ Yoast SEO plugin. -->","yoast_head_json":{"title":"Sekretesspolicy - Howies Hockey Sverige","robots":{"index":"index","follow":"follow","max-snippet":"max-snippet:-1","max-image-preview":"max-image-preview:large","max-video-preview":"max-video-preview:-1"},"canonical":"https:\/\/gethowies.com\/se\/sekretesspolicy\/","og_locale":"sv_SE","og_type":"article","og_title":"Sekretesspolicy - Howies Hockey Sverige","og_url":"https:\/\/gethowies.com\/se\/sekretesspolicy\/","og_site_name":"Howies Hockey Sverige","twitter_card":"summary_large_image","twitter_misc":{"Ber\u00e4knad l\u00e4stid":"3 minuter"},"schema":{"@context":"https:\/\/schema.org","@graph":[{"@type":"WebPage","@id":"https:\/\/gethowies.com\/se\/sekretesspolicy\/","url":"https:\/\/gethowies.com\/se\/sekretesspolicy\/","name":"Sekretesspolicy - Howies Hockey Sverige","isPartOf":{"@id":"https:\/\/gethowies.com\/se\/#website"},"datePublished":"2018-04-22T13:30:02+00:00","breadcrumb":{"@id":"https:\/\/gethowies.com\/se\/sekretesspolicy\/#breadcrumb"},"inLanguage":"sv-SE","potentialAction":[{"@type":"ReadAction","target":["https:\/\/gethowies.com\/se\/sekretesspolicy\/"]}]},{"@type":"BreadcrumbList","@id":"https:\/\/gethowies.com\/se\/sekretesspolicy\/#breadcrumb","itemListElement":[{"@type":"ListItem","position":1,"name":"Hem","item":"https:\/\/gethowies.com\/se\/"},{"@type":"ListItem","position":2,"name":"Sekretesspolicy"}]},{"@type":"WebSite","@id":"https:\/\/gethowies.com\/se\/#website","url":"https:\/\/gethowies.com\/se\/","name":"Howies Hockey Sverige","description":"","potentialAction":[{"@type":"SearchAction","target":{"@type":"EntryPoint","urlTemplate":"https:\/\/gethowies.com\/se\/?s={search_term_string}"},"query-input":{"@type":"PropertyValueSpecification","valueRequired":true,"valueName":"search_term_string"}}],"inLanguage":"sv-SE"}]}},"_links":{"self":[{"href":"https:\/\/gethowies.com\/se\/wp-json\/wp\/v2\/pages\/5807","targetHints":{"allow":["GET"]}}],"collection":[{"href":"https:\/\/gethowies.com\/se\/wp-json\/wp\/v2\/pages"}],"about":[{"href":"https:\/\/gethowies.com\/se\/wp-json\/wp\/v2\/types\/page"}],"author":[{"embeddable":true,"href":"https:\/\/gethowies.com\/se\/wp-json\/wp\/v2\/users\/1"}],"replies":[{"embeddable":true,"href":"https:\/\/gethowies.com\/se\/wp-json\/wp\/v2\/comments?post=5807"}],"version-history":[{"count":0,"href":"https:\/\/gethowies.com\/se\/wp-json\/wp\/v2\/pages\/5807\/revisions"}],"wp:attachment":[{"href":"https:\/\/gethowies.com\/se\/wp-json\/wp\/v2\/media?parent=5807"}],"curies":[{"name":"wp","href":"https:\/\/api.w.org\/{rel}","templated":true}]}}