{"id":6347,"date":"2013-08-11T19:22:53","date_gmt":"2013-08-11T19:22:53","guid":{"rendered":"http:\/\/localhost:8888\/test\/?page_id=532"},"modified":"2018-08-18T23:41:55","modified_gmt":"2018-08-18T21:41:55","slug":"kontakta-oss","status":"publish","type":"page","link":"https:\/\/gethowies.com\/se\/kontakta-oss\/","title":{"rendered":"Kontakt"},"content":{"rendered":"\n\t<script type=\"text\/javascript\">\n  jQuery( document ).ready(function() {\n    function initialize() {\n        var styles = {\n            'flatsome':  [{\n            \"featureType\": \"administrative\",\n            \"stylers\": [\n              { \"visibility\": \"on\" }\n            ]\n          },\n          {\n            \"featureType\": \"road\",\n            \"stylers\": [\n              { \"visibility\": \"on\" },\n              { \"hue\": \"\" }\n            ]\n          },\n          {\n            \"stylers\": [\n\t\t\t  { \"visibility\": \"on\" },\n\t\t\t  { \"hue\": \"\" },\n\t\t\t  { \"saturation\": -30 }\n            ]\n          }\n        ]};\n\n        var myLatlng = new google.maps.LatLng(57.681409, 11.907277);\n        var myOptions = {\n            zoom: 17,\n            center: myLatlng,\n            mapTypeId: google.maps.MapTypeId.ROADMAP,\n            disableDefaultUI: true,\n            mapTypeId: 'flatsome',\n            draggable: true,\n            zoomControl: false,\n            zoomControlOptions: {\n              position: google.maps.ControlPosition.TOP_LEFT\n            },\n      \t\t\t\/\/ panControl: false,\n            \/\/ panControlOptions: {\n            \/\/   position: google.maps.ControlPosition.TOP_LEFT\n            \/\/ },\n      \t\t\tmapTypeControl: false,\n            mapTypeControlOptions: {\n              position: google.maps.ControlPosition.TOP_LEFT\n            },\n      \t\t\t\/\/ scaleControl: false,\n            \/\/ scaleControlOptions: {\n            \/\/   position: google.maps.ControlPosition.TOP_LEFT\n            \/\/ },\n      \t\t\tstreetViewControl: false,\n            streetViewControlOptions: {\n              position: google.maps.ControlPosition.TOP_LEFT\n            },\n      \t\t\t\/\/ overviewMapControl: false,\n            \/\/ overviewMapControlOptions: {\n            \/\/   position: google.maps.ControlPosition.TOP_LEFT\n            \/\/ },\n            scrollwheel: false,\n            disableDoubleClickZoom: true\n        }\n        var map = new google.maps.Map(document.getElementById(\"map-3709822232-inner\"), myOptions);\n        var styledMapType = new google.maps.StyledMapType(styles['flatsome'], {name: 'flatsome'});\n        map.mapTypes.set('flatsome', styledMapType);\n\n        var marker = new google.maps.Marker({\n            position: myLatlng,\n            map: map,\n            title:\"\"\n        });\n    }\n\n    \/\/ Required to proceed\n    if (!(typeof google === 'object' && typeof google.maps === 'object')) {\n      return\n    }\n\n    initialize()\n    google.maps.event.addDomListener(window, 'resize', initialize);\n    });\n    <\/script>\n\n    <div class=\"google-map relative mb\" id=\"map-3709822232\">\n        <div class=\"map-height\" id=\"map-3709822232-inner\"><\/div>\n        <div id=\"map_overlay_top\"><\/div>\n        <div id=\"map_overlay_bottom\"><\/div>\n                  <div class=\"map_inner map-inner last-reset absolute x95 md-x95 lg-x95 y95 md-y95 lg-y95\">\n              \n<h3>Varholmsgatan 6, 414 74, G\u00f6teborg<\/h3>\n<p>Vi har \u00f6ppet M\u00e5ndag \u2013 Fredag: 9:00 &#8211; 17:00<\/p>\n         <\/div>\n       \n       \n<style>\n#map-3709822232 .map-inner {\n  background-color: #fff;\n  max-width: 92%;\n}\n#map-3709822232 .map-height {\n  height: 300px;\n}\n@media (min-width:550px) {\n  #map-3709822232 .map-inner {\n    max-width: 41%;\n  }\n  #map-3709822232 .map-height {\n    height: 400px;\n  }\n}\n@media (min-width:850px) {\n  #map-3709822232 .map-inner {\n    max-width: 36%;\n  }\n}\n<\/style>\n    <\/div>\n\n\t\n<div class=\"row\"  id=\"row-1344085294\">\n\n\t<div id=\"col-1996414691\" class=\"col medium-6 large-6\"  >\n\t\t\t\t<div class=\"col-inner\"  >\n\t\t\t\n\t\t\t\n<div class=\"container section-title-container\" ><h3 class=\"section-title section-title-normal\"><b><\/b><span class=\"section-title-main\" >Vanliga fr\u00e5gor<\/span><b><\/b><\/h3><\/div>\n<p class=\"lead\">H\u00e4r hittar du v\u00e5ra vanligaste fr\u00e5gor.<\/p>\n<div class=\"accordion\">\n<div id=\"accordion-3546367465\" class=\"accordion-item\"><a id=\"accordion-3546367465-label\" href=\"#\" class=\"accordion-title plain\" aria-expanded=\"false\" aria-controls=\"accordion-3546367465-content\"><button class=\"toggle\" aria-label=\"Toggle\"><i class=\"icon-angle-down\"><\/i><\/button><span>Vilka betalningss\u00e4tt har ni ?<\/span><\/a><div id=\"accordion-3546367465-content\" class=\"accordion-inner\" aria-labelledby=\"accordion-3546367465-label\">\n<p>Vi erbjuder flera olika betalningsalternativ. Betalning med Swish, kortbetalning och faktura.<\/p>\n<\/div><\/div>\n<div id=\"accordion-2731219523\" class=\"accordion-item\"><a id=\"accordion-2731219523-label\" href=\"#\" class=\"accordion-title plain\" aria-expanded=\"false\" aria-controls=\"accordion-2731219523-content\"><button class=\"toggle\" aria-label=\"Toggle\"><i class=\"icon-angle-down\"><\/i><\/button><span>Vilket bolag skickar ni paketen med ?<\/span><\/a><div id=\"accordion-2731219523-content\" class=\"accordion-inner\" aria-labelledby=\"accordion-2731219523-label\">\n<p>Alla v\u00e5ra ordrar skickas med hj\u00e4lp av Postnord.<\/p>\n<\/div><\/div>\n<div id=\"accordion-3114498798\" class=\"accordion-item\"><a id=\"accordion-3114498798-label\" href=\"#\" class=\"accordion-title plain\" aria-expanded=\"false\" aria-controls=\"accordion-3114498798-content\"><button class=\"toggle\" aria-label=\"Toggle\"><i class=\"icon-angle-down\"><\/i><\/button><span>Hur l\u00e5ng \u00e4r leveranstiden ?<\/span><\/a><div id=\"accordion-3114498798-content\" class=\"accordion-inner\" aria-labelledby=\"accordion-3114498798-label\">\n<p>Det kan ta mellan 1- 3 arbetsdagar innan du har paketet.<\/p>\n<\/div><\/div>\n<div id=\"accordion-4264682011\" class=\"accordion-item\"><a id=\"accordion-4264682011-label\" href=\"#\" class=\"accordion-title plain\" aria-expanded=\"false\" aria-controls=\"accordion-4264682011-content\"><button class=\"toggle\" aria-label=\"Toggle\"><i class=\"icon-angle-down\"><\/i><\/button><span>Hur s\u00e4kert \u00e4r det att shoppa online ?<\/span><\/a><div id=\"accordion-4264682011-content\" class=\"accordion-inner\" aria-labelledby=\"accordion-4264682011-label\">\n<p>HowiesHockeyTape.se anv\u00e4nder SSL kryptering f\u00f6r att skydda dina uppgifter fr\u00e5n att sparas av andra, det \u00e4r 100% s\u00e4kert att handla hos oss sedan 2007.<\/p>\n<\/div><\/div>\n<div id=\"accordion-2961306817\" class=\"accordion-item\"><a id=\"accordion-2961306817-label\" href=\"#\" class=\"accordion-title plain\" aria-expanded=\"false\" aria-controls=\"accordion-2961306817-content\"><button class=\"toggle\" aria-label=\"Toggle\"><i class=\"icon-angle-down\"><\/i><\/button><span>Vilka l\u00e4nder skickar ni till ?<\/span><\/a><div id=\"accordion-2961306817-content\" class=\"accordion-inner\" aria-labelledby=\"accordion-2961306817-label\">\n<p>Vi skickar till alla l\u00e4nder. Du kan \u00e4ven handla p\u00e5 Howieshockeytape.eu. <\/p>\n<\/div><\/div>\n<div id=\"accordion-2920635211\" class=\"accordion-item\"><a id=\"accordion-2920635211-label\" href=\"#\" class=\"accordion-title plain\" aria-expanded=\"false\" aria-controls=\"accordion-2920635211-content\"><button class=\"toggle\" aria-label=\"Toggle\"><i class=\"icon-angle-down\"><\/i><\/button><span>F\u00e5r jag en orderbekr\u00e4ftelse ?<\/span><\/a><div id=\"accordion-2920635211-content\" class=\"accordion-inner\" aria-labelledby=\"accordion-2920635211-label\">\n<p>Ja, efter lagd order skickas en orderbekr\u00e4ftelse ut till dig.<\/p>\n<\/div><\/div>\n<\/div>\n\t\t<\/div>\n\t\t\t\t\t<\/div>\n\n\t\n\n\t<div id=\"col-588283853\" class=\"col medium-6 large-6\"  >\n\t\t\t\t<div class=\"col-inner\"  >\n\t\t\t\n\t\t\t\n<div class=\"container section-title-container\" ><h3 class=\"section-title section-title-normal\"><b><\/b><span class=\"section-title-main\" >Skicka oss ett mejl<\/span><b><\/b><\/h3><\/div>\n\n<div class=\"wpcf7 no-js\" id=\"wpcf7-f7363-o1\" lang=\"sv-SE\" dir=\"ltr\" data-wpcf7-id=\"7363\">\n<div class=\"screen-reader-response\"><p role=\"status\" aria-live=\"polite\" aria-atomic=\"true\"><\/p> <ul><\/ul><\/div>\n<form action=\"\/se\/wp-json\/wp\/v2\/pages\/6347#wpcf7-f7363-o1\" method=\"post\" class=\"wpcf7-form init\" aria-label=\"Kontaktformul\u00e4r\" novalidate=\"novalidate\" data-status=\"init\">\n<fieldset class=\"hidden-fields-container\"><input type=\"hidden\" name=\"_wpcf7\" value=\"7363\" \/><input type=\"hidden\" name=\"_wpcf7_version\" value=\"6.1.5\" \/><input type=\"hidden\" name=\"_wpcf7_locale\" value=\"sv_SE\" \/><input type=\"hidden\" name=\"_wpcf7_unit_tag\" value=\"wpcf7-f7363-o1\" \/><input type=\"hidden\" name=\"_wpcf7_container_post\" value=\"0\" \/><input type=\"hidden\" name=\"_wpcf7_posted_data_hash\" value=\"\" \/>\n<\/fieldset>\n<p><label> Namn *<br \/>\n<span class=\"wpcf7-form-control-wrap\" data-name=\"your-name\"><input size=\"40\" maxlength=\"400\" class=\"wpcf7-form-control wpcf7-text wpcf7-validates-as-required\" aria-required=\"true\" aria-invalid=\"false\" value=\"\" type=\"text\" name=\"your-name\" \/><\/span> <\/label>\n<\/p>\n<p><label> E-postadress *<br \/>\n<span class=\"wpcf7-form-control-wrap\" data-name=\"your-email\"><input size=\"40\" maxlength=\"400\" class=\"wpcf7-form-control wpcf7-email wpcf7-validates-as-required wpcf7-text wpcf7-validates-as-email\" aria-required=\"true\" aria-invalid=\"false\" value=\"\" type=\"email\" name=\"your-email\" \/><\/span> <\/label>\n<\/p>\n<p><label> \u00c4mne<br \/>\n<span class=\"wpcf7-form-control-wrap\" data-name=\"your-subject\"><input size=\"40\" maxlength=\"400\" class=\"wpcf7-form-control wpcf7-text\" aria-invalid=\"false\" value=\"\" type=\"text\" name=\"your-subject\" \/><\/span> <\/label>\n<\/p>\n<p><label> Ditt meddelande<br \/>\n<span class=\"wpcf7-form-control-wrap\" data-name=\"your-message\"><textarea cols=\"40\" rows=\"10\" maxlength=\"2000\" class=\"wpcf7-form-control wpcf7-textarea\" aria-invalid=\"false\" name=\"your-message\"><\/textarea><\/span> <\/label>\n<\/p>\n<div style=\"margin-bottom: 1em;\">\n\t<p>[recaptcha]\n\t<\/p>\n<\/div>\n<p><input class=\"wpcf7-form-control wpcf7-submit has-spinner\" type=\"submit\" value=\"Skicka\" \/>\n<\/p><div class=\"wpcf7-response-output\" aria-hidden=\"true\"><\/div>\n<\/form>\n<\/div>\n\n\t\t<\/div>\n\t\t\t\t\t<\/div>\n\n\t\n<\/div>\n<p>\u00a0<\/p>\n","protected":false},"excerpt":{"rendered":"<p>\u00a0<\/p>\n","protected":false},"author":1,"featured_media":388,"parent":0,"menu_order":0,"comment_status":"closed","ping_status":"closed","template":"page-blank.php","meta":{"inline_featured_image":false,"footnotes":""},"class_list":["post-6347","page","type-page","status-publish","has-post-thumbnail","hentry"],"yoast_head":"<!-- This site is optimized with the Yoast SEO plugin v27.5 - https:\/\/yoast.com\/product\/yoast-seo-wordpress\/ -->\n<title>Kontakta oss - Howies Hockey<\/title>\n<meta name=\"description\" content=\"Kontakta kundtj\u00e4nst. Har du fr\u00e5gar eller beh\u00f6ver hj\u00e4lp? Du \u00e4r v\u00e4lkommen att kontakta oss via kontaktformul\u00e4ret nedan eller mejla direkt till info@howies.se\" \/>\n<meta name=\"robots\" content=\"index, follow, max-snippet:-1, max-image-preview:large, max-video-preview:-1\" \/>\n<link rel=\"canonical\" href=\"https:\/\/gethowies.com\/se\/kontakta-oss\/\" \/>\n<meta property=\"og:locale\" content=\"sv_SE\" \/>\n<meta property=\"og:type\" content=\"article\" \/>\n<meta property=\"og:title\" content=\"Kontakta oss - Howies Hockey\" \/>\n<meta property=\"og:description\" content=\"Kontakta kundtj\u00e4nst. Har du fr\u00e5gar eller beh\u00f6ver hj\u00e4lp? Du \u00e4r v\u00e4lkommen att kontakta oss via kontaktformul\u00e4ret nedan eller mejla direkt till info@howies.se\" \/>\n<meta property=\"og:url\" content=\"https:\/\/gethowies.com\/se\/kontakta-oss\/\" \/>\n<meta property=\"og:site_name\" content=\"Howies Hockey Sverige\" \/>\n<meta property=\"article:modified_time\" content=\"2018-08-18T21:41:55+00:00\" \/>\n<meta property=\"og:image\" content=\"https:\/\/gethowies.com\/se\/wp-content\/uploads\/sites\/2\/2016\/08\/dummy-1.jpg\" \/>\n\t<meta property=\"og:image:width\" content=\"400\" \/>\n\t<meta property=\"og:image:height\" content=\"260\" \/>\n\t<meta property=\"og:image:type\" content=\"image\/jpeg\" \/>\n<meta name=\"twitter:card\" content=\"summary_large_image\" \/>\n<meta name=\"twitter:label1\" content=\"Ber\u00e4knad l\u00e4stid\" \/>\n\t<meta name=\"twitter:data1\" content=\"1 minut\" \/>\n<script type=\"application\/ld+json\" class=\"yoast-schema-graph\">{\"@context\":\"https:\\\/\\\/schema.org\",\"@graph\":[{\"@type\":\"WebPage\",\"@id\":\"https:\\\/\\\/gethowies.com\\\/se\\\/kontakta-oss\\\/\",\"url\":\"https:\\\/\\\/gethowies.com\\\/se\\\/kontakta-oss\\\/\",\"name\":\"Kontakta oss - Howies Hockey\",\"isPartOf\":{\"@id\":\"https:\\\/\\\/gethowies.com\\\/se\\\/#website\"},\"primaryImageOfPage\":{\"@id\":\"https:\\\/\\\/gethowies.com\\\/se\\\/kontakta-oss\\\/#primaryimage\"},\"image\":{\"@id\":\"https:\\\/\\\/gethowies.com\\\/se\\\/kontakta-oss\\\/#primaryimage\"},\"thumbnailUrl\":\"https:\\\/\\\/gethowies.com\\\/se\\\/wp-content\\\/uploads\\\/sites\\\/2\\\/2016\\\/08\\\/dummy-1.jpg\",\"datePublished\":\"2013-08-11T19:22:53+00:00\",\"dateModified\":\"2018-08-18T21:41:55+00:00\",\"description\":\"Kontakta kundtj\u00e4nst. Har du fr\u00e5gar eller beh\u00f6ver hj\u00e4lp? Du \u00e4r v\u00e4lkommen att kontakta oss via kontaktformul\u00e4ret nedan eller mejla direkt till info@howies.se\",\"breadcrumb\":{\"@id\":\"https:\\\/\\\/gethowies.com\\\/se\\\/kontakta-oss\\\/#breadcrumb\"},\"inLanguage\":\"sv-SE\",\"potentialAction\":[{\"@type\":\"ReadAction\",\"target\":[\"https:\\\/\\\/gethowies.com\\\/se\\\/kontakta-oss\\\/\"]}]},{\"@type\":\"ImageObject\",\"inLanguage\":\"sv-SE\",\"@id\":\"https:\\\/\\\/gethowies.com\\\/se\\\/kontakta-oss\\\/#primaryimage\",\"url\":\"https:\\\/\\\/gethowies.com\\\/se\\\/wp-content\\\/uploads\\\/sites\\\/2\\\/2016\\\/08\\\/dummy-1.jpg\",\"contentUrl\":\"https:\\\/\\\/gethowies.com\\\/se\\\/wp-content\\\/uploads\\\/sites\\\/2\\\/2016\\\/08\\\/dummy-1.jpg\",\"width\":400,\"height\":260},{\"@type\":\"BreadcrumbList\",\"@id\":\"https:\\\/\\\/gethowies.com\\\/se\\\/kontakta-oss\\\/#breadcrumb\",\"itemListElement\":[{\"@type\":\"ListItem\",\"position\":1,\"name\":\"Hem\",\"item\":\"https:\\\/\\\/gethowies.com\\\/se\\\/\"},{\"@type\":\"ListItem\",\"position\":2,\"name\":\"Kontakt\"}]},{\"@type\":\"WebSite\",\"@id\":\"https:\\\/\\\/gethowies.com\\\/se\\\/#website\",\"url\":\"https:\\\/\\\/gethowies.com\\\/se\\\/\",\"name\":\"Howies Hockey Sverige\",\"description\":\"\",\"potentialAction\":[{\"@type\":\"SearchAction\",\"target\":{\"@type\":\"EntryPoint\",\"urlTemplate\":\"https:\\\/\\\/gethowies.com\\\/se\\\/?s={search_term_string}\"},\"query-input\":{\"@type\":\"PropertyValueSpecification\",\"valueRequired\":true,\"valueName\":\"search_term_string\"}}],\"inLanguage\":\"sv-SE\"}]}<\/script>\n<!-- \/ Yoast SEO plugin. -->","yoast_head_json":{"title":"Kontakta oss - Howies Hockey","description":"Kontakta kundtj\u00e4nst. Har du fr\u00e5gar eller beh\u00f6ver hj\u00e4lp? Du \u00e4r v\u00e4lkommen att kontakta oss via kontaktformul\u00e4ret nedan eller mejla direkt till info@howies.se","robots":{"index":"index","follow":"follow","max-snippet":"max-snippet:-1","max-image-preview":"max-image-preview:large","max-video-preview":"max-video-preview:-1"},"canonical":"https:\/\/gethowies.com\/se\/kontakta-oss\/","og_locale":"sv_SE","og_type":"article","og_title":"Kontakta oss - Howies Hockey","og_description":"Kontakta kundtj\u00e4nst. Har du fr\u00e5gar eller beh\u00f6ver hj\u00e4lp? Du \u00e4r v\u00e4lkommen att kontakta oss via kontaktformul\u00e4ret nedan eller mejla direkt till info@howies.se","og_url":"https:\/\/gethowies.com\/se\/kontakta-oss\/","og_site_name":"Howies Hockey Sverige","article_modified_time":"2018-08-18T21:41:55+00:00","og_image":[{"width":400,"height":260,"url":"https:\/\/gethowies.com\/se\/wp-content\/uploads\/sites\/2\/2016\/08\/dummy-1.jpg","type":"image\/jpeg"}],"twitter_card":"summary_large_image","twitter_misc":{"Ber\u00e4knad l\u00e4stid":"1 minut"},"schema":{"@context":"https:\/\/schema.org","@graph":[{"@type":"WebPage","@id":"https:\/\/gethowies.com\/se\/kontakta-oss\/","url":"https:\/\/gethowies.com\/se\/kontakta-oss\/","name":"Kontakta oss - Howies Hockey","isPartOf":{"@id":"https:\/\/gethowies.com\/se\/#website"},"primaryImageOfPage":{"@id":"https:\/\/gethowies.com\/se\/kontakta-oss\/#primaryimage"},"image":{"@id":"https:\/\/gethowies.com\/se\/kontakta-oss\/#primaryimage"},"thumbnailUrl":"https:\/\/gethowies.com\/se\/wp-content\/uploads\/sites\/2\/2016\/08\/dummy-1.jpg","datePublished":"2013-08-11T19:22:53+00:00","dateModified":"2018-08-18T21:41:55+00:00","description":"Kontakta kundtj\u00e4nst. Har du fr\u00e5gar eller beh\u00f6ver hj\u00e4lp? Du \u00e4r v\u00e4lkommen att kontakta oss via kontaktformul\u00e4ret nedan eller mejla direkt till info@howies.se","breadcrumb":{"@id":"https:\/\/gethowies.com\/se\/kontakta-oss\/#breadcrumb"},"inLanguage":"sv-SE","potentialAction":[{"@type":"ReadAction","target":["https:\/\/gethowies.com\/se\/kontakta-oss\/"]}]},{"@type":"ImageObject","inLanguage":"sv-SE","@id":"https:\/\/gethowies.com\/se\/kontakta-oss\/#primaryimage","url":"https:\/\/gethowies.com\/se\/wp-content\/uploads\/sites\/2\/2016\/08\/dummy-1.jpg","contentUrl":"https:\/\/gethowies.com\/se\/wp-content\/uploads\/sites\/2\/2016\/08\/dummy-1.jpg","width":400,"height":260},{"@type":"BreadcrumbList","@id":"https:\/\/gethowies.com\/se\/kontakta-oss\/#breadcrumb","itemListElement":[{"@type":"ListItem","position":1,"name":"Hem","item":"https:\/\/gethowies.com\/se\/"},{"@type":"ListItem","position":2,"name":"Kontakt"}]},{"@type":"WebSite","@id":"https:\/\/gethowies.com\/se\/#website","url":"https:\/\/gethowies.com\/se\/","name":"Howies Hockey Sverige","description":"","potentialAction":[{"@type":"SearchAction","target":{"@type":"EntryPoint","urlTemplate":"https:\/\/gethowies.com\/se\/?s={search_term_string}"},"query-input":{"@type":"PropertyValueSpecification","valueRequired":true,"valueName":"search_term_string"}}],"inLanguage":"sv-SE"}]}},"_links":{"self":[{"href":"https:\/\/gethowies.com\/se\/wp-json\/wp\/v2\/pages\/6347","targetHints":{"allow":["GET"]}}],"collection":[{"href":"https:\/\/gethowies.com\/se\/wp-json\/wp\/v2\/pages"}],"about":[{"href":"https:\/\/gethowies.com\/se\/wp-json\/wp\/v2\/types\/page"}],"author":[{"embeddable":true,"href":"https:\/\/gethowies.com\/se\/wp-json\/wp\/v2\/users\/1"}],"replies":[{"embeddable":true,"href":"https:\/\/gethowies.com\/se\/wp-json\/wp\/v2\/comments?post=6347"}],"version-history":[{"count":1,"href":"https:\/\/gethowies.com\/se\/wp-json\/wp\/v2\/pages\/6347\/revisions"}],"predecessor-version":[{"id":7422,"href":"https:\/\/gethowies.com\/se\/wp-json\/wp\/v2\/pages\/6347\/revisions\/7422"}],"wp:featuredmedia":[{"embeddable":true,"href":"https:\/\/gethowies.com\/se\/wp-json\/wp\/v2\/media\/388"}],"wp:attachment":[{"href":"https:\/\/gethowies.com\/se\/wp-json\/wp\/v2\/media?parent=6347"}],"curies":[{"name":"wp","href":"https:\/\/api.w.org\/{rel}","templated":true}]}}