{"id":6349,"date":"2013-08-11T19:06:15","date_gmt":"2013-08-11T19:06:15","guid":{"rendered":"http:\/\/localhost:8888\/test\/?page_id=520"},"modified":"2018-08-26T12:58:17","modified_gmt":"2018-08-26T10:58:17","slug":"om-oss","status":"publish","type":"page","link":"https:\/\/gethowies.com\/se\/om-oss\/","title":{"rendered":"Om Howies"},"content":{"rendered":"\t<section class=\"section\" id=\"section_553170749\">\n\t\t<div class=\"bg section-bg fill bg-fill  bg-loaded\" >\n\n\t\t\t\n\t\t\t\n\t\t\t\n\n\t\t<\/div>\n\n\t\t\n\n\t\t<div class=\"section-content relative\">\n\t\t\t\n<div class=\"row\"  id=\"row-282764271\">\n\n\t<div id=\"col-1478223849\" class=\"col small-12 large-12\"  >\n\t\t\t\t<div class=\"col-inner\"  >\n\t\t\t\n\t\t\t\n<p style=\"text-align: center\">\u00a0<\/p>\n<h2 style=\"text-align: center\"><span style=\"font-size: 120%\">Vad \u00e4r Howies Hockey?<\/span><\/h2>\n<p style=\"text-align: center\">\u00a0<\/p>\n<p style=\"text-align: center\"><strong>Howies Hockey Tape<\/strong> anv\u00e4nds idag av spelare och lag i NHL, AHL, NCAA, SHL och Allsvenskan med stor framg\u00e5ng. Vi kan garantera att med Howies Hockey Tape f\u00e5r Du en riktig hockeytejp som Du blir n\u00f6jd med. Howies produktion ligger i USA och Kanada och leds av hockeyspecialister som kan hockey och vet vilken h\u00f6g kvalitetsniv\u00e5 dagens spelare kr\u00e4ver.\u00a0Vi kan stolt s\u00e4ga\u00a0att f\u00f6rutom v\u00e4rldens h\u00f6gsta kvalitet s\u00e5 har vi \u00e4ven marknadens st\u00f6rsta sortiment av tygtejp, benskyddstejp och grepptejp. You name it, we got it.<\/p>\n<p style=\"text-align: center\">Kvalit\u00e9 \u00e4r en av grundpelarna bakom Howies Hockey, det \u00e4r tack vare kvalit\u00e9n p\u00e5 v\u00e5ra produkter som g\u00f6r att vi skiljer oss fr\u00e5n konkurrenterna. I \u00f6ver 10 \u00e5r har vi levererat framf\u00f6rallt tejp och sn\u00f6ren till spelare v\u00e4rlden \u00f6ver som enbart n\u00f6jer sig med det b\u00e4sta.\u00a0Howies Hockey Tape startades av f.d hockeyspelare och drivs fortfarande av m\u00e4nniskor med djup insikt inom sporten, vi vet vad spelare vill ha och vi levererar det.<\/p>\n\t\t<\/div>\n\t\t\t\t\n<style>\n#col-1478223849 > .col-inner {\n  padding: 0px 15px 60px 15px;\n}\n<\/style>\n\t<\/div>\n\n\t\n<\/div>\n\t\t<\/div>\n\n\t\t\n<style>\n#section_553170749 {\n  padding-top: 30px;\n  padding-bottom: 30px;\n  min-height: 400px;\n}\n#section_553170749 .ux-shape-divider--top svg {\n  height: 150px;\n  --divider-top-width: 100%;\n}\n#section_553170749 .ux-shape-divider--bottom svg {\n  height: 150px;\n  --divider-width: 100%;\n}\n<\/style>\n\t<\/section>\n\t\n\t<section class=\"section\" id=\"section_110095771\">\n\t\t<div class=\"bg section-bg fill bg-fill  bg-loaded\" >\n\n\t\t\t\n\t\t\t\n\t\t\t\n\t<div class=\"is-border\"\n\t\tstyle=\"border-color:rgb(235, 235, 235);border-width:1px 0px 0px 0px;\">\n\t<\/div>\n\n\t\t<\/div>\n\n\t\t\n\n\t\t<div class=\"section-content relative\">\n\t\t\t\n<div class=\"row\"  id=\"row-535216250\">\n\n\t<div id=\"col-344833307\" class=\"col small-12 large-12\"  >\n\t\t\t\t<div class=\"col-inner\"  >\n\t\t\t\n\t\t\t\n<p>\u00a0<\/p>\n<h2 style=\"text-align: center\"><span style=\"font-size: 120%\">Vill du veta mer?<\/span><\/h2>\n<p style=\"text-align: center\">L\u00e4r dig hur v\u00e5r hemsida fungerar<\/p>\n\t\t<\/div>\n\t\t\t\t\t<\/div>\n\n\t\n<\/div>\n<div class=\"row\"  id=\"row-761449859\">\n\n\t<div id=\"col-995674566\" class=\"col medium-4 small-12 large-4\"  >\n\t\t\t\t<div class=\"col-inner\"  >\n\t\t\t\n\t\t\t\n\n  <div class=\"banner has-hover bg-zoom bg-blur\" id=\"banner-1672169110\">\n          <div class=\"banner-inner fill\">\n        <div class=\"banner-bg fill\" >\n            <div class=\"bg fill bg-fill \"><\/div>\n                        <div class=\"overlay\"><\/div>            \n                    <\/div>\n\t\t\n        <div class=\"banner-layers container\">\n            <a class=\"fill\" href=\"..\/kontakta-oss\/\"  ><div class=\"fill banner-link\"><\/div><\/a>            \n   <div id=\"text-box-1596064977\" class=\"text-box banner-layer x50 md-x50 lg-x50 y50 md-y50 lg-y50 res-text\">\n                                <div class=\"text-box-content text dark\">\n              \n              <div class=\"text-inner text-center\">\n                  \n<h2 class=\"uppercase\"><a href=\"..\/kontakta-oss\/\"><strong>KONTAKT<\/strong><\/a><\/h2>\n<h4>KOM I KONTAKT MED OSS<\/h4>\n              <\/div>\n           <\/div>\n                            \n<style>\n#text-box-1596064977 {\n  width: 60%;\n}\n#text-box-1596064977 .text-box-content {\n  font-size: 100%;\n}\n<\/style>\n    <\/div>\n \n        <\/div>\n      <\/div>\n\n            \n<style>\n#banner-1672169110 {\n  padding-top: 200px;\n}\n#banner-1672169110 .bg.bg-loaded {\n  background-image: url(https:\/\/gethowies.com\/se\/wp-content\/uploads\/sites\/2\/2017\/07\/sauce-1024x678.jpg);\n}\n#banner-1672169110 .overlay {\n  background-color: rgba(0,0,0,.5);\n}\n#banner-1672169110 .ux-shape-divider--top svg {\n  height: 150px;\n  --divider-top-width: 100%;\n}\n#banner-1672169110 .ux-shape-divider--bottom svg {\n  height: 150px;\n  --divider-width: 100%;\n}\n<\/style>\n  <\/div>\n\n\n\t\t<\/div>\n\t\t\t\t\t<\/div>\n\n\t\n\n\t<div id=\"col-1053194079\" class=\"col medium-4 small-12 large-4\"  >\n\t\t\t\t<div class=\"col-inner\"  >\n\t\t\t\n\t\t\t\n\n  <div class=\"banner has-hover bg-zoom bg-blur\" id=\"banner-544832431\">\n          <div class=\"banner-inner fill\">\n        <div class=\"banner-bg fill\" >\n            <div class=\"bg fill bg-fill \"><\/div>\n                        <div class=\"overlay\"><\/div>            \n                    <\/div>\n\t\t\n        <div class=\"banner-layers container\">\n            <a class=\"fill\" href=\"..\/kopvillkor\/\"  ><div class=\"fill banner-link\"><\/div><\/a>            \n   <div id=\"text-box-439422404\" class=\"text-box banner-layer x50 md-x50 lg-x50 y50 md-y50 lg-y50 res-text\">\n                     <div data-animate=\"none\">           <div class=\"text-box-content text dark\">\n              \n              <div class=\"text-inner text-center\">\n                  \n<h2 class=\"uppercase\"><a href=\"..\/kopvillkor\/\"><strong>K\u00d6PVILLKOR<\/strong><\/a><\/h2>\n<h4><a href=\"..\/kopvillkor\/\">SE V\u00c5RA VILLKOR<\/a><\/h4>\n              <\/div>\n           <\/div>\n       <\/div>                     \n<style>\n#text-box-439422404 {\n  width: 60%;\n}\n#text-box-439422404 .text-box-content {\n  font-size: 100%;\n}\n<\/style>\n    <\/div>\n \n        <\/div>\n      <\/div>\n\n            \n<style>\n#banner-544832431 {\n  padding-top: 200px;\n}\n#banner-544832431 .bg.bg-loaded {\n  background-image: url(https:\/\/gethowies.com\/se\/wp-content\/uploads\/sites\/2\/2017\/07\/snapback-blue-1024x678.jpg);\n}\n#banner-544832431 .overlay {\n  background-color: rgba(0,0,0,.5);\n}\n#banner-544832431 .bg {\n  background-position: 85% 46%;\n}\n#banner-544832431 .ux-shape-divider--top svg {\n  height: 150px;\n  --divider-top-width: 100%;\n}\n#banner-544832431 .ux-shape-divider--bottom svg {\n  height: 150px;\n  --divider-width: 100%;\n}\n<\/style>\n  <\/div>\n\n\n\t\t<\/div>\n\t\t\t\t\t<\/div>\n\n\t\n\n\t<div id=\"col-1814034599\" class=\"col medium-4 small-12 large-4\"  >\n\t\t\t\t<div class=\"col-inner\"  >\n\t\t\t\n\t\t\t\n\n  <div class=\"banner has-hover bg-zoom bg-blur\" id=\"banner-67437679\">\n          <div class=\"banner-inner fill\">\n        <div class=\"banner-bg fill\" >\n            <div class=\"bg fill bg-fill \"><\/div>\n                        <div class=\"overlay\"><\/div>            \n                    <\/div>\n\t\t\n        <div class=\"banner-layers container\">\n            <a class=\"fill\" href=\"..\/faq\/\"  ><div class=\"fill banner-link\"><\/div><\/a>            \n   <div id=\"text-box-780506624\" class=\"text-box banner-layer x50 md-x50 lg-x50 y50 md-y50 lg-y50 res-text\">\n                                <div class=\"text-box-content text dark\">\n              \n              <div class=\"text-inner text-center\">\n                  \n<h2 class=\"uppercase\"><a href=\"..\/faq\/\"><strong>FAQ<\/strong><\/a><\/h2>\n<h4><a href=\"..\/faq\/\">VANLIGA FR\u00c5GOR<\/a><\/h4>\n              <\/div>\n           <\/div>\n                            \n<style>\n#text-box-780506624 {\n  width: 60%;\n}\n#text-box-780506624 .text-box-content {\n  font-size: 100%;\n}\n<\/style>\n    <\/div>\n \n        <\/div>\n      <\/div>\n\n            \n<style>\n#banner-67437679 {\n  padding-top: 200px;\n}\n#banner-67437679 .bg.bg-loaded {\n  background-image: url(https:\/\/gethowies.com\/se\/wp-content\/uploads\/sites\/2\/2017\/04\/newsletterbox-1024x731.jpg);\n}\n#banner-67437679 .overlay {\n  background-color: rgba(0,0,0,.5);\n}\n#banner-67437679 .ux-shape-divider--top svg {\n  height: 150px;\n  --divider-top-width: 100%;\n}\n#banner-67437679 .ux-shape-divider--bottom svg {\n  height: 150px;\n  --divider-width: 100%;\n}\n<\/style>\n  <\/div>\n\n\n\t\t<\/div>\n\t\t\t\t\t<\/div>\n\n\t\n<\/div>\n\t\t<\/div>\n\n\t\t\n<style>\n#section_110095771 {\n  padding-top: 59px;\n  padding-bottom: 59px;\n  min-height: 300px;\n  background-color: rgb(245, 245, 245);\n}\n#section_110095771 .ux-shape-divider--top svg {\n  height: 150px;\n  --divider-top-width: 100%;\n}\n#section_110095771 .ux-shape-divider--bottom svg {\n  height: 150px;\n  --divider-width: 100%;\n}\n<\/style>\n\t<\/section>\n\t\n","protected":false},"excerpt":{"rendered":"","protected":false},"author":1,"featured_media":388,"parent":0,"menu_order":0,"comment_status":"closed","ping_status":"closed","template":"page-blank.php","meta":{"inline_featured_image":false,"footnotes":""},"class_list":["post-6349","page","type-page","status-publish","has-post-thumbnail","hentry"],"yoast_head":"<!-- This site is optimized with the Yoast SEO plugin v27.5 - https:\/\/yoast.com\/product\/yoast-seo-wordpress\/ -->\n<title>V\u00e5r historia - Howies Hockey<\/title>\n<meta name=\"description\" content=\"Howies Hockey \u00e4r ett varum\u00e4rke inom ishockeytillbeh\u00f6r. F\u00f6retaget startades 2007 och fokus har alltid varit att skapa produkter med den b\u00e4sta kvalit\u00e9n inom v\u00e5rt omr\u00e5de. V\u00e5r hockeytejp, skridskosn\u00f6ren och puckar anv\u00e4nds idag av proffs \u00f6ver hela v\u00e4rlden.\" \/>\n<meta name=\"robots\" content=\"index, follow, max-snippet:-1, max-image-preview:large, max-video-preview:-1\" \/>\n<link rel=\"canonical\" href=\"https:\/\/gethowies.com\/se\/om-oss\/\" \/>\n<meta property=\"og:locale\" content=\"sv_SE\" \/>\n<meta property=\"og:type\" content=\"article\" \/>\n<meta property=\"og:title\" content=\"V\u00e5r historia - Howies Hockey\" \/>\n<meta property=\"og:description\" content=\"Howies Hockey \u00e4r ett varum\u00e4rke inom ishockeytillbeh\u00f6r. F\u00f6retaget startades 2007 och fokus har alltid varit att skapa produkter med den b\u00e4sta kvalit\u00e9n inom v\u00e5rt omr\u00e5de. V\u00e5r hockeytejp, skridskosn\u00f6ren och puckar anv\u00e4nds idag av proffs \u00f6ver hela v\u00e4rlden.\" \/>\n<meta property=\"og:url\" content=\"https:\/\/gethowies.com\/se\/om-oss\/\" \/>\n<meta property=\"og:site_name\" content=\"Howies Hockey Sverige\" \/>\n<meta property=\"article:modified_time\" content=\"2018-08-26T10:58:17+00:00\" \/>\n<meta property=\"og:image\" content=\"https:\/\/gethowies.com\/se\/wp-content\/uploads\/sites\/2\/2016\/08\/dummy-1.jpg\" \/>\n\t<meta property=\"og:image:width\" content=\"400\" \/>\n\t<meta property=\"og:image:height\" content=\"260\" \/>\n\t<meta property=\"og:image:type\" content=\"image\/jpeg\" \/>\n<meta name=\"twitter:card\" content=\"summary_large_image\" \/>\n<meta name=\"twitter:label1\" content=\"Ber\u00e4knad l\u00e4stid\" \/>\n\t<meta name=\"twitter:data1\" content=\"2 minuter\" \/>\n<script type=\"application\/ld+json\" class=\"yoast-schema-graph\">{\"@context\":\"https:\\\/\\\/schema.org\",\"@graph\":[{\"@type\":\"WebPage\",\"@id\":\"https:\\\/\\\/gethowies.com\\\/se\\\/om-oss\\\/\",\"url\":\"https:\\\/\\\/gethowies.com\\\/se\\\/om-oss\\\/\",\"name\":\"V\u00e5r historia - Howies Hockey\",\"isPartOf\":{\"@id\":\"https:\\\/\\\/gethowies.com\\\/se\\\/#website\"},\"primaryImageOfPage\":{\"@id\":\"https:\\\/\\\/gethowies.com\\\/se\\\/om-oss\\\/#primaryimage\"},\"image\":{\"@id\":\"https:\\\/\\\/gethowies.com\\\/se\\\/om-oss\\\/#primaryimage\"},\"thumbnailUrl\":\"https:\\\/\\\/gethowies.com\\\/se\\\/wp-content\\\/uploads\\\/sites\\\/2\\\/2016\\\/08\\\/dummy-1.jpg\",\"datePublished\":\"2013-08-11T19:06:15+00:00\",\"dateModified\":\"2018-08-26T10:58:17+00:00\",\"description\":\"Howies Hockey \u00e4r ett varum\u00e4rke inom ishockeytillbeh\u00f6r. F\u00f6retaget startades 2007 och fokus har alltid varit att skapa produkter med den b\u00e4sta kvalit\u00e9n inom v\u00e5rt omr\u00e5de. V\u00e5r hockeytejp, skridskosn\u00f6ren och puckar anv\u00e4nds idag av proffs \u00f6ver hela v\u00e4rlden.\",\"breadcrumb\":{\"@id\":\"https:\\\/\\\/gethowies.com\\\/se\\\/om-oss\\\/#breadcrumb\"},\"inLanguage\":\"sv-SE\",\"potentialAction\":[{\"@type\":\"ReadAction\",\"target\":[\"https:\\\/\\\/gethowies.com\\\/se\\\/om-oss\\\/\"]}]},{\"@type\":\"ImageObject\",\"inLanguage\":\"sv-SE\",\"@id\":\"https:\\\/\\\/gethowies.com\\\/se\\\/om-oss\\\/#primaryimage\",\"url\":\"https:\\\/\\\/gethowies.com\\\/se\\\/wp-content\\\/uploads\\\/sites\\\/2\\\/2016\\\/08\\\/dummy-1.jpg\",\"contentUrl\":\"https:\\\/\\\/gethowies.com\\\/se\\\/wp-content\\\/uploads\\\/sites\\\/2\\\/2016\\\/08\\\/dummy-1.jpg\",\"width\":400,\"height\":260},{\"@type\":\"BreadcrumbList\",\"@id\":\"https:\\\/\\\/gethowies.com\\\/se\\\/om-oss\\\/#breadcrumb\",\"itemListElement\":[{\"@type\":\"ListItem\",\"position\":1,\"name\":\"Hem\",\"item\":\"https:\\\/\\\/gethowies.com\\\/se\\\/\"},{\"@type\":\"ListItem\",\"position\":2,\"name\":\"Om Howies\"}]},{\"@type\":\"WebSite\",\"@id\":\"https:\\\/\\\/gethowies.com\\\/se\\\/#website\",\"url\":\"https:\\\/\\\/gethowies.com\\\/se\\\/\",\"name\":\"Howies Hockey Sverige\",\"description\":\"\",\"potentialAction\":[{\"@type\":\"SearchAction\",\"target\":{\"@type\":\"EntryPoint\",\"urlTemplate\":\"https:\\\/\\\/gethowies.com\\\/se\\\/?s={search_term_string}\"},\"query-input\":{\"@type\":\"PropertyValueSpecification\",\"valueRequired\":true,\"valueName\":\"search_term_string\"}}],\"inLanguage\":\"sv-SE\"}]}<\/script>\n<!-- \/ Yoast SEO plugin. -->","yoast_head_json":{"title":"V\u00e5r historia - Howies Hockey","description":"Howies Hockey \u00e4r ett varum\u00e4rke inom ishockeytillbeh\u00f6r. F\u00f6retaget startades 2007 och fokus har alltid varit att skapa produkter med den b\u00e4sta kvalit\u00e9n inom v\u00e5rt omr\u00e5de. V\u00e5r hockeytejp, skridskosn\u00f6ren och puckar anv\u00e4nds idag av proffs \u00f6ver hela v\u00e4rlden.","robots":{"index":"index","follow":"follow","max-snippet":"max-snippet:-1","max-image-preview":"max-image-preview:large","max-video-preview":"max-video-preview:-1"},"canonical":"https:\/\/gethowies.com\/se\/om-oss\/","og_locale":"sv_SE","og_type":"article","og_title":"V\u00e5r historia - Howies Hockey","og_description":"Howies Hockey \u00e4r ett varum\u00e4rke inom ishockeytillbeh\u00f6r. F\u00f6retaget startades 2007 och fokus har alltid varit att skapa produkter med den b\u00e4sta kvalit\u00e9n inom v\u00e5rt omr\u00e5de. V\u00e5r hockeytejp, skridskosn\u00f6ren och puckar anv\u00e4nds idag av proffs \u00f6ver hela v\u00e4rlden.","og_url":"https:\/\/gethowies.com\/se\/om-oss\/","og_site_name":"Howies Hockey Sverige","article_modified_time":"2018-08-26T10:58:17+00:00","og_image":[{"width":400,"height":260,"url":"https:\/\/gethowies.com\/se\/wp-content\/uploads\/sites\/2\/2016\/08\/dummy-1.jpg","type":"image\/jpeg"}],"twitter_card":"summary_large_image","twitter_misc":{"Ber\u00e4knad l\u00e4stid":"2 minuter"},"schema":{"@context":"https:\/\/schema.org","@graph":[{"@type":"WebPage","@id":"https:\/\/gethowies.com\/se\/om-oss\/","url":"https:\/\/gethowies.com\/se\/om-oss\/","name":"V\u00e5r historia - Howies Hockey","isPartOf":{"@id":"https:\/\/gethowies.com\/se\/#website"},"primaryImageOfPage":{"@id":"https:\/\/gethowies.com\/se\/om-oss\/#primaryimage"},"image":{"@id":"https:\/\/gethowies.com\/se\/om-oss\/#primaryimage"},"thumbnailUrl":"https:\/\/gethowies.com\/se\/wp-content\/uploads\/sites\/2\/2016\/08\/dummy-1.jpg","datePublished":"2013-08-11T19:06:15+00:00","dateModified":"2018-08-26T10:58:17+00:00","description":"Howies Hockey \u00e4r ett varum\u00e4rke inom ishockeytillbeh\u00f6r. F\u00f6retaget startades 2007 och fokus har alltid varit att skapa produkter med den b\u00e4sta kvalit\u00e9n inom v\u00e5rt omr\u00e5de. V\u00e5r hockeytejp, skridskosn\u00f6ren och puckar anv\u00e4nds idag av proffs \u00f6ver hela v\u00e4rlden.","breadcrumb":{"@id":"https:\/\/gethowies.com\/se\/om-oss\/#breadcrumb"},"inLanguage":"sv-SE","potentialAction":[{"@type":"ReadAction","target":["https:\/\/gethowies.com\/se\/om-oss\/"]}]},{"@type":"ImageObject","inLanguage":"sv-SE","@id":"https:\/\/gethowies.com\/se\/om-oss\/#primaryimage","url":"https:\/\/gethowies.com\/se\/wp-content\/uploads\/sites\/2\/2016\/08\/dummy-1.jpg","contentUrl":"https:\/\/gethowies.com\/se\/wp-content\/uploads\/sites\/2\/2016\/08\/dummy-1.jpg","width":400,"height":260},{"@type":"BreadcrumbList","@id":"https:\/\/gethowies.com\/se\/om-oss\/#breadcrumb","itemListElement":[{"@type":"ListItem","position":1,"name":"Hem","item":"https:\/\/gethowies.com\/se\/"},{"@type":"ListItem","position":2,"name":"Om Howies"}]},{"@type":"WebSite","@id":"https:\/\/gethowies.com\/se\/#website","url":"https:\/\/gethowies.com\/se\/","name":"Howies Hockey Sverige","description":"","potentialAction":[{"@type":"SearchAction","target":{"@type":"EntryPoint","urlTemplate":"https:\/\/gethowies.com\/se\/?s={search_term_string}"},"query-input":{"@type":"PropertyValueSpecification","valueRequired":true,"valueName":"search_term_string"}}],"inLanguage":"sv-SE"}]}},"_links":{"self":[{"href":"https:\/\/gethowies.com\/se\/wp-json\/wp\/v2\/pages\/6349","targetHints":{"allow":["GET"]}}],"collection":[{"href":"https:\/\/gethowies.com\/se\/wp-json\/wp\/v2\/pages"}],"about":[{"href":"https:\/\/gethowies.com\/se\/wp-json\/wp\/v2\/types\/page"}],"author":[{"embeddable":true,"href":"https:\/\/gethowies.com\/se\/wp-json\/wp\/v2\/users\/1"}],"replies":[{"embeddable":true,"href":"https:\/\/gethowies.com\/se\/wp-json\/wp\/v2\/comments?post=6349"}],"version-history":[{"count":2,"href":"https:\/\/gethowies.com\/se\/wp-json\/wp\/v2\/pages\/6349\/revisions"}],"predecessor-version":[{"id":7499,"href":"https:\/\/gethowies.com\/se\/wp-json\/wp\/v2\/pages\/6349\/revisions\/7499"}],"wp:featuredmedia":[{"embeddable":true,"href":"https:\/\/gethowies.com\/se\/wp-json\/wp\/v2\/media\/388"}],"wp:attachment":[{"href":"https:\/\/gethowies.com\/se\/wp-json\/wp\/v2\/media?parent=6349"}],"curies":[{"name":"wp","href":"https:\/\/api.w.org\/{rel}","templated":true}]}}