{"id":767,"date":"2017-03-10T21:43:54","date_gmt":"2017-03-10T21:43:54","guid":{"rendered":"https:\/\/hockeylife.se\/?page_id=767"},"modified":"2018-08-18T23:45:24","modified_gmt":"2018-08-18T21:45:24","slug":"puckar-med-tryck","status":"publish","type":"page","link":"https:\/\/gethowies.com\/se\/puckar-med-tryck\/","title":{"rendered":"Puckar med tryck"},"content":{"rendered":"\t<div id=\"gap-1585340386\" class=\"gap-element clearfix\" style=\"display:block; height:auto;\">\n\t\t\n<style>\n#gap-1585340386 {\n  padding-top: 30px;\n}\n<\/style>\n\t<\/div>\n\t\n<div class=\"row\"  id=\"row-866339523\">\n\n\t<div id=\"col-1808712706\" class=\"col hide-for-small small-12 large-12\"  >\n\t\t\t\t<div class=\"col-inner\"  >\n\t\t\t\n\t\t\t\n\n  <div class=\"banner has-hover\" id=\"banner-1917515542\">\n          <div class=\"banner-inner fill\">\n        <div class=\"banner-bg fill\" >\n            <div class=\"bg fill bg-fill \"><\/div>\n                                    \n                    <\/div>\n\t\t\n        <div class=\"banner-layers container\">\n            <div class=\"fill banner-link\"><\/div>            \n   <div id=\"text-box-266140142\" class=\"text-box banner-layer x50 md-x50 lg-x50 y50 md-y50 lg-y50 res-text\">\n                                <div class=\"text-box-content text dark\">\n              \n              <div class=\"text-inner text-center\">\n                  \n              <\/div>\n           <\/div>\n                            \n<style>\n#text-box-266140142 {\n  width: 60%;\n}\n#text-box-266140142 .text-box-content {\n  font-size: 100%;\n}\n<\/style>\n    <\/div>\n \n        <\/div>\n      <\/div>\n\n              <div class=\"height-fix is-invisible\"><img decoding=\"async\" width=\"1978\" height=\"500\" src=\"https:\/\/gethowies.com\/se\/wp-content\/uploads\/sites\/2\/2017\/05\/puck-eget-tryck.jpg\" class=\"attachment-orginal size-orginal\" alt=\"Puckar med leksand logo\" srcset=\"https:\/\/gethowies.com\/se\/wp-content\/uploads\/sites\/2\/2017\/05\/puck-eget-tryck.jpg 1978w, https:\/\/gethowies.com\/se\/wp-content\/uploads\/sites\/2\/2017\/05\/puck-eget-tryck-300x76.jpg 300w, https:\/\/gethowies.com\/se\/wp-content\/uploads\/sites\/2\/2017\/05\/puck-eget-tryck-768x194.jpg 768w, https:\/\/gethowies.com\/se\/wp-content\/uploads\/sites\/2\/2017\/05\/puck-eget-tryck-1024x259.jpg 1024w, https:\/\/gethowies.com\/se\/wp-content\/uploads\/sites\/2\/2017\/05\/puck-eget-tryck-20x5.jpg 20w, https:\/\/gethowies.com\/se\/wp-content\/uploads\/sites\/2\/2017\/05\/puck-eget-tryck-1020x258.jpg 1020w\" sizes=\"(max-width: 1978px) 100vw, 1978px\" \/><\/div>\n            \n<style>\n#banner-1917515542 .bg.bg-loaded {\n  background-image: url(https:\/\/gethowies.com\/se\/wp-content\/uploads\/sites\/2\/2017\/05\/puck-eget-tryck.jpg);\n}\n#banner-1917515542 {\n  background-color: rgb(255, 255, 255);\n}\n#banner-1917515542 .bg {\n  background-position: 38% 0%;\n}\n#banner-1917515542 .ux-shape-divider--top svg {\n  height: 150px;\n  --divider-top-width: 100%;\n}\n#banner-1917515542 .ux-shape-divider--bottom svg {\n  height: 150px;\n  --divider-width: 100%;\n}\n<\/style>\n  <\/div>\n\n\n\t\t<\/div>\n\t\t\t\t\t<\/div>\n\n\t\n\n\t<div id=\"col-1486470177\" class=\"col show-for-small medium-4 small-12 large-4\"  >\n\t\t\t\t<div class=\"col-inner\"  >\n\t\t\t\n\t\t\t\n\n  <div class=\"banner has-hover\" id=\"banner-2142500730\">\n          <div class=\"banner-inner fill\">\n        <div class=\"banner-bg fill\" >\n            <div class=\"bg fill bg-fill \"><\/div>\n                                    \n                    <\/div>\n\t\t\n        <div class=\"banner-layers container\">\n            <div class=\"fill banner-link\"><\/div>            \n   <div id=\"text-box-785133316\" class=\"text-box banner-layer x50 md-x50 lg-x50 y50 md-y50 lg-y50 res-text\">\n                                <div class=\"text-box-content text dark\">\n              \n              <div class=\"text-inner text-center\">\n                  \n              <\/div>\n           <\/div>\n                            \n<style>\n#text-box-785133316 {\n  width: 60%;\n}\n#text-box-785133316 .text-box-content {\n  font-size: 100%;\n}\n<\/style>\n    <\/div>\n \n        <\/div>\n      <\/div>\n\n            \n<style>\n#banner-2142500730 {\n  padding-top: 500px;\n}\n#banner-2142500730 .bg.bg-loaded {\n  background-image: url(https:\/\/gethowies.com\/se\/wp-content\/uploads\/sites\/2\/2017\/05\/custom-pucks-mobile2.jpg);\n}\n#banner-2142500730 .bg {\n  background-position: 0% 22%;\n}\n#banner-2142500730 .ux-shape-divider--top svg {\n  height: 150px;\n  --divider-top-width: 100%;\n}\n#banner-2142500730 .ux-shape-divider--bottom svg {\n  height: 150px;\n  --divider-width: 100%;\n}\n<\/style>\n  <\/div>\n\n\n\t\t<\/div>\n\t\t\t\t\t<\/div>\n\n\t\n<\/div>\n<div class=\"row\"  id=\"row-914975797\">\n\n\t<div id=\"col-1808831843\" class=\"col medium-8 small-12 large-8\"  >\n\t\t\t\t<div class=\"col-inner\"  >\n\t\t\t\n\t\t\t\n<div class=\"container section-title-container\" ><h3 class=\"section-title section-title-normal\"><b><\/b><span class=\"section-title-main\" >puckar med tryck<\/span><b><\/b><\/h3><\/div>\n<p>Howies match och tr\u00e4nings puckar \u00e4r smetfria och godk\u00e4nda av IIHF och Svenska ishockeyf\u00f6rbundet f\u00f6r tr\u00e4ning och matchspel. V\u00e5ra puckar till tillverkas i Tjeckien av GUFEX och anv\u00e4nds i alla OS och VM turneringar. Howies levererar idag till NHL, SHL, Allsvenskan samt Norska GET Ligan.<\/p>\n<h6>KLUBBEN ELLER SPONSORNS TRYCK<\/h6>\n<p>Howies kan nu erbjuda f\u00f6reningar och sponsorer puckar med eget tryck i mindre antal till konkurrenskraftiga priser. G\u00f6r som NHL och Elitserie klubbarna och best\u00e4ll puckar med f\u00f6reningen eller sponsorernas m\u00e4rke. Med sponsor tryck f\u00e5r sponsorerna valuta och klubben f\u00e5r puckar utan kostnad. Vi erbjuder standard tryck i guld alternativ silver och upp till femf\u00e4rgs tryck. Fr\u00e5n godk\u00e4nt korrektur tar det ca 14-20 arbetsdagar.<\/p>\n<h2 class=\"uppercase\">priser<\/h2>\n<p>Kontakta oss f\u00f6r att f\u00e5 en offert.<\/p>\n<h2>BEST\u00c4LLNING<\/h2>\n<p>1. Maila er order till <u>info@howies.se<\/u> och inkludera f\u00f6ljande:\u00a0<br \/>\u2022 \u00a0Logotype\u00a0<br \/>\u2022 \u00a0Antalet puckar\u00a0<br \/>\u2022 \u00a0Kontakt information<\/p>\n<p>2. En orderbekr\u00e4ftelse mailas till er n\u00e4r vi har sett \u00f6ver den\u00a0<\/p>\n<h2>DESIGN<\/h2>\n<p>\u2022 \u00a0Designen skall vara vector baserad fr\u00e5n program som Adobe Illustrator eller Corel Draw\u00a0<br \/>\u2022 \u00a0Filformatet skall vara sparad i ai, cdr eller eps<br \/>\u2022 \u00a0Filen kan inte inneh\u00e5lla raster eller pixel baserade bilder<\/p>\n<h2>VILLKOR\u00a0<\/h2>\n<p>Puckar med eget tryck \u00e4r en unik produkt f\u00f6r er.\u00a0Betalning i f\u00f6rskott via kreditkort eller faktura kr\u00e4vs.\u00a0<\/p>\n<p>Fraktkostnad tillkommer Kontakta oss f\u00f6r mer information och priser, vi tar kostnadsfritt fram ett korrektur med er logo.\u00a0<\/p>\n\t\t<\/div>\n\t\t\t\t\t<\/div>\n\n\t\n\n\t<div id=\"col-526072200\" class=\"col medium-4 small-12 large-4\"  >\n\t\t\t\t<div class=\"col-inner\"  >\n\t\t\t\n\t\t\t\n<div class=\"container section-title-container\" ><h3 class=\"section-title section-title-normal\"><b><\/b><span class=\"section-title-main\" >kontakta oss<\/span><b><\/b><\/h3><\/div>\n\n<div class=\"wpcf7 no-js\" id=\"wpcf7-f7363-o1\" lang=\"sv-SE\" dir=\"ltr\" data-wpcf7-id=\"7363\">\n<div class=\"screen-reader-response\"><p role=\"status\" aria-live=\"polite\" aria-atomic=\"true\"><\/p> <ul><\/ul><\/div>\n<form action=\"\/se\/wp-json\/wp\/v2\/pages\/767#wpcf7-f7363-o1\" method=\"post\" class=\"wpcf7-form init\" aria-label=\"Kontaktformul\u00e4r\" novalidate=\"novalidate\" data-status=\"init\">\n<fieldset class=\"hidden-fields-container\"><input type=\"hidden\" name=\"_wpcf7\" value=\"7363\" \/><input type=\"hidden\" name=\"_wpcf7_version\" value=\"6.1.5\" \/><input type=\"hidden\" name=\"_wpcf7_locale\" value=\"sv_SE\" \/><input type=\"hidden\" name=\"_wpcf7_unit_tag\" value=\"wpcf7-f7363-o1\" \/><input type=\"hidden\" name=\"_wpcf7_container_post\" value=\"0\" \/><input type=\"hidden\" name=\"_wpcf7_posted_data_hash\" value=\"\" \/>\n<\/fieldset>\n<p><label> Namn *<br \/>\n<span class=\"wpcf7-form-control-wrap\" data-name=\"your-name\"><input size=\"40\" maxlength=\"400\" class=\"wpcf7-form-control wpcf7-text wpcf7-validates-as-required\" aria-required=\"true\" aria-invalid=\"false\" value=\"\" type=\"text\" name=\"your-name\" \/><\/span> <\/label>\n<\/p>\n<p><label> E-postadress *<br \/>\n<span class=\"wpcf7-form-control-wrap\" data-name=\"your-email\"><input size=\"40\" maxlength=\"400\" class=\"wpcf7-form-control wpcf7-email wpcf7-validates-as-required wpcf7-text wpcf7-validates-as-email\" aria-required=\"true\" aria-invalid=\"false\" value=\"\" type=\"email\" name=\"your-email\" \/><\/span> <\/label>\n<\/p>\n<p><label> \u00c4mne<br \/>\n<span class=\"wpcf7-form-control-wrap\" data-name=\"your-subject\"><input size=\"40\" maxlength=\"400\" class=\"wpcf7-form-control wpcf7-text\" aria-invalid=\"false\" value=\"\" type=\"text\" name=\"your-subject\" \/><\/span> <\/label>\n<\/p>\n<p><label> Ditt meddelande<br \/>\n<span class=\"wpcf7-form-control-wrap\" data-name=\"your-message\"><textarea cols=\"40\" rows=\"10\" maxlength=\"2000\" class=\"wpcf7-form-control wpcf7-textarea\" aria-invalid=\"false\" name=\"your-message\"><\/textarea><\/span> <\/label>\n<\/p>\n<div style=\"margin-bottom: 1em;\">\n\t<p>[recaptcha]\n\t<\/p>\n<\/div>\n<p><input class=\"wpcf7-form-control wpcf7-submit has-spinner\" type=\"submit\" value=\"Skicka\" \/>\n<\/p><div class=\"wpcf7-response-output\" aria-hidden=\"true\"><\/div>\n<\/form>\n<\/div>\n\n\t\t<\/div>\n\t\t\t\t\t<\/div>\n\n\t\n<\/div>\n","protected":false},"excerpt":{"rendered":"","protected":false},"author":1,"featured_media":0,"parent":0,"menu_order":0,"comment_status":"closed","ping_status":"closed","template":"page-blank.php","meta":{"inline_featured_image":false,"footnotes":""},"class_list":["post-767","page","type-page","status-publish","hentry"],"yoast_head":"<!-- This site is optimized with the Yoast SEO plugin v27.5 - https:\/\/yoast.com\/product\/yoast-seo-wordpress\/ -->\n<title>Puckar med eget tryck - Howies Hockey<\/title>\n<meta name=\"description\" content=\"Vi erbjuder tryck p\u00e5 hockeypuckar till konkurrenskraftiga priser. Med \u00f6ver 10 \u00e5rs erfarenhet \u00e4r vi experter p\u00e5 att ta fram puckar med eget tryck till klubbar och lag. V\u00e5ra puckar har b.la synts till i b\u00e5de SHL &amp; Allsvenskan.\" \/>\n<meta name=\"robots\" content=\"index, follow, max-snippet:-1, max-image-preview:large, max-video-preview:-1\" \/>\n<link rel=\"canonical\" href=\"https:\/\/gethowies.com\/se\/puckar-med-tryck\/\" \/>\n<meta property=\"og:locale\" content=\"sv_SE\" \/>\n<meta property=\"og:type\" content=\"article\" \/>\n<meta property=\"og:title\" content=\"Puckar med eget tryck - Howies Hockey\" \/>\n<meta property=\"og:description\" content=\"Vi erbjuder tryck p\u00e5 hockeypuckar till konkurrenskraftiga priser. Med \u00f6ver 10 \u00e5rs erfarenhet \u00e4r vi experter p\u00e5 att ta fram puckar med eget tryck till klubbar och lag. V\u00e5ra puckar har b.la synts till i b\u00e5de SHL &amp; Allsvenskan.\" \/>\n<meta property=\"og:url\" content=\"https:\/\/gethowies.com\/se\/puckar-med-tryck\/\" \/>\n<meta property=\"og:site_name\" content=\"Howies Hockey Sverige\" \/>\n<meta property=\"article:modified_time\" content=\"2018-08-18T21:45:24+00:00\" \/>\n<meta name=\"twitter:card\" content=\"summary_large_image\" \/>\n<meta name=\"twitter:label1\" content=\"Ber\u00e4knad l\u00e4stid\" \/>\n\t<meta name=\"twitter:data1\" content=\"2 minuter\" \/>\n<script type=\"application\/ld+json\" class=\"yoast-schema-graph\">{\"@context\":\"https:\\\/\\\/schema.org\",\"@graph\":[{\"@type\":\"WebPage\",\"@id\":\"https:\\\/\\\/gethowies.com\\\/se\\\/puckar-med-tryck\\\/\",\"url\":\"https:\\\/\\\/gethowies.com\\\/se\\\/puckar-med-tryck\\\/\",\"name\":\"Puckar med eget tryck - Howies Hockey\",\"isPartOf\":{\"@id\":\"https:\\\/\\\/gethowies.com\\\/se\\\/#website\"},\"datePublished\":\"2017-03-10T21:43:54+00:00\",\"dateModified\":\"2018-08-18T21:45:24+00:00\",\"description\":\"Vi erbjuder tryck p\u00e5 hockeypuckar till konkurrenskraftiga priser. Med \u00f6ver 10 \u00e5rs erfarenhet \u00e4r vi experter p\u00e5 att ta fram puckar med eget tryck till klubbar och lag. V\u00e5ra puckar har b.la synts till i b\u00e5de SHL & Allsvenskan.\",\"breadcrumb\":{\"@id\":\"https:\\\/\\\/gethowies.com\\\/se\\\/puckar-med-tryck\\\/#breadcrumb\"},\"inLanguage\":\"sv-SE\",\"potentialAction\":[{\"@type\":\"ReadAction\",\"target\":[\"https:\\\/\\\/gethowies.com\\\/se\\\/puckar-med-tryck\\\/\"]}]},{\"@type\":\"BreadcrumbList\",\"@id\":\"https:\\\/\\\/gethowies.com\\\/se\\\/puckar-med-tryck\\\/#breadcrumb\",\"itemListElement\":[{\"@type\":\"ListItem\",\"position\":1,\"name\":\"Hem\",\"item\":\"https:\\\/\\\/gethowies.com\\\/se\\\/\"},{\"@type\":\"ListItem\",\"position\":2,\"name\":\"Puckar med tryck\"}]},{\"@type\":\"WebSite\",\"@id\":\"https:\\\/\\\/gethowies.com\\\/se\\\/#website\",\"url\":\"https:\\\/\\\/gethowies.com\\\/se\\\/\",\"name\":\"Howies Hockey Sverige\",\"description\":\"\",\"potentialAction\":[{\"@type\":\"SearchAction\",\"target\":{\"@type\":\"EntryPoint\",\"urlTemplate\":\"https:\\\/\\\/gethowies.com\\\/se\\\/?s={search_term_string}\"},\"query-input\":{\"@type\":\"PropertyValueSpecification\",\"valueRequired\":true,\"valueName\":\"search_term_string\"}}],\"inLanguage\":\"sv-SE\"}]}<\/script>\n<!-- \/ Yoast SEO plugin. -->","yoast_head_json":{"title":"Puckar med eget tryck - Howies Hockey","description":"Vi erbjuder tryck p\u00e5 hockeypuckar till konkurrenskraftiga priser. Med \u00f6ver 10 \u00e5rs erfarenhet \u00e4r vi experter p\u00e5 att ta fram puckar med eget tryck till klubbar och lag. V\u00e5ra puckar har b.la synts till i b\u00e5de SHL & Allsvenskan.","robots":{"index":"index","follow":"follow","max-snippet":"max-snippet:-1","max-image-preview":"max-image-preview:large","max-video-preview":"max-video-preview:-1"},"canonical":"https:\/\/gethowies.com\/se\/puckar-med-tryck\/","og_locale":"sv_SE","og_type":"article","og_title":"Puckar med eget tryck - Howies Hockey","og_description":"Vi erbjuder tryck p\u00e5 hockeypuckar till konkurrenskraftiga priser. Med \u00f6ver 10 \u00e5rs erfarenhet \u00e4r vi experter p\u00e5 att ta fram puckar med eget tryck till klubbar och lag. V\u00e5ra puckar har b.la synts till i b\u00e5de SHL & Allsvenskan.","og_url":"https:\/\/gethowies.com\/se\/puckar-med-tryck\/","og_site_name":"Howies Hockey Sverige","article_modified_time":"2018-08-18T21:45:24+00:00","twitter_card":"summary_large_image","twitter_misc":{"Ber\u00e4knad l\u00e4stid":"2 minuter"},"schema":{"@context":"https:\/\/schema.org","@graph":[{"@type":"WebPage","@id":"https:\/\/gethowies.com\/se\/puckar-med-tryck\/","url":"https:\/\/gethowies.com\/se\/puckar-med-tryck\/","name":"Puckar med eget tryck - Howies Hockey","isPartOf":{"@id":"https:\/\/gethowies.com\/se\/#website"},"datePublished":"2017-03-10T21:43:54+00:00","dateModified":"2018-08-18T21:45:24+00:00","description":"Vi erbjuder tryck p\u00e5 hockeypuckar till konkurrenskraftiga priser. Med \u00f6ver 10 \u00e5rs erfarenhet \u00e4r vi experter p\u00e5 att ta fram puckar med eget tryck till klubbar och lag. V\u00e5ra puckar har b.la synts till i b\u00e5de SHL & Allsvenskan.","breadcrumb":{"@id":"https:\/\/gethowies.com\/se\/puckar-med-tryck\/#breadcrumb"},"inLanguage":"sv-SE","potentialAction":[{"@type":"ReadAction","target":["https:\/\/gethowies.com\/se\/puckar-med-tryck\/"]}]},{"@type":"BreadcrumbList","@id":"https:\/\/gethowies.com\/se\/puckar-med-tryck\/#breadcrumb","itemListElement":[{"@type":"ListItem","position":1,"name":"Hem","item":"https:\/\/gethowies.com\/se\/"},{"@type":"ListItem","position":2,"name":"Puckar med tryck"}]},{"@type":"WebSite","@id":"https:\/\/gethowies.com\/se\/#website","url":"https:\/\/gethowies.com\/se\/","name":"Howies Hockey Sverige","description":"","potentialAction":[{"@type":"SearchAction","target":{"@type":"EntryPoint","urlTemplate":"https:\/\/gethowies.com\/se\/?s={search_term_string}"},"query-input":{"@type":"PropertyValueSpecification","valueRequired":true,"valueName":"search_term_string"}}],"inLanguage":"sv-SE"}]}},"_links":{"self":[{"href":"https:\/\/gethowies.com\/se\/wp-json\/wp\/v2\/pages\/767","targetHints":{"allow":["GET"]}}],"collection":[{"href":"https:\/\/gethowies.com\/se\/wp-json\/wp\/v2\/pages"}],"about":[{"href":"https:\/\/gethowies.com\/se\/wp-json\/wp\/v2\/types\/page"}],"author":[{"embeddable":true,"href":"https:\/\/gethowies.com\/se\/wp-json\/wp\/v2\/users\/1"}],"replies":[{"embeddable":true,"href":"https:\/\/gethowies.com\/se\/wp-json\/wp\/v2\/comments?post=767"}],"version-history":[{"count":1,"href":"https:\/\/gethowies.com\/se\/wp-json\/wp\/v2\/pages\/767\/revisions"}],"predecessor-version":[{"id":7426,"href":"https:\/\/gethowies.com\/se\/wp-json\/wp\/v2\/pages\/767\/revisions\/7426"}],"wp:attachment":[{"href":"https:\/\/gethowies.com\/se\/wp-json\/wp\/v2\/media?parent=767"}],"curies":[{"name":"wp","href":"https:\/\/api.w.org\/{rel}","templated":true}]}}