{"id":855,"date":"2017-03-15T13:33:01","date_gmt":"2017-03-15T13:33:01","guid":{"rendered":"https:\/\/hockeylife.se\/?page_id=855"},"modified":"2018-08-18T23:42:43","modified_gmt":"2018-08-18T21:42:43","slug":"team-sales","status":"publish","type":"page","link":"https:\/\/gethowies.com\/se\/team-sales\/","title":{"rendered":"Team Sales"},"content":{"rendered":"  <div id=\"page-header-412529095\" class=\"page-header-wrapper\">\n  <div class=\"page-title light simple-title\">\n\n    \n    <div class=\"page-title-inner container align-center text-center flex-row-col medium-flex-wrap\" >\n              <div class=\"title-wrapper uppercase is-xlarge flex-col\">\n          <h1 class=\"entry-title mb-0\">\n            Team sales          <\/h1>\n        <\/div>\n                    <div class=\"title-content flex-col\">\n        <div class=\"title-breadcrumbs pb-half pt-half\"><nav class=\"woocommerce-breadcrumb breadcrumbs uppercase\">Hem<\/nav><\/div>      <\/div>\n    <\/div>\n\n       <\/div>\n    <\/div>\n  \n<div class=\"row\"  id=\"row-1922175834\">\n\n\t<div id=\"col-1846346244\" class=\"col medium-6 small-12 large-6\"  >\n\t\t\t\t<div class=\"col-inner\"  >\n\t\t\t\n\t\t\t\n<div class=\"container section-title-container\" ><h3 class=\"section-title section-title-normal\"><b><\/b><span class=\"section-title-main\" >howies till ditt lag<\/span><b><\/b><\/h3><\/div>\n<p>Howies Hockey Tape levererar idag med stor succe Team Sales till alltifr\u00e5n ungdomslag, ishockey caf\u00e9 upptill Hockeyallsvenskan, SHL samt NHL.<\/p>\n<p>Med Team Sales fr\u00e5n Howies Hockey Tape kommer Er klubb att f\u00e5:<br \/> \u2022 \u00a0Hockeyns b\u00e4sta tejp<br \/> \u2022 \u00a0Marknadens st\u00f6rsta sortiment av ishockeytejp och skridskosn\u00f6ren<br \/> \u2022 \u00a0Personlig och kunnig service<br \/> \u2022 \u00a0Snabba och s\u00e4kra leveranser med DHL Express<\/p>\n\t\t<\/div>\n\t\t\t\t\t<\/div>\n\n\t\n\n\t<div id=\"col-85961111\" class=\"col medium-6 small-12 large-6\"  >\n\t\t\t\t<div class=\"col-inner\"  >\n\t\t\t\n\t\t\t\n<div class=\"container section-title-container\" ><h3 class=\"section-title section-title-normal\"><b><\/b><span class=\"section-title-main\" >Fyll i formul\u00e4ret<\/span><b><\/b><\/h3><\/div>\n\n<div class=\"wpcf7 no-js\" id=\"wpcf7-f7363-o1\" lang=\"sv-SE\" dir=\"ltr\" data-wpcf7-id=\"7363\">\n<div class=\"screen-reader-response\"><p role=\"status\" aria-live=\"polite\" aria-atomic=\"true\"><\/p> <ul><\/ul><\/div>\n<form action=\"\/se\/wp-json\/wp\/v2\/pages\/855#wpcf7-f7363-o1\" method=\"post\" class=\"wpcf7-form init\" aria-label=\"Kontaktformul\u00e4r\" novalidate=\"novalidate\" data-status=\"init\">\n<fieldset class=\"hidden-fields-container\"><input type=\"hidden\" name=\"_wpcf7\" value=\"7363\" \/><input type=\"hidden\" name=\"_wpcf7_version\" value=\"6.1.5\" \/><input type=\"hidden\" name=\"_wpcf7_locale\" value=\"sv_SE\" \/><input type=\"hidden\" name=\"_wpcf7_unit_tag\" value=\"wpcf7-f7363-o1\" \/><input type=\"hidden\" name=\"_wpcf7_container_post\" value=\"0\" \/><input type=\"hidden\" name=\"_wpcf7_posted_data_hash\" value=\"\" \/>\n<\/fieldset>\n<p><label> Namn *<br \/>\n<span class=\"wpcf7-form-control-wrap\" data-name=\"your-name\"><input size=\"40\" maxlength=\"400\" class=\"wpcf7-form-control wpcf7-text wpcf7-validates-as-required\" aria-required=\"true\" aria-invalid=\"false\" value=\"\" type=\"text\" name=\"your-name\" \/><\/span> <\/label>\n<\/p>\n<p><label> E-postadress *<br \/>\n<span class=\"wpcf7-form-control-wrap\" data-name=\"your-email\"><input size=\"40\" maxlength=\"400\" class=\"wpcf7-form-control wpcf7-email wpcf7-validates-as-required wpcf7-text wpcf7-validates-as-email\" aria-required=\"true\" aria-invalid=\"false\" value=\"\" type=\"email\" name=\"your-email\" \/><\/span> <\/label>\n<\/p>\n<p><label> \u00c4mne<br \/>\n<span class=\"wpcf7-form-control-wrap\" data-name=\"your-subject\"><input size=\"40\" maxlength=\"400\" class=\"wpcf7-form-control wpcf7-text\" aria-invalid=\"false\" value=\"\" type=\"text\" name=\"your-subject\" \/><\/span> <\/label>\n<\/p>\n<p><label> Ditt meddelande<br \/>\n<span class=\"wpcf7-form-control-wrap\" data-name=\"your-message\"><textarea cols=\"40\" rows=\"10\" maxlength=\"2000\" class=\"wpcf7-form-control wpcf7-textarea\" aria-invalid=\"false\" name=\"your-message\"><\/textarea><\/span> <\/label>\n<\/p>\n<div style=\"margin-bottom: 1em;\">\n\t<p>[recaptcha]\n\t<\/p>\n<\/div>\n<p><input class=\"wpcf7-form-control wpcf7-submit has-spinner\" type=\"submit\" value=\"Skicka\" \/>\n<\/p><div class=\"wpcf7-response-output\" aria-hidden=\"true\"><\/div>\n<\/form>\n<\/div>\n\n\t\t<\/div>\n\t\t\t\t\t<\/div>\n\n\t\n<\/div>\n","protected":false},"excerpt":{"rendered":"","protected":false},"author":1,"featured_media":0,"parent":0,"menu_order":0,"comment_status":"closed","ping_status":"closed","template":"","meta":{"inline_featured_image":false,"footnotes":""},"class_list":["post-855","page","type-page","status-publish","hentry"],"yoast_head":"<!-- This site is optimized with the Yoast SEO plugin v27.5 - https:\/\/yoast.com\/product\/yoast-seo-wordpress\/ -->\n<title>Team Sales - Howies Hockey Sverige<\/title>\n<meta name=\"description\" content=\"Howies till ditt lag eller f\u00f6rening? Vi erbjuder hockeytejp, skridskosn\u00f6ren, puckar och tillbeh\u00f6r till extra bra priser till f\u00f6reningar. Kontakta oss idag f\u00f6r en offert.\" \/>\n<meta name=\"robots\" content=\"index, follow, max-snippet:-1, max-image-preview:large, max-video-preview:-1\" \/>\n<link rel=\"canonical\" href=\"https:\/\/gethowies.com\/se\/team-sales\/\" \/>\n<meta property=\"og:locale\" content=\"sv_SE\" \/>\n<meta property=\"og:type\" content=\"article\" \/>\n<meta property=\"og:title\" content=\"Team Sales - Howies Hockey Sverige\" \/>\n<meta property=\"og:description\" content=\"Howies till ditt lag eller f\u00f6rening? Vi erbjuder hockeytejp, skridskosn\u00f6ren, puckar och tillbeh\u00f6r till extra bra priser till f\u00f6reningar. Kontakta oss idag f\u00f6r en offert.\" \/>\n<meta property=\"og:url\" content=\"https:\/\/gethowies.com\/se\/team-sales\/\" \/>\n<meta property=\"og:site_name\" content=\"Howies Hockey Sverige\" \/>\n<meta property=\"article:modified_time\" content=\"2018-08-18T21:42:43+00:00\" \/>\n<meta name=\"twitter:card\" content=\"summary_large_image\" \/>\n<meta name=\"twitter:label1\" content=\"Ber\u00e4knad l\u00e4stid\" \/>\n\t<meta name=\"twitter:data1\" content=\"1 minut\" \/>\n<script type=\"application\/ld+json\" class=\"yoast-schema-graph\">{\"@context\":\"https:\\\/\\\/schema.org\",\"@graph\":[{\"@type\":\"WebPage\",\"@id\":\"https:\\\/\\\/gethowies.com\\\/se\\\/team-sales\\\/\",\"url\":\"https:\\\/\\\/gethowies.com\\\/se\\\/team-sales\\\/\",\"name\":\"Team Sales - Howies Hockey Sverige\",\"isPartOf\":{\"@id\":\"https:\\\/\\\/gethowies.com\\\/se\\\/#website\"},\"datePublished\":\"2017-03-15T13:33:01+00:00\",\"dateModified\":\"2018-08-18T21:42:43+00:00\",\"description\":\"Howies till ditt lag eller f\u00f6rening? Vi erbjuder hockeytejp, skridskosn\u00f6ren, puckar och tillbeh\u00f6r till extra bra priser till f\u00f6reningar. Kontakta oss idag f\u00f6r en offert.\",\"breadcrumb\":{\"@id\":\"https:\\\/\\\/gethowies.com\\\/se\\\/team-sales\\\/#breadcrumb\"},\"inLanguage\":\"sv-SE\",\"potentialAction\":[{\"@type\":\"ReadAction\",\"target\":[\"https:\\\/\\\/gethowies.com\\\/se\\\/team-sales\\\/\"]}]},{\"@type\":\"BreadcrumbList\",\"@id\":\"https:\\\/\\\/gethowies.com\\\/se\\\/team-sales\\\/#breadcrumb\",\"itemListElement\":[{\"@type\":\"ListItem\",\"position\":1,\"name\":\"Hem\",\"item\":\"https:\\\/\\\/gethowies.com\\\/se\\\/\"},{\"@type\":\"ListItem\",\"position\":2,\"name\":\"Team Sales\"}]},{\"@type\":\"WebSite\",\"@id\":\"https:\\\/\\\/gethowies.com\\\/se\\\/#website\",\"url\":\"https:\\\/\\\/gethowies.com\\\/se\\\/\",\"name\":\"Howies Hockey Sverige\",\"description\":\"\",\"potentialAction\":[{\"@type\":\"SearchAction\",\"target\":{\"@type\":\"EntryPoint\",\"urlTemplate\":\"https:\\\/\\\/gethowies.com\\\/se\\\/?s={search_term_string}\"},\"query-input\":{\"@type\":\"PropertyValueSpecification\",\"valueRequired\":true,\"valueName\":\"search_term_string\"}}],\"inLanguage\":\"sv-SE\"}]}<\/script>\n<!-- \/ Yoast SEO plugin. -->","yoast_head_json":{"title":"Team Sales - Howies Hockey Sverige","description":"Howies till ditt lag eller f\u00f6rening? Vi erbjuder hockeytejp, skridskosn\u00f6ren, puckar och tillbeh\u00f6r till extra bra priser till f\u00f6reningar. Kontakta oss idag f\u00f6r en offert.","robots":{"index":"index","follow":"follow","max-snippet":"max-snippet:-1","max-image-preview":"max-image-preview:large","max-video-preview":"max-video-preview:-1"},"canonical":"https:\/\/gethowies.com\/se\/team-sales\/","og_locale":"sv_SE","og_type":"article","og_title":"Team Sales - Howies Hockey Sverige","og_description":"Howies till ditt lag eller f\u00f6rening? Vi erbjuder hockeytejp, skridskosn\u00f6ren, puckar och tillbeh\u00f6r till extra bra priser till f\u00f6reningar. Kontakta oss idag f\u00f6r en offert.","og_url":"https:\/\/gethowies.com\/se\/team-sales\/","og_site_name":"Howies Hockey Sverige","article_modified_time":"2018-08-18T21:42:43+00:00","twitter_card":"summary_large_image","twitter_misc":{"Ber\u00e4knad l\u00e4stid":"1 minut"},"schema":{"@context":"https:\/\/schema.org","@graph":[{"@type":"WebPage","@id":"https:\/\/gethowies.com\/se\/team-sales\/","url":"https:\/\/gethowies.com\/se\/team-sales\/","name":"Team Sales - Howies Hockey Sverige","isPartOf":{"@id":"https:\/\/gethowies.com\/se\/#website"},"datePublished":"2017-03-15T13:33:01+00:00","dateModified":"2018-08-18T21:42:43+00:00","description":"Howies till ditt lag eller f\u00f6rening? Vi erbjuder hockeytejp, skridskosn\u00f6ren, puckar och tillbeh\u00f6r till extra bra priser till f\u00f6reningar. Kontakta oss idag f\u00f6r en offert.","breadcrumb":{"@id":"https:\/\/gethowies.com\/se\/team-sales\/#breadcrumb"},"inLanguage":"sv-SE","potentialAction":[{"@type":"ReadAction","target":["https:\/\/gethowies.com\/se\/team-sales\/"]}]},{"@type":"BreadcrumbList","@id":"https:\/\/gethowies.com\/se\/team-sales\/#breadcrumb","itemListElement":[{"@type":"ListItem","position":1,"name":"Hem","item":"https:\/\/gethowies.com\/se\/"},{"@type":"ListItem","position":2,"name":"Team Sales"}]},{"@type":"WebSite","@id":"https:\/\/gethowies.com\/se\/#website","url":"https:\/\/gethowies.com\/se\/","name":"Howies Hockey Sverige","description":"","potentialAction":[{"@type":"SearchAction","target":{"@type":"EntryPoint","urlTemplate":"https:\/\/gethowies.com\/se\/?s={search_term_string}"},"query-input":{"@type":"PropertyValueSpecification","valueRequired":true,"valueName":"search_term_string"}}],"inLanguage":"sv-SE"}]}},"_links":{"self":[{"href":"https:\/\/gethowies.com\/se\/wp-json\/wp\/v2\/pages\/855","targetHints":{"allow":["GET"]}}],"collection":[{"href":"https:\/\/gethowies.com\/se\/wp-json\/wp\/v2\/pages"}],"about":[{"href":"https:\/\/gethowies.com\/se\/wp-json\/wp\/v2\/types\/page"}],"author":[{"embeddable":true,"href":"https:\/\/gethowies.com\/se\/wp-json\/wp\/v2\/users\/1"}],"replies":[{"embeddable":true,"href":"https:\/\/gethowies.com\/se\/wp-json\/wp\/v2\/comments?post=855"}],"version-history":[{"count":1,"href":"https:\/\/gethowies.com\/se\/wp-json\/wp\/v2\/pages\/855\/revisions"}],"predecessor-version":[{"id":7423,"href":"https:\/\/gethowies.com\/se\/wp-json\/wp\/v2\/pages\/855\/revisions\/7423"}],"wp:attachment":[{"href":"https:\/\/gethowies.com\/se\/wp-json\/wp\/v2\/media?parent=855"}],"curies":[{"name":"wp","href":"https:\/\/api.w.org\/{rel}","templated":true}]}}