{"id":857,"date":"2017-03-15T13:34:40","date_gmt":"2017-03-15T13:34:40","guid":{"rendered":"https:\/\/hockeylife.se\/?page_id=857"},"modified":"2018-08-18T23:39:04","modified_gmt":"2018-08-18T21:39:04","slug":"aterforsaljare","status":"publish","type":"page","link":"https:\/\/gethowies.com\/se\/aterforsaljare\/","title":{"rendered":"Bli \u00e5terf\u00f6rs\u00e4ljare"},"content":{"rendered":"  <div id=\"page-header-1836645661\" class=\"page-header-wrapper\">\n  <div class=\"page-title light simple-title\">\n\n    \n    <div class=\"page-title-inner container align-center text-center flex-row-col medium-flex-wrap\" >\n              <div class=\"title-wrapper uppercase is-xlarge flex-col\">\n          <h1 class=\"entry-title mb-0\">\n            \u00e5terf\u00f6rs\u00e4ljare          <\/h1>\n        <\/div>\n                <div class=\"page-title-sub op-7 flex-col\">\n          <p class=\"lead\">Bra f\u00f6rtj\u00e4nstm\u00f6jligheter, snabba leveranser och ett starkt varum\u00e4rke<\/p>\n        <\/div>\n                    <div class=\"title-content flex-col\">\n        <div class=\"title-breadcrumbs pb-half pt-half\"><nav class=\"woocommerce-breadcrumb breadcrumbs uppercase\">Hem<\/nav><\/div>      <\/div>\n    <\/div>\n\n       <\/div>\n    <\/div>\n  \n<div class=\"row row-large\"  id=\"row-1796452302\">\n\n\t<div id=\"col-2145031307\" class=\"col medium-6 small-12 large-6\"  >\n\t\t\t\t<div class=\"col-inner\"  >\n\t\t\t\n\t\t\t\n<div class=\"container section-title-container\" ><h3 class=\"section-title section-title-normal\"><b><\/b><span class=\"section-title-main\" >Howies I din butik<\/span><b><\/b><\/h3><\/div>\n<p>Howies Hockey levererar idag till ledande sportbutiker i Sverige, Norge och Danmark. Vi erbjuder bra rabatter och f\u00f6rtj\u00e4nstm\u00f6jligheter p\u00e5 v\u00e5ra produkter och tillg\u00e5ng till marknadens st\u00f6rsta sortiment. Fyll i era kontaktuppgifter nedan s\u00e5\u00a0\u00e5terkommer vi med\u00a0produktkatalog och\u00a0prislista.<\/p>\n<p>Det h\u00e4r f\u00e5r du n\u00e4r du handlar fr\u00e5n Howies Hockey Tape:<\/p>\n<p class=\"thin-font\">\u2022 \u00a0B\u00e4ttre priser<br \/>\n\u2022 \u00a0Snabba leveranser<br \/>\n<span style=\"font-size: 17.28px\">\u2022 \u00a0<\/span>B\u00e4sta produkterna<br \/>\n<span style=\"font-size: 17.28px\">\u2022 \u00a0<\/span>Starkt varum\u00e4rke<\/p>\n\t\t<\/div>\n\t\t\t\t\t<\/div>\n\n\t\n\n\t<div id=\"col-2000112745\" class=\"col medium-6 small-12 large-6\"  >\n\t\t\t\t<div class=\"col-inner\"  >\n\t\t\t\n\t\t\t\n<div class=\"container section-title-container\" ><h3 class=\"section-title section-title-normal\"><b><\/b><span class=\"section-title-main\" >FYLL I FORMUL\u00c4RET<\/span><b><\/b><\/h3><\/div>\n\n<div class=\"wpcf7 no-js\" id=\"wpcf7-f7363-o1\" lang=\"sv-SE\" dir=\"ltr\" data-wpcf7-id=\"7363\">\n<div class=\"screen-reader-response\"><p role=\"status\" aria-live=\"polite\" aria-atomic=\"true\"><\/p> <ul><\/ul><\/div>\n<form action=\"\/se\/wp-json\/wp\/v2\/pages\/857#wpcf7-f7363-o1\" method=\"post\" class=\"wpcf7-form init\" aria-label=\"Kontaktformul\u00e4r\" novalidate=\"novalidate\" data-status=\"init\">\n<fieldset class=\"hidden-fields-container\"><input type=\"hidden\" name=\"_wpcf7\" value=\"7363\" \/><input type=\"hidden\" name=\"_wpcf7_version\" value=\"6.1.5\" \/><input type=\"hidden\" name=\"_wpcf7_locale\" value=\"sv_SE\" \/><input type=\"hidden\" name=\"_wpcf7_unit_tag\" value=\"wpcf7-f7363-o1\" \/><input type=\"hidden\" name=\"_wpcf7_container_post\" value=\"0\" \/><input type=\"hidden\" name=\"_wpcf7_posted_data_hash\" value=\"\" \/>\n<\/fieldset>\n<p><label> Namn *<br \/>\n<span class=\"wpcf7-form-control-wrap\" data-name=\"your-name\"><input size=\"40\" maxlength=\"400\" class=\"wpcf7-form-control wpcf7-text wpcf7-validates-as-required\" aria-required=\"true\" aria-invalid=\"false\" value=\"\" type=\"text\" name=\"your-name\" \/><\/span> <\/label>\n<\/p>\n<p><label> E-postadress *<br \/>\n<span class=\"wpcf7-form-control-wrap\" data-name=\"your-email\"><input size=\"40\" maxlength=\"400\" class=\"wpcf7-form-control wpcf7-email wpcf7-validates-as-required wpcf7-text wpcf7-validates-as-email\" aria-required=\"true\" aria-invalid=\"false\" value=\"\" type=\"email\" name=\"your-email\" \/><\/span> <\/label>\n<\/p>\n<p><label> \u00c4mne<br \/>\n<span class=\"wpcf7-form-control-wrap\" data-name=\"your-subject\"><input size=\"40\" maxlength=\"400\" class=\"wpcf7-form-control wpcf7-text\" aria-invalid=\"false\" value=\"\" type=\"text\" name=\"your-subject\" \/><\/span> <\/label>\n<\/p>\n<p><label> Ditt meddelande<br \/>\n<span class=\"wpcf7-form-control-wrap\" data-name=\"your-message\"><textarea cols=\"40\" rows=\"10\" maxlength=\"2000\" class=\"wpcf7-form-control wpcf7-textarea\" aria-invalid=\"false\" name=\"your-message\"><\/textarea><\/span> <\/label>\n<\/p>\n<div style=\"margin-bottom: 1em;\">\n\t<p>[recaptcha]\n\t<\/p>\n<\/div>\n<p><input class=\"wpcf7-form-control wpcf7-submit has-spinner\" type=\"submit\" value=\"Skicka\" \/>\n<\/p><div class=\"wpcf7-response-output\" aria-hidden=\"true\"><\/div>\n<\/form>\n<\/div>\n\n\t\t<\/div>\n\t\t\t\t\t<\/div>\n\n\t\n<\/div>\n","protected":false},"excerpt":{"rendered":"","protected":false},"author":1,"featured_media":0,"parent":0,"menu_order":0,"comment_status":"closed","ping_status":"closed","template":"","meta":{"inline_featured_image":false,"footnotes":""},"class_list":["post-857","page","type-page","status-publish","hentry"],"yoast_head":"<!-- This site is optimized with the Yoast SEO plugin v27.5 - https:\/\/yoast.com\/product\/yoast-seo-wordpress\/ -->\n<title>Bli \u00e5terf\u00f6rs\u00e4ljare - Howies Hockey Sverige<\/title>\n<meta name=\"description\" content=\"Vill du bli \u00e5terf\u00f6rs\u00e4ljare av Howies produkter? Vi \u00e4r den officiella leverant\u00f6ren av Howies Hockey produkter i Sverige och erbjuder ett enormt sortiment av hockeytejp, skridskosn\u00f6ren, stick wax etc.\" \/>\n<meta name=\"robots\" content=\"index, follow, max-snippet:-1, max-image-preview:large, max-video-preview:-1\" \/>\n<link rel=\"canonical\" href=\"https:\/\/gethowies.com\/se\/aterforsaljare\/\" \/>\n<meta property=\"og:locale\" content=\"sv_SE\" \/>\n<meta property=\"og:type\" content=\"article\" \/>\n<meta property=\"og:title\" content=\"Bli \u00e5terf\u00f6rs\u00e4ljare - Howies Hockey Sverige\" \/>\n<meta property=\"og:description\" content=\"Vill du bli \u00e5terf\u00f6rs\u00e4ljare av Howies produkter? Vi \u00e4r den officiella leverant\u00f6ren av Howies Hockey produkter i Sverige och erbjuder ett enormt sortiment av hockeytejp, skridskosn\u00f6ren, stick wax etc.\" \/>\n<meta property=\"og:url\" content=\"https:\/\/gethowies.com\/se\/aterforsaljare\/\" \/>\n<meta property=\"og:site_name\" content=\"Howies Hockey Sverige\" \/>\n<meta property=\"article:modified_time\" content=\"2018-08-18T21:39:04+00:00\" \/>\n<meta name=\"twitter:card\" content=\"summary_large_image\" \/>\n<meta name=\"twitter:label1\" content=\"Ber\u00e4knad l\u00e4stid\" \/>\n\t<meta name=\"twitter:data1\" content=\"1 minut\" \/>\n<script type=\"application\/ld+json\" class=\"yoast-schema-graph\">{\"@context\":\"https:\\\/\\\/schema.org\",\"@graph\":[{\"@type\":\"WebPage\",\"@id\":\"https:\\\/\\\/gethowies.com\\\/se\\\/aterforsaljare\\\/\",\"url\":\"https:\\\/\\\/gethowies.com\\\/se\\\/aterforsaljare\\\/\",\"name\":\"Bli \u00e5terf\u00f6rs\u00e4ljare - Howies Hockey Sverige\",\"isPartOf\":{\"@id\":\"https:\\\/\\\/gethowies.com\\\/se\\\/#website\"},\"datePublished\":\"2017-03-15T13:34:40+00:00\",\"dateModified\":\"2018-08-18T21:39:04+00:00\",\"description\":\"Vill du bli \u00e5terf\u00f6rs\u00e4ljare av Howies produkter? Vi \u00e4r den officiella leverant\u00f6ren av Howies Hockey produkter i Sverige och erbjuder ett enormt sortiment av hockeytejp, skridskosn\u00f6ren, stick wax etc.\",\"breadcrumb\":{\"@id\":\"https:\\\/\\\/gethowies.com\\\/se\\\/aterforsaljare\\\/#breadcrumb\"},\"inLanguage\":\"sv-SE\",\"potentialAction\":[{\"@type\":\"ReadAction\",\"target\":[\"https:\\\/\\\/gethowies.com\\\/se\\\/aterforsaljare\\\/\"]}]},{\"@type\":\"BreadcrumbList\",\"@id\":\"https:\\\/\\\/gethowies.com\\\/se\\\/aterforsaljare\\\/#breadcrumb\",\"itemListElement\":[{\"@type\":\"ListItem\",\"position\":1,\"name\":\"Hem\",\"item\":\"https:\\\/\\\/gethowies.com\\\/se\\\/\"},{\"@type\":\"ListItem\",\"position\":2,\"name\":\"Bli \u00e5terf\u00f6rs\u00e4ljare\"}]},{\"@type\":\"WebSite\",\"@id\":\"https:\\\/\\\/gethowies.com\\\/se\\\/#website\",\"url\":\"https:\\\/\\\/gethowies.com\\\/se\\\/\",\"name\":\"Howies Hockey Sverige\",\"description\":\"\",\"potentialAction\":[{\"@type\":\"SearchAction\",\"target\":{\"@type\":\"EntryPoint\",\"urlTemplate\":\"https:\\\/\\\/gethowies.com\\\/se\\\/?s={search_term_string}\"},\"query-input\":{\"@type\":\"PropertyValueSpecification\",\"valueRequired\":true,\"valueName\":\"search_term_string\"}}],\"inLanguage\":\"sv-SE\"}]}<\/script>\n<!-- \/ Yoast SEO plugin. -->","yoast_head_json":{"title":"Bli \u00e5terf\u00f6rs\u00e4ljare - Howies Hockey Sverige","description":"Vill du bli \u00e5terf\u00f6rs\u00e4ljare av Howies produkter? Vi \u00e4r den officiella leverant\u00f6ren av Howies Hockey produkter i Sverige och erbjuder ett enormt sortiment av hockeytejp, skridskosn\u00f6ren, stick wax etc.","robots":{"index":"index","follow":"follow","max-snippet":"max-snippet:-1","max-image-preview":"max-image-preview:large","max-video-preview":"max-video-preview:-1"},"canonical":"https:\/\/gethowies.com\/se\/aterforsaljare\/","og_locale":"sv_SE","og_type":"article","og_title":"Bli \u00e5terf\u00f6rs\u00e4ljare - Howies Hockey Sverige","og_description":"Vill du bli \u00e5terf\u00f6rs\u00e4ljare av Howies produkter? Vi \u00e4r den officiella leverant\u00f6ren av Howies Hockey produkter i Sverige och erbjuder ett enormt sortiment av hockeytejp, skridskosn\u00f6ren, stick wax etc.","og_url":"https:\/\/gethowies.com\/se\/aterforsaljare\/","og_site_name":"Howies Hockey Sverige","article_modified_time":"2018-08-18T21:39:04+00:00","twitter_card":"summary_large_image","twitter_misc":{"Ber\u00e4knad l\u00e4stid":"1 minut"},"schema":{"@context":"https:\/\/schema.org","@graph":[{"@type":"WebPage","@id":"https:\/\/gethowies.com\/se\/aterforsaljare\/","url":"https:\/\/gethowies.com\/se\/aterforsaljare\/","name":"Bli \u00e5terf\u00f6rs\u00e4ljare - Howies Hockey Sverige","isPartOf":{"@id":"https:\/\/gethowies.com\/se\/#website"},"datePublished":"2017-03-15T13:34:40+00:00","dateModified":"2018-08-18T21:39:04+00:00","description":"Vill du bli \u00e5terf\u00f6rs\u00e4ljare av Howies produkter? Vi \u00e4r den officiella leverant\u00f6ren av Howies Hockey produkter i Sverige och erbjuder ett enormt sortiment av hockeytejp, skridskosn\u00f6ren, stick wax etc.","breadcrumb":{"@id":"https:\/\/gethowies.com\/se\/aterforsaljare\/#breadcrumb"},"inLanguage":"sv-SE","potentialAction":[{"@type":"ReadAction","target":["https:\/\/gethowies.com\/se\/aterforsaljare\/"]}]},{"@type":"BreadcrumbList","@id":"https:\/\/gethowies.com\/se\/aterforsaljare\/#breadcrumb","itemListElement":[{"@type":"ListItem","position":1,"name":"Hem","item":"https:\/\/gethowies.com\/se\/"},{"@type":"ListItem","position":2,"name":"Bli \u00e5terf\u00f6rs\u00e4ljare"}]},{"@type":"WebSite","@id":"https:\/\/gethowies.com\/se\/#website","url":"https:\/\/gethowies.com\/se\/","name":"Howies Hockey Sverige","description":"","potentialAction":[{"@type":"SearchAction","target":{"@type":"EntryPoint","urlTemplate":"https:\/\/gethowies.com\/se\/?s={search_term_string}"},"query-input":{"@type":"PropertyValueSpecification","valueRequired":true,"valueName":"search_term_string"}}],"inLanguage":"sv-SE"}]}},"_links":{"self":[{"href":"https:\/\/gethowies.com\/se\/wp-json\/wp\/v2\/pages\/857","targetHints":{"allow":["GET"]}}],"collection":[{"href":"https:\/\/gethowies.com\/se\/wp-json\/wp\/v2\/pages"}],"about":[{"href":"https:\/\/gethowies.com\/se\/wp-json\/wp\/v2\/types\/page"}],"author":[{"embeddable":true,"href":"https:\/\/gethowies.com\/se\/wp-json\/wp\/v2\/users\/1"}],"replies":[{"embeddable":true,"href":"https:\/\/gethowies.com\/se\/wp-json\/wp\/v2\/comments?post=857"}],"version-history":[{"count":1,"href":"https:\/\/gethowies.com\/se\/wp-json\/wp\/v2\/pages\/857\/revisions"}],"predecessor-version":[{"id":7421,"href":"https:\/\/gethowies.com\/se\/wp-json\/wp\/v2\/pages\/857\/revisions\/7421"}],"wp:attachment":[{"href":"https:\/\/gethowies.com\/se\/wp-json\/wp\/v2\/media?parent=857"}],"curies":[{"name":"wp","href":"https:\/\/api.w.org\/{rel}","templated":true}]}}