{"id":129,"date":"2018-08-14T21:01:06","date_gmt":"2018-08-14T19:01:06","guid":{"rendered":"https:\/\/gethowies.com\/se\/produkt\/import-placeholder-for-1381\/"},"modified":"2023-02-25T22:36:24","modified_gmt":"2023-02-25T21:36:24","slug":"howies-hockeytejp-svart-big-pack","status":"publish","type":"product","link":"https:\/\/gethowies.com\/se\/produkt\/howies-hockeytejp-svart-big-pack\/","title":{"rendered":"Howies Hockeytejp Svart Big Pack"},"content":{"rendered":"<p>Howies Hockeytejp Svart 25 \u00e4r proffsens val av hockeytejp. Howies Hockey Tejp Svart anv\u00e4nds av spelare i n\u00e5gra utav v\u00e4rldens b\u00e4sta ligor. Tejpen \u00e5terfinns bl.a. i NHL och SHL, och hos alla ishockeyspelare som enbart n\u00f6jer sig med den b\u00e4sta hockeytejpen. Howies Hockey Tejp Svart \u00e4r extremt slitstark. Den motst\u00e5r vatten samt f\u00f6rhindrar is fr\u00e5n att byggas upp p\u00e5 bladet b\u00e4ttre \u00e4n n\u00e5gon annan j\u00e4mf\u00f6rbar hockeytejp p\u00e5 marknaden. Howies Hockey Tejp Svart har en perfekt kombination utav bomull\/polyester, vilket g\u00f6r v\u00e5r hockeytejp extremt slitstark genom alla tre perioder.<\/p>\n<h5>10, 20 ELLER 30 RULLAR<\/h5>\n<p>Howies Big Pack Svart inneh\u00e5ller 10, 20 eller 30 rullar. K\u00f6p mer, spara mer!<\/p>\n<p><em>Howies Hockey Tape tillverkas i Nordamerika<\/em><\/p>\n","protected":false},"excerpt":{"rendered":"<p>Spara pengar, k\u00f6p Howies Big Pack! Inneh\u00e5ller 10, 20 eller 30 rullar Howies Hockeytejp Svart 25mm.<\/p>\n","protected":false},"featured_media":279,"comment_status":"closed","ping_status":"closed","template":"","meta":{"inline_featured_image":false},"product_brand":[],"product_cat":[52],"product_tag":[],"class_list":{"0":"post-129","1":"product","2":"type-product","3":"status-publish","4":"has-post-thumbnail","6":"product_cat-big-pack","8":"first","9":"instock","10":"shipping-taxable","11":"purchasable","12":"product-type-variable"},"yoast_head":"<!-- This site is optimized with the Yoast SEO plugin v27.5 - https:\/\/yoast.com\/product\/yoast-seo-wordpress\/ -->\n<title>Howies Hockeytejp Svart Big Pack - Howies Hockey Sverige<\/title>\n<meta name=\"robots\" content=\"index, follow, max-snippet:-1, max-image-preview:large, max-video-preview:-1\" \/>\n<link rel=\"canonical\" href=\"https:\/\/gethowies.com\/se\/produkt\/howies-hockeytejp-svart-big-pack\/\" \/>\n<meta property=\"og:locale\" content=\"sv_SE\" \/>\n<meta property=\"og:type\" content=\"article\" \/>\n<meta property=\"og:title\" content=\"Howies Hockeytejp Svart Big Pack - Howies Hockey Sverige\" \/>\n<meta property=\"og:description\" content=\"Spara pengar, k\u00f6p Howies Big Pack! Inneh\u00e5ller 10, 20 eller 30 rullar Howies Hockeytejp Svart 25mm.\" \/>\n<meta property=\"og:url\" content=\"https:\/\/gethowies.com\/se\/produkt\/howies-hockeytejp-svart-big-pack\/\" \/>\n<meta property=\"og:site_name\" content=\"Howies Hockey Sverige\" \/>\n<meta property=\"article:modified_time\" content=\"2023-02-25T21:36:24+00:00\" \/>\n<meta property=\"og:image\" content=\"https:\/\/gethowies.com\/se\/wp-content\/uploads\/sites\/2\/2018\/08\/black-bigpack.jpg\" \/>\n\t<meta property=\"og:image:width\" content=\"1020\" \/>\n\t<meta property=\"og:image:height\" content=\"1200\" \/>\n\t<meta property=\"og:image:type\" content=\"image\/jpeg\" \/>\n<meta name=\"twitter:card\" content=\"summary_large_image\" \/>\n<meta name=\"twitter:label1\" content=\"Ber\u00e4knad l\u00e4stid\" \/>\n\t<meta name=\"twitter:data1\" content=\"1 minut\" \/>\n<script type=\"application\/ld+json\" class=\"yoast-schema-graph\">{\"@context\":\"https:\\\/\\\/schema.org\",\"@graph\":[{\"@type\":\"WebPage\",\"@id\":\"https:\\\/\\\/gethowies.com\\\/se\\\/produkt\\\/howies-hockeytejp-svart-big-pack\\\/\",\"url\":\"https:\\\/\\\/gethowies.com\\\/se\\\/produkt\\\/howies-hockeytejp-svart-big-pack\\\/\",\"name\":\"Howies Hockeytejp Svart Big Pack - Howies Hockey Sverige\",\"isPartOf\":{\"@id\":\"https:\\\/\\\/gethowies.com\\\/se\\\/#website\"},\"primaryImageOfPage\":{\"@id\":\"https:\\\/\\\/gethowies.com\\\/se\\\/produkt\\\/howies-hockeytejp-svart-big-pack\\\/#primaryimage\"},\"image\":{\"@id\":\"https:\\\/\\\/gethowies.com\\\/se\\\/produkt\\\/howies-hockeytejp-svart-big-pack\\\/#primaryimage\"},\"thumbnailUrl\":\"https:\\\/\\\/gethowies.com\\\/se\\\/wp-content\\\/uploads\\\/sites\\\/2\\\/2018\\\/08\\\/black-bigpack.jpg\",\"datePublished\":\"2018-08-14T19:01:06+00:00\",\"dateModified\":\"2023-02-25T21:36:24+00:00\",\"breadcrumb\":{\"@id\":\"https:\\\/\\\/gethowies.com\\\/se\\\/produkt\\\/howies-hockeytejp-svart-big-pack\\\/#breadcrumb\"},\"inLanguage\":\"sv-SE\",\"potentialAction\":[{\"@type\":\"ReadAction\",\"target\":[\"https:\\\/\\\/gethowies.com\\\/se\\\/produkt\\\/howies-hockeytejp-svart-big-pack\\\/\"]}]},{\"@type\":\"ImageObject\",\"inLanguage\":\"sv-SE\",\"@id\":\"https:\\\/\\\/gethowies.com\\\/se\\\/produkt\\\/howies-hockeytejp-svart-big-pack\\\/#primaryimage\",\"url\":\"https:\\\/\\\/gethowies.com\\\/se\\\/wp-content\\\/uploads\\\/sites\\\/2\\\/2018\\\/08\\\/black-bigpack.jpg\",\"contentUrl\":\"https:\\\/\\\/gethowies.com\\\/se\\\/wp-content\\\/uploads\\\/sites\\\/2\\\/2018\\\/08\\\/black-bigpack.jpg\",\"width\":1020,\"height\":1200},{\"@type\":\"BreadcrumbList\",\"@id\":\"https:\\\/\\\/gethowies.com\\\/se\\\/produkt\\\/howies-hockeytejp-svart-big-pack\\\/#breadcrumb\",\"itemListElement\":[{\"@type\":\"ListItem\",\"position\":1,\"name\":\"Hem\",\"item\":\"https:\\\/\\\/gethowies.com\\\/se\\\/\"},{\"@type\":\"ListItem\",\"position\":2,\"name\":\"Shop\",\"item\":\"https:\\\/\\\/gethowies.com\\\/se\\\/shop\\\/\"},{\"@type\":\"ListItem\",\"position\":3,\"name\":\"Howies Hockeytejp Svart Big Pack\"}]},{\"@type\":\"WebSite\",\"@id\":\"https:\\\/\\\/gethowies.com\\\/se\\\/#website\",\"url\":\"https:\\\/\\\/gethowies.com\\\/se\\\/\",\"name\":\"Howies Hockey Sverige\",\"description\":\"\",\"potentialAction\":[{\"@type\":\"SearchAction\",\"target\":{\"@type\":\"EntryPoint\",\"urlTemplate\":\"https:\\\/\\\/gethowies.com\\\/se\\\/?s={search_term_string}\"},\"query-input\":{\"@type\":\"PropertyValueSpecification\",\"valueRequired\":true,\"valueName\":\"search_term_string\"}}],\"inLanguage\":\"sv-SE\"}]}<\/script>\n<!-- \/ Yoast SEO plugin. -->","yoast_head_json":{"title":"Howies Hockeytejp Svart Big Pack - Howies Hockey Sverige","robots":{"index":"index","follow":"follow","max-snippet":"max-snippet:-1","max-image-preview":"max-image-preview:large","max-video-preview":"max-video-preview:-1"},"canonical":"https:\/\/gethowies.com\/se\/produkt\/howies-hockeytejp-svart-big-pack\/","og_locale":"sv_SE","og_type":"article","og_title":"Howies Hockeytejp Svart Big Pack - Howies Hockey Sverige","og_description":"Spara pengar, k\u00f6p Howies Big Pack! Inneh\u00e5ller 10, 20 eller 30 rullar Howies Hockeytejp Svart 25mm.","og_url":"https:\/\/gethowies.com\/se\/produkt\/howies-hockeytejp-svart-big-pack\/","og_site_name":"Howies Hockey Sverige","article_modified_time":"2023-02-25T21:36:24+00:00","og_image":[{"width":1020,"height":1200,"url":"https:\/\/gethowies.com\/se\/wp-content\/uploads\/sites\/2\/2018\/08\/black-bigpack.jpg","type":"image\/jpeg"}],"twitter_card":"summary_large_image","twitter_misc":{"Ber\u00e4knad l\u00e4stid":"1 minut"},"schema":{"@context":"https:\/\/schema.org","@graph":[{"@type":"WebPage","@id":"https:\/\/gethowies.com\/se\/produkt\/howies-hockeytejp-svart-big-pack\/","url":"https:\/\/gethowies.com\/se\/produkt\/howies-hockeytejp-svart-big-pack\/","name":"Howies Hockeytejp Svart Big Pack - Howies Hockey Sverige","isPartOf":{"@id":"https:\/\/gethowies.com\/se\/#website"},"primaryImageOfPage":{"@id":"https:\/\/gethowies.com\/se\/produkt\/howies-hockeytejp-svart-big-pack\/#primaryimage"},"image":{"@id":"https:\/\/gethowies.com\/se\/produkt\/howies-hockeytejp-svart-big-pack\/#primaryimage"},"thumbnailUrl":"https:\/\/gethowies.com\/se\/wp-content\/uploads\/sites\/2\/2018\/08\/black-bigpack.jpg","datePublished":"2018-08-14T19:01:06+00:00","dateModified":"2023-02-25T21:36:24+00:00","breadcrumb":{"@id":"https:\/\/gethowies.com\/se\/produkt\/howies-hockeytejp-svart-big-pack\/#breadcrumb"},"inLanguage":"sv-SE","potentialAction":[{"@type":"ReadAction","target":["https:\/\/gethowies.com\/se\/produkt\/howies-hockeytejp-svart-big-pack\/"]}]},{"@type":"ImageObject","inLanguage":"sv-SE","@id":"https:\/\/gethowies.com\/se\/produkt\/howies-hockeytejp-svart-big-pack\/#primaryimage","url":"https:\/\/gethowies.com\/se\/wp-content\/uploads\/sites\/2\/2018\/08\/black-bigpack.jpg","contentUrl":"https:\/\/gethowies.com\/se\/wp-content\/uploads\/sites\/2\/2018\/08\/black-bigpack.jpg","width":1020,"height":1200},{"@type":"BreadcrumbList","@id":"https:\/\/gethowies.com\/se\/produkt\/howies-hockeytejp-svart-big-pack\/#breadcrumb","itemListElement":[{"@type":"ListItem","position":1,"name":"Hem","item":"https:\/\/gethowies.com\/se\/"},{"@type":"ListItem","position":2,"name":"Shop","item":"https:\/\/gethowies.com\/se\/shop\/"},{"@type":"ListItem","position":3,"name":"Howies Hockeytejp Svart Big Pack"}]},{"@type":"WebSite","@id":"https:\/\/gethowies.com\/se\/#website","url":"https:\/\/gethowies.com\/se\/","name":"Howies Hockey Sverige","description":"","potentialAction":[{"@type":"SearchAction","target":{"@type":"EntryPoint","urlTemplate":"https:\/\/gethowies.com\/se\/?s={search_term_string}"},"query-input":{"@type":"PropertyValueSpecification","valueRequired":true,"valueName":"search_term_string"}}],"inLanguage":"sv-SE"}]}},"_links":{"self":[{"href":"https:\/\/gethowies.com\/se\/wp-json\/wp\/v2\/product\/129","targetHints":{"allow":["GET"]}}],"collection":[{"href":"https:\/\/gethowies.com\/se\/wp-json\/wp\/v2\/product"}],"about":[{"href":"https:\/\/gethowies.com\/se\/wp-json\/wp\/v2\/types\/product"}],"replies":[{"embeddable":true,"href":"https:\/\/gethowies.com\/se\/wp-json\/wp\/v2\/comments?post=129"}],"wp:featuredmedia":[{"embeddable":true,"href":"https:\/\/gethowies.com\/se\/wp-json\/wp\/v2\/media\/279"}],"wp:attachment":[{"href":"https:\/\/gethowies.com\/se\/wp-json\/wp\/v2\/media?parent=129"}],"wp:term":[{"taxonomy":"product_brand","embeddable":true,"href":"https:\/\/gethowies.com\/se\/wp-json\/wp\/v2\/product_brand?post=129"},{"taxonomy":"product_cat","embeddable":true,"href":"https:\/\/gethowies.com\/se\/wp-json\/wp\/v2\/product_cat?post=129"},{"taxonomy":"product_tag","embeddable":true,"href":"https:\/\/gethowies.com\/se\/wp-json\/wp\/v2\/product_tag?post=129"}],"curies":[{"name":"wp","href":"https:\/\/api.w.org\/{rel}","templated":true}]}}