{"id":164,"date":"2018-08-14T21:03:18","date_gmt":"2018-08-14T19:03:18","guid":{"rendered":"https:\/\/gethowies.com\/se\/produkt\/import-placeholder-for-579\/"},"modified":"2022-06-07T15:13:00","modified_gmt":"2022-06-07T13:13:00","slug":"howies-pro-grepptejp-vit","status":"publish","type":"product","link":"https:\/\/gethowies.com\/se\/produkt\/howies-pro-grepptejp-vit\/","title":{"rendered":"Howies Stretch Grepptejp Vit"},"content":{"rendered":"<p>Howies Pro Grepptejp Vit \u00e4r proffsens val av grepptejp. V\u00e5r grepptejp anv\u00e4nds bl.a. av spelare i NHL, SHL och av spelare som enbart n\u00f6jer sig med den b\u00e4sta hockeytejpen.\u00a0Med v\u00e5r stretchiga grepptejp f\u00e5r ditt skaft en lagom str\u00e4v yta s\u00e5 att din skotthand inte glider i det avg\u00f6rande \u00f6gonblicket. Howies Pro Grepptejp \u00e4r 37 mm bredd och 5 meter l\u00e5ng. Howies Pro Grepptejp kan d\u00e4remot t\u00f6jas ut upp till 10 meter beroende p\u00e5 hur str\u00e4vt, tjockt eller tunn du vill att grepptejpen skall vara p\u00e5 klubban.<\/p>\n<h3>Anv\u00e4nds till knoppen<\/h3>\n<p>Till skillnad fr\u00e5n v\u00e5r tygtejp som anv\u00e4nds p\u00e5 hockeybladen \u00e4r grepptejpen framtagen f\u00f6r att anv\u00e4ndas ovanp\u00e5 knoppen, d\u00e4r du h\u00e5ller i hockeyklubban. Under ishockeytr\u00e4ningar\/matcher blir din klubba och tejp l\u00e4tt bl\u00f6t. F\u00f6r att bibeh\u00e5lla grepp rekommenderar vi Howies Pro Grepptejp f\u00f6r att inte glida med din topphand.<\/p>\n<h3>Sliter inte p\u00e5 handsken<\/h3>\n<p>Unikt med Howies Pro Grepptejp \u00e4r att den inte sliter p\u00e5 handskens insida. Myten om att grepptejp \u00e4ter handskar \u00e4r h\u00e4rmed ett minne blott. Du kan tejpa om din knopp varje dag utan att oroa dig \u00f6ver att dina handskar tar skada.<\/p>\n<h3>F\u00e4rger<\/h3>\n<p>Howies Pro Grepptejp finns i hela 8 olika f\u00e4rger. Bl\u00e5, Svart, R\u00f6d, Ljusbl\u00e5, Gul, Vit, Lila, Rosa. Matcha grepptejp i klubbens f\u00e4rger eller h\u00e5lla fast vid din egna favoritf\u00e4rg.<\/p>\n<p>Howies Hockey Tape tillverkas i Nordamerika<\/p>\n","protected":false},"excerpt":{"rendered":"<p><font size=\"2\"color=\"black\"><strong>F\u00e4rg<\/strong> &#8211; Vit<\/font><\/p>\n<div class=\"boxarna\">\n<ul>\n<li class=\"ccurrent\"><a href=\"..\/howies-pro-grepptejp-vit\/\">\n<div class=\"white\"><\/div>\n<p><\/a><\/li>\n<li><a href=\"..\/howies-pro-grepptejp-svart\/\">\n<div class=\"black\">\n  <\/div>\n<p><\/a><\/li>\n<li><a href=\"..\/howies-pro-grepptejp-bla\/\">\n<div class=\"blue\">\n  <\/div>\n<p><\/a><\/li>\n<li><a href=\"..\/howies-pro-grepptejp-lila\/\">\n<div class=\"purple\">\n  <\/div>\n<p><\/a><\/li>\n<li><a href=\"..\/howies-pro-grepptejp-sky\/\">\n<div class=\"sky\">\n  <\/div>\n<p><\/a><\/li>\n<li><a href=\"..\/howies-pro-grepptejp-gron\/\">\n<div class=\"green\">\n  <\/div>\n<p><\/a><\/li>\n<li><a href=\"..\/howies-pro-grepptejp-lime\/\">\n<div class=\"neon\">\n<\/div>\n<p><\/a><\/li>\n<li><a href=\"..\/howies-pro-grepptejp-gul\/\">\n<div class=\"yellow\">\n  <\/div>\n<p><\/a><\/li>\n<li><a href=\"..\/howies-pro-grepptejp-orange\/\">\n<div class=\"orange\">\n  <\/div>\n<p><\/a><\/li>\n<li><a href=\"..\/howies-pro-grepptejp-rosa\/\">\n<div class=\"pink\">\n  <\/div>\n<p><\/a><\/li>\n<li><a href=\"..\/howies-pro-grepptejp-rod\/\">\n<div class=\"red\">\n  <\/div>\n<p><\/a><\/li>\n<\/ul>\n<\/div>\n","protected":false},"featured_media":213,"comment_status":"closed","ping_status":"closed","template":"","meta":{"inline_featured_image":false},"product_brand":[],"product_cat":[54,55],"product_tag":[],"class_list":{"0":"post-164","1":"product","2":"type-product","3":"status-publish","4":"has-post-thumbnail","6":"product_cat-grepptejp","7":"product_cat-stretch-grepptejp","9":"first","10":"instock","11":"shipping-taxable","12":"purchasable","13":"product-type-simple"},"yoast_head":"<!-- This site is optimized with the Yoast SEO plugin v27.5 - https:\/\/yoast.com\/product\/yoast-seo-wordpress\/ -->\n<title>Howies Stretch Grepptejp Vit - Howies Hockey Sverige<\/title>\n<meta name=\"description\" content=\"Howies Pro Grepptejp Vit \u00e4r proffsens val av grepptejp. Howies grepptejp anv\u00e4nds av spelare i de st\u00f6rsta ligorna som NHL och SHL.\" \/>\n<meta name=\"robots\" content=\"index, follow, max-snippet:-1, max-image-preview:large, max-video-preview:-1\" \/>\n<link rel=\"canonical\" href=\"https:\/\/gethowies.com\/se\/produkt\/howies-pro-grepptejp-vit\/\" \/>\n<meta property=\"og:locale\" content=\"sv_SE\" \/>\n<meta property=\"og:type\" content=\"article\" \/>\n<meta property=\"og:title\" content=\"Howies Stretch Grepptejp Vit - Howies Hockey Sverige\" \/>\n<meta property=\"og:description\" content=\"Howies Pro Grepptejp Vit \u00e4r proffsens val av grepptejp. Howies grepptejp anv\u00e4nds av spelare i de st\u00f6rsta ligorna som NHL och SHL.\" \/>\n<meta property=\"og:url\" content=\"https:\/\/gethowies.com\/se\/produkt\/howies-pro-grepptejp-vit\/\" \/>\n<meta property=\"og:site_name\" content=\"Howies Hockey Sverige\" \/>\n<meta property=\"article:modified_time\" content=\"2022-06-07T13:13:00+00:00\" \/>\n<meta property=\"og:image\" content=\"https:\/\/gethowies.com\/se\/wp-content\/uploads\/sites\/2\/2018\/08\/hht-white-grip.jpg\" \/>\n\t<meta property=\"og:image:width\" content=\"1020\" \/>\n\t<meta property=\"og:image:height\" content=\"1020\" \/>\n\t<meta property=\"og:image:type\" content=\"image\/jpeg\" \/>\n<meta name=\"twitter:card\" content=\"summary_large_image\" \/>\n<meta name=\"twitter:label1\" content=\"Ber\u00e4knad l\u00e4stid\" \/>\n\t<meta name=\"twitter:data1\" content=\"1 minut\" \/>\n<script type=\"application\/ld+json\" class=\"yoast-schema-graph\">{\"@context\":\"https:\\\/\\\/schema.org\",\"@graph\":[{\"@type\":\"WebPage\",\"@id\":\"https:\\\/\\\/gethowies.com\\\/se\\\/produkt\\\/howies-pro-grepptejp-vit\\\/\",\"url\":\"https:\\\/\\\/gethowies.com\\\/se\\\/produkt\\\/howies-pro-grepptejp-vit\\\/\",\"name\":\"Howies Stretch Grepptejp Vit - Howies Hockey Sverige\",\"isPartOf\":{\"@id\":\"https:\\\/\\\/gethowies.com\\\/se\\\/#website\"},\"primaryImageOfPage\":{\"@id\":\"https:\\\/\\\/gethowies.com\\\/se\\\/produkt\\\/howies-pro-grepptejp-vit\\\/#primaryimage\"},\"image\":{\"@id\":\"https:\\\/\\\/gethowies.com\\\/se\\\/produkt\\\/howies-pro-grepptejp-vit\\\/#primaryimage\"},\"thumbnailUrl\":\"https:\\\/\\\/gethowies.com\\\/se\\\/wp-content\\\/uploads\\\/sites\\\/2\\\/2018\\\/08\\\/hht-white-grip.jpg\",\"datePublished\":\"2018-08-14T19:03:18+00:00\",\"dateModified\":\"2022-06-07T13:13:00+00:00\",\"description\":\"Howies Pro Grepptejp Vit \u00e4r proffsens val av grepptejp. Howies grepptejp anv\u00e4nds av spelare i de st\u00f6rsta ligorna som NHL och SHL.\",\"breadcrumb\":{\"@id\":\"https:\\\/\\\/gethowies.com\\\/se\\\/produkt\\\/howies-pro-grepptejp-vit\\\/#breadcrumb\"},\"inLanguage\":\"sv-SE\",\"potentialAction\":[{\"@type\":\"ReadAction\",\"target\":[\"https:\\\/\\\/gethowies.com\\\/se\\\/produkt\\\/howies-pro-grepptejp-vit\\\/\"]}]},{\"@type\":\"ImageObject\",\"inLanguage\":\"sv-SE\",\"@id\":\"https:\\\/\\\/gethowies.com\\\/se\\\/produkt\\\/howies-pro-grepptejp-vit\\\/#primaryimage\",\"url\":\"https:\\\/\\\/gethowies.com\\\/se\\\/wp-content\\\/uploads\\\/sites\\\/2\\\/2018\\\/08\\\/hht-white-grip.jpg\",\"contentUrl\":\"https:\\\/\\\/gethowies.com\\\/se\\\/wp-content\\\/uploads\\\/sites\\\/2\\\/2018\\\/08\\\/hht-white-grip.jpg\",\"width\":1020,\"height\":1020},{\"@type\":\"BreadcrumbList\",\"@id\":\"https:\\\/\\\/gethowies.com\\\/se\\\/produkt\\\/howies-pro-grepptejp-vit\\\/#breadcrumb\",\"itemListElement\":[{\"@type\":\"ListItem\",\"position\":1,\"name\":\"Hem\",\"item\":\"https:\\\/\\\/gethowies.com\\\/se\\\/\"},{\"@type\":\"ListItem\",\"position\":2,\"name\":\"Shop\",\"item\":\"https:\\\/\\\/gethowies.com\\\/se\\\/shop\\\/\"},{\"@type\":\"ListItem\",\"position\":3,\"name\":\"Howies Stretch Grepptejp Vit\"}]},{\"@type\":\"WebSite\",\"@id\":\"https:\\\/\\\/gethowies.com\\\/se\\\/#website\",\"url\":\"https:\\\/\\\/gethowies.com\\\/se\\\/\",\"name\":\"Howies Hockey Sverige\",\"description\":\"\",\"potentialAction\":[{\"@type\":\"SearchAction\",\"target\":{\"@type\":\"EntryPoint\",\"urlTemplate\":\"https:\\\/\\\/gethowies.com\\\/se\\\/?s={search_term_string}\"},\"query-input\":{\"@type\":\"PropertyValueSpecification\",\"valueRequired\":true,\"valueName\":\"search_term_string\"}}],\"inLanguage\":\"sv-SE\"}]}<\/script>\n<!-- \/ Yoast SEO plugin. -->","yoast_head_json":{"title":"Howies Stretch Grepptejp Vit - Howies Hockey Sverige","description":"Howies Pro Grepptejp Vit \u00e4r proffsens val av grepptejp. Howies grepptejp anv\u00e4nds av spelare i de st\u00f6rsta ligorna som NHL och SHL.","robots":{"index":"index","follow":"follow","max-snippet":"max-snippet:-1","max-image-preview":"max-image-preview:large","max-video-preview":"max-video-preview:-1"},"canonical":"https:\/\/gethowies.com\/se\/produkt\/howies-pro-grepptejp-vit\/","og_locale":"sv_SE","og_type":"article","og_title":"Howies Stretch Grepptejp Vit - Howies Hockey Sverige","og_description":"Howies Pro Grepptejp Vit \u00e4r proffsens val av grepptejp. Howies grepptejp anv\u00e4nds av spelare i de st\u00f6rsta ligorna som NHL och SHL.","og_url":"https:\/\/gethowies.com\/se\/produkt\/howies-pro-grepptejp-vit\/","og_site_name":"Howies Hockey Sverige","article_modified_time":"2022-06-07T13:13:00+00:00","og_image":[{"width":1020,"height":1020,"url":"https:\/\/gethowies.com\/se\/wp-content\/uploads\/sites\/2\/2018\/08\/hht-white-grip.jpg","type":"image\/jpeg"}],"twitter_card":"summary_large_image","twitter_misc":{"Ber\u00e4knad l\u00e4stid":"1 minut"},"schema":{"@context":"https:\/\/schema.org","@graph":[{"@type":"WebPage","@id":"https:\/\/gethowies.com\/se\/produkt\/howies-pro-grepptejp-vit\/","url":"https:\/\/gethowies.com\/se\/produkt\/howies-pro-grepptejp-vit\/","name":"Howies Stretch Grepptejp Vit - Howies Hockey Sverige","isPartOf":{"@id":"https:\/\/gethowies.com\/se\/#website"},"primaryImageOfPage":{"@id":"https:\/\/gethowies.com\/se\/produkt\/howies-pro-grepptejp-vit\/#primaryimage"},"image":{"@id":"https:\/\/gethowies.com\/se\/produkt\/howies-pro-grepptejp-vit\/#primaryimage"},"thumbnailUrl":"https:\/\/gethowies.com\/se\/wp-content\/uploads\/sites\/2\/2018\/08\/hht-white-grip.jpg","datePublished":"2018-08-14T19:03:18+00:00","dateModified":"2022-06-07T13:13:00+00:00","description":"Howies Pro Grepptejp Vit \u00e4r proffsens val av grepptejp. Howies grepptejp anv\u00e4nds av spelare i de st\u00f6rsta ligorna som NHL och SHL.","breadcrumb":{"@id":"https:\/\/gethowies.com\/se\/produkt\/howies-pro-grepptejp-vit\/#breadcrumb"},"inLanguage":"sv-SE","potentialAction":[{"@type":"ReadAction","target":["https:\/\/gethowies.com\/se\/produkt\/howies-pro-grepptejp-vit\/"]}]},{"@type":"ImageObject","inLanguage":"sv-SE","@id":"https:\/\/gethowies.com\/se\/produkt\/howies-pro-grepptejp-vit\/#primaryimage","url":"https:\/\/gethowies.com\/se\/wp-content\/uploads\/sites\/2\/2018\/08\/hht-white-grip.jpg","contentUrl":"https:\/\/gethowies.com\/se\/wp-content\/uploads\/sites\/2\/2018\/08\/hht-white-grip.jpg","width":1020,"height":1020},{"@type":"BreadcrumbList","@id":"https:\/\/gethowies.com\/se\/produkt\/howies-pro-grepptejp-vit\/#breadcrumb","itemListElement":[{"@type":"ListItem","position":1,"name":"Hem","item":"https:\/\/gethowies.com\/se\/"},{"@type":"ListItem","position":2,"name":"Shop","item":"https:\/\/gethowies.com\/se\/shop\/"},{"@type":"ListItem","position":3,"name":"Howies Stretch Grepptejp Vit"}]},{"@type":"WebSite","@id":"https:\/\/gethowies.com\/se\/#website","url":"https:\/\/gethowies.com\/se\/","name":"Howies Hockey Sverige","description":"","potentialAction":[{"@type":"SearchAction","target":{"@type":"EntryPoint","urlTemplate":"https:\/\/gethowies.com\/se\/?s={search_term_string}"},"query-input":{"@type":"PropertyValueSpecification","valueRequired":true,"valueName":"search_term_string"}}],"inLanguage":"sv-SE"}]}},"_links":{"self":[{"href":"https:\/\/gethowies.com\/se\/wp-json\/wp\/v2\/product\/164","targetHints":{"allow":["GET"]}}],"collection":[{"href":"https:\/\/gethowies.com\/se\/wp-json\/wp\/v2\/product"}],"about":[{"href":"https:\/\/gethowies.com\/se\/wp-json\/wp\/v2\/types\/product"}],"replies":[{"embeddable":true,"href":"https:\/\/gethowies.com\/se\/wp-json\/wp\/v2\/comments?post=164"}],"wp:featuredmedia":[{"embeddable":true,"href":"https:\/\/gethowies.com\/se\/wp-json\/wp\/v2\/media\/213"}],"wp:attachment":[{"href":"https:\/\/gethowies.com\/se\/wp-json\/wp\/v2\/media?parent=164"}],"wp:term":[{"taxonomy":"product_brand","embeddable":true,"href":"https:\/\/gethowies.com\/se\/wp-json\/wp\/v2\/product_brand?post=164"},{"taxonomy":"product_cat","embeddable":true,"href":"https:\/\/gethowies.com\/se\/wp-json\/wp\/v2\/product_cat?post=164"},{"taxonomy":"product_tag","embeddable":true,"href":"https:\/\/gethowies.com\/se\/wp-json\/wp\/v2\/product_tag?post=164"}],"curies":[{"name":"wp","href":"https:\/\/api.w.org\/{rel}","templated":true}]}}