{"id":181,"date":"2018-08-14T21:04:30","date_gmt":"2018-08-14T19:04:30","guid":{"rendered":"https:\/\/gethowies.com\/se\/produkt\/import-placeholder-for-601\/"},"modified":"2023-03-02T00:33:33","modified_gmt":"2023-03-01T23:33:33","slug":"howies-gauze-grip-vit","status":"publish","type":"product","link":"https:\/\/gethowies.com\/se\/produkt\/howies-gauze-grip-vit\/","title":{"rendered":"Howies Gauze Grip Vit"},"content":{"rendered":"","protected":false},"excerpt":{"rendered":"<p>Howies Gauze Grip ger ger din skotthand b\u00e4ttre grepp vid skott och passning j\u00e4mf\u00f6rt med vanlig tygtejp. Gauze Grip \u00e4r tunnare och lite str\u00e4vare \u00e4n Howies Pro Grip Soft. Vilken som passar b\u00e4st \u00e4r en smaksak s\u00e5 varf\u00f6r inte prova en av varje. B\u00e5da anv\u00e4nds av spelare i NHL och SHL.<\/p>\n<p><font size=\"2\"color=\"black\"><strong>F\u00e4rg<\/strong> &#8211; Vit<\/font><\/p>\n<div class=\"boxarna\">\n<ul>\n<li class=\"ccurrent\"><a href=\"..\/howies-gauze-grip-vit\/\">\n<div class=\"white\"><\/div>\n<p><\/a><\/li>\n<li><a href=\"..\/howies-gauze-grip-gul\/\">\n<div class=\"yellow\">\n  <\/div>\n<p><\/a><\/li>\n<li><a href=\"..\/howies-gauze-grip-sky\/\">\n<div class=\"sky\">\n  <\/div>\n<p><\/a><\/li>\n<\/ul>\n<\/div>\n","protected":false},"featured_media":235,"comment_status":"closed","ping_status":"closed","template":"","meta":{"inline_featured_image":false},"product_brand":[],"product_cat":[57,54],"product_tag":[],"class_list":{"0":"post-181","1":"product","2":"type-product","3":"status-publish","4":"has-post-thumbnail","6":"product_cat-gauze-grepptejp","7":"product_cat-grepptejp","9":"first","10":"instock","11":"shipping-taxable","12":"purchasable","13":"product-type-simple"},"yoast_head":"<!-- This site is optimized with the Yoast SEO plugin v27.5 - https:\/\/yoast.com\/product\/yoast-seo-wordpress\/ -->\n<title>Howies Gauze Grip Vit - Howies Hockey Sverige<\/title>\n<meta name=\"robots\" content=\"index, follow, max-snippet:-1, max-image-preview:large, max-video-preview:-1\" \/>\n<link rel=\"canonical\" href=\"https:\/\/gethowies.com\/se\/produkt\/howies-gauze-grip-vit\/\" \/>\n<meta property=\"og:locale\" content=\"sv_SE\" \/>\n<meta property=\"og:type\" content=\"article\" \/>\n<meta property=\"og:title\" content=\"Howies Gauze Grip Vit - Howies Hockey Sverige\" \/>\n<meta property=\"og:description\" content=\"Howies Gauze Grip ger ger din skotthand b\u00e4ttre grepp vid skott och passning j\u00e4mf\u00f6rt med vanlig tygtejp. Gauze Grip \u00e4r tunnare och lite str\u00e4vare \u00e4n Howies Pro Grip Soft. Vilken som passar b\u00e4st \u00e4r en smaksak s\u00e5 varf\u00f6r inte prova en av varje. B\u00e5da anv\u00e4nds av spelare i NHL och SHL.  F\u00e4rg - Vit\" \/>\n<meta property=\"og:url\" content=\"https:\/\/gethowies.com\/se\/produkt\/howies-gauze-grip-vit\/\" \/>\n<meta property=\"og:site_name\" content=\"Howies Hockey Sverige\" \/>\n<meta property=\"article:modified_time\" content=\"2023-03-01T23:33:33+00:00\" \/>\n<meta property=\"og:image\" content=\"https:\/\/gethowies.com\/se\/wp-content\/uploads\/sites\/2\/2018\/08\/white-gauze.jpg\" \/>\n\t<meta property=\"og:image:width\" content=\"1020\" \/>\n\t<meta property=\"og:image:height\" content=\"1200\" \/>\n\t<meta property=\"og:image:type\" content=\"image\/jpeg\" \/>\n<meta name=\"twitter:card\" content=\"summary_large_image\" \/>\n<script type=\"application\/ld+json\" class=\"yoast-schema-graph\">{\"@context\":\"https:\\\/\\\/schema.org\",\"@graph\":[{\"@type\":\"WebPage\",\"@id\":\"https:\\\/\\\/gethowies.com\\\/se\\\/produkt\\\/howies-gauze-grip-vit\\\/\",\"url\":\"https:\\\/\\\/gethowies.com\\\/se\\\/produkt\\\/howies-gauze-grip-vit\\\/\",\"name\":\"Howies Gauze Grip Vit - Howies Hockey Sverige\",\"isPartOf\":{\"@id\":\"https:\\\/\\\/gethowies.com\\\/se\\\/#website\"},\"primaryImageOfPage\":{\"@id\":\"https:\\\/\\\/gethowies.com\\\/se\\\/produkt\\\/howies-gauze-grip-vit\\\/#primaryimage\"},\"image\":{\"@id\":\"https:\\\/\\\/gethowies.com\\\/se\\\/produkt\\\/howies-gauze-grip-vit\\\/#primaryimage\"},\"thumbnailUrl\":\"https:\\\/\\\/gethowies.com\\\/se\\\/wp-content\\\/uploads\\\/sites\\\/2\\\/2018\\\/08\\\/white-gauze.jpg\",\"datePublished\":\"2018-08-14T19:04:30+00:00\",\"dateModified\":\"2023-03-01T23:33:33+00:00\",\"breadcrumb\":{\"@id\":\"https:\\\/\\\/gethowies.com\\\/se\\\/produkt\\\/howies-gauze-grip-vit\\\/#breadcrumb\"},\"inLanguage\":\"sv-SE\",\"potentialAction\":[{\"@type\":\"ReadAction\",\"target\":[\"https:\\\/\\\/gethowies.com\\\/se\\\/produkt\\\/howies-gauze-grip-vit\\\/\"]}]},{\"@type\":\"ImageObject\",\"inLanguage\":\"sv-SE\",\"@id\":\"https:\\\/\\\/gethowies.com\\\/se\\\/produkt\\\/howies-gauze-grip-vit\\\/#primaryimage\",\"url\":\"https:\\\/\\\/gethowies.com\\\/se\\\/wp-content\\\/uploads\\\/sites\\\/2\\\/2018\\\/08\\\/white-gauze.jpg\",\"contentUrl\":\"https:\\\/\\\/gethowies.com\\\/se\\\/wp-content\\\/uploads\\\/sites\\\/2\\\/2018\\\/08\\\/white-gauze.jpg\",\"width\":1020,\"height\":1200},{\"@type\":\"BreadcrumbList\",\"@id\":\"https:\\\/\\\/gethowies.com\\\/se\\\/produkt\\\/howies-gauze-grip-vit\\\/#breadcrumb\",\"itemListElement\":[{\"@type\":\"ListItem\",\"position\":1,\"name\":\"Hem\",\"item\":\"https:\\\/\\\/gethowies.com\\\/se\\\/\"},{\"@type\":\"ListItem\",\"position\":2,\"name\":\"Shop\",\"item\":\"https:\\\/\\\/gethowies.com\\\/se\\\/shop\\\/\"},{\"@type\":\"ListItem\",\"position\":3,\"name\":\"Howies Gauze Grip Vit\"}]},{\"@type\":\"WebSite\",\"@id\":\"https:\\\/\\\/gethowies.com\\\/se\\\/#website\",\"url\":\"https:\\\/\\\/gethowies.com\\\/se\\\/\",\"name\":\"Howies Hockey Sverige\",\"description\":\"\",\"potentialAction\":[{\"@type\":\"SearchAction\",\"target\":{\"@type\":\"EntryPoint\",\"urlTemplate\":\"https:\\\/\\\/gethowies.com\\\/se\\\/?s={search_term_string}\"},\"query-input\":{\"@type\":\"PropertyValueSpecification\",\"valueRequired\":true,\"valueName\":\"search_term_string\"}}],\"inLanguage\":\"sv-SE\"}]}<\/script>\n<!-- \/ Yoast SEO plugin. -->","yoast_head_json":{"title":"Howies Gauze Grip Vit - Howies Hockey Sverige","robots":{"index":"index","follow":"follow","max-snippet":"max-snippet:-1","max-image-preview":"max-image-preview:large","max-video-preview":"max-video-preview:-1"},"canonical":"https:\/\/gethowies.com\/se\/produkt\/howies-gauze-grip-vit\/","og_locale":"sv_SE","og_type":"article","og_title":"Howies Gauze Grip Vit - Howies Hockey Sverige","og_description":"Howies Gauze Grip ger ger din skotthand b\u00e4ttre grepp vid skott och passning j\u00e4mf\u00f6rt med vanlig tygtejp. Gauze Grip \u00e4r tunnare och lite str\u00e4vare \u00e4n Howies Pro Grip Soft. Vilken som passar b\u00e4st \u00e4r en smaksak s\u00e5 varf\u00f6r inte prova en av varje. B\u00e5da anv\u00e4nds av spelare i NHL och SHL.  F\u00e4rg - Vit","og_url":"https:\/\/gethowies.com\/se\/produkt\/howies-gauze-grip-vit\/","og_site_name":"Howies Hockey Sverige","article_modified_time":"2023-03-01T23:33:33+00:00","og_image":[{"width":1020,"height":1200,"url":"https:\/\/gethowies.com\/se\/wp-content\/uploads\/sites\/2\/2018\/08\/white-gauze.jpg","type":"image\/jpeg"}],"twitter_card":"summary_large_image","schema":{"@context":"https:\/\/schema.org","@graph":[{"@type":"WebPage","@id":"https:\/\/gethowies.com\/se\/produkt\/howies-gauze-grip-vit\/","url":"https:\/\/gethowies.com\/se\/produkt\/howies-gauze-grip-vit\/","name":"Howies Gauze Grip Vit - Howies Hockey Sverige","isPartOf":{"@id":"https:\/\/gethowies.com\/se\/#website"},"primaryImageOfPage":{"@id":"https:\/\/gethowies.com\/se\/produkt\/howies-gauze-grip-vit\/#primaryimage"},"image":{"@id":"https:\/\/gethowies.com\/se\/produkt\/howies-gauze-grip-vit\/#primaryimage"},"thumbnailUrl":"https:\/\/gethowies.com\/se\/wp-content\/uploads\/sites\/2\/2018\/08\/white-gauze.jpg","datePublished":"2018-08-14T19:04:30+00:00","dateModified":"2023-03-01T23:33:33+00:00","breadcrumb":{"@id":"https:\/\/gethowies.com\/se\/produkt\/howies-gauze-grip-vit\/#breadcrumb"},"inLanguage":"sv-SE","potentialAction":[{"@type":"ReadAction","target":["https:\/\/gethowies.com\/se\/produkt\/howies-gauze-grip-vit\/"]}]},{"@type":"ImageObject","inLanguage":"sv-SE","@id":"https:\/\/gethowies.com\/se\/produkt\/howies-gauze-grip-vit\/#primaryimage","url":"https:\/\/gethowies.com\/se\/wp-content\/uploads\/sites\/2\/2018\/08\/white-gauze.jpg","contentUrl":"https:\/\/gethowies.com\/se\/wp-content\/uploads\/sites\/2\/2018\/08\/white-gauze.jpg","width":1020,"height":1200},{"@type":"BreadcrumbList","@id":"https:\/\/gethowies.com\/se\/produkt\/howies-gauze-grip-vit\/#breadcrumb","itemListElement":[{"@type":"ListItem","position":1,"name":"Hem","item":"https:\/\/gethowies.com\/se\/"},{"@type":"ListItem","position":2,"name":"Shop","item":"https:\/\/gethowies.com\/se\/shop\/"},{"@type":"ListItem","position":3,"name":"Howies Gauze Grip Vit"}]},{"@type":"WebSite","@id":"https:\/\/gethowies.com\/se\/#website","url":"https:\/\/gethowies.com\/se\/","name":"Howies Hockey Sverige","description":"","potentialAction":[{"@type":"SearchAction","target":{"@type":"EntryPoint","urlTemplate":"https:\/\/gethowies.com\/se\/?s={search_term_string}"},"query-input":{"@type":"PropertyValueSpecification","valueRequired":true,"valueName":"search_term_string"}}],"inLanguage":"sv-SE"}]}},"_links":{"self":[{"href":"https:\/\/gethowies.com\/se\/wp-json\/wp\/v2\/product\/181","targetHints":{"allow":["GET"]}}],"collection":[{"href":"https:\/\/gethowies.com\/se\/wp-json\/wp\/v2\/product"}],"about":[{"href":"https:\/\/gethowies.com\/se\/wp-json\/wp\/v2\/types\/product"}],"replies":[{"embeddable":true,"href":"https:\/\/gethowies.com\/se\/wp-json\/wp\/v2\/comments?post=181"}],"wp:featuredmedia":[{"embeddable":true,"href":"https:\/\/gethowies.com\/se\/wp-json\/wp\/v2\/media\/235"}],"wp:attachment":[{"href":"https:\/\/gethowies.com\/se\/wp-json\/wp\/v2\/media?parent=181"}],"wp:term":[{"taxonomy":"product_brand","embeddable":true,"href":"https:\/\/gethowies.com\/se\/wp-json\/wp\/v2\/product_brand?post=181"},{"taxonomy":"product_cat","embeddable":true,"href":"https:\/\/gethowies.com\/se\/wp-json\/wp\/v2\/product_cat?post=181"},{"taxonomy":"product_tag","embeddable":true,"href":"https:\/\/gethowies.com\/se\/wp-json\/wp\/v2\/product_tag?post=181"}],"curies":[{"name":"wp","href":"https:\/\/api.w.org\/{rel}","templated":true}]}}