{"id":201,"date":"2018-08-14T21:06:32","date_gmt":"2018-08-14T19:06:32","guid":{"rendered":"https:\/\/gethowies.com\/se\/produkt\/import-placeholder-for-802\/"},"modified":"2022-09-08T13:56:26","modified_gmt":"2022-09-08T11:56:26","slug":"howies-traningspuck","status":"publish","type":"product","link":"https:\/\/gethowies.com\/se\/produkt\/howies-traningspuck\/","title":{"rendered":"Howies Tr\u00e4ningspuck"},"content":{"rendered":"<h3>Godk\u00e4nda av IIHF<\/h3>\n<p>Howies tr\u00e4ningspuckar \u00e4r smetfria och godk\u00e4nda av IIHF och Svenska Ishockeyf\u00f6rbundet f\u00f6r tr\u00e4ning. Tj\u00e4na pengar p\u00e5\u00a0Big Pack 50, och 100 puckar.<\/p>\n<h3>Egen logga<\/h3>\n<p>Howies tr\u00e4nings puckar kan f\u00e5s med din f\u00f6renings klubbemblem tryckt i h\u00f6gsta kvalit\u00e9. Leveranstiden \u00e4r ca 3 veckor. F\u00f6r mer information <a href=\"https:\/\/hockeylife.se\/puckar-med-tryck\/\">klicka h\u00e4r<\/a><\/p>\n<p>Howies puckar tillverkas i Tjeckien<\/p>\n","protected":false},"excerpt":{"rendered":"<p>Godk\u00e4nda av IIHF Howies tr\u00e4ningspuckar \u00e4r smetfria och godk\u00e4nda av IIHF och Svenska Ishockeyf\u00f6rbundet f\u00f6r tr\u00e4ning. Tj\u00e4na pengar p\u00e5\u00a0Big Pack 50, och 100 puckar. Egen logga Howies tr\u00e4nings puckar kan f\u00e5s med din f\u00f6renings klubbemblem tryckt i h\u00f6gsta kvalit\u00e9. Leveranstiden \u00e4r ca 3 veckor. F\u00f6r mer information klicka h\u00e4r Howies puckar tillverkas i Tjeckien<\/p>\n","protected":false},"featured_media":243,"comment_status":"closed","ping_status":"closed","template":"","meta":{"inline_featured_image":false},"product_brand":[],"product_cat":[61],"product_tag":[],"class_list":{"0":"post-201","1":"product","2":"type-product","3":"status-publish","4":"has-post-thumbnail","6":"product_cat-howies-puckar","8":"first","9":"instock","10":"shipping-taxable","11":"purchasable","12":"product-type-variable"},"yoast_head":"<!-- This site is optimized with the Yoast SEO plugin v27.5 - https:\/\/yoast.com\/product\/yoast-seo-wordpress\/ -->\n<title>Howies Tr\u00e4ningspuck - Howies Hockey Sverige<\/title>\n<meta name=\"description\" content=\"Howies hockeypuckar \u00e4r smetfria och tillverkade i Tjeckien. Tj\u00e4na pengar p\u00e5 v\u00e5ra puckar 50 pack och 100 pack.\" \/>\n<meta name=\"robots\" content=\"index, follow, max-snippet:-1, max-image-preview:large, max-video-preview:-1\" \/>\n<link rel=\"canonical\" href=\"https:\/\/gethowies.com\/se\/produkt\/howies-traningspuck\/\" \/>\n<meta property=\"og:locale\" content=\"sv_SE\" \/>\n<meta property=\"og:type\" content=\"article\" \/>\n<meta property=\"og:title\" content=\"Howies Tr\u00e4ningspuck - Howies Hockey Sverige\" \/>\n<meta property=\"og:description\" content=\"Howies hockeypuckar \u00e4r smetfria och tillverkade i Tjeckien. Tj\u00e4na pengar p\u00e5 v\u00e5ra puckar 50 pack och 100 pack.\" \/>\n<meta property=\"og:url\" content=\"https:\/\/gethowies.com\/se\/produkt\/howies-traningspuck\/\" \/>\n<meta property=\"og:site_name\" content=\"Howies Hockey Sverige\" \/>\n<meta property=\"article:modified_time\" content=\"2022-09-08T11:56:26+00:00\" \/>\n<meta property=\"og:image\" content=\"https:\/\/gethowies.com\/se\/wp-content\/uploads\/sites\/2\/2018\/08\/Puck-svart-paket.jpg\" \/>\n\t<meta property=\"og:image:width\" content=\"1020\" \/>\n\t<meta property=\"og:image:height\" content=\"1200\" \/>\n\t<meta property=\"og:image:type\" content=\"image\/jpeg\" \/>\n<meta name=\"twitter:card\" content=\"summary_large_image\" \/>\n<meta name=\"twitter:label1\" content=\"Ber\u00e4knad l\u00e4stid\" \/>\n\t<meta name=\"twitter:data1\" content=\"1 minut\" \/>\n<script type=\"application\/ld+json\" class=\"yoast-schema-graph\">{\"@context\":\"https:\\\/\\\/schema.org\",\"@graph\":[{\"@type\":\"WebPage\",\"@id\":\"https:\\\/\\\/gethowies.com\\\/se\\\/produkt\\\/howies-traningspuck\\\/\",\"url\":\"https:\\\/\\\/gethowies.com\\\/se\\\/produkt\\\/howies-traningspuck\\\/\",\"name\":\"Howies Tr\u00e4ningspuck - Howies Hockey Sverige\",\"isPartOf\":{\"@id\":\"https:\\\/\\\/gethowies.com\\\/se\\\/#website\"},\"primaryImageOfPage\":{\"@id\":\"https:\\\/\\\/gethowies.com\\\/se\\\/produkt\\\/howies-traningspuck\\\/#primaryimage\"},\"image\":{\"@id\":\"https:\\\/\\\/gethowies.com\\\/se\\\/produkt\\\/howies-traningspuck\\\/#primaryimage\"},\"thumbnailUrl\":\"https:\\\/\\\/gethowies.com\\\/se\\\/wp-content\\\/uploads\\\/sites\\\/2\\\/2018\\\/08\\\/Puck-svart-paket.jpg\",\"datePublished\":\"2018-08-14T19:06:32+00:00\",\"dateModified\":\"2022-09-08T11:56:26+00:00\",\"description\":\"Howies hockeypuckar \u00e4r smetfria och tillverkade i Tjeckien. Tj\u00e4na pengar p\u00e5 v\u00e5ra puckar 50 pack och 100 pack.\",\"breadcrumb\":{\"@id\":\"https:\\\/\\\/gethowies.com\\\/se\\\/produkt\\\/howies-traningspuck\\\/#breadcrumb\"},\"inLanguage\":\"sv-SE\",\"potentialAction\":[{\"@type\":\"ReadAction\",\"target\":[\"https:\\\/\\\/gethowies.com\\\/se\\\/produkt\\\/howies-traningspuck\\\/\"]}]},{\"@type\":\"ImageObject\",\"inLanguage\":\"sv-SE\",\"@id\":\"https:\\\/\\\/gethowies.com\\\/se\\\/produkt\\\/howies-traningspuck\\\/#primaryimage\",\"url\":\"https:\\\/\\\/gethowies.com\\\/se\\\/wp-content\\\/uploads\\\/sites\\\/2\\\/2018\\\/08\\\/Puck-svart-paket.jpg\",\"contentUrl\":\"https:\\\/\\\/gethowies.com\\\/se\\\/wp-content\\\/uploads\\\/sites\\\/2\\\/2018\\\/08\\\/Puck-svart-paket.jpg\",\"width\":1020,\"height\":1200},{\"@type\":\"BreadcrumbList\",\"@id\":\"https:\\\/\\\/gethowies.com\\\/se\\\/produkt\\\/howies-traningspuck\\\/#breadcrumb\",\"itemListElement\":[{\"@type\":\"ListItem\",\"position\":1,\"name\":\"Hem\",\"item\":\"https:\\\/\\\/gethowies.com\\\/se\\\/\"},{\"@type\":\"ListItem\",\"position\":2,\"name\":\"Shop\",\"item\":\"https:\\\/\\\/gethowies.com\\\/se\\\/shop\\\/\"},{\"@type\":\"ListItem\",\"position\":3,\"name\":\"Howies Tr\u00e4ningspuck\"}]},{\"@type\":\"WebSite\",\"@id\":\"https:\\\/\\\/gethowies.com\\\/se\\\/#website\",\"url\":\"https:\\\/\\\/gethowies.com\\\/se\\\/\",\"name\":\"Howies Hockey Sverige\",\"description\":\"\",\"potentialAction\":[{\"@type\":\"SearchAction\",\"target\":{\"@type\":\"EntryPoint\",\"urlTemplate\":\"https:\\\/\\\/gethowies.com\\\/se\\\/?s={search_term_string}\"},\"query-input\":{\"@type\":\"PropertyValueSpecification\",\"valueRequired\":true,\"valueName\":\"search_term_string\"}}],\"inLanguage\":\"sv-SE\"}]}<\/script>\n<!-- \/ Yoast SEO plugin. -->","yoast_head_json":{"title":"Howies Tr\u00e4ningspuck - Howies Hockey Sverige","description":"Howies hockeypuckar \u00e4r smetfria och tillverkade i Tjeckien. Tj\u00e4na pengar p\u00e5 v\u00e5ra puckar 50 pack och 100 pack.","robots":{"index":"index","follow":"follow","max-snippet":"max-snippet:-1","max-image-preview":"max-image-preview:large","max-video-preview":"max-video-preview:-1"},"canonical":"https:\/\/gethowies.com\/se\/produkt\/howies-traningspuck\/","og_locale":"sv_SE","og_type":"article","og_title":"Howies Tr\u00e4ningspuck - Howies Hockey Sverige","og_description":"Howies hockeypuckar \u00e4r smetfria och tillverkade i Tjeckien. Tj\u00e4na pengar p\u00e5 v\u00e5ra puckar 50 pack och 100 pack.","og_url":"https:\/\/gethowies.com\/se\/produkt\/howies-traningspuck\/","og_site_name":"Howies Hockey Sverige","article_modified_time":"2022-09-08T11:56:26+00:00","og_image":[{"width":1020,"height":1200,"url":"https:\/\/gethowies.com\/se\/wp-content\/uploads\/sites\/2\/2018\/08\/Puck-svart-paket.jpg","type":"image\/jpeg"}],"twitter_card":"summary_large_image","twitter_misc":{"Ber\u00e4knad l\u00e4stid":"1 minut"},"schema":{"@context":"https:\/\/schema.org","@graph":[{"@type":"WebPage","@id":"https:\/\/gethowies.com\/se\/produkt\/howies-traningspuck\/","url":"https:\/\/gethowies.com\/se\/produkt\/howies-traningspuck\/","name":"Howies Tr\u00e4ningspuck - Howies Hockey Sverige","isPartOf":{"@id":"https:\/\/gethowies.com\/se\/#website"},"primaryImageOfPage":{"@id":"https:\/\/gethowies.com\/se\/produkt\/howies-traningspuck\/#primaryimage"},"image":{"@id":"https:\/\/gethowies.com\/se\/produkt\/howies-traningspuck\/#primaryimage"},"thumbnailUrl":"https:\/\/gethowies.com\/se\/wp-content\/uploads\/sites\/2\/2018\/08\/Puck-svart-paket.jpg","datePublished":"2018-08-14T19:06:32+00:00","dateModified":"2022-09-08T11:56:26+00:00","description":"Howies hockeypuckar \u00e4r smetfria och tillverkade i Tjeckien. Tj\u00e4na pengar p\u00e5 v\u00e5ra puckar 50 pack och 100 pack.","breadcrumb":{"@id":"https:\/\/gethowies.com\/se\/produkt\/howies-traningspuck\/#breadcrumb"},"inLanguage":"sv-SE","potentialAction":[{"@type":"ReadAction","target":["https:\/\/gethowies.com\/se\/produkt\/howies-traningspuck\/"]}]},{"@type":"ImageObject","inLanguage":"sv-SE","@id":"https:\/\/gethowies.com\/se\/produkt\/howies-traningspuck\/#primaryimage","url":"https:\/\/gethowies.com\/se\/wp-content\/uploads\/sites\/2\/2018\/08\/Puck-svart-paket.jpg","contentUrl":"https:\/\/gethowies.com\/se\/wp-content\/uploads\/sites\/2\/2018\/08\/Puck-svart-paket.jpg","width":1020,"height":1200},{"@type":"BreadcrumbList","@id":"https:\/\/gethowies.com\/se\/produkt\/howies-traningspuck\/#breadcrumb","itemListElement":[{"@type":"ListItem","position":1,"name":"Hem","item":"https:\/\/gethowies.com\/se\/"},{"@type":"ListItem","position":2,"name":"Shop","item":"https:\/\/gethowies.com\/se\/shop\/"},{"@type":"ListItem","position":3,"name":"Howies Tr\u00e4ningspuck"}]},{"@type":"WebSite","@id":"https:\/\/gethowies.com\/se\/#website","url":"https:\/\/gethowies.com\/se\/","name":"Howies Hockey Sverige","description":"","potentialAction":[{"@type":"SearchAction","target":{"@type":"EntryPoint","urlTemplate":"https:\/\/gethowies.com\/se\/?s={search_term_string}"},"query-input":{"@type":"PropertyValueSpecification","valueRequired":true,"valueName":"search_term_string"}}],"inLanguage":"sv-SE"}]}},"_links":{"self":[{"href":"https:\/\/gethowies.com\/se\/wp-json\/wp\/v2\/product\/201","targetHints":{"allow":["GET"]}}],"collection":[{"href":"https:\/\/gethowies.com\/se\/wp-json\/wp\/v2\/product"}],"about":[{"href":"https:\/\/gethowies.com\/se\/wp-json\/wp\/v2\/types\/product"}],"replies":[{"embeddable":true,"href":"https:\/\/gethowies.com\/se\/wp-json\/wp\/v2\/comments?post=201"}],"wp:featuredmedia":[{"embeddable":true,"href":"https:\/\/gethowies.com\/se\/wp-json\/wp\/v2\/media\/243"}],"wp:attachment":[{"href":"https:\/\/gethowies.com\/se\/wp-json\/wp\/v2\/media?parent=201"}],"wp:term":[{"taxonomy":"product_brand","embeddable":true,"href":"https:\/\/gethowies.com\/se\/wp-json\/wp\/v2\/product_brand?post=201"},{"taxonomy":"product_cat","embeddable":true,"href":"https:\/\/gethowies.com\/se\/wp-json\/wp\/v2\/product_cat?post=201"},{"taxonomy":"product_tag","embeddable":true,"href":"https:\/\/gethowies.com\/se\/wp-json\/wp\/v2\/product_tag?post=201"}],"curies":[{"name":"wp","href":"https:\/\/api.w.org\/{rel}","templated":true}]}}