{"id":204,"date":"2018-08-14T21:06:32","date_gmt":"2018-08-14T19:06:32","guid":{"rendered":"https:\/\/gethowies.com\/se\/produkt\/import-placeholder-for-806\/"},"modified":"2022-09-08T13:51:13","modified_gmt":"2022-09-08T11:51:13","slug":"howies-bla-lattviktspuck","status":"publish","type":"product","link":"https:\/\/gethowies.com\/se\/produkt\/howies-bla-lattviktspuck\/","title":{"rendered":"Howies Bl\u00e5 L\u00e4ttviktspuck"},"content":{"rendered":"<h3>Godk\u00e4nda av IIHF<\/h3>\n<p>Howies\u00a0Bl\u00e5 L\u00e4ttviktspuckar \u00e4r smetfria och godk\u00e4nda av IIHF f\u00f6r tr\u00e4ning. Pucken \u00e4r framf\u00f6rallt avsedd f\u00f6r unga spelare i hockeyskolan. Med en vikt p\u00e5 endast 125 gram (vanlig puck ca 160 gram)\u00a0kan unga spelare kontrollera pucken b\u00e4ttre och l\u00e4ra sig dribbla, skjuta, passa och g\u00f6ra m\u00e5l!<\/p>\n<h3>Egen logga<\/h3>\n<p>Howies tr\u00e4nings puckar kan f\u00e5s med din f\u00f6renings klubbemblem tryckt i h\u00f6gsta kvalit\u00e9. Leveranstiden \u00e4r ca 3 veckor. F\u00f6r mer information <a href=\"https:\/\/hockeylife.se\/puckar-med-tryck\/\">klicka h\u00e4r<\/a><\/p>\n<p>Howies puckar tillverkas i Tjeckien<\/p>\n","protected":false},"excerpt":{"rendered":"<p>Godk\u00e4nda av IIHF Howies\u00a0Bl\u00e5 L\u00e4ttviktspuckar \u00e4r smetfria och godk\u00e4nda av IIHF f\u00f6r tr\u00e4ning. Pucken \u00e4r framf\u00f6rallt avsedd f\u00f6r unga spelare i hockeyskolan. Med en vikt p\u00e5 endast 125 gram (vanlig puck ca 160 gram)\u00a0kan unga spelare kontrollera pucken b\u00e4ttre och l\u00e4ra sig dribbla, skjuta, passa och g\u00f6ra m\u00e5l! Egen logga Howies tr\u00e4nings puckar kan f\u00e5s [&#8230;]\n","protected":false},"featured_media":248,"comment_status":"closed","ping_status":"closed","template":"","meta":{"inline_featured_image":false},"product_brand":[],"product_cat":[61],"product_tag":[],"class_list":{"0":"post-204","1":"product","2":"type-product","3":"status-publish","4":"has-post-thumbnail","6":"product_cat-howies-puckar","8":"first","9":"instock","10":"shipping-taxable","11":"purchasable","12":"product-type-simple"},"yoast_head":"<!-- This site is optimized with the Yoast SEO plugin v27.5 - https:\/\/yoast.com\/product\/yoast-seo-wordpress\/ -->\n<title>Howies Bl\u00e5 L\u00e4ttviktspuck - Howies Hockey Sverige<\/title>\n<meta name=\"description\" content=\"V\u00e5ra kvalitets bl\u00e5a l\u00e4ttvikts puckar tillverkas i Tjeckien. Dem v\u00e4ger endast 125 gram, men \u00e4r lika stora som en vanlig puck, p\u00e5 detta vis kan unga spelare g\u00e5 fr\u00e5n en Jr puck som \u00e4r mindre till att b\u00f6rja tr\u00e4na med en fullstor puck utan att den k\u00e4nns f\u00f6r tung.\" \/>\n<meta name=\"robots\" content=\"index, follow, max-snippet:-1, max-image-preview:large, max-video-preview:-1\" \/>\n<link rel=\"canonical\" href=\"https:\/\/gethowies.com\/se\/produkt\/howies-bla-lattviktspuck\/\" \/>\n<meta property=\"og:locale\" content=\"sv_SE\" \/>\n<meta property=\"og:type\" content=\"article\" \/>\n<meta property=\"og:title\" content=\"Howies Bl\u00e5 L\u00e4ttviktspuck - Howies Hockey Sverige\" \/>\n<meta property=\"og:description\" content=\"V\u00e5ra kvalitets bl\u00e5a l\u00e4ttvikts puckar tillverkas i Tjeckien. Dem v\u00e4ger endast 125 gram, men \u00e4r lika stora som en vanlig puck, p\u00e5 detta vis kan unga spelare g\u00e5 fr\u00e5n en Jr puck som \u00e4r mindre till att b\u00f6rja tr\u00e4na med en fullstor puck utan att den k\u00e4nns f\u00f6r tung.\" \/>\n<meta property=\"og:url\" content=\"https:\/\/gethowies.com\/se\/produkt\/howies-bla-lattviktspuck\/\" \/>\n<meta property=\"og:site_name\" content=\"Howies Hockey Sverige\" \/>\n<meta property=\"article:modified_time\" content=\"2022-09-08T11:51:13+00:00\" \/>\n<meta property=\"og:image\" content=\"https:\/\/gethowies.com\/se\/wp-content\/uploads\/sites\/2\/2018\/08\/puck-bla.jpg\" \/>\n\t<meta property=\"og:image:width\" content=\"1020\" \/>\n\t<meta property=\"og:image:height\" content=\"1200\" \/>\n\t<meta property=\"og:image:type\" content=\"image\/jpeg\" \/>\n<meta name=\"twitter:card\" content=\"summary_large_image\" \/>\n<meta name=\"twitter:label1\" content=\"Ber\u00e4knad l\u00e4stid\" \/>\n\t<meta name=\"twitter:data1\" content=\"1 minut\" \/>\n<script type=\"application\/ld+json\" class=\"yoast-schema-graph\">{\"@context\":\"https:\\\/\\\/schema.org\",\"@graph\":[{\"@type\":\"WebPage\",\"@id\":\"https:\\\/\\\/gethowies.com\\\/se\\\/produkt\\\/howies-bla-lattviktspuck\\\/\",\"url\":\"https:\\\/\\\/gethowies.com\\\/se\\\/produkt\\\/howies-bla-lattviktspuck\\\/\",\"name\":\"Howies Bl\u00e5 L\u00e4ttviktspuck - Howies Hockey Sverige\",\"isPartOf\":{\"@id\":\"https:\\\/\\\/gethowies.com\\\/se\\\/#website\"},\"primaryImageOfPage\":{\"@id\":\"https:\\\/\\\/gethowies.com\\\/se\\\/produkt\\\/howies-bla-lattviktspuck\\\/#primaryimage\"},\"image\":{\"@id\":\"https:\\\/\\\/gethowies.com\\\/se\\\/produkt\\\/howies-bla-lattviktspuck\\\/#primaryimage\"},\"thumbnailUrl\":\"https:\\\/\\\/gethowies.com\\\/se\\\/wp-content\\\/uploads\\\/sites\\\/2\\\/2018\\\/08\\\/puck-bla.jpg\",\"datePublished\":\"2018-08-14T19:06:32+00:00\",\"dateModified\":\"2022-09-08T11:51:13+00:00\",\"description\":\"V\u00e5ra kvalitets bl\u00e5a l\u00e4ttvikts puckar tillverkas i Tjeckien. Dem v\u00e4ger endast 125 gram, men \u00e4r lika stora som en vanlig puck, p\u00e5 detta vis kan unga spelare g\u00e5 fr\u00e5n en Jr puck som \u00e4r mindre till att b\u00f6rja tr\u00e4na med en fullstor puck utan att den k\u00e4nns f\u00f6r tung.\",\"breadcrumb\":{\"@id\":\"https:\\\/\\\/gethowies.com\\\/se\\\/produkt\\\/howies-bla-lattviktspuck\\\/#breadcrumb\"},\"inLanguage\":\"sv-SE\",\"potentialAction\":[{\"@type\":\"ReadAction\",\"target\":[\"https:\\\/\\\/gethowies.com\\\/se\\\/produkt\\\/howies-bla-lattviktspuck\\\/\"]}]},{\"@type\":\"ImageObject\",\"inLanguage\":\"sv-SE\",\"@id\":\"https:\\\/\\\/gethowies.com\\\/se\\\/produkt\\\/howies-bla-lattviktspuck\\\/#primaryimage\",\"url\":\"https:\\\/\\\/gethowies.com\\\/se\\\/wp-content\\\/uploads\\\/sites\\\/2\\\/2018\\\/08\\\/puck-bla.jpg\",\"contentUrl\":\"https:\\\/\\\/gethowies.com\\\/se\\\/wp-content\\\/uploads\\\/sites\\\/2\\\/2018\\\/08\\\/puck-bla.jpg\",\"width\":1020,\"height\":1200},{\"@type\":\"BreadcrumbList\",\"@id\":\"https:\\\/\\\/gethowies.com\\\/se\\\/produkt\\\/howies-bla-lattviktspuck\\\/#breadcrumb\",\"itemListElement\":[{\"@type\":\"ListItem\",\"position\":1,\"name\":\"Hem\",\"item\":\"https:\\\/\\\/gethowies.com\\\/se\\\/\"},{\"@type\":\"ListItem\",\"position\":2,\"name\":\"Shop\",\"item\":\"https:\\\/\\\/gethowies.com\\\/se\\\/shop\\\/\"},{\"@type\":\"ListItem\",\"position\":3,\"name\":\"Howies Bl\u00e5 L\u00e4ttviktspuck\"}]},{\"@type\":\"WebSite\",\"@id\":\"https:\\\/\\\/gethowies.com\\\/se\\\/#website\",\"url\":\"https:\\\/\\\/gethowies.com\\\/se\\\/\",\"name\":\"Howies Hockey Sverige\",\"description\":\"\",\"potentialAction\":[{\"@type\":\"SearchAction\",\"target\":{\"@type\":\"EntryPoint\",\"urlTemplate\":\"https:\\\/\\\/gethowies.com\\\/se\\\/?s={search_term_string}\"},\"query-input\":{\"@type\":\"PropertyValueSpecification\",\"valueRequired\":true,\"valueName\":\"search_term_string\"}}],\"inLanguage\":\"sv-SE\"}]}<\/script>\n<!-- \/ Yoast SEO plugin. -->","yoast_head_json":{"title":"Howies Bl\u00e5 L\u00e4ttviktspuck - Howies Hockey Sverige","description":"V\u00e5ra kvalitets bl\u00e5a l\u00e4ttvikts puckar tillverkas i Tjeckien. Dem v\u00e4ger endast 125 gram, men \u00e4r lika stora som en vanlig puck, p\u00e5 detta vis kan unga spelare g\u00e5 fr\u00e5n en Jr puck som \u00e4r mindre till att b\u00f6rja tr\u00e4na med en fullstor puck utan att den k\u00e4nns f\u00f6r tung.","robots":{"index":"index","follow":"follow","max-snippet":"max-snippet:-1","max-image-preview":"max-image-preview:large","max-video-preview":"max-video-preview:-1"},"canonical":"https:\/\/gethowies.com\/se\/produkt\/howies-bla-lattviktspuck\/","og_locale":"sv_SE","og_type":"article","og_title":"Howies Bl\u00e5 L\u00e4ttviktspuck - Howies Hockey Sverige","og_description":"V\u00e5ra kvalitets bl\u00e5a l\u00e4ttvikts puckar tillverkas i Tjeckien. Dem v\u00e4ger endast 125 gram, men \u00e4r lika stora som en vanlig puck, p\u00e5 detta vis kan unga spelare g\u00e5 fr\u00e5n en Jr puck som \u00e4r mindre till att b\u00f6rja tr\u00e4na med en fullstor puck utan att den k\u00e4nns f\u00f6r tung.","og_url":"https:\/\/gethowies.com\/se\/produkt\/howies-bla-lattviktspuck\/","og_site_name":"Howies Hockey Sverige","article_modified_time":"2022-09-08T11:51:13+00:00","og_image":[{"width":1020,"height":1200,"url":"https:\/\/gethowies.com\/se\/wp-content\/uploads\/sites\/2\/2018\/08\/puck-bla.jpg","type":"image\/jpeg"}],"twitter_card":"summary_large_image","twitter_misc":{"Ber\u00e4knad l\u00e4stid":"1 minut"},"schema":{"@context":"https:\/\/schema.org","@graph":[{"@type":"WebPage","@id":"https:\/\/gethowies.com\/se\/produkt\/howies-bla-lattviktspuck\/","url":"https:\/\/gethowies.com\/se\/produkt\/howies-bla-lattviktspuck\/","name":"Howies Bl\u00e5 L\u00e4ttviktspuck - Howies Hockey Sverige","isPartOf":{"@id":"https:\/\/gethowies.com\/se\/#website"},"primaryImageOfPage":{"@id":"https:\/\/gethowies.com\/se\/produkt\/howies-bla-lattviktspuck\/#primaryimage"},"image":{"@id":"https:\/\/gethowies.com\/se\/produkt\/howies-bla-lattviktspuck\/#primaryimage"},"thumbnailUrl":"https:\/\/gethowies.com\/se\/wp-content\/uploads\/sites\/2\/2018\/08\/puck-bla.jpg","datePublished":"2018-08-14T19:06:32+00:00","dateModified":"2022-09-08T11:51:13+00:00","description":"V\u00e5ra kvalitets bl\u00e5a l\u00e4ttvikts puckar tillverkas i Tjeckien. Dem v\u00e4ger endast 125 gram, men \u00e4r lika stora som en vanlig puck, p\u00e5 detta vis kan unga spelare g\u00e5 fr\u00e5n en Jr puck som \u00e4r mindre till att b\u00f6rja tr\u00e4na med en fullstor puck utan att den k\u00e4nns f\u00f6r tung.","breadcrumb":{"@id":"https:\/\/gethowies.com\/se\/produkt\/howies-bla-lattviktspuck\/#breadcrumb"},"inLanguage":"sv-SE","potentialAction":[{"@type":"ReadAction","target":["https:\/\/gethowies.com\/se\/produkt\/howies-bla-lattviktspuck\/"]}]},{"@type":"ImageObject","inLanguage":"sv-SE","@id":"https:\/\/gethowies.com\/se\/produkt\/howies-bla-lattviktspuck\/#primaryimage","url":"https:\/\/gethowies.com\/se\/wp-content\/uploads\/sites\/2\/2018\/08\/puck-bla.jpg","contentUrl":"https:\/\/gethowies.com\/se\/wp-content\/uploads\/sites\/2\/2018\/08\/puck-bla.jpg","width":1020,"height":1200},{"@type":"BreadcrumbList","@id":"https:\/\/gethowies.com\/se\/produkt\/howies-bla-lattviktspuck\/#breadcrumb","itemListElement":[{"@type":"ListItem","position":1,"name":"Hem","item":"https:\/\/gethowies.com\/se\/"},{"@type":"ListItem","position":2,"name":"Shop","item":"https:\/\/gethowies.com\/se\/shop\/"},{"@type":"ListItem","position":3,"name":"Howies Bl\u00e5 L\u00e4ttviktspuck"}]},{"@type":"WebSite","@id":"https:\/\/gethowies.com\/se\/#website","url":"https:\/\/gethowies.com\/se\/","name":"Howies Hockey Sverige","description":"","potentialAction":[{"@type":"SearchAction","target":{"@type":"EntryPoint","urlTemplate":"https:\/\/gethowies.com\/se\/?s={search_term_string}"},"query-input":{"@type":"PropertyValueSpecification","valueRequired":true,"valueName":"search_term_string"}}],"inLanguage":"sv-SE"}]}},"_links":{"self":[{"href":"https:\/\/gethowies.com\/se\/wp-json\/wp\/v2\/product\/204","targetHints":{"allow":["GET"]}}],"collection":[{"href":"https:\/\/gethowies.com\/se\/wp-json\/wp\/v2\/product"}],"about":[{"href":"https:\/\/gethowies.com\/se\/wp-json\/wp\/v2\/types\/product"}],"replies":[{"embeddable":true,"href":"https:\/\/gethowies.com\/se\/wp-json\/wp\/v2\/comments?post=204"}],"wp:featuredmedia":[{"embeddable":true,"href":"https:\/\/gethowies.com\/se\/wp-json\/wp\/v2\/media\/248"}],"wp:attachment":[{"href":"https:\/\/gethowies.com\/se\/wp-json\/wp\/v2\/media?parent=204"}],"wp:term":[{"taxonomy":"product_brand","embeddable":true,"href":"https:\/\/gethowies.com\/se\/wp-json\/wp\/v2\/product_brand?post=204"},{"taxonomy":"product_cat","embeddable":true,"href":"https:\/\/gethowies.com\/se\/wp-json\/wp\/v2\/product_cat?post=204"},{"taxonomy":"product_tag","embeddable":true,"href":"https:\/\/gethowies.com\/se\/wp-json\/wp\/v2\/product_tag?post=204"}],"curies":[{"name":"wp","href":"https:\/\/api.w.org\/{rel}","templated":true}]}}