{"id":210,"date":"2018-08-14T21:07:02","date_gmt":"2018-08-14T19:07:02","guid":{"rendered":"https:\/\/gethowies.com\/se\/produkt\/import-placeholder-for-810\/"},"modified":"2022-06-07T15:06:17","modified_gmt":"2022-06-07T13:06:17","slug":"howies-vit-malvaktspuck","status":"publish","type":"product","link":"https:\/\/gethowies.com\/se\/produkt\/howies-vit-malvaktspuck\/","title":{"rendered":"Howies Vit M\u00e5lvaktspuck"},"content":{"rendered":"<h3>Tr\u00e4na dina reflexer<\/h3>\n<p>Spendera tillr\u00e4ckligt med tid i m\u00e5let med Howies vita tr\u00e4ningspuckar och du kommer att stoppa puckar du tidigare inte hann se p\u00e5 nolltid. Howies m\u00e5lvaktspuckar har samma m\u00e5tt och vikt som Howies tr\u00e4ningspuckar och \u00e4r godk\u00e4nda av IIHF f\u00f6r tr\u00e4ning. Vi har tillverkat puckarna\u00a0i kr\u00e4mvit f\u00e4rg f\u00f6r att g\u00f6ra det sv\u00e5rare f\u00f6r m\u00e5lvakter att se pucken, speciellt framtagna f\u00f6r att f\u00f6rb\u00e4ttra reflexerna. M\u00e5lvakten kommer inte att se pucken ordentligt innan den \u00e4r precis framf\u00f6r hen vilket f\u00f6rb\u00e4ttrar reflexerna.<\/p>\n<p>Howies puckar tillverkas i Tjeckien<\/p>\n","protected":false},"excerpt":{"rendered":"<p>Tr\u00e4na dina reflexer Spendera tillr\u00e4ckligt med tid i m\u00e5let med Howies vita tr\u00e4ningspuckar och du kommer att stoppa puckar du tidigare inte hann se p\u00e5 nolltid. Howies m\u00e5lvaktspuckar har samma m\u00e5tt och vikt som Howies tr\u00e4ningspuckar och \u00e4r godk\u00e4nda av IIHF f\u00f6r tr\u00e4ning. Vi har tillverkat puckarna\u00a0i kr\u00e4mvit f\u00e4rg f\u00f6r att g\u00f6ra det sv\u00e5rare f\u00f6r [&#8230;]\n","protected":false},"featured_media":258,"comment_status":"closed","ping_status":"closed","template":"","meta":{"inline_featured_image":false},"product_brand":[],"product_cat":[61],"product_tag":[],"class_list":{"0":"post-210","1":"product","2":"type-product","3":"status-publish","4":"has-post-thumbnail","6":"product_cat-howies-puckar","8":"first","9":"instock","10":"shipping-taxable","11":"purchasable","12":"product-type-simple"},"yoast_head":"<!-- This site is optimized with the Yoast SEO plugin v27.5 - https:\/\/yoast.com\/product\/yoast-seo-wordpress\/ -->\n<title>Howies Vit M\u00e5lvaktspuck - Howies Hockey Sverige<\/title>\n<meta name=\"robots\" content=\"index, follow, max-snippet:-1, max-image-preview:large, max-video-preview:-1\" \/>\n<link rel=\"canonical\" href=\"https:\/\/gethowies.com\/se\/produkt\/howies-vit-malvaktspuck\/\" \/>\n<meta property=\"og:locale\" content=\"sv_SE\" \/>\n<meta property=\"og:type\" content=\"article\" \/>\n<meta property=\"og:title\" content=\"Howies Vit M\u00e5lvaktspuck - Howies Hockey Sverige\" \/>\n<meta property=\"og:description\" content=\"Tr\u00e4na dina reflexer Spendera tillr\u00e4ckligt med tid i m\u00e5let med Howies vita tr\u00e4ningspuckar och du kommer att stoppa puckar du tidigare inte hann se p\u00e5 nolltid. Howies m\u00e5lvaktspuckar har samma m\u00e5tt och vikt som Howies tr\u00e4ningspuckar och \u00e4r godk\u00e4nda av IIHF f\u00f6r tr\u00e4ning. Vi har tillverkat puckarna\u00a0i kr\u00e4mvit f\u00e4rg f\u00f6r att g\u00f6ra det sv\u00e5rare f\u00f6r [...]\" \/>\n<meta property=\"og:url\" content=\"https:\/\/gethowies.com\/se\/produkt\/howies-vit-malvaktspuck\/\" \/>\n<meta property=\"og:site_name\" content=\"Howies Hockey Sverige\" \/>\n<meta property=\"article:modified_time\" content=\"2022-06-07T13:06:17+00:00\" \/>\n<meta property=\"og:image\" content=\"https:\/\/gethowies.com\/se\/wp-content\/uploads\/sites\/2\/2018\/08\/mv-puckar.jpg\" \/>\n\t<meta property=\"og:image:width\" content=\"1020\" \/>\n\t<meta property=\"og:image:height\" content=\"1200\" \/>\n\t<meta property=\"og:image:type\" content=\"image\/jpeg\" \/>\n<meta name=\"twitter:card\" content=\"summary_large_image\" \/>\n<meta name=\"twitter:label1\" content=\"Ber\u00e4knad l\u00e4stid\" \/>\n\t<meta name=\"twitter:data1\" content=\"1 minut\" \/>\n<script type=\"application\/ld+json\" class=\"yoast-schema-graph\">{\"@context\":\"https:\\\/\\\/schema.org\",\"@graph\":[{\"@type\":\"WebPage\",\"@id\":\"https:\\\/\\\/gethowies.com\\\/se\\\/produkt\\\/howies-vit-malvaktspuck\\\/\",\"url\":\"https:\\\/\\\/gethowies.com\\\/se\\\/produkt\\\/howies-vit-malvaktspuck\\\/\",\"name\":\"Howies Vit M\u00e5lvaktspuck - Howies Hockey Sverige\",\"isPartOf\":{\"@id\":\"https:\\\/\\\/gethowies.com\\\/se\\\/#website\"},\"primaryImageOfPage\":{\"@id\":\"https:\\\/\\\/gethowies.com\\\/se\\\/produkt\\\/howies-vit-malvaktspuck\\\/#primaryimage\"},\"image\":{\"@id\":\"https:\\\/\\\/gethowies.com\\\/se\\\/produkt\\\/howies-vit-malvaktspuck\\\/#primaryimage\"},\"thumbnailUrl\":\"https:\\\/\\\/gethowies.com\\\/se\\\/wp-content\\\/uploads\\\/sites\\\/2\\\/2018\\\/08\\\/mv-puckar.jpg\",\"datePublished\":\"2018-08-14T19:07:02+00:00\",\"dateModified\":\"2022-06-07T13:06:17+00:00\",\"breadcrumb\":{\"@id\":\"https:\\\/\\\/gethowies.com\\\/se\\\/produkt\\\/howies-vit-malvaktspuck\\\/#breadcrumb\"},\"inLanguage\":\"sv-SE\",\"potentialAction\":[{\"@type\":\"ReadAction\",\"target\":[\"https:\\\/\\\/gethowies.com\\\/se\\\/produkt\\\/howies-vit-malvaktspuck\\\/\"]}]},{\"@type\":\"ImageObject\",\"inLanguage\":\"sv-SE\",\"@id\":\"https:\\\/\\\/gethowies.com\\\/se\\\/produkt\\\/howies-vit-malvaktspuck\\\/#primaryimage\",\"url\":\"https:\\\/\\\/gethowies.com\\\/se\\\/wp-content\\\/uploads\\\/sites\\\/2\\\/2018\\\/08\\\/mv-puckar.jpg\",\"contentUrl\":\"https:\\\/\\\/gethowies.com\\\/se\\\/wp-content\\\/uploads\\\/sites\\\/2\\\/2018\\\/08\\\/mv-puckar.jpg\",\"width\":1020,\"height\":1200},{\"@type\":\"BreadcrumbList\",\"@id\":\"https:\\\/\\\/gethowies.com\\\/se\\\/produkt\\\/howies-vit-malvaktspuck\\\/#breadcrumb\",\"itemListElement\":[{\"@type\":\"ListItem\",\"position\":1,\"name\":\"Hem\",\"item\":\"https:\\\/\\\/gethowies.com\\\/se\\\/\"},{\"@type\":\"ListItem\",\"position\":2,\"name\":\"Shop\",\"item\":\"https:\\\/\\\/gethowies.com\\\/se\\\/shop\\\/\"},{\"@type\":\"ListItem\",\"position\":3,\"name\":\"Howies Vit M\u00e5lvaktspuck\"}]},{\"@type\":\"WebSite\",\"@id\":\"https:\\\/\\\/gethowies.com\\\/se\\\/#website\",\"url\":\"https:\\\/\\\/gethowies.com\\\/se\\\/\",\"name\":\"Howies Hockey Sverige\",\"description\":\"\",\"potentialAction\":[{\"@type\":\"SearchAction\",\"target\":{\"@type\":\"EntryPoint\",\"urlTemplate\":\"https:\\\/\\\/gethowies.com\\\/se\\\/?s={search_term_string}\"},\"query-input\":{\"@type\":\"PropertyValueSpecification\",\"valueRequired\":true,\"valueName\":\"search_term_string\"}}],\"inLanguage\":\"sv-SE\"}]}<\/script>\n<!-- \/ Yoast SEO plugin. -->","yoast_head_json":{"title":"Howies Vit M\u00e5lvaktspuck - Howies Hockey Sverige","robots":{"index":"index","follow":"follow","max-snippet":"max-snippet:-1","max-image-preview":"max-image-preview:large","max-video-preview":"max-video-preview:-1"},"canonical":"https:\/\/gethowies.com\/se\/produkt\/howies-vit-malvaktspuck\/","og_locale":"sv_SE","og_type":"article","og_title":"Howies Vit M\u00e5lvaktspuck - Howies Hockey Sverige","og_description":"Tr\u00e4na dina reflexer Spendera tillr\u00e4ckligt med tid i m\u00e5let med Howies vita tr\u00e4ningspuckar och du kommer att stoppa puckar du tidigare inte hann se p\u00e5 nolltid. Howies m\u00e5lvaktspuckar har samma m\u00e5tt och vikt som Howies tr\u00e4ningspuckar och \u00e4r godk\u00e4nda av IIHF f\u00f6r tr\u00e4ning. Vi har tillverkat puckarna\u00a0i kr\u00e4mvit f\u00e4rg f\u00f6r att g\u00f6ra det sv\u00e5rare f\u00f6r [...]","og_url":"https:\/\/gethowies.com\/se\/produkt\/howies-vit-malvaktspuck\/","og_site_name":"Howies Hockey Sverige","article_modified_time":"2022-06-07T13:06:17+00:00","og_image":[{"width":1020,"height":1200,"url":"https:\/\/gethowies.com\/se\/wp-content\/uploads\/sites\/2\/2018\/08\/mv-puckar.jpg","type":"image\/jpeg"}],"twitter_card":"summary_large_image","twitter_misc":{"Ber\u00e4knad l\u00e4stid":"1 minut"},"schema":{"@context":"https:\/\/schema.org","@graph":[{"@type":"WebPage","@id":"https:\/\/gethowies.com\/se\/produkt\/howies-vit-malvaktspuck\/","url":"https:\/\/gethowies.com\/se\/produkt\/howies-vit-malvaktspuck\/","name":"Howies Vit M\u00e5lvaktspuck - Howies Hockey Sverige","isPartOf":{"@id":"https:\/\/gethowies.com\/se\/#website"},"primaryImageOfPage":{"@id":"https:\/\/gethowies.com\/se\/produkt\/howies-vit-malvaktspuck\/#primaryimage"},"image":{"@id":"https:\/\/gethowies.com\/se\/produkt\/howies-vit-malvaktspuck\/#primaryimage"},"thumbnailUrl":"https:\/\/gethowies.com\/se\/wp-content\/uploads\/sites\/2\/2018\/08\/mv-puckar.jpg","datePublished":"2018-08-14T19:07:02+00:00","dateModified":"2022-06-07T13:06:17+00:00","breadcrumb":{"@id":"https:\/\/gethowies.com\/se\/produkt\/howies-vit-malvaktspuck\/#breadcrumb"},"inLanguage":"sv-SE","potentialAction":[{"@type":"ReadAction","target":["https:\/\/gethowies.com\/se\/produkt\/howies-vit-malvaktspuck\/"]}]},{"@type":"ImageObject","inLanguage":"sv-SE","@id":"https:\/\/gethowies.com\/se\/produkt\/howies-vit-malvaktspuck\/#primaryimage","url":"https:\/\/gethowies.com\/se\/wp-content\/uploads\/sites\/2\/2018\/08\/mv-puckar.jpg","contentUrl":"https:\/\/gethowies.com\/se\/wp-content\/uploads\/sites\/2\/2018\/08\/mv-puckar.jpg","width":1020,"height":1200},{"@type":"BreadcrumbList","@id":"https:\/\/gethowies.com\/se\/produkt\/howies-vit-malvaktspuck\/#breadcrumb","itemListElement":[{"@type":"ListItem","position":1,"name":"Hem","item":"https:\/\/gethowies.com\/se\/"},{"@type":"ListItem","position":2,"name":"Shop","item":"https:\/\/gethowies.com\/se\/shop\/"},{"@type":"ListItem","position":3,"name":"Howies Vit M\u00e5lvaktspuck"}]},{"@type":"WebSite","@id":"https:\/\/gethowies.com\/se\/#website","url":"https:\/\/gethowies.com\/se\/","name":"Howies Hockey Sverige","description":"","potentialAction":[{"@type":"SearchAction","target":{"@type":"EntryPoint","urlTemplate":"https:\/\/gethowies.com\/se\/?s={search_term_string}"},"query-input":{"@type":"PropertyValueSpecification","valueRequired":true,"valueName":"search_term_string"}}],"inLanguage":"sv-SE"}]}},"_links":{"self":[{"href":"https:\/\/gethowies.com\/se\/wp-json\/wp\/v2\/product\/210","targetHints":{"allow":["GET"]}}],"collection":[{"href":"https:\/\/gethowies.com\/se\/wp-json\/wp\/v2\/product"}],"about":[{"href":"https:\/\/gethowies.com\/se\/wp-json\/wp\/v2\/types\/product"}],"replies":[{"embeddable":true,"href":"https:\/\/gethowies.com\/se\/wp-json\/wp\/v2\/comments?post=210"}],"wp:featuredmedia":[{"embeddable":true,"href":"https:\/\/gethowies.com\/se\/wp-json\/wp\/v2\/media\/258"}],"wp:attachment":[{"href":"https:\/\/gethowies.com\/se\/wp-json\/wp\/v2\/media?parent=210"}],"wp:term":[{"taxonomy":"product_brand","embeddable":true,"href":"https:\/\/gethowies.com\/se\/wp-json\/wp\/v2\/product_brand?post=210"},{"taxonomy":"product_cat","embeddable":true,"href":"https:\/\/gethowies.com\/se\/wp-json\/wp\/v2\/product_cat?post=210"},{"taxonomy":"product_tag","embeddable":true,"href":"https:\/\/gethowies.com\/se\/wp-json\/wp\/v2\/product_tag?post=210"}],"curies":[{"name":"wp","href":"https:\/\/api.w.org\/{rel}","templated":true}]}}