{"id":216,"date":"2018-08-14T21:07:33","date_gmt":"2018-08-14T19:07:33","guid":{"rendered":"https:\/\/gethowies.com\/se\/produkt\/import-placeholder-for-816\/"},"modified":"2022-06-07T15:05:53","modified_gmt":"2022-06-07T13:05:53","slug":"howies-tungpuck","status":"publish","type":"product","link":"https:\/\/gethowies.com\/se\/produkt\/howies-tungpuck\/","title":{"rendered":"Howies Tungpuck"},"content":{"rendered":"<h3>Tr\u00e4na upp ditt skott<\/h3>\n<p>Ett bra skott kr\u00e4ver blod svett, t\u00e5rar och massvis av tr\u00e4ning. Tr\u00e4na h\u00e5rdare med Howies Tungpuck. V\u00e5r tungpuck effektiviserar din skottr\u00e4ning och \u00e4r ett fantastiskt hj\u00e4lpmedel p\u00e5 v\u00e4gen. Efter en skottrunda med tung pucken k\u00e4nns en vanlig puck l\u00e4tt som en pl\u00e4tt att f\u00e5 iv\u00e4g. Howies orange tungpuck v\u00e4ger hela 280 gram, n\u00e4stan dubbelt s\u00e5 mycket som v\u00e5ra vanliga tr\u00e4nings puckar. Vi har tillverkat puckarna i skrikande orange s\u00e5 att du inte skall ta fel&#8230;<\/p>\n<p>Howies puckar tillverkas i Tjeckien<\/p>\n","protected":false},"excerpt":{"rendered":"<p>Tr\u00e4na upp ditt skott Ett bra skott kr\u00e4ver blod svett, t\u00e5rar och massvis av tr\u00e4ning. Tr\u00e4na h\u00e5rdare med Howies Tungpuck. V\u00e5r tungpuck effektiviserar din skottr\u00e4ning och \u00e4r ett fantastiskt hj\u00e4lpmedel p\u00e5 v\u00e4gen. Efter en skottrunda med tung pucken k\u00e4nns en vanlig puck l\u00e4tt som en pl\u00e4tt att f\u00e5 iv\u00e4g. Howies orange tungpuck v\u00e4ger hela 280 [&#8230;]\n","protected":false},"featured_media":260,"comment_status":"closed","ping_status":"closed","template":"","meta":{"inline_featured_image":false},"product_brand":[],"product_cat":[61],"product_tag":[],"class_list":{"0":"post-216","1":"product","2":"type-product","3":"status-publish","4":"has-post-thumbnail","6":"product_cat-howies-puckar","8":"first","9":"instock","10":"shipping-taxable","11":"purchasable","12":"product-type-simple"},"yoast_head":"<!-- This site is optimized with the Yoast SEO plugin v27.5 - https:\/\/yoast.com\/product\/yoast-seo-wordpress\/ -->\n<title>Howies Tungpuck - Howies Hockey Sverige<\/title>\n<meta name=\"robots\" content=\"index, follow, max-snippet:-1, max-image-preview:large, max-video-preview:-1\" \/>\n<link rel=\"canonical\" href=\"https:\/\/gethowies.com\/se\/produkt\/howies-tungpuck\/\" \/>\n<meta property=\"og:locale\" content=\"sv_SE\" \/>\n<meta property=\"og:type\" content=\"article\" \/>\n<meta property=\"og:title\" content=\"Howies Tungpuck - Howies Hockey Sverige\" \/>\n<meta property=\"og:description\" content=\"Tr\u00e4na upp ditt skott Ett bra skott kr\u00e4ver blod svett, t\u00e5rar och massvis av tr\u00e4ning. Tr\u00e4na h\u00e5rdare med Howies Tungpuck. V\u00e5r tungpuck effektiviserar din skottr\u00e4ning och \u00e4r ett fantastiskt hj\u00e4lpmedel p\u00e5 v\u00e4gen. Efter en skottrunda med tung pucken k\u00e4nns en vanlig puck l\u00e4tt som en pl\u00e4tt att f\u00e5 iv\u00e4g. Howies orange tungpuck v\u00e4ger hela 280 [...]\" \/>\n<meta property=\"og:url\" content=\"https:\/\/gethowies.com\/se\/produkt\/howies-tungpuck\/\" \/>\n<meta property=\"og:site_name\" content=\"Howies Hockey Sverige\" \/>\n<meta property=\"article:modified_time\" content=\"2022-06-07T13:05:53+00:00\" \/>\n<meta property=\"og:image\" content=\"https:\/\/gethowies.com\/se\/wp-content\/uploads\/sites\/2\/2018\/08\/tungpuck-paket.jpg\" \/>\n\t<meta property=\"og:image:width\" content=\"1020\" \/>\n\t<meta property=\"og:image:height\" content=\"1200\" \/>\n\t<meta property=\"og:image:type\" content=\"image\/jpeg\" \/>\n<meta name=\"twitter:card\" content=\"summary_large_image\" \/>\n<meta name=\"twitter:label1\" content=\"Ber\u00e4knad l\u00e4stid\" \/>\n\t<meta name=\"twitter:data1\" content=\"1 minut\" \/>\n<script type=\"application\/ld+json\" class=\"yoast-schema-graph\">{\"@context\":\"https:\\\/\\\/schema.org\",\"@graph\":[{\"@type\":\"WebPage\",\"@id\":\"https:\\\/\\\/gethowies.com\\\/se\\\/produkt\\\/howies-tungpuck\\\/\",\"url\":\"https:\\\/\\\/gethowies.com\\\/se\\\/produkt\\\/howies-tungpuck\\\/\",\"name\":\"Howies Tungpuck - Howies Hockey Sverige\",\"isPartOf\":{\"@id\":\"https:\\\/\\\/gethowies.com\\\/se\\\/#website\"},\"primaryImageOfPage\":{\"@id\":\"https:\\\/\\\/gethowies.com\\\/se\\\/produkt\\\/howies-tungpuck\\\/#primaryimage\"},\"image\":{\"@id\":\"https:\\\/\\\/gethowies.com\\\/se\\\/produkt\\\/howies-tungpuck\\\/#primaryimage\"},\"thumbnailUrl\":\"https:\\\/\\\/gethowies.com\\\/se\\\/wp-content\\\/uploads\\\/sites\\\/2\\\/2018\\\/08\\\/tungpuck-paket.jpg\",\"datePublished\":\"2018-08-14T19:07:33+00:00\",\"dateModified\":\"2022-06-07T13:05:53+00:00\",\"breadcrumb\":{\"@id\":\"https:\\\/\\\/gethowies.com\\\/se\\\/produkt\\\/howies-tungpuck\\\/#breadcrumb\"},\"inLanguage\":\"sv-SE\",\"potentialAction\":[{\"@type\":\"ReadAction\",\"target\":[\"https:\\\/\\\/gethowies.com\\\/se\\\/produkt\\\/howies-tungpuck\\\/\"]}]},{\"@type\":\"ImageObject\",\"inLanguage\":\"sv-SE\",\"@id\":\"https:\\\/\\\/gethowies.com\\\/se\\\/produkt\\\/howies-tungpuck\\\/#primaryimage\",\"url\":\"https:\\\/\\\/gethowies.com\\\/se\\\/wp-content\\\/uploads\\\/sites\\\/2\\\/2018\\\/08\\\/tungpuck-paket.jpg\",\"contentUrl\":\"https:\\\/\\\/gethowies.com\\\/se\\\/wp-content\\\/uploads\\\/sites\\\/2\\\/2018\\\/08\\\/tungpuck-paket.jpg\",\"width\":1020,\"height\":1200},{\"@type\":\"BreadcrumbList\",\"@id\":\"https:\\\/\\\/gethowies.com\\\/se\\\/produkt\\\/howies-tungpuck\\\/#breadcrumb\",\"itemListElement\":[{\"@type\":\"ListItem\",\"position\":1,\"name\":\"Hem\",\"item\":\"https:\\\/\\\/gethowies.com\\\/se\\\/\"},{\"@type\":\"ListItem\",\"position\":2,\"name\":\"Shop\",\"item\":\"https:\\\/\\\/gethowies.com\\\/se\\\/shop\\\/\"},{\"@type\":\"ListItem\",\"position\":3,\"name\":\"Howies Tungpuck\"}]},{\"@type\":\"WebSite\",\"@id\":\"https:\\\/\\\/gethowies.com\\\/se\\\/#website\",\"url\":\"https:\\\/\\\/gethowies.com\\\/se\\\/\",\"name\":\"Howies Hockey Sverige\",\"description\":\"\",\"potentialAction\":[{\"@type\":\"SearchAction\",\"target\":{\"@type\":\"EntryPoint\",\"urlTemplate\":\"https:\\\/\\\/gethowies.com\\\/se\\\/?s={search_term_string}\"},\"query-input\":{\"@type\":\"PropertyValueSpecification\",\"valueRequired\":true,\"valueName\":\"search_term_string\"}}],\"inLanguage\":\"sv-SE\"}]}<\/script>\n<!-- \/ Yoast SEO plugin. -->","yoast_head_json":{"title":"Howies Tungpuck - Howies Hockey Sverige","robots":{"index":"index","follow":"follow","max-snippet":"max-snippet:-1","max-image-preview":"max-image-preview:large","max-video-preview":"max-video-preview:-1"},"canonical":"https:\/\/gethowies.com\/se\/produkt\/howies-tungpuck\/","og_locale":"sv_SE","og_type":"article","og_title":"Howies Tungpuck - Howies Hockey Sverige","og_description":"Tr\u00e4na upp ditt skott Ett bra skott kr\u00e4ver blod svett, t\u00e5rar och massvis av tr\u00e4ning. Tr\u00e4na h\u00e5rdare med Howies Tungpuck. V\u00e5r tungpuck effektiviserar din skottr\u00e4ning och \u00e4r ett fantastiskt hj\u00e4lpmedel p\u00e5 v\u00e4gen. Efter en skottrunda med tung pucken k\u00e4nns en vanlig puck l\u00e4tt som en pl\u00e4tt att f\u00e5 iv\u00e4g. Howies orange tungpuck v\u00e4ger hela 280 [...]","og_url":"https:\/\/gethowies.com\/se\/produkt\/howies-tungpuck\/","og_site_name":"Howies Hockey Sverige","article_modified_time":"2022-06-07T13:05:53+00:00","og_image":[{"width":1020,"height":1200,"url":"https:\/\/gethowies.com\/se\/wp-content\/uploads\/sites\/2\/2018\/08\/tungpuck-paket.jpg","type":"image\/jpeg"}],"twitter_card":"summary_large_image","twitter_misc":{"Ber\u00e4knad l\u00e4stid":"1 minut"},"schema":{"@context":"https:\/\/schema.org","@graph":[{"@type":"WebPage","@id":"https:\/\/gethowies.com\/se\/produkt\/howies-tungpuck\/","url":"https:\/\/gethowies.com\/se\/produkt\/howies-tungpuck\/","name":"Howies Tungpuck - Howies Hockey Sverige","isPartOf":{"@id":"https:\/\/gethowies.com\/se\/#website"},"primaryImageOfPage":{"@id":"https:\/\/gethowies.com\/se\/produkt\/howies-tungpuck\/#primaryimage"},"image":{"@id":"https:\/\/gethowies.com\/se\/produkt\/howies-tungpuck\/#primaryimage"},"thumbnailUrl":"https:\/\/gethowies.com\/se\/wp-content\/uploads\/sites\/2\/2018\/08\/tungpuck-paket.jpg","datePublished":"2018-08-14T19:07:33+00:00","dateModified":"2022-06-07T13:05:53+00:00","breadcrumb":{"@id":"https:\/\/gethowies.com\/se\/produkt\/howies-tungpuck\/#breadcrumb"},"inLanguage":"sv-SE","potentialAction":[{"@type":"ReadAction","target":["https:\/\/gethowies.com\/se\/produkt\/howies-tungpuck\/"]}]},{"@type":"ImageObject","inLanguage":"sv-SE","@id":"https:\/\/gethowies.com\/se\/produkt\/howies-tungpuck\/#primaryimage","url":"https:\/\/gethowies.com\/se\/wp-content\/uploads\/sites\/2\/2018\/08\/tungpuck-paket.jpg","contentUrl":"https:\/\/gethowies.com\/se\/wp-content\/uploads\/sites\/2\/2018\/08\/tungpuck-paket.jpg","width":1020,"height":1200},{"@type":"BreadcrumbList","@id":"https:\/\/gethowies.com\/se\/produkt\/howies-tungpuck\/#breadcrumb","itemListElement":[{"@type":"ListItem","position":1,"name":"Hem","item":"https:\/\/gethowies.com\/se\/"},{"@type":"ListItem","position":2,"name":"Shop","item":"https:\/\/gethowies.com\/se\/shop\/"},{"@type":"ListItem","position":3,"name":"Howies Tungpuck"}]},{"@type":"WebSite","@id":"https:\/\/gethowies.com\/se\/#website","url":"https:\/\/gethowies.com\/se\/","name":"Howies Hockey Sverige","description":"","potentialAction":[{"@type":"SearchAction","target":{"@type":"EntryPoint","urlTemplate":"https:\/\/gethowies.com\/se\/?s={search_term_string}"},"query-input":{"@type":"PropertyValueSpecification","valueRequired":true,"valueName":"search_term_string"}}],"inLanguage":"sv-SE"}]}},"_links":{"self":[{"href":"https:\/\/gethowies.com\/se\/wp-json\/wp\/v2\/product\/216","targetHints":{"allow":["GET"]}}],"collection":[{"href":"https:\/\/gethowies.com\/se\/wp-json\/wp\/v2\/product"}],"about":[{"href":"https:\/\/gethowies.com\/se\/wp-json\/wp\/v2\/types\/product"}],"replies":[{"embeddable":true,"href":"https:\/\/gethowies.com\/se\/wp-json\/wp\/v2\/comments?post=216"}],"wp:featuredmedia":[{"embeddable":true,"href":"https:\/\/gethowies.com\/se\/wp-json\/wp\/v2\/media\/260"}],"wp:attachment":[{"href":"https:\/\/gethowies.com\/se\/wp-json\/wp\/v2\/media?parent=216"}],"wp:term":[{"taxonomy":"product_brand","embeddable":true,"href":"https:\/\/gethowies.com\/se\/wp-json\/wp\/v2\/product_brand?post=216"},{"taxonomy":"product_cat","embeddable":true,"href":"https:\/\/gethowies.com\/se\/wp-json\/wp\/v2\/product_cat?post=216"},{"taxonomy":"product_tag","embeddable":true,"href":"https:\/\/gethowies.com\/se\/wp-json\/wp\/v2\/product_tag?post=216"}],"curies":[{"name":"wp","href":"https:\/\/api.w.org\/{rel}","templated":true}]}}