{"id":222,"date":"2018-08-14T21:07:58","date_gmt":"2018-08-14T19:07:58","guid":{"rendered":"https:\/\/gethowies.com\/se\/produkt\/import-placeholder-for-823\/"},"modified":"2022-06-07T15:05:30","modified_gmt":"2022-06-07T13:05:30","slug":"howies-vattenflaska","status":"publish","type":"product","link":"https:\/\/gethowies.com\/se\/produkt\/howies-vattenflaska\/","title":{"rendered":"Howies Vattenflaska"},"content":{"rendered":"<p>F\u00f6r att kompensera vattendep\u00e5erna som svettas ut och prestera p\u00e5 toppniv\u00e5 beh\u00f6ver alla ishockeyspelare en vattenflaska. Howies vattenflaska har den lila extra touchen som du ser p\u00e5 NHL lagens flaskor. Gul f\u00e4rg g\u00f6r att du hittar den snabbt i b\u00e5set, med Howies m\u00e4rket i centrum. Squeeze flaska med okrossbar kork samt BPA fri och hela 1l fyllning s\u00e5 har du den perfekta vattenflaskan. Anv\u00e4nds av ett flertal NHL och College lag.<\/p>\n","protected":false},"excerpt":{"rendered":"<p>F\u00f6r att kompensera vattendep\u00e5erna som svettas ut och prestera p\u00e5 toppniv\u00e5 beh\u00f6ver alla ishockeyspelare en vattenflaska. Howies vattenflaska har den lila extra touchen som du ser p\u00e5 NHL lagens flaskor. Gul f\u00e4rg g\u00f6r att du hittar den snabbt i b\u00e5set, med Howies m\u00e4rket i centrum. Squeeze flaska med okrossbar kork samt BPA fri och hela [&#8230;]\n","protected":false},"featured_media":267,"comment_status":"closed","ping_status":"closed","template":"","meta":{"inline_featured_image":false},"product_brand":[],"product_cat":[151],"product_tag":[],"class_list":{"0":"post-222","1":"product","2":"type-product","3":"status-publish","4":"has-post-thumbnail","6":"product_cat-vattenflaskor","8":"first","9":"instock","10":"shipping-taxable","11":"purchasable","12":"product-type-simple"},"yoast_head":"<!-- This site is optimized with the Yoast SEO plugin v27.5 - https:\/\/yoast.com\/product\/yoast-seo-wordpress\/ -->\n<title>Howies Vattenflaska - Howies Hockey Sverige<\/title>\n<meta name=\"robots\" content=\"index, follow, max-snippet:-1, max-image-preview:large, max-video-preview:-1\" \/>\n<link rel=\"canonical\" href=\"https:\/\/gethowies.com\/se\/produkt\/howies-vattenflaska\/\" \/>\n<meta property=\"og:locale\" content=\"sv_SE\" \/>\n<meta property=\"og:type\" content=\"article\" \/>\n<meta property=\"og:title\" content=\"Howies Vattenflaska - Howies Hockey Sverige\" \/>\n<meta property=\"og:description\" content=\"F\u00f6r att kompensera vattendep\u00e5erna som svettas ut och prestera p\u00e5 toppniv\u00e5 beh\u00f6ver alla ishockeyspelare en vattenflaska. Howies vattenflaska har den lila extra touchen som du ser p\u00e5 NHL lagens flaskor. Gul f\u00e4rg g\u00f6r att du hittar den snabbt i b\u00e5set, med Howies m\u00e4rket i centrum. Squeeze flaska med okrossbar kork samt BPA fri och hela [...]\" \/>\n<meta property=\"og:url\" content=\"https:\/\/gethowies.com\/se\/produkt\/howies-vattenflaska\/\" \/>\n<meta property=\"og:site_name\" content=\"Howies Hockey Sverige\" \/>\n<meta property=\"article:modified_time\" content=\"2022-06-07T13:05:30+00:00\" \/>\n<meta property=\"og:image\" content=\"https:\/\/gethowies.com\/se\/wp-content\/uploads\/sites\/2\/2018\/08\/HHT-Waterb.jpg\" \/>\n\t<meta property=\"og:image:width\" content=\"600\" \/>\n\t<meta property=\"og:image:height\" content=\"480\" \/>\n\t<meta property=\"og:image:type\" content=\"image\/jpeg\" \/>\n<meta name=\"twitter:card\" content=\"summary_large_image\" \/>\n<script type=\"application\/ld+json\" class=\"yoast-schema-graph\">{\"@context\":\"https:\\\/\\\/schema.org\",\"@graph\":[{\"@type\":\"WebPage\",\"@id\":\"https:\\\/\\\/gethowies.com\\\/se\\\/produkt\\\/howies-vattenflaska\\\/\",\"url\":\"https:\\\/\\\/gethowies.com\\\/se\\\/produkt\\\/howies-vattenflaska\\\/\",\"name\":\"Howies Vattenflaska - Howies Hockey Sverige\",\"isPartOf\":{\"@id\":\"https:\\\/\\\/gethowies.com\\\/se\\\/#website\"},\"primaryImageOfPage\":{\"@id\":\"https:\\\/\\\/gethowies.com\\\/se\\\/produkt\\\/howies-vattenflaska\\\/#primaryimage\"},\"image\":{\"@id\":\"https:\\\/\\\/gethowies.com\\\/se\\\/produkt\\\/howies-vattenflaska\\\/#primaryimage\"},\"thumbnailUrl\":\"https:\\\/\\\/gethowies.com\\\/se\\\/wp-content\\\/uploads\\\/sites\\\/2\\\/2018\\\/08\\\/HHT-Waterb.jpg\",\"datePublished\":\"2018-08-14T19:07:58+00:00\",\"dateModified\":\"2022-06-07T13:05:30+00:00\",\"breadcrumb\":{\"@id\":\"https:\\\/\\\/gethowies.com\\\/se\\\/produkt\\\/howies-vattenflaska\\\/#breadcrumb\"},\"inLanguage\":\"sv-SE\",\"potentialAction\":[{\"@type\":\"ReadAction\",\"target\":[\"https:\\\/\\\/gethowies.com\\\/se\\\/produkt\\\/howies-vattenflaska\\\/\"]}]},{\"@type\":\"ImageObject\",\"inLanguage\":\"sv-SE\",\"@id\":\"https:\\\/\\\/gethowies.com\\\/se\\\/produkt\\\/howies-vattenflaska\\\/#primaryimage\",\"url\":\"https:\\\/\\\/gethowies.com\\\/se\\\/wp-content\\\/uploads\\\/sites\\\/2\\\/2018\\\/08\\\/HHT-Waterb.jpg\",\"contentUrl\":\"https:\\\/\\\/gethowies.com\\\/se\\\/wp-content\\\/uploads\\\/sites\\\/2\\\/2018\\\/08\\\/HHT-Waterb.jpg\",\"width\":600,\"height\":480},{\"@type\":\"BreadcrumbList\",\"@id\":\"https:\\\/\\\/gethowies.com\\\/se\\\/produkt\\\/howies-vattenflaska\\\/#breadcrumb\",\"itemListElement\":[{\"@type\":\"ListItem\",\"position\":1,\"name\":\"Hem\",\"item\":\"https:\\\/\\\/gethowies.com\\\/se\\\/\"},{\"@type\":\"ListItem\",\"position\":2,\"name\":\"Shop\",\"item\":\"https:\\\/\\\/gethowies.com\\\/se\\\/shop\\\/\"},{\"@type\":\"ListItem\",\"position\":3,\"name\":\"Howies Vattenflaska\"}]},{\"@type\":\"WebSite\",\"@id\":\"https:\\\/\\\/gethowies.com\\\/se\\\/#website\",\"url\":\"https:\\\/\\\/gethowies.com\\\/se\\\/\",\"name\":\"Howies Hockey Sverige\",\"description\":\"\",\"potentialAction\":[{\"@type\":\"SearchAction\",\"target\":{\"@type\":\"EntryPoint\",\"urlTemplate\":\"https:\\\/\\\/gethowies.com\\\/se\\\/?s={search_term_string}\"},\"query-input\":{\"@type\":\"PropertyValueSpecification\",\"valueRequired\":true,\"valueName\":\"search_term_string\"}}],\"inLanguage\":\"sv-SE\"}]}<\/script>\n<!-- \/ Yoast SEO plugin. -->","yoast_head_json":{"title":"Howies Vattenflaska - Howies Hockey Sverige","robots":{"index":"index","follow":"follow","max-snippet":"max-snippet:-1","max-image-preview":"max-image-preview:large","max-video-preview":"max-video-preview:-1"},"canonical":"https:\/\/gethowies.com\/se\/produkt\/howies-vattenflaska\/","og_locale":"sv_SE","og_type":"article","og_title":"Howies Vattenflaska - Howies Hockey Sverige","og_description":"F\u00f6r att kompensera vattendep\u00e5erna som svettas ut och prestera p\u00e5 toppniv\u00e5 beh\u00f6ver alla ishockeyspelare en vattenflaska. Howies vattenflaska har den lila extra touchen som du ser p\u00e5 NHL lagens flaskor. Gul f\u00e4rg g\u00f6r att du hittar den snabbt i b\u00e5set, med Howies m\u00e4rket i centrum. Squeeze flaska med okrossbar kork samt BPA fri och hela [...]","og_url":"https:\/\/gethowies.com\/se\/produkt\/howies-vattenflaska\/","og_site_name":"Howies Hockey Sverige","article_modified_time":"2022-06-07T13:05:30+00:00","og_image":[{"width":600,"height":480,"url":"https:\/\/gethowies.com\/se\/wp-content\/uploads\/sites\/2\/2018\/08\/HHT-Waterb.jpg","type":"image\/jpeg"}],"twitter_card":"summary_large_image","schema":{"@context":"https:\/\/schema.org","@graph":[{"@type":"WebPage","@id":"https:\/\/gethowies.com\/se\/produkt\/howies-vattenflaska\/","url":"https:\/\/gethowies.com\/se\/produkt\/howies-vattenflaska\/","name":"Howies Vattenflaska - Howies Hockey Sverige","isPartOf":{"@id":"https:\/\/gethowies.com\/se\/#website"},"primaryImageOfPage":{"@id":"https:\/\/gethowies.com\/se\/produkt\/howies-vattenflaska\/#primaryimage"},"image":{"@id":"https:\/\/gethowies.com\/se\/produkt\/howies-vattenflaska\/#primaryimage"},"thumbnailUrl":"https:\/\/gethowies.com\/se\/wp-content\/uploads\/sites\/2\/2018\/08\/HHT-Waterb.jpg","datePublished":"2018-08-14T19:07:58+00:00","dateModified":"2022-06-07T13:05:30+00:00","breadcrumb":{"@id":"https:\/\/gethowies.com\/se\/produkt\/howies-vattenflaska\/#breadcrumb"},"inLanguage":"sv-SE","potentialAction":[{"@type":"ReadAction","target":["https:\/\/gethowies.com\/se\/produkt\/howies-vattenflaska\/"]}]},{"@type":"ImageObject","inLanguage":"sv-SE","@id":"https:\/\/gethowies.com\/se\/produkt\/howies-vattenflaska\/#primaryimage","url":"https:\/\/gethowies.com\/se\/wp-content\/uploads\/sites\/2\/2018\/08\/HHT-Waterb.jpg","contentUrl":"https:\/\/gethowies.com\/se\/wp-content\/uploads\/sites\/2\/2018\/08\/HHT-Waterb.jpg","width":600,"height":480},{"@type":"BreadcrumbList","@id":"https:\/\/gethowies.com\/se\/produkt\/howies-vattenflaska\/#breadcrumb","itemListElement":[{"@type":"ListItem","position":1,"name":"Hem","item":"https:\/\/gethowies.com\/se\/"},{"@type":"ListItem","position":2,"name":"Shop","item":"https:\/\/gethowies.com\/se\/shop\/"},{"@type":"ListItem","position":3,"name":"Howies Vattenflaska"}]},{"@type":"WebSite","@id":"https:\/\/gethowies.com\/se\/#website","url":"https:\/\/gethowies.com\/se\/","name":"Howies Hockey Sverige","description":"","potentialAction":[{"@type":"SearchAction","target":{"@type":"EntryPoint","urlTemplate":"https:\/\/gethowies.com\/se\/?s={search_term_string}"},"query-input":{"@type":"PropertyValueSpecification","valueRequired":true,"valueName":"search_term_string"}}],"inLanguage":"sv-SE"}]}},"_links":{"self":[{"href":"https:\/\/gethowies.com\/se\/wp-json\/wp\/v2\/product\/222","targetHints":{"allow":["GET"]}}],"collection":[{"href":"https:\/\/gethowies.com\/se\/wp-json\/wp\/v2\/product"}],"about":[{"href":"https:\/\/gethowies.com\/se\/wp-json\/wp\/v2\/types\/product"}],"replies":[{"embeddable":true,"href":"https:\/\/gethowies.com\/se\/wp-json\/wp\/v2\/comments?post=222"}],"wp:featuredmedia":[{"embeddable":true,"href":"https:\/\/gethowies.com\/se\/wp-json\/wp\/v2\/media\/267"}],"wp:attachment":[{"href":"https:\/\/gethowies.com\/se\/wp-json\/wp\/v2\/media?parent=222"}],"wp:term":[{"taxonomy":"product_brand","embeddable":true,"href":"https:\/\/gethowies.com\/se\/wp-json\/wp\/v2\/product_brand?post=222"},{"taxonomy":"product_cat","embeddable":true,"href":"https:\/\/gethowies.com\/se\/wp-json\/wp\/v2\/product_cat?post=222"},{"taxonomy":"product_tag","embeddable":true,"href":"https:\/\/gethowies.com\/se\/wp-json\/wp\/v2\/product_tag?post=222"}],"curies":[{"name":"wp","href":"https:\/\/api.w.org\/{rel}","templated":true}]}}