{"id":227,"date":"2018-08-14T21:08:29","date_gmt":"2018-08-14T19:08:29","guid":{"rendered":"https:\/\/gethowies.com\/se\/produkt\/import-placeholder-for-829\/"},"modified":"2022-06-07T15:04:44","modified_gmt":"2022-06-07T13:04:44","slug":"howies-tape-tin-3-rullar","status":"publish","type":"product","link":"https:\/\/gethowies.com\/se\/produkt\/howies-tape-tin-3-rullar\/","title":{"rendered":"Howies Tape Tin (3 rullar)"},"content":{"rendered":"<p>Hockeyspelare kommer aldrig att enas om det b\u00e4sta s\u00e4ttet att tejpa bladet. Heel to toe, toe to heel&#8230; Svart eller\u00a0Vit&#8230;\u00a0bred\u00a0eller smal tejp&#8230;\u00a0En sak alla h\u00e5ller med om &#8211; det finns inget b\u00e4ttre \u00e4n en fr\u00e4sch rulle med Howies. Vi designade Howies Tape Tin f\u00f6r att skydda tejpen fr\u00e5n att f\u00f6rst\u00f6ras i bagen. Med plats f\u00f6r upp till 3 rullar, skyddar Howies Tape Tin tejpen fr\u00e5n skador, revor och smuts s\u00e5 att din Howies Tejp alltid \u00e4r fr\u00e4sch och hel, oavsett hur du tejpar din blad.<\/p>\n<p>\u2022 \u00a0Plats f\u00f6r 3 rullar<br \/>\n\u200c\u2022 \u00a0F\u00f6rhindrar skador, revor och smuts<br \/>\n\u200c\u2022 \u00a0Hitta tejpen snabbt i bagen<br \/>\n\u200c\u2022 \u00a0Alltid fr\u00e4sch tejp<\/p>\n","protected":false},"excerpt":{"rendered":"<p>Hockeyspelare kommer aldrig att enas om det b\u00e4sta s\u00e4ttet att tejpa bladet. Heel to toe, toe to heel&#8230; Svart eller\u00a0Vit&#8230;\u00a0bred\u00a0eller smal tejp&#8230;\u00a0En sak alla h\u00e5ller med om &#8211; det finns inget b\u00e4ttre \u00e4n en fr\u00e4sch rulle med Howies. Vi designade Howies Tape Tin f\u00f6r att skydda tejpen fr\u00e5n att f\u00f6rst\u00f6ras i bagen. Med plats f\u00f6r [&#8230;]\n","protected":false},"featured_media":268,"comment_status":"closed","ping_status":"closed","template":"","meta":{"inline_featured_image":false},"product_brand":[],"product_cat":[65],"product_tag":[],"class_list":{"0":"post-227","1":"product","2":"type-product","3":"status-publish","4":"has-post-thumbnail","6":"product_cat-howies-tape-tin","8":"first","9":"instock","10":"shipping-taxable","11":"purchasable","12":"product-type-variable"},"yoast_head":"<!-- This site is optimized with the Yoast SEO plugin v27.5 - https:\/\/yoast.com\/product\/yoast-seo-wordpress\/ -->\n<title>Howies Tape Tin (3 rullar) - Howies Hockey Sverige<\/title>\n<meta name=\"robots\" content=\"index, follow, max-snippet:-1, max-image-preview:large, max-video-preview:-1\" \/>\n<link rel=\"canonical\" href=\"https:\/\/gethowies.com\/se\/produkt\/howies-tape-tin-3-rullar\/\" \/>\n<meta property=\"og:locale\" content=\"sv_SE\" \/>\n<meta property=\"og:type\" content=\"article\" \/>\n<meta property=\"og:title\" content=\"Howies Tape Tin (3 rullar) - Howies Hockey Sverige\" \/>\n<meta property=\"og:description\" content=\"Hockeyspelare kommer aldrig att enas om det b\u00e4sta s\u00e4ttet att tejpa bladet. Heel to toe, toe to heel&#8230; Svart eller\u00a0Vit&#8230;\u00a0bred\u00a0eller smal tejp&#8230;\u00a0En sak alla h\u00e5ller med om &#8211; det finns inget b\u00e4ttre \u00e4n en fr\u00e4sch rulle med Howies. Vi designade Howies Tape Tin f\u00f6r att skydda tejpen fr\u00e5n att f\u00f6rst\u00f6ras i bagen. Med plats f\u00f6r [...]\" \/>\n<meta property=\"og:url\" content=\"https:\/\/gethowies.com\/se\/produkt\/howies-tape-tin-3-rullar\/\" \/>\n<meta property=\"og:site_name\" content=\"Howies Hockey Sverige\" \/>\n<meta property=\"article:modified_time\" content=\"2022-06-07T13:04:44+00:00\" \/>\n<meta property=\"og:image\" content=\"https:\/\/gethowies.com\/se\/wp-content\/uploads\/sites\/2\/2018\/08\/tapetin.jpg\" \/>\n\t<meta property=\"og:image:width\" content=\"500\" \/>\n\t<meta property=\"og:image:height\" content=\"500\" \/>\n\t<meta property=\"og:image:type\" content=\"image\/jpeg\" \/>\n<meta name=\"twitter:card\" content=\"summary_large_image\" \/>\n<meta name=\"twitter:label1\" content=\"Ber\u00e4knad l\u00e4stid\" \/>\n\t<meta name=\"twitter:data1\" content=\"1 minut\" \/>\n<script type=\"application\/ld+json\" class=\"yoast-schema-graph\">{\"@context\":\"https:\\\/\\\/schema.org\",\"@graph\":[{\"@type\":\"WebPage\",\"@id\":\"https:\\\/\\\/gethowies.com\\\/se\\\/produkt\\\/howies-tape-tin-3-rullar\\\/\",\"url\":\"https:\\\/\\\/gethowies.com\\\/se\\\/produkt\\\/howies-tape-tin-3-rullar\\\/\",\"name\":\"Howies Tape Tin (3 rullar) - Howies Hockey Sverige\",\"isPartOf\":{\"@id\":\"https:\\\/\\\/gethowies.com\\\/se\\\/#website\"},\"primaryImageOfPage\":{\"@id\":\"https:\\\/\\\/gethowies.com\\\/se\\\/produkt\\\/howies-tape-tin-3-rullar\\\/#primaryimage\"},\"image\":{\"@id\":\"https:\\\/\\\/gethowies.com\\\/se\\\/produkt\\\/howies-tape-tin-3-rullar\\\/#primaryimage\"},\"thumbnailUrl\":\"https:\\\/\\\/gethowies.com\\\/se\\\/wp-content\\\/uploads\\\/sites\\\/2\\\/2018\\\/08\\\/tapetin.jpg\",\"datePublished\":\"2018-08-14T19:08:29+00:00\",\"dateModified\":\"2022-06-07T13:04:44+00:00\",\"breadcrumb\":{\"@id\":\"https:\\\/\\\/gethowies.com\\\/se\\\/produkt\\\/howies-tape-tin-3-rullar\\\/#breadcrumb\"},\"inLanguage\":\"sv-SE\",\"potentialAction\":[{\"@type\":\"ReadAction\",\"target\":[\"https:\\\/\\\/gethowies.com\\\/se\\\/produkt\\\/howies-tape-tin-3-rullar\\\/\"]}]},{\"@type\":\"ImageObject\",\"inLanguage\":\"sv-SE\",\"@id\":\"https:\\\/\\\/gethowies.com\\\/se\\\/produkt\\\/howies-tape-tin-3-rullar\\\/#primaryimage\",\"url\":\"https:\\\/\\\/gethowies.com\\\/se\\\/wp-content\\\/uploads\\\/sites\\\/2\\\/2018\\\/08\\\/tapetin.jpg\",\"contentUrl\":\"https:\\\/\\\/gethowies.com\\\/se\\\/wp-content\\\/uploads\\\/sites\\\/2\\\/2018\\\/08\\\/tapetin.jpg\",\"width\":500,\"height\":500},{\"@type\":\"BreadcrumbList\",\"@id\":\"https:\\\/\\\/gethowies.com\\\/se\\\/produkt\\\/howies-tape-tin-3-rullar\\\/#breadcrumb\",\"itemListElement\":[{\"@type\":\"ListItem\",\"position\":1,\"name\":\"Hem\",\"item\":\"https:\\\/\\\/gethowies.com\\\/se\\\/\"},{\"@type\":\"ListItem\",\"position\":2,\"name\":\"Shop\",\"item\":\"https:\\\/\\\/gethowies.com\\\/se\\\/shop\\\/\"},{\"@type\":\"ListItem\",\"position\":3,\"name\":\"Howies Tape Tin (3 rullar)\"}]},{\"@type\":\"WebSite\",\"@id\":\"https:\\\/\\\/gethowies.com\\\/se\\\/#website\",\"url\":\"https:\\\/\\\/gethowies.com\\\/se\\\/\",\"name\":\"Howies Hockey Sverige\",\"description\":\"\",\"potentialAction\":[{\"@type\":\"SearchAction\",\"target\":{\"@type\":\"EntryPoint\",\"urlTemplate\":\"https:\\\/\\\/gethowies.com\\\/se\\\/?s={search_term_string}\"},\"query-input\":{\"@type\":\"PropertyValueSpecification\",\"valueRequired\":true,\"valueName\":\"search_term_string\"}}],\"inLanguage\":\"sv-SE\"}]}<\/script>\n<!-- \/ Yoast SEO plugin. -->","yoast_head_json":{"title":"Howies Tape Tin (3 rullar) - Howies Hockey Sverige","robots":{"index":"index","follow":"follow","max-snippet":"max-snippet:-1","max-image-preview":"max-image-preview:large","max-video-preview":"max-video-preview:-1"},"canonical":"https:\/\/gethowies.com\/se\/produkt\/howies-tape-tin-3-rullar\/","og_locale":"sv_SE","og_type":"article","og_title":"Howies Tape Tin (3 rullar) - Howies Hockey Sverige","og_description":"Hockeyspelare kommer aldrig att enas om det b\u00e4sta s\u00e4ttet att tejpa bladet. Heel to toe, toe to heel&#8230; Svart eller\u00a0Vit&#8230;\u00a0bred\u00a0eller smal tejp&#8230;\u00a0En sak alla h\u00e5ller med om &#8211; det finns inget b\u00e4ttre \u00e4n en fr\u00e4sch rulle med Howies. Vi designade Howies Tape Tin f\u00f6r att skydda tejpen fr\u00e5n att f\u00f6rst\u00f6ras i bagen. Med plats f\u00f6r [...]","og_url":"https:\/\/gethowies.com\/se\/produkt\/howies-tape-tin-3-rullar\/","og_site_name":"Howies Hockey Sverige","article_modified_time":"2022-06-07T13:04:44+00:00","og_image":[{"width":500,"height":500,"url":"https:\/\/gethowies.com\/se\/wp-content\/uploads\/sites\/2\/2018\/08\/tapetin.jpg","type":"image\/jpeg"}],"twitter_card":"summary_large_image","twitter_misc":{"Ber\u00e4knad l\u00e4stid":"1 minut"},"schema":{"@context":"https:\/\/schema.org","@graph":[{"@type":"WebPage","@id":"https:\/\/gethowies.com\/se\/produkt\/howies-tape-tin-3-rullar\/","url":"https:\/\/gethowies.com\/se\/produkt\/howies-tape-tin-3-rullar\/","name":"Howies Tape Tin (3 rullar) - Howies Hockey Sverige","isPartOf":{"@id":"https:\/\/gethowies.com\/se\/#website"},"primaryImageOfPage":{"@id":"https:\/\/gethowies.com\/se\/produkt\/howies-tape-tin-3-rullar\/#primaryimage"},"image":{"@id":"https:\/\/gethowies.com\/se\/produkt\/howies-tape-tin-3-rullar\/#primaryimage"},"thumbnailUrl":"https:\/\/gethowies.com\/se\/wp-content\/uploads\/sites\/2\/2018\/08\/tapetin.jpg","datePublished":"2018-08-14T19:08:29+00:00","dateModified":"2022-06-07T13:04:44+00:00","breadcrumb":{"@id":"https:\/\/gethowies.com\/se\/produkt\/howies-tape-tin-3-rullar\/#breadcrumb"},"inLanguage":"sv-SE","potentialAction":[{"@type":"ReadAction","target":["https:\/\/gethowies.com\/se\/produkt\/howies-tape-tin-3-rullar\/"]}]},{"@type":"ImageObject","inLanguage":"sv-SE","@id":"https:\/\/gethowies.com\/se\/produkt\/howies-tape-tin-3-rullar\/#primaryimage","url":"https:\/\/gethowies.com\/se\/wp-content\/uploads\/sites\/2\/2018\/08\/tapetin.jpg","contentUrl":"https:\/\/gethowies.com\/se\/wp-content\/uploads\/sites\/2\/2018\/08\/tapetin.jpg","width":500,"height":500},{"@type":"BreadcrumbList","@id":"https:\/\/gethowies.com\/se\/produkt\/howies-tape-tin-3-rullar\/#breadcrumb","itemListElement":[{"@type":"ListItem","position":1,"name":"Hem","item":"https:\/\/gethowies.com\/se\/"},{"@type":"ListItem","position":2,"name":"Shop","item":"https:\/\/gethowies.com\/se\/shop\/"},{"@type":"ListItem","position":3,"name":"Howies Tape Tin (3 rullar)"}]},{"@type":"WebSite","@id":"https:\/\/gethowies.com\/se\/#website","url":"https:\/\/gethowies.com\/se\/","name":"Howies Hockey Sverige","description":"","potentialAction":[{"@type":"SearchAction","target":{"@type":"EntryPoint","urlTemplate":"https:\/\/gethowies.com\/se\/?s={search_term_string}"},"query-input":{"@type":"PropertyValueSpecification","valueRequired":true,"valueName":"search_term_string"}}],"inLanguage":"sv-SE"}]}},"_links":{"self":[{"href":"https:\/\/gethowies.com\/se\/wp-json\/wp\/v2\/product\/227","targetHints":{"allow":["GET"]}}],"collection":[{"href":"https:\/\/gethowies.com\/se\/wp-json\/wp\/v2\/product"}],"about":[{"href":"https:\/\/gethowies.com\/se\/wp-json\/wp\/v2\/types\/product"}],"replies":[{"embeddable":true,"href":"https:\/\/gethowies.com\/se\/wp-json\/wp\/v2\/comments?post=227"}],"wp:featuredmedia":[{"embeddable":true,"href":"https:\/\/gethowies.com\/se\/wp-json\/wp\/v2\/media\/268"}],"wp:attachment":[{"href":"https:\/\/gethowies.com\/se\/wp-json\/wp\/v2\/media?parent=227"}],"wp:term":[{"taxonomy":"product_brand","embeddable":true,"href":"https:\/\/gethowies.com\/se\/wp-json\/wp\/v2\/product_brand?post=227"},{"taxonomy":"product_cat","embeddable":true,"href":"https:\/\/gethowies.com\/se\/wp-json\/wp\/v2\/product_cat?post=227"},{"taxonomy":"product_tag","embeddable":true,"href":"https:\/\/gethowies.com\/se\/wp-json\/wp\/v2\/product_tag?post=227"}],"curies":[{"name":"wp","href":"https:\/\/api.w.org\/{rel}","templated":true}]}}