{"id":232,"date":"2018-08-14T21:09:05","date_gmt":"2018-08-14T19:09:05","guid":{"rendered":"https:\/\/gethowies.com\/se\/produkt\/import-placeholder-for-841\/"},"modified":"2023-02-11T23:29:17","modified_gmt":"2023-02-11T22:29:17","slug":"howies-bryne-fine","status":"publish","type":"product","link":"https:\/\/gethowies.com\/se\/produkt\/howies-bryne-fine\/","title":{"rendered":"Howies Bryne Fine"},"content":{"rendered":"<p>F\u00f6r att f\u00e5 det perfekt beh\u00f6ver du ibland finslipa det sj\u00e4lv.\u00a0Det \u00e4r h\u00e4r Howies bryne kommer in perfekt.\u00a0Att sk\u00f6ta sin utrustning \u00e4r viktigt..\u00a0Du \u00e4r spelar typen som vet att f\u00f6r att f\u00e5 ut maximalt av skridskorna beh\u00f6ver skenan underh\u00e5llas kontinuerligt.\u00a0Howies Bryne FINE fin slipar skenan<\/p>\n<div>\n<div>\u200c\u2022\u00a0Contains premium silicon carbide abrasive<\/div>\n<div>\u200c\u2022\u00a0Quick cutting action<\/div>\n<div>\u200c\u2022\u00a0Uses industry leading vitrified bond technology<\/div>\n<div>\u200c\u2022\u00a0Repairs minor damage and finishes blade to keen edge<\/div>\n<\/div>\n","protected":false},"excerpt":{"rendered":"<p>F\u00f6r att f\u00e5 det perfekt beh\u00f6ver du ibland finslipa det sj\u00e4lv.\u00a0Det \u00e4r h\u00e4r Howies bryne kommer in perfekt.\u00a0Att sk\u00f6ta sin utrustning \u00e4r viktigt..\u00a0Du \u00e4r spelar typen som vet att f\u00f6r att f\u00e5 ut maximalt av skridskorna beh\u00f6ver skenan underh\u00e5llas kontinuerligt.\u00a0Howies Bryne FINE fin slipar skenan \u200c\u2022\u00a0Contains premium silicon carbide abrasive \u200c\u2022\u00a0Quick cutting action \u200c\u2022\u00a0Uses industry [&#8230;]\n","protected":false},"featured_media":278,"comment_status":"closed","ping_status":"closed","template":"","meta":{"inline_featured_image":false},"product_brand":[],"product_cat":[152],"product_tag":[],"class_list":{"0":"post-232","1":"product","2":"type-product","3":"status-publish","4":"has-post-thumbnail","6":"product_cat-slip-produkter","8":"first","9":"instock","10":"shipping-taxable","11":"purchasable","12":"product-type-simple"},"yoast_head":"<!-- This site is optimized with the Yoast SEO plugin v27.5 - https:\/\/yoast.com\/product\/yoast-seo-wordpress\/ -->\n<title>Howies Bryne Fine - Howies Hockey Sverige<\/title>\n<meta name=\"robots\" content=\"index, follow, max-snippet:-1, max-image-preview:large, max-video-preview:-1\" \/>\n<link rel=\"canonical\" href=\"https:\/\/gethowies.com\/se\/produkt\/howies-bryne-fine\/\" \/>\n<meta property=\"og:locale\" content=\"sv_SE\" \/>\n<meta property=\"og:type\" content=\"article\" \/>\n<meta property=\"og:title\" content=\"Howies Bryne Fine - Howies Hockey Sverige\" \/>\n<meta property=\"og:description\" content=\"F\u00f6r att f\u00e5 det perfekt beh\u00f6ver du ibland finslipa det sj\u00e4lv.\u00a0Det \u00e4r h\u00e4r Howies bryne kommer in perfekt.\u00a0Att sk\u00f6ta sin utrustning \u00e4r viktigt..\u00a0Du \u00e4r spelar typen som vet att f\u00f6r att f\u00e5 ut maximalt av skridskorna beh\u00f6ver skenan underh\u00e5llas kontinuerligt.\u00a0Howies Bryne FINE fin slipar skenan \u200c\u2022\u00a0Contains premium silicon carbide abrasive \u200c\u2022\u00a0Quick cutting action \u200c\u2022\u00a0Uses industry [...]\" \/>\n<meta property=\"og:url\" content=\"https:\/\/gethowies.com\/se\/produkt\/howies-bryne-fine\/\" \/>\n<meta property=\"og:site_name\" content=\"Howies Hockey Sverige\" \/>\n<meta property=\"article:modified_time\" content=\"2023-02-11T22:29:17+00:00\" \/>\n<meta property=\"og:image\" content=\"https:\/\/gethowies.com\/se\/wp-content\/uploads\/sites\/2\/2018\/08\/hht_bryne.jpg\" \/>\n\t<meta property=\"og:image:width\" content=\"1020\" \/>\n\t<meta property=\"og:image:height\" content=\"1020\" \/>\n\t<meta property=\"og:image:type\" content=\"image\/jpeg\" \/>\n<meta name=\"twitter:card\" content=\"summary_large_image\" \/>\n<script type=\"application\/ld+json\" class=\"yoast-schema-graph\">{\"@context\":\"https:\\\/\\\/schema.org\",\"@graph\":[{\"@type\":\"WebPage\",\"@id\":\"https:\\\/\\\/gethowies.com\\\/se\\\/produkt\\\/howies-bryne-fine\\\/\",\"url\":\"https:\\\/\\\/gethowies.com\\\/se\\\/produkt\\\/howies-bryne-fine\\\/\",\"name\":\"Howies Bryne Fine - Howies Hockey Sverige\",\"isPartOf\":{\"@id\":\"https:\\\/\\\/gethowies.com\\\/se\\\/#website\"},\"primaryImageOfPage\":{\"@id\":\"https:\\\/\\\/gethowies.com\\\/se\\\/produkt\\\/howies-bryne-fine\\\/#primaryimage\"},\"image\":{\"@id\":\"https:\\\/\\\/gethowies.com\\\/se\\\/produkt\\\/howies-bryne-fine\\\/#primaryimage\"},\"thumbnailUrl\":\"https:\\\/\\\/gethowies.com\\\/se\\\/wp-content\\\/uploads\\\/sites\\\/2\\\/2018\\\/08\\\/hht_bryne.jpg\",\"datePublished\":\"2018-08-14T19:09:05+00:00\",\"dateModified\":\"2023-02-11T22:29:17+00:00\",\"breadcrumb\":{\"@id\":\"https:\\\/\\\/gethowies.com\\\/se\\\/produkt\\\/howies-bryne-fine\\\/#breadcrumb\"},\"inLanguage\":\"sv-SE\",\"potentialAction\":[{\"@type\":\"ReadAction\",\"target\":[\"https:\\\/\\\/gethowies.com\\\/se\\\/produkt\\\/howies-bryne-fine\\\/\"]}]},{\"@type\":\"ImageObject\",\"inLanguage\":\"sv-SE\",\"@id\":\"https:\\\/\\\/gethowies.com\\\/se\\\/produkt\\\/howies-bryne-fine\\\/#primaryimage\",\"url\":\"https:\\\/\\\/gethowies.com\\\/se\\\/wp-content\\\/uploads\\\/sites\\\/2\\\/2018\\\/08\\\/hht_bryne.jpg\",\"contentUrl\":\"https:\\\/\\\/gethowies.com\\\/se\\\/wp-content\\\/uploads\\\/sites\\\/2\\\/2018\\\/08\\\/hht_bryne.jpg\",\"width\":1020,\"height\":1020},{\"@type\":\"BreadcrumbList\",\"@id\":\"https:\\\/\\\/gethowies.com\\\/se\\\/produkt\\\/howies-bryne-fine\\\/#breadcrumb\",\"itemListElement\":[{\"@type\":\"ListItem\",\"position\":1,\"name\":\"Hem\",\"item\":\"https:\\\/\\\/gethowies.com\\\/se\\\/\"},{\"@type\":\"ListItem\",\"position\":2,\"name\":\"Shop\",\"item\":\"https:\\\/\\\/gethowies.com\\\/se\\\/shop\\\/\"},{\"@type\":\"ListItem\",\"position\":3,\"name\":\"Howies Bryne Fine\"}]},{\"@type\":\"WebSite\",\"@id\":\"https:\\\/\\\/gethowies.com\\\/se\\\/#website\",\"url\":\"https:\\\/\\\/gethowies.com\\\/se\\\/\",\"name\":\"Howies Hockey Sverige\",\"description\":\"\",\"potentialAction\":[{\"@type\":\"SearchAction\",\"target\":{\"@type\":\"EntryPoint\",\"urlTemplate\":\"https:\\\/\\\/gethowies.com\\\/se\\\/?s={search_term_string}\"},\"query-input\":{\"@type\":\"PropertyValueSpecification\",\"valueRequired\":true,\"valueName\":\"search_term_string\"}}],\"inLanguage\":\"sv-SE\"}]}<\/script>\n<!-- \/ Yoast SEO plugin. -->","yoast_head_json":{"title":"Howies Bryne Fine - Howies Hockey Sverige","robots":{"index":"index","follow":"follow","max-snippet":"max-snippet:-1","max-image-preview":"max-image-preview:large","max-video-preview":"max-video-preview:-1"},"canonical":"https:\/\/gethowies.com\/se\/produkt\/howies-bryne-fine\/","og_locale":"sv_SE","og_type":"article","og_title":"Howies Bryne Fine - Howies Hockey Sverige","og_description":"F\u00f6r att f\u00e5 det perfekt beh\u00f6ver du ibland finslipa det sj\u00e4lv.\u00a0Det \u00e4r h\u00e4r Howies bryne kommer in perfekt.\u00a0Att sk\u00f6ta sin utrustning \u00e4r viktigt..\u00a0Du \u00e4r spelar typen som vet att f\u00f6r att f\u00e5 ut maximalt av skridskorna beh\u00f6ver skenan underh\u00e5llas kontinuerligt.\u00a0Howies Bryne FINE fin slipar skenan \u200c\u2022\u00a0Contains premium silicon carbide abrasive \u200c\u2022\u00a0Quick cutting action \u200c\u2022\u00a0Uses industry [...]","og_url":"https:\/\/gethowies.com\/se\/produkt\/howies-bryne-fine\/","og_site_name":"Howies Hockey Sverige","article_modified_time":"2023-02-11T22:29:17+00:00","og_image":[{"width":1020,"height":1020,"url":"https:\/\/gethowies.com\/se\/wp-content\/uploads\/sites\/2\/2018\/08\/hht_bryne.jpg","type":"image\/jpeg"}],"twitter_card":"summary_large_image","schema":{"@context":"https:\/\/schema.org","@graph":[{"@type":"WebPage","@id":"https:\/\/gethowies.com\/se\/produkt\/howies-bryne-fine\/","url":"https:\/\/gethowies.com\/se\/produkt\/howies-bryne-fine\/","name":"Howies Bryne Fine - Howies Hockey Sverige","isPartOf":{"@id":"https:\/\/gethowies.com\/se\/#website"},"primaryImageOfPage":{"@id":"https:\/\/gethowies.com\/se\/produkt\/howies-bryne-fine\/#primaryimage"},"image":{"@id":"https:\/\/gethowies.com\/se\/produkt\/howies-bryne-fine\/#primaryimage"},"thumbnailUrl":"https:\/\/gethowies.com\/se\/wp-content\/uploads\/sites\/2\/2018\/08\/hht_bryne.jpg","datePublished":"2018-08-14T19:09:05+00:00","dateModified":"2023-02-11T22:29:17+00:00","breadcrumb":{"@id":"https:\/\/gethowies.com\/se\/produkt\/howies-bryne-fine\/#breadcrumb"},"inLanguage":"sv-SE","potentialAction":[{"@type":"ReadAction","target":["https:\/\/gethowies.com\/se\/produkt\/howies-bryne-fine\/"]}]},{"@type":"ImageObject","inLanguage":"sv-SE","@id":"https:\/\/gethowies.com\/se\/produkt\/howies-bryne-fine\/#primaryimage","url":"https:\/\/gethowies.com\/se\/wp-content\/uploads\/sites\/2\/2018\/08\/hht_bryne.jpg","contentUrl":"https:\/\/gethowies.com\/se\/wp-content\/uploads\/sites\/2\/2018\/08\/hht_bryne.jpg","width":1020,"height":1020},{"@type":"BreadcrumbList","@id":"https:\/\/gethowies.com\/se\/produkt\/howies-bryne-fine\/#breadcrumb","itemListElement":[{"@type":"ListItem","position":1,"name":"Hem","item":"https:\/\/gethowies.com\/se\/"},{"@type":"ListItem","position":2,"name":"Shop","item":"https:\/\/gethowies.com\/se\/shop\/"},{"@type":"ListItem","position":3,"name":"Howies Bryne Fine"}]},{"@type":"WebSite","@id":"https:\/\/gethowies.com\/se\/#website","url":"https:\/\/gethowies.com\/se\/","name":"Howies Hockey Sverige","description":"","potentialAction":[{"@type":"SearchAction","target":{"@type":"EntryPoint","urlTemplate":"https:\/\/gethowies.com\/se\/?s={search_term_string}"},"query-input":{"@type":"PropertyValueSpecification","valueRequired":true,"valueName":"search_term_string"}}],"inLanguage":"sv-SE"}]}},"_links":{"self":[{"href":"https:\/\/gethowies.com\/se\/wp-json\/wp\/v2\/product\/232","targetHints":{"allow":["GET"]}}],"collection":[{"href":"https:\/\/gethowies.com\/se\/wp-json\/wp\/v2\/product"}],"about":[{"href":"https:\/\/gethowies.com\/se\/wp-json\/wp\/v2\/types\/product"}],"replies":[{"embeddable":true,"href":"https:\/\/gethowies.com\/se\/wp-json\/wp\/v2\/comments?post=232"}],"wp:featuredmedia":[{"embeddable":true,"href":"https:\/\/gethowies.com\/se\/wp-json\/wp\/v2\/media\/278"}],"wp:attachment":[{"href":"https:\/\/gethowies.com\/se\/wp-json\/wp\/v2\/media?parent=232"}],"wp:term":[{"taxonomy":"product_brand","embeddable":true,"href":"https:\/\/gethowies.com\/se\/wp-json\/wp\/v2\/product_brand?post=232"},{"taxonomy":"product_cat","embeddable":true,"href":"https:\/\/gethowies.com\/se\/wp-json\/wp\/v2\/product_cat?post=232"},{"taxonomy":"product_tag","embeddable":true,"href":"https:\/\/gethowies.com\/se\/wp-json\/wp\/v2\/product_tag?post=232"}],"curies":[{"name":"wp","href":"https:\/\/api.w.org\/{rel}","templated":true}]}}