{"id":253,"date":"2018-08-14T21:11:09","date_gmt":"2018-08-14T19:11:09","guid":{"rendered":"https:\/\/gethowies.com\/se\/produkt\/import-placeholder-for-1580\/"},"modified":"2019-12-07T16:31:06","modified_gmt":"2019-12-07T15:31:06","slug":"howies-hockeytejp-svart-36mm","status":"publish","type":"product","link":"https:\/\/gethowies.com\/se\/produkt\/howies-hockeytejp-svart-36mm\/","title":{"rendered":"Howies Hockeytejp Svart 36mm"},"content":{"rendered":"<h3>Anv\u00e4nds i NHL &amp; SHL<\/h3>\n<p>Howies Hockeytejp Svart 36 \u00e4r proffsens val av hockeytejp. Howies Hockey Tape Svart 36 anv\u00e4nds av spelare i n\u00e5gra utav v\u00e4rldens b\u00e4sta ligor. Tejpen \u00e5terfinns bl.a. i NHL och SHL, och hos alla ishockeyspelare som enbart n\u00f6jer sig med den b\u00e4sta hockeytejpen. Howies Hockey Tejp Svart \u00e4r extremt slitstark. Den motst\u00e5r vatten samt f\u00f6rhindrar is fr\u00e5n att byggas upp p\u00e5 bladet b\u00e4ttre \u00e4n n\u00e5gon annan j\u00e4mf\u00f6rbar hockeytejp p\u00e5 marknaden. Howies Hockey Tejp Svart har en perfekt kombination utav bomull\/polyester, vilket g\u00f6r v\u00e5r hockeytejp extremt slitstark genom alla tre perioder.<\/p>\n<h3>Finns i tv\u00e5 bredder<\/h3>\n<p>Howies Hockey Tejp Svart och Vit finns i tv\u00e5 olika bredder, 36mm och 25mm. Howies Hockey Tape 36 \u00e4r bredare med sina 36mm och m\u00e4ter 15 meter p\u00e5 l\u00e4ngden, den extra bredden g\u00f6r tejpen till den perfekta hockeytejpen n\u00e4r du snabbt beh\u00f6ver tejpa om i periodpausen. Howies Hockey Tape 36 mm \u00e4r ocks\u00e5 m\u00e5lvakternas favorit hockeytejp.<\/p>\n<h3>F\u00e4rger<\/h3>\n<p>Howies Hockeytejp 36mm finns i Vit och Svart<\/p>\n<p>Howies Hockey Tape tillverkas i Nordamerika<\/p>\n","protected":false},"excerpt":{"rendered":"<p><font size=\"2\"color=\"black\"><strong>F\u00e4rg<\/strong> &#8211; Svart<\/font><\/p>\n<div class=\"boxarna\">\n<ul>\n<li><a href=\"..\/howies-hockeytejp-vit-36mm\/\">\n<div class=\"white\"><\/div>\n<p><\/a><\/li>\n<li class=\"ccurrent\"><a href=\"..\/howies-hockeytejp-svart-36mm\/\">\n<div class=\"black\">\n  <\/div>\n<p><\/a><\/li>\n<\/ul>\n<\/div>\n","protected":false},"featured_media":289,"comment_status":"open","ping_status":"closed","template":"","meta":{"inline_featured_image":false},"product_brand":[],"product_cat":[49,50],"product_tag":[],"class_list":{"0":"post-253","1":"product","2":"type-product","3":"status-publish","4":"has-post-thumbnail","6":"product_cat-anvands-i-nhl-howies-hockeytejp","7":"product_cat-tygtejp-svart-vit","9":"first","10":"instock","11":"shipping-taxable","12":"purchasable","13":"product-type-simple"},"yoast_head":"<!-- This site is optimized with the Yoast SEO plugin v27.5 - https:\/\/yoast.com\/product\/yoast-seo-wordpress\/ -->\n<title>Howies Hockeytejp Svart 36mm - Howies Hockey Sverige<\/title>\n<meta name=\"description\" content=\"Howies Hockeytejp svart bred 36mm \u00e4r extra bred, perfekt i periodpausen och f\u00f6r m\u00e5lvakter. Extremt slitstark tejp, anv\u00e4nds av spelare i NHL och SHL.\" \/>\n<meta name=\"robots\" content=\"index, follow, max-snippet:-1, max-image-preview:large, max-video-preview:-1\" \/>\n<link rel=\"canonical\" href=\"https:\/\/gethowies.com\/se\/produkt\/howies-hockeytejp-svart-36mm\/\" \/>\n<meta property=\"og:locale\" content=\"sv_SE\" \/>\n<meta property=\"og:type\" content=\"article\" \/>\n<meta property=\"og:title\" content=\"Howies Hockeytejp Svart 36mm - Howies Hockey Sverige\" \/>\n<meta property=\"og:description\" content=\"Howies Hockeytejp svart bred 36mm \u00e4r extra bred, perfekt i periodpausen och f\u00f6r m\u00e5lvakter. Extremt slitstark tejp, anv\u00e4nds av spelare i NHL och SHL.\" \/>\n<meta property=\"og:url\" content=\"https:\/\/gethowies.com\/se\/produkt\/howies-hockeytejp-svart-36mm\/\" \/>\n<meta property=\"og:site_name\" content=\"Howies Hockey Sverige\" \/>\n<meta property=\"article:modified_time\" content=\"2019-12-07T15:31:06+00:00\" \/>\n<meta property=\"og:image\" content=\"https:\/\/gethowies.com\/se\/wp-content\/uploads\/sites\/2\/2018\/08\/black-36mm-1.jpg\" \/>\n\t<meta property=\"og:image:width\" content=\"1020\" \/>\n\t<meta property=\"og:image:height\" content=\"1200\" \/>\n\t<meta property=\"og:image:type\" content=\"image\/jpeg\" \/>\n<meta name=\"twitter:card\" content=\"summary_large_image\" \/>\n<meta name=\"twitter:label1\" content=\"Ber\u00e4knad l\u00e4stid\" \/>\n\t<meta name=\"twitter:data1\" content=\"1 minut\" \/>\n<script type=\"application\/ld+json\" class=\"yoast-schema-graph\">{\"@context\":\"https:\\\/\\\/schema.org\",\"@graph\":[{\"@type\":\"WebPage\",\"@id\":\"https:\\\/\\\/gethowies.com\\\/se\\\/produkt\\\/howies-hockeytejp-svart-36mm\\\/\",\"url\":\"https:\\\/\\\/gethowies.com\\\/se\\\/produkt\\\/howies-hockeytejp-svart-36mm\\\/\",\"name\":\"Howies Hockeytejp Svart 36mm - Howies Hockey Sverige\",\"isPartOf\":{\"@id\":\"https:\\\/\\\/gethowies.com\\\/se\\\/#website\"},\"primaryImageOfPage\":{\"@id\":\"https:\\\/\\\/gethowies.com\\\/se\\\/produkt\\\/howies-hockeytejp-svart-36mm\\\/#primaryimage\"},\"image\":{\"@id\":\"https:\\\/\\\/gethowies.com\\\/se\\\/produkt\\\/howies-hockeytejp-svart-36mm\\\/#primaryimage\"},\"thumbnailUrl\":\"https:\\\/\\\/gethowies.com\\\/se\\\/wp-content\\\/uploads\\\/sites\\\/2\\\/2018\\\/08\\\/black-36mm-1.jpg\",\"datePublished\":\"2018-08-14T19:11:09+00:00\",\"dateModified\":\"2019-12-07T15:31:06+00:00\",\"description\":\"Howies Hockeytejp svart bred 36mm \u00e4r extra bred, perfekt i periodpausen och f\u00f6r m\u00e5lvakter. Extremt slitstark tejp, anv\u00e4nds av spelare i NHL och SHL.\",\"breadcrumb\":{\"@id\":\"https:\\\/\\\/gethowies.com\\\/se\\\/produkt\\\/howies-hockeytejp-svart-36mm\\\/#breadcrumb\"},\"inLanguage\":\"sv-SE\",\"potentialAction\":[{\"@type\":\"ReadAction\",\"target\":[\"https:\\\/\\\/gethowies.com\\\/se\\\/produkt\\\/howies-hockeytejp-svart-36mm\\\/\"]}]},{\"@type\":\"ImageObject\",\"inLanguage\":\"sv-SE\",\"@id\":\"https:\\\/\\\/gethowies.com\\\/se\\\/produkt\\\/howies-hockeytejp-svart-36mm\\\/#primaryimage\",\"url\":\"https:\\\/\\\/gethowies.com\\\/se\\\/wp-content\\\/uploads\\\/sites\\\/2\\\/2018\\\/08\\\/black-36mm-1.jpg\",\"contentUrl\":\"https:\\\/\\\/gethowies.com\\\/se\\\/wp-content\\\/uploads\\\/sites\\\/2\\\/2018\\\/08\\\/black-36mm-1.jpg\",\"width\":1020,\"height\":1200},{\"@type\":\"BreadcrumbList\",\"@id\":\"https:\\\/\\\/gethowies.com\\\/se\\\/produkt\\\/howies-hockeytejp-svart-36mm\\\/#breadcrumb\",\"itemListElement\":[{\"@type\":\"ListItem\",\"position\":1,\"name\":\"Hem\",\"item\":\"https:\\\/\\\/gethowies.com\\\/se\\\/\"},{\"@type\":\"ListItem\",\"position\":2,\"name\":\"Shop\",\"item\":\"https:\\\/\\\/gethowies.com\\\/se\\\/shop\\\/\"},{\"@type\":\"ListItem\",\"position\":3,\"name\":\"Howies Hockeytejp Svart 36mm\"}]},{\"@type\":\"WebSite\",\"@id\":\"https:\\\/\\\/gethowies.com\\\/se\\\/#website\",\"url\":\"https:\\\/\\\/gethowies.com\\\/se\\\/\",\"name\":\"Howies Hockey Sverige\",\"description\":\"\",\"potentialAction\":[{\"@type\":\"SearchAction\",\"target\":{\"@type\":\"EntryPoint\",\"urlTemplate\":\"https:\\\/\\\/gethowies.com\\\/se\\\/?s={search_term_string}\"},\"query-input\":{\"@type\":\"PropertyValueSpecification\",\"valueRequired\":true,\"valueName\":\"search_term_string\"}}],\"inLanguage\":\"sv-SE\"}]}<\/script>\n<!-- \/ Yoast SEO plugin. -->","yoast_head_json":{"title":"Howies Hockeytejp Svart 36mm - Howies Hockey Sverige","description":"Howies Hockeytejp svart bred 36mm \u00e4r extra bred, perfekt i periodpausen och f\u00f6r m\u00e5lvakter. Extremt slitstark tejp, anv\u00e4nds av spelare i NHL och SHL.","robots":{"index":"index","follow":"follow","max-snippet":"max-snippet:-1","max-image-preview":"max-image-preview:large","max-video-preview":"max-video-preview:-1"},"canonical":"https:\/\/gethowies.com\/se\/produkt\/howies-hockeytejp-svart-36mm\/","og_locale":"sv_SE","og_type":"article","og_title":"Howies Hockeytejp Svart 36mm - Howies Hockey Sverige","og_description":"Howies Hockeytejp svart bred 36mm \u00e4r extra bred, perfekt i periodpausen och f\u00f6r m\u00e5lvakter. Extremt slitstark tejp, anv\u00e4nds av spelare i NHL och SHL.","og_url":"https:\/\/gethowies.com\/se\/produkt\/howies-hockeytejp-svart-36mm\/","og_site_name":"Howies Hockey Sverige","article_modified_time":"2019-12-07T15:31:06+00:00","og_image":[{"width":1020,"height":1200,"url":"https:\/\/gethowies.com\/se\/wp-content\/uploads\/sites\/2\/2018\/08\/black-36mm-1.jpg","type":"image\/jpeg"}],"twitter_card":"summary_large_image","twitter_misc":{"Ber\u00e4knad l\u00e4stid":"1 minut"},"schema":{"@context":"https:\/\/schema.org","@graph":[{"@type":"WebPage","@id":"https:\/\/gethowies.com\/se\/produkt\/howies-hockeytejp-svart-36mm\/","url":"https:\/\/gethowies.com\/se\/produkt\/howies-hockeytejp-svart-36mm\/","name":"Howies Hockeytejp Svart 36mm - Howies Hockey Sverige","isPartOf":{"@id":"https:\/\/gethowies.com\/se\/#website"},"primaryImageOfPage":{"@id":"https:\/\/gethowies.com\/se\/produkt\/howies-hockeytejp-svart-36mm\/#primaryimage"},"image":{"@id":"https:\/\/gethowies.com\/se\/produkt\/howies-hockeytejp-svart-36mm\/#primaryimage"},"thumbnailUrl":"https:\/\/gethowies.com\/se\/wp-content\/uploads\/sites\/2\/2018\/08\/black-36mm-1.jpg","datePublished":"2018-08-14T19:11:09+00:00","dateModified":"2019-12-07T15:31:06+00:00","description":"Howies Hockeytejp svart bred 36mm \u00e4r extra bred, perfekt i periodpausen och f\u00f6r m\u00e5lvakter. Extremt slitstark tejp, anv\u00e4nds av spelare i NHL och SHL.","breadcrumb":{"@id":"https:\/\/gethowies.com\/se\/produkt\/howies-hockeytejp-svart-36mm\/#breadcrumb"},"inLanguage":"sv-SE","potentialAction":[{"@type":"ReadAction","target":["https:\/\/gethowies.com\/se\/produkt\/howies-hockeytejp-svart-36mm\/"]}]},{"@type":"ImageObject","inLanguage":"sv-SE","@id":"https:\/\/gethowies.com\/se\/produkt\/howies-hockeytejp-svart-36mm\/#primaryimage","url":"https:\/\/gethowies.com\/se\/wp-content\/uploads\/sites\/2\/2018\/08\/black-36mm-1.jpg","contentUrl":"https:\/\/gethowies.com\/se\/wp-content\/uploads\/sites\/2\/2018\/08\/black-36mm-1.jpg","width":1020,"height":1200},{"@type":"BreadcrumbList","@id":"https:\/\/gethowies.com\/se\/produkt\/howies-hockeytejp-svart-36mm\/#breadcrumb","itemListElement":[{"@type":"ListItem","position":1,"name":"Hem","item":"https:\/\/gethowies.com\/se\/"},{"@type":"ListItem","position":2,"name":"Shop","item":"https:\/\/gethowies.com\/se\/shop\/"},{"@type":"ListItem","position":3,"name":"Howies Hockeytejp Svart 36mm"}]},{"@type":"WebSite","@id":"https:\/\/gethowies.com\/se\/#website","url":"https:\/\/gethowies.com\/se\/","name":"Howies Hockey Sverige","description":"","potentialAction":[{"@type":"SearchAction","target":{"@type":"EntryPoint","urlTemplate":"https:\/\/gethowies.com\/se\/?s={search_term_string}"},"query-input":{"@type":"PropertyValueSpecification","valueRequired":true,"valueName":"search_term_string"}}],"inLanguage":"sv-SE"}]}},"_links":{"self":[{"href":"https:\/\/gethowies.com\/se\/wp-json\/wp\/v2\/product\/253","targetHints":{"allow":["GET"]}}],"collection":[{"href":"https:\/\/gethowies.com\/se\/wp-json\/wp\/v2\/product"}],"about":[{"href":"https:\/\/gethowies.com\/se\/wp-json\/wp\/v2\/types\/product"}],"replies":[{"embeddable":true,"href":"https:\/\/gethowies.com\/se\/wp-json\/wp\/v2\/comments?post=253"}],"wp:featuredmedia":[{"embeddable":true,"href":"https:\/\/gethowies.com\/se\/wp-json\/wp\/v2\/media\/289"}],"wp:attachment":[{"href":"https:\/\/gethowies.com\/se\/wp-json\/wp\/v2\/media?parent=253"}],"wp:term":[{"taxonomy":"product_brand","embeddable":true,"href":"https:\/\/gethowies.com\/se\/wp-json\/wp\/v2\/product_brand?post=253"},{"taxonomy":"product_cat","embeddable":true,"href":"https:\/\/gethowies.com\/se\/wp-json\/wp\/v2\/product_cat?post=253"},{"taxonomy":"product_tag","embeddable":true,"href":"https:\/\/gethowies.com\/se\/wp-json\/wp\/v2\/product_tag?post=253"}],"curies":[{"name":"wp","href":"https:\/\/api.w.org\/{rel}","templated":true}]}}