{"id":291,"date":"2018-08-14T21:13:15","date_gmt":"2018-08-14T19:13:15","guid":{"rendered":"https:\/\/gethowies.com\/se\/produkt\/import-placeholder-for-3913\/"},"modified":"2024-11-28T23:18:44","modified_gmt":"2024-11-28T22:18:44","slug":"howies-hockeytejp-usa-flag","status":"publish","type":"product","link":"https:\/\/gethowies.com\/se\/produkt\/howies-hockeytejp-usa-flag\/","title":{"rendered":"Howies Hockeytejp USA Flag"},"content":{"rendered":"<p>Howies Hockeytejp USA Flag \u00e4r till f\u00f6r dig som inte vill vara mainstream. Hockeyspelare har attityd och med Howies Hockeytejp USA flag f\u00e5r ditt blad en grym look som som sticker ut. I NordAmerika kallas det &#8220;Pimp Your Stick&#8221; eller varf\u00f6r inte bara lite coolare \u00e4n alla andra.<\/p>\n","protected":false},"excerpt":{"rendered":"<p><font size=\"2\"color=\"black\"><strong>F\u00e4rg<\/strong> &#8211; USA Flag<\/font><\/p>\n<div class=\"boxarna\">\n<ul>\n<li><a href=\"..\/howies-hockeytejp-green-camo\/\">\n<div class=\"camo\"><\/div>\n<p><\/a><\/li>\n<li><a href=\"..\/howies-hockeytejp-winter-camo\/\">\n<div class=\"winter-camo\">\n  <\/div>\n<p><\/a><\/li>\n<li><a href=\"..\/howies-hockeytejp-pink-camo\/\">\n<div class=\"pink-camo\">\n  <\/div>\n<p><\/a><\/li>\n<li class=\"ccurrent\"><a href=\"..\/howies-hockeytejp-usa-flag\/\">\n<div class=\"us-flag\">\n  <\/div>\n<p><\/a><\/li>\n<li><a href=\"howies-hockeytejp-canada-flag\/\">\n<div class=\"can-flag\">\n  <\/div>\n<p><\/a><\/li>\n<\/ul>\n<\/div>\n","protected":false},"featured_media":328,"comment_status":"closed","ping_status":"closed","template":"","meta":{"inline_featured_image":false},"product_brand":[],"product_cat":[74],"product_tag":[],"class_list":{"0":"post-291","1":"product","2":"type-product","3":"status-publish","4":"has-post-thumbnail","6":"product_cat-monstrad-tejp","8":"first","9":"instock","10":"shipping-taxable","11":"purchasable","12":"product-type-simple"},"yoast_head":"<!-- This site is optimized with the Yoast SEO plugin v27.5 - https:\/\/yoast.com\/product\/yoast-seo-wordpress\/ -->\n<title>Howies Hockeytejp USA Flag - Howies Hockey Sverige<\/title>\n<meta name=\"robots\" content=\"index, follow, max-snippet:-1, max-image-preview:large, max-video-preview:-1\" \/>\n<link rel=\"canonical\" href=\"https:\/\/gethowies.com\/se\/produkt\/howies-hockeytejp-usa-flag\/\" \/>\n<meta property=\"og:locale\" content=\"sv_SE\" \/>\n<meta property=\"og:type\" content=\"article\" \/>\n<meta property=\"og:title\" content=\"Howies Hockeytejp USA Flag - Howies Hockey Sverige\" \/>\n<meta property=\"og:description\" content=\"F\u00e4rg - USA Flag\" \/>\n<meta property=\"og:url\" content=\"https:\/\/gethowies.com\/se\/produkt\/howies-hockeytejp-usa-flag\/\" \/>\n<meta property=\"og:site_name\" content=\"Howies Hockey Sverige\" \/>\n<meta property=\"article:modified_time\" content=\"2024-11-28T22:18:44+00:00\" \/>\n<meta property=\"og:image\" content=\"https:\/\/gethowies.com\/se\/wp-content\/uploads\/sites\/2\/2018\/08\/hht_usa.jpg\" \/>\n\t<meta property=\"og:image:width\" content=\"1020\" \/>\n\t<meta property=\"og:image:height\" content=\"1020\" \/>\n\t<meta property=\"og:image:type\" content=\"image\/jpeg\" \/>\n<meta name=\"twitter:card\" content=\"summary_large_image\" \/>\n<script type=\"application\/ld+json\" class=\"yoast-schema-graph\">{\"@context\":\"https:\\\/\\\/schema.org\",\"@graph\":[{\"@type\":\"WebPage\",\"@id\":\"https:\\\/\\\/gethowies.com\\\/se\\\/produkt\\\/howies-hockeytejp-usa-flag\\\/\",\"url\":\"https:\\\/\\\/gethowies.com\\\/se\\\/produkt\\\/howies-hockeytejp-usa-flag\\\/\",\"name\":\"Howies Hockeytejp USA Flag - Howies Hockey Sverige\",\"isPartOf\":{\"@id\":\"https:\\\/\\\/gethowies.com\\\/se\\\/#website\"},\"primaryImageOfPage\":{\"@id\":\"https:\\\/\\\/gethowies.com\\\/se\\\/produkt\\\/howies-hockeytejp-usa-flag\\\/#primaryimage\"},\"image\":{\"@id\":\"https:\\\/\\\/gethowies.com\\\/se\\\/produkt\\\/howies-hockeytejp-usa-flag\\\/#primaryimage\"},\"thumbnailUrl\":\"https:\\\/\\\/gethowies.com\\\/se\\\/wp-content\\\/uploads\\\/sites\\\/2\\\/2018\\\/08\\\/hht_usa.jpg\",\"datePublished\":\"2018-08-14T19:13:15+00:00\",\"dateModified\":\"2024-11-28T22:18:44+00:00\",\"breadcrumb\":{\"@id\":\"https:\\\/\\\/gethowies.com\\\/se\\\/produkt\\\/howies-hockeytejp-usa-flag\\\/#breadcrumb\"},\"inLanguage\":\"sv-SE\",\"potentialAction\":[{\"@type\":\"ReadAction\",\"target\":[\"https:\\\/\\\/gethowies.com\\\/se\\\/produkt\\\/howies-hockeytejp-usa-flag\\\/\"]}]},{\"@type\":\"ImageObject\",\"inLanguage\":\"sv-SE\",\"@id\":\"https:\\\/\\\/gethowies.com\\\/se\\\/produkt\\\/howies-hockeytejp-usa-flag\\\/#primaryimage\",\"url\":\"https:\\\/\\\/gethowies.com\\\/se\\\/wp-content\\\/uploads\\\/sites\\\/2\\\/2018\\\/08\\\/hht_usa.jpg\",\"contentUrl\":\"https:\\\/\\\/gethowies.com\\\/se\\\/wp-content\\\/uploads\\\/sites\\\/2\\\/2018\\\/08\\\/hht_usa.jpg\",\"width\":1020,\"height\":1020},{\"@type\":\"BreadcrumbList\",\"@id\":\"https:\\\/\\\/gethowies.com\\\/se\\\/produkt\\\/howies-hockeytejp-usa-flag\\\/#breadcrumb\",\"itemListElement\":[{\"@type\":\"ListItem\",\"position\":1,\"name\":\"Hem\",\"item\":\"https:\\\/\\\/gethowies.com\\\/se\\\/\"},{\"@type\":\"ListItem\",\"position\":2,\"name\":\"Shop\",\"item\":\"https:\\\/\\\/gethowies.com\\\/se\\\/shop\\\/\"},{\"@type\":\"ListItem\",\"position\":3,\"name\":\"Howies Hockeytejp USA Flag\"}]},{\"@type\":\"WebSite\",\"@id\":\"https:\\\/\\\/gethowies.com\\\/se\\\/#website\",\"url\":\"https:\\\/\\\/gethowies.com\\\/se\\\/\",\"name\":\"Howies Hockey Sverige\",\"description\":\"\",\"potentialAction\":[{\"@type\":\"SearchAction\",\"target\":{\"@type\":\"EntryPoint\",\"urlTemplate\":\"https:\\\/\\\/gethowies.com\\\/se\\\/?s={search_term_string}\"},\"query-input\":{\"@type\":\"PropertyValueSpecification\",\"valueRequired\":true,\"valueName\":\"search_term_string\"}}],\"inLanguage\":\"sv-SE\"}]}<\/script>\n<!-- \/ Yoast SEO plugin. -->","yoast_head_json":{"title":"Howies Hockeytejp USA Flag - Howies Hockey Sverige","robots":{"index":"index","follow":"follow","max-snippet":"max-snippet:-1","max-image-preview":"max-image-preview:large","max-video-preview":"max-video-preview:-1"},"canonical":"https:\/\/gethowies.com\/se\/produkt\/howies-hockeytejp-usa-flag\/","og_locale":"sv_SE","og_type":"article","og_title":"Howies Hockeytejp USA Flag - Howies Hockey Sverige","og_description":"F\u00e4rg - USA Flag","og_url":"https:\/\/gethowies.com\/se\/produkt\/howies-hockeytejp-usa-flag\/","og_site_name":"Howies Hockey Sverige","article_modified_time":"2024-11-28T22:18:44+00:00","og_image":[{"width":1020,"height":1020,"url":"https:\/\/gethowies.com\/se\/wp-content\/uploads\/sites\/2\/2018\/08\/hht_usa.jpg","type":"image\/jpeg"}],"twitter_card":"summary_large_image","schema":{"@context":"https:\/\/schema.org","@graph":[{"@type":"WebPage","@id":"https:\/\/gethowies.com\/se\/produkt\/howies-hockeytejp-usa-flag\/","url":"https:\/\/gethowies.com\/se\/produkt\/howies-hockeytejp-usa-flag\/","name":"Howies Hockeytejp USA Flag - Howies Hockey Sverige","isPartOf":{"@id":"https:\/\/gethowies.com\/se\/#website"},"primaryImageOfPage":{"@id":"https:\/\/gethowies.com\/se\/produkt\/howies-hockeytejp-usa-flag\/#primaryimage"},"image":{"@id":"https:\/\/gethowies.com\/se\/produkt\/howies-hockeytejp-usa-flag\/#primaryimage"},"thumbnailUrl":"https:\/\/gethowies.com\/se\/wp-content\/uploads\/sites\/2\/2018\/08\/hht_usa.jpg","datePublished":"2018-08-14T19:13:15+00:00","dateModified":"2024-11-28T22:18:44+00:00","breadcrumb":{"@id":"https:\/\/gethowies.com\/se\/produkt\/howies-hockeytejp-usa-flag\/#breadcrumb"},"inLanguage":"sv-SE","potentialAction":[{"@type":"ReadAction","target":["https:\/\/gethowies.com\/se\/produkt\/howies-hockeytejp-usa-flag\/"]}]},{"@type":"ImageObject","inLanguage":"sv-SE","@id":"https:\/\/gethowies.com\/se\/produkt\/howies-hockeytejp-usa-flag\/#primaryimage","url":"https:\/\/gethowies.com\/se\/wp-content\/uploads\/sites\/2\/2018\/08\/hht_usa.jpg","contentUrl":"https:\/\/gethowies.com\/se\/wp-content\/uploads\/sites\/2\/2018\/08\/hht_usa.jpg","width":1020,"height":1020},{"@type":"BreadcrumbList","@id":"https:\/\/gethowies.com\/se\/produkt\/howies-hockeytejp-usa-flag\/#breadcrumb","itemListElement":[{"@type":"ListItem","position":1,"name":"Hem","item":"https:\/\/gethowies.com\/se\/"},{"@type":"ListItem","position":2,"name":"Shop","item":"https:\/\/gethowies.com\/se\/shop\/"},{"@type":"ListItem","position":3,"name":"Howies Hockeytejp USA Flag"}]},{"@type":"WebSite","@id":"https:\/\/gethowies.com\/se\/#website","url":"https:\/\/gethowies.com\/se\/","name":"Howies Hockey Sverige","description":"","potentialAction":[{"@type":"SearchAction","target":{"@type":"EntryPoint","urlTemplate":"https:\/\/gethowies.com\/se\/?s={search_term_string}"},"query-input":{"@type":"PropertyValueSpecification","valueRequired":true,"valueName":"search_term_string"}}],"inLanguage":"sv-SE"}]}},"_links":{"self":[{"href":"https:\/\/gethowies.com\/se\/wp-json\/wp\/v2\/product\/291","targetHints":{"allow":["GET"]}}],"collection":[{"href":"https:\/\/gethowies.com\/se\/wp-json\/wp\/v2\/product"}],"about":[{"href":"https:\/\/gethowies.com\/se\/wp-json\/wp\/v2\/types\/product"}],"replies":[{"embeddable":true,"href":"https:\/\/gethowies.com\/se\/wp-json\/wp\/v2\/comments?post=291"}],"wp:featuredmedia":[{"embeddable":true,"href":"https:\/\/gethowies.com\/se\/wp-json\/wp\/v2\/media\/328"}],"wp:attachment":[{"href":"https:\/\/gethowies.com\/se\/wp-json\/wp\/v2\/media?parent=291"}],"wp:term":[{"taxonomy":"product_brand","embeddable":true,"href":"https:\/\/gethowies.com\/se\/wp-json\/wp\/v2\/product_brand?post=291"},{"taxonomy":"product_cat","embeddable":true,"href":"https:\/\/gethowies.com\/se\/wp-json\/wp\/v2\/product_cat?post=291"},{"taxonomy":"product_tag","embeddable":true,"href":"https:\/\/gethowies.com\/se\/wp-json\/wp\/v2\/product_tag?post=291"}],"curies":[{"name":"wp","href":"https:\/\/api.w.org\/{rel}","templated":true}]}}