{"id":297,"date":"2018-08-14T21:13:45","date_gmt":"2018-08-14T19:13:45","guid":{"rendered":"https:\/\/gethowies.com\/se\/produkt\/import-placeholder-for-3920\/"},"modified":"2024-11-28T23:18:01","modified_gmt":"2024-11-28T22:18:01","slug":"howies-hockeytejp-pink-camo","status":"publish","type":"product","link":"https:\/\/gethowies.com\/se\/produkt\/howies-hockeytejp-pink-camo\/","title":{"rendered":"Howies Hockeytejp Pink Camo"},"content":{"rendered":"<p>Howies Hockeytejp Pink Camo \u00e4r till f\u00f6r dig som inte vill vara mainstream. Hockeyspelare har attityd och med Howies Hockeytejp Pink Camo f\u00e5r ditt blad en grym look som som sticker ut.<\/p>\n<p>Howies Hockey Tape tillverkas i Nordamerika.<\/p>\n","protected":false},"excerpt":{"rendered":"<p><font size=\"2\"color=\"black\"><strong>F\u00e4rg<\/strong> &#8211; Pink Camo<\/font><\/p>\n<div class=\"boxarna\">\n<ul>\n<li><a href=\"..\/howies-hockeytejp-green-camo\/\">\n<div class=\"camo\"><\/div>\n<p><\/a><\/li>\n<li><a href=\"..\/howies-hockeytejp-winter-camo\/\">\n<div class=\"winter-camo\">\n  <\/div>\n<p><\/a><\/li>\n<li class=\"ccurrent\"><a href=\"..\/howies-hockeytejp-pink-camo\/\">\n<div class=\"pink-camo\">\n  <\/div>\n<p><\/a><\/li>\n<li><a href=\"..\/howies-hockeytejp-usa-flag\/\">\n<div class=\"us-flag\">\n  <\/div>\n<p><\/a><\/li>\n<li><a href=\"howies-hockeytejp-canada-flag\/\">\n<div class=\"can-flag\">\n  <\/div>\n<p><\/a><\/li>\n<\/ul>\n<\/div>\n","protected":false},"featured_media":342,"comment_status":"closed","ping_status":"closed","template":"","meta":{"inline_featured_image":false},"product_brand":[],"product_cat":[74],"product_tag":[],"class_list":{"0":"post-297","1":"product","2":"type-product","3":"status-publish","4":"has-post-thumbnail","6":"product_cat-monstrad-tejp","8":"first","9":"instock","10":"shipping-taxable","11":"purchasable","12":"product-type-simple"},"yoast_head":"<!-- This site is optimized with the Yoast SEO plugin v27.5 - https:\/\/yoast.com\/product\/yoast-seo-wordpress\/ -->\n<title>Howies Hockeytejp Pink Camo - Howies Hockey Sverige<\/title>\n<meta name=\"robots\" content=\"index, follow, max-snippet:-1, max-image-preview:large, max-video-preview:-1\" \/>\n<link rel=\"canonical\" href=\"https:\/\/gethowies.com\/se\/produkt\/howies-hockeytejp-pink-camo\/\" \/>\n<meta property=\"og:locale\" content=\"sv_SE\" \/>\n<meta property=\"og:type\" content=\"article\" \/>\n<meta property=\"og:title\" content=\"Howies Hockeytejp Pink Camo - Howies Hockey Sverige\" \/>\n<meta property=\"og:description\" content=\"F\u00e4rg - Pink Camo\" \/>\n<meta property=\"og:url\" content=\"https:\/\/gethowies.com\/se\/produkt\/howies-hockeytejp-pink-camo\/\" \/>\n<meta property=\"og:site_name\" content=\"Howies Hockey Sverige\" \/>\n<meta property=\"article:modified_time\" content=\"2024-11-28T22:18:01+00:00\" \/>\n<meta property=\"og:image\" content=\"https:\/\/gethowies.com\/se\/wp-content\/uploads\/sites\/2\/2018\/08\/hht_pink-camo.jpg\" \/>\n\t<meta property=\"og:image:width\" content=\"1020\" \/>\n\t<meta property=\"og:image:height\" content=\"1020\" \/>\n\t<meta property=\"og:image:type\" content=\"image\/jpeg\" \/>\n<meta name=\"twitter:card\" content=\"summary_large_image\" \/>\n<script type=\"application\/ld+json\" class=\"yoast-schema-graph\">{\"@context\":\"https:\\\/\\\/schema.org\",\"@graph\":[{\"@type\":\"WebPage\",\"@id\":\"https:\\\/\\\/gethowies.com\\\/se\\\/produkt\\\/howies-hockeytejp-pink-camo\\\/\",\"url\":\"https:\\\/\\\/gethowies.com\\\/se\\\/produkt\\\/howies-hockeytejp-pink-camo\\\/\",\"name\":\"Howies Hockeytejp Pink Camo - Howies Hockey Sverige\",\"isPartOf\":{\"@id\":\"https:\\\/\\\/gethowies.com\\\/se\\\/#website\"},\"primaryImageOfPage\":{\"@id\":\"https:\\\/\\\/gethowies.com\\\/se\\\/produkt\\\/howies-hockeytejp-pink-camo\\\/#primaryimage\"},\"image\":{\"@id\":\"https:\\\/\\\/gethowies.com\\\/se\\\/produkt\\\/howies-hockeytejp-pink-camo\\\/#primaryimage\"},\"thumbnailUrl\":\"https:\\\/\\\/gethowies.com\\\/se\\\/wp-content\\\/uploads\\\/sites\\\/2\\\/2018\\\/08\\\/hht_pink-camo.jpg\",\"datePublished\":\"2018-08-14T19:13:45+00:00\",\"dateModified\":\"2024-11-28T22:18:01+00:00\",\"breadcrumb\":{\"@id\":\"https:\\\/\\\/gethowies.com\\\/se\\\/produkt\\\/howies-hockeytejp-pink-camo\\\/#breadcrumb\"},\"inLanguage\":\"sv-SE\",\"potentialAction\":[{\"@type\":\"ReadAction\",\"target\":[\"https:\\\/\\\/gethowies.com\\\/se\\\/produkt\\\/howies-hockeytejp-pink-camo\\\/\"]}]},{\"@type\":\"ImageObject\",\"inLanguage\":\"sv-SE\",\"@id\":\"https:\\\/\\\/gethowies.com\\\/se\\\/produkt\\\/howies-hockeytejp-pink-camo\\\/#primaryimage\",\"url\":\"https:\\\/\\\/gethowies.com\\\/se\\\/wp-content\\\/uploads\\\/sites\\\/2\\\/2018\\\/08\\\/hht_pink-camo.jpg\",\"contentUrl\":\"https:\\\/\\\/gethowies.com\\\/se\\\/wp-content\\\/uploads\\\/sites\\\/2\\\/2018\\\/08\\\/hht_pink-camo.jpg\",\"width\":1020,\"height\":1020},{\"@type\":\"BreadcrumbList\",\"@id\":\"https:\\\/\\\/gethowies.com\\\/se\\\/produkt\\\/howies-hockeytejp-pink-camo\\\/#breadcrumb\",\"itemListElement\":[{\"@type\":\"ListItem\",\"position\":1,\"name\":\"Hem\",\"item\":\"https:\\\/\\\/gethowies.com\\\/se\\\/\"},{\"@type\":\"ListItem\",\"position\":2,\"name\":\"Shop\",\"item\":\"https:\\\/\\\/gethowies.com\\\/se\\\/shop\\\/\"},{\"@type\":\"ListItem\",\"position\":3,\"name\":\"Howies Hockeytejp Pink Camo\"}]},{\"@type\":\"WebSite\",\"@id\":\"https:\\\/\\\/gethowies.com\\\/se\\\/#website\",\"url\":\"https:\\\/\\\/gethowies.com\\\/se\\\/\",\"name\":\"Howies Hockey Sverige\",\"description\":\"\",\"potentialAction\":[{\"@type\":\"SearchAction\",\"target\":{\"@type\":\"EntryPoint\",\"urlTemplate\":\"https:\\\/\\\/gethowies.com\\\/se\\\/?s={search_term_string}\"},\"query-input\":{\"@type\":\"PropertyValueSpecification\",\"valueRequired\":true,\"valueName\":\"search_term_string\"}}],\"inLanguage\":\"sv-SE\"}]}<\/script>\n<!-- \/ Yoast SEO plugin. -->","yoast_head_json":{"title":"Howies Hockeytejp Pink Camo - Howies Hockey Sverige","robots":{"index":"index","follow":"follow","max-snippet":"max-snippet:-1","max-image-preview":"max-image-preview:large","max-video-preview":"max-video-preview:-1"},"canonical":"https:\/\/gethowies.com\/se\/produkt\/howies-hockeytejp-pink-camo\/","og_locale":"sv_SE","og_type":"article","og_title":"Howies Hockeytejp Pink Camo - Howies Hockey Sverige","og_description":"F\u00e4rg - Pink Camo","og_url":"https:\/\/gethowies.com\/se\/produkt\/howies-hockeytejp-pink-camo\/","og_site_name":"Howies Hockey Sverige","article_modified_time":"2024-11-28T22:18:01+00:00","og_image":[{"width":1020,"height":1020,"url":"https:\/\/gethowies.com\/se\/wp-content\/uploads\/sites\/2\/2018\/08\/hht_pink-camo.jpg","type":"image\/jpeg"}],"twitter_card":"summary_large_image","schema":{"@context":"https:\/\/schema.org","@graph":[{"@type":"WebPage","@id":"https:\/\/gethowies.com\/se\/produkt\/howies-hockeytejp-pink-camo\/","url":"https:\/\/gethowies.com\/se\/produkt\/howies-hockeytejp-pink-camo\/","name":"Howies Hockeytejp Pink Camo - Howies Hockey Sverige","isPartOf":{"@id":"https:\/\/gethowies.com\/se\/#website"},"primaryImageOfPage":{"@id":"https:\/\/gethowies.com\/se\/produkt\/howies-hockeytejp-pink-camo\/#primaryimage"},"image":{"@id":"https:\/\/gethowies.com\/se\/produkt\/howies-hockeytejp-pink-camo\/#primaryimage"},"thumbnailUrl":"https:\/\/gethowies.com\/se\/wp-content\/uploads\/sites\/2\/2018\/08\/hht_pink-camo.jpg","datePublished":"2018-08-14T19:13:45+00:00","dateModified":"2024-11-28T22:18:01+00:00","breadcrumb":{"@id":"https:\/\/gethowies.com\/se\/produkt\/howies-hockeytejp-pink-camo\/#breadcrumb"},"inLanguage":"sv-SE","potentialAction":[{"@type":"ReadAction","target":["https:\/\/gethowies.com\/se\/produkt\/howies-hockeytejp-pink-camo\/"]}]},{"@type":"ImageObject","inLanguage":"sv-SE","@id":"https:\/\/gethowies.com\/se\/produkt\/howies-hockeytejp-pink-camo\/#primaryimage","url":"https:\/\/gethowies.com\/se\/wp-content\/uploads\/sites\/2\/2018\/08\/hht_pink-camo.jpg","contentUrl":"https:\/\/gethowies.com\/se\/wp-content\/uploads\/sites\/2\/2018\/08\/hht_pink-camo.jpg","width":1020,"height":1020},{"@type":"BreadcrumbList","@id":"https:\/\/gethowies.com\/se\/produkt\/howies-hockeytejp-pink-camo\/#breadcrumb","itemListElement":[{"@type":"ListItem","position":1,"name":"Hem","item":"https:\/\/gethowies.com\/se\/"},{"@type":"ListItem","position":2,"name":"Shop","item":"https:\/\/gethowies.com\/se\/shop\/"},{"@type":"ListItem","position":3,"name":"Howies Hockeytejp Pink Camo"}]},{"@type":"WebSite","@id":"https:\/\/gethowies.com\/se\/#website","url":"https:\/\/gethowies.com\/se\/","name":"Howies Hockey Sverige","description":"","potentialAction":[{"@type":"SearchAction","target":{"@type":"EntryPoint","urlTemplate":"https:\/\/gethowies.com\/se\/?s={search_term_string}"},"query-input":{"@type":"PropertyValueSpecification","valueRequired":true,"valueName":"search_term_string"}}],"inLanguage":"sv-SE"}]}},"_links":{"self":[{"href":"https:\/\/gethowies.com\/se\/wp-json\/wp\/v2\/product\/297","targetHints":{"allow":["GET"]}}],"collection":[{"href":"https:\/\/gethowies.com\/se\/wp-json\/wp\/v2\/product"}],"about":[{"href":"https:\/\/gethowies.com\/se\/wp-json\/wp\/v2\/types\/product"}],"replies":[{"embeddable":true,"href":"https:\/\/gethowies.com\/se\/wp-json\/wp\/v2\/comments?post=297"}],"wp:featuredmedia":[{"embeddable":true,"href":"https:\/\/gethowies.com\/se\/wp-json\/wp\/v2\/media\/342"}],"wp:attachment":[{"href":"https:\/\/gethowies.com\/se\/wp-json\/wp\/v2\/media?parent=297"}],"wp:term":[{"taxonomy":"product_brand","embeddable":true,"href":"https:\/\/gethowies.com\/se\/wp-json\/wp\/v2\/product_brand?post=297"},{"taxonomy":"product_cat","embeddable":true,"href":"https:\/\/gethowies.com\/se\/wp-json\/wp\/v2\/product_cat?post=297"},{"taxonomy":"product_tag","embeddable":true,"href":"https:\/\/gethowies.com\/se\/wp-json\/wp\/v2\/product_tag?post=297"}],"curies":[{"name":"wp","href":"https:\/\/api.w.org\/{rel}","templated":true}]}}