{"id":308,"date":"2018-08-14T21:14:10","date_gmt":"2018-08-14T19:14:10","guid":{"rendered":"https:\/\/gethowies.com\/se\/produkt\/import-placeholder-for-4596\/"},"modified":"2023-08-09T17:50:47","modified_gmt":"2023-08-09T15:50:47","slug":"howies-storm-grey-keps","status":"publish","type":"product","link":"https:\/\/gethowies.com\/se\/produkt\/howies-storm-grey-keps\/","title":{"rendered":"Howies Storm Grey Keps"},"content":{"rendered":"<h3>Ny design<\/h3>\n<p>Howies Storm Grey Keps 2018 \u00e4r gjord f\u00f6r att ta \u00f6ver showen i omkl\u00e4dningsrummet, den sticker ut precis som du g\u00f6r p\u00e5 isen.<\/p>\n<h3>Unisize strap<\/h3>\n<p>Howies Storm Grey Keps passar alla huvuden, du kan enkelt \u00e4ndra passformen med hj\u00e4lp av bandet p\u00e5 baksidan.<\/p>\n<ul>\n<li>100% bomull<\/li>\n<li>Reglerbar strap<\/li>\n<li>Luftventiler<\/li>\n<\/ul>\n","protected":false},"excerpt":{"rendered":"<p>Ny design Howies Storm Grey Keps 2018 \u00e4r gjord f\u00f6r att ta \u00f6ver showen i omkl\u00e4dningsrummet, den sticker ut precis som du g\u00f6r p\u00e5 isen. Unisize strap Howies Storm Grey Keps passar alla huvuden, du kan enkelt \u00e4ndra passformen med hj\u00e4lp av bandet p\u00e5 baksidan. 100% bomull Reglerbar strap Luftventiler<\/p>\n","protected":false},"featured_media":350,"comment_status":"closed","ping_status":"closed","template":"","meta":{"inline_featured_image":false},"product_brand":[],"product_cat":[35],"product_tag":[],"class_list":{"0":"post-308","1":"product","2":"type-product","3":"status-publish","4":"has-post-thumbnail","6":"product_cat-kepsar-mossor","8":"first","9":"instock","10":"shipping-taxable","11":"purchasable","12":"product-type-simple"},"yoast_head":"<!-- This site is optimized with the Yoast SEO plugin v27.5 - https:\/\/yoast.com\/product\/yoast-seo-wordpress\/ -->\n<title>Howies Storm Grey Keps - Howies Hockey Sverige<\/title>\n<meta name=\"robots\" content=\"index, follow, max-snippet:-1, max-image-preview:large, max-video-preview:-1\" \/>\n<link rel=\"canonical\" href=\"https:\/\/gethowies.com\/se\/produkt\/howies-storm-grey-keps\/\" \/>\n<meta property=\"og:locale\" content=\"sv_SE\" \/>\n<meta property=\"og:type\" content=\"article\" \/>\n<meta property=\"og:title\" content=\"Howies Storm Grey Keps - Howies Hockey Sverige\" \/>\n<meta property=\"og:description\" content=\"Ny design Howies Storm Grey Keps 2018 \u00e4r gjord f\u00f6r att ta \u00f6ver showen i omkl\u00e4dningsrummet, den sticker ut precis som du g\u00f6r p\u00e5 isen. Unisize strap Howies Storm Grey Keps passar alla huvuden, du kan enkelt \u00e4ndra passformen med hj\u00e4lp av bandet p\u00e5 baksidan. 100% bomull Reglerbar strap Luftventiler\" \/>\n<meta property=\"og:url\" content=\"https:\/\/gethowies.com\/se\/produkt\/howies-storm-grey-keps\/\" \/>\n<meta property=\"og:site_name\" content=\"Howies Hockey Sverige\" \/>\n<meta property=\"article:modified_time\" content=\"2023-08-09T15:50:47+00:00\" \/>\n<meta property=\"og:image\" content=\"https:\/\/gethowies.com\/se\/wp-content\/uploads\/sites\/2\/2018\/08\/storm-grey-hat.jpg\" \/>\n\t<meta property=\"og:image:width\" content=\"1100\" \/>\n\t<meta property=\"og:image:height\" content=\"1100\" \/>\n\t<meta property=\"og:image:type\" content=\"image\/jpeg\" \/>\n<meta name=\"twitter:card\" content=\"summary_large_image\" \/>\n<script type=\"application\/ld+json\" class=\"yoast-schema-graph\">{\"@context\":\"https:\\\/\\\/schema.org\",\"@graph\":[{\"@type\":\"WebPage\",\"@id\":\"https:\\\/\\\/gethowies.com\\\/se\\\/produkt\\\/howies-storm-grey-keps\\\/\",\"url\":\"https:\\\/\\\/gethowies.com\\\/se\\\/produkt\\\/howies-storm-grey-keps\\\/\",\"name\":\"Howies Storm Grey Keps - Howies Hockey Sverige\",\"isPartOf\":{\"@id\":\"https:\\\/\\\/gethowies.com\\\/se\\\/#website\"},\"primaryImageOfPage\":{\"@id\":\"https:\\\/\\\/gethowies.com\\\/se\\\/produkt\\\/howies-storm-grey-keps\\\/#primaryimage\"},\"image\":{\"@id\":\"https:\\\/\\\/gethowies.com\\\/se\\\/produkt\\\/howies-storm-grey-keps\\\/#primaryimage\"},\"thumbnailUrl\":\"https:\\\/\\\/gethowies.com\\\/se\\\/wp-content\\\/uploads\\\/sites\\\/2\\\/2018\\\/08\\\/storm-grey-hat.jpg\",\"datePublished\":\"2018-08-14T19:14:10+00:00\",\"dateModified\":\"2023-08-09T15:50:47+00:00\",\"breadcrumb\":{\"@id\":\"https:\\\/\\\/gethowies.com\\\/se\\\/produkt\\\/howies-storm-grey-keps\\\/#breadcrumb\"},\"inLanguage\":\"sv-SE\",\"potentialAction\":[{\"@type\":\"ReadAction\",\"target\":[\"https:\\\/\\\/gethowies.com\\\/se\\\/produkt\\\/howies-storm-grey-keps\\\/\"]}]},{\"@type\":\"ImageObject\",\"inLanguage\":\"sv-SE\",\"@id\":\"https:\\\/\\\/gethowies.com\\\/se\\\/produkt\\\/howies-storm-grey-keps\\\/#primaryimage\",\"url\":\"https:\\\/\\\/gethowies.com\\\/se\\\/wp-content\\\/uploads\\\/sites\\\/2\\\/2018\\\/08\\\/storm-grey-hat.jpg\",\"contentUrl\":\"https:\\\/\\\/gethowies.com\\\/se\\\/wp-content\\\/uploads\\\/sites\\\/2\\\/2018\\\/08\\\/storm-grey-hat.jpg\",\"width\":1100,\"height\":1100},{\"@type\":\"BreadcrumbList\",\"@id\":\"https:\\\/\\\/gethowies.com\\\/se\\\/produkt\\\/howies-storm-grey-keps\\\/#breadcrumb\",\"itemListElement\":[{\"@type\":\"ListItem\",\"position\":1,\"name\":\"Hem\",\"item\":\"https:\\\/\\\/gethowies.com\\\/se\\\/\"},{\"@type\":\"ListItem\",\"position\":2,\"name\":\"Shop\",\"item\":\"https:\\\/\\\/gethowies.com\\\/se\\\/shop\\\/\"},{\"@type\":\"ListItem\",\"position\":3,\"name\":\"Howies Storm Grey Keps\"}]},{\"@type\":\"WebSite\",\"@id\":\"https:\\\/\\\/gethowies.com\\\/se\\\/#website\",\"url\":\"https:\\\/\\\/gethowies.com\\\/se\\\/\",\"name\":\"Howies Hockey Sverige\",\"description\":\"\",\"potentialAction\":[{\"@type\":\"SearchAction\",\"target\":{\"@type\":\"EntryPoint\",\"urlTemplate\":\"https:\\\/\\\/gethowies.com\\\/se\\\/?s={search_term_string}\"},\"query-input\":{\"@type\":\"PropertyValueSpecification\",\"valueRequired\":true,\"valueName\":\"search_term_string\"}}],\"inLanguage\":\"sv-SE\"}]}<\/script>\n<!-- \/ Yoast SEO plugin. -->","yoast_head_json":{"title":"Howies Storm Grey Keps - Howies Hockey Sverige","robots":{"index":"index","follow":"follow","max-snippet":"max-snippet:-1","max-image-preview":"max-image-preview:large","max-video-preview":"max-video-preview:-1"},"canonical":"https:\/\/gethowies.com\/se\/produkt\/howies-storm-grey-keps\/","og_locale":"sv_SE","og_type":"article","og_title":"Howies Storm Grey Keps - Howies Hockey Sverige","og_description":"Ny design Howies Storm Grey Keps 2018 \u00e4r gjord f\u00f6r att ta \u00f6ver showen i omkl\u00e4dningsrummet, den sticker ut precis som du g\u00f6r p\u00e5 isen. Unisize strap Howies Storm Grey Keps passar alla huvuden, du kan enkelt \u00e4ndra passformen med hj\u00e4lp av bandet p\u00e5 baksidan. 100% bomull Reglerbar strap Luftventiler","og_url":"https:\/\/gethowies.com\/se\/produkt\/howies-storm-grey-keps\/","og_site_name":"Howies Hockey Sverige","article_modified_time":"2023-08-09T15:50:47+00:00","og_image":[{"width":1100,"height":1100,"url":"https:\/\/gethowies.com\/se\/wp-content\/uploads\/sites\/2\/2018\/08\/storm-grey-hat.jpg","type":"image\/jpeg"}],"twitter_card":"summary_large_image","schema":{"@context":"https:\/\/schema.org","@graph":[{"@type":"WebPage","@id":"https:\/\/gethowies.com\/se\/produkt\/howies-storm-grey-keps\/","url":"https:\/\/gethowies.com\/se\/produkt\/howies-storm-grey-keps\/","name":"Howies Storm Grey Keps - Howies Hockey Sverige","isPartOf":{"@id":"https:\/\/gethowies.com\/se\/#website"},"primaryImageOfPage":{"@id":"https:\/\/gethowies.com\/se\/produkt\/howies-storm-grey-keps\/#primaryimage"},"image":{"@id":"https:\/\/gethowies.com\/se\/produkt\/howies-storm-grey-keps\/#primaryimage"},"thumbnailUrl":"https:\/\/gethowies.com\/se\/wp-content\/uploads\/sites\/2\/2018\/08\/storm-grey-hat.jpg","datePublished":"2018-08-14T19:14:10+00:00","dateModified":"2023-08-09T15:50:47+00:00","breadcrumb":{"@id":"https:\/\/gethowies.com\/se\/produkt\/howies-storm-grey-keps\/#breadcrumb"},"inLanguage":"sv-SE","potentialAction":[{"@type":"ReadAction","target":["https:\/\/gethowies.com\/se\/produkt\/howies-storm-grey-keps\/"]}]},{"@type":"ImageObject","inLanguage":"sv-SE","@id":"https:\/\/gethowies.com\/se\/produkt\/howies-storm-grey-keps\/#primaryimage","url":"https:\/\/gethowies.com\/se\/wp-content\/uploads\/sites\/2\/2018\/08\/storm-grey-hat.jpg","contentUrl":"https:\/\/gethowies.com\/se\/wp-content\/uploads\/sites\/2\/2018\/08\/storm-grey-hat.jpg","width":1100,"height":1100},{"@type":"BreadcrumbList","@id":"https:\/\/gethowies.com\/se\/produkt\/howies-storm-grey-keps\/#breadcrumb","itemListElement":[{"@type":"ListItem","position":1,"name":"Hem","item":"https:\/\/gethowies.com\/se\/"},{"@type":"ListItem","position":2,"name":"Shop","item":"https:\/\/gethowies.com\/se\/shop\/"},{"@type":"ListItem","position":3,"name":"Howies Storm Grey Keps"}]},{"@type":"WebSite","@id":"https:\/\/gethowies.com\/se\/#website","url":"https:\/\/gethowies.com\/se\/","name":"Howies Hockey Sverige","description":"","potentialAction":[{"@type":"SearchAction","target":{"@type":"EntryPoint","urlTemplate":"https:\/\/gethowies.com\/se\/?s={search_term_string}"},"query-input":{"@type":"PropertyValueSpecification","valueRequired":true,"valueName":"search_term_string"}}],"inLanguage":"sv-SE"}]}},"_links":{"self":[{"href":"https:\/\/gethowies.com\/se\/wp-json\/wp\/v2\/product\/308","targetHints":{"allow":["GET"]}}],"collection":[{"href":"https:\/\/gethowies.com\/se\/wp-json\/wp\/v2\/product"}],"about":[{"href":"https:\/\/gethowies.com\/se\/wp-json\/wp\/v2\/types\/product"}],"replies":[{"embeddable":true,"href":"https:\/\/gethowies.com\/se\/wp-json\/wp\/v2\/comments?post=308"}],"wp:featuredmedia":[{"embeddable":true,"href":"https:\/\/gethowies.com\/se\/wp-json\/wp\/v2\/media\/350"}],"wp:attachment":[{"href":"https:\/\/gethowies.com\/se\/wp-json\/wp\/v2\/media?parent=308"}],"wp:term":[{"taxonomy":"product_brand","embeddable":true,"href":"https:\/\/gethowies.com\/se\/wp-json\/wp\/v2\/product_brand?post=308"},{"taxonomy":"product_cat","embeddable":true,"href":"https:\/\/gethowies.com\/se\/wp-json\/wp\/v2\/product_cat?post=308"},{"taxonomy":"product_tag","embeddable":true,"href":"https:\/\/gethowies.com\/se\/wp-json\/wp\/v2\/product_tag?post=308"}],"curies":[{"name":"wp","href":"https:\/\/api.w.org\/{rel}","templated":true}]}}