{"id":318,"date":"2018-08-14T21:15:13","date_gmt":"2018-08-14T19:15:13","guid":{"rendered":"https:\/\/gethowies.com\/se\/produkt\/import-placeholder-for-5010\/"},"modified":"2022-06-07T14:54:32","modified_gmt":"2022-06-07T12:54:32","slug":"howies-gauze-grip-rosa","status":"publish","type":"product","link":"https:\/\/gethowies.com\/se\/produkt\/howies-gauze-grip-rosa\/","title":{"rendered":"Howies Gauze Grip Rosa"},"content":{"rendered":"<p>Howies Gauze Grip ger ger din skotthand b\u00e4ttre grepp vid skott och passning j\u00e4mf\u00f6rt med vanlig tygtejp. Gauze Grip \u00e4r tunnare och lite str\u00e4vare \u00e4n Howies Pro Grip Soft. Vilken som passar b\u00e4st \u00e4r en smaksak s\u00e5 varf\u00f6r inte prova en av varje. B\u00e5da anv\u00e4nds av spelare i NHL och SHL.<\/p>\n","protected":false},"excerpt":{"rendered":"<p>Howies Gauze Grip ger ger din skotthand b\u00e4ttre grepp vid skott och passning j\u00e4mf\u00f6rt med vanlig tygtejp. Gauze Grip \u00e4r tunnare och lite str\u00e4vare \u00e4n Howies Pro Grip Soft. Vilken som passar b\u00e4st \u00e4r en smaksak s\u00e5 varf\u00f6r inte prova en av varje. B\u00e5da anv\u00e4nds av spelare i NHL och SHL.<\/p>\n","protected":false},"featured_media":364,"comment_status":"closed","ping_status":"closed","template":"","meta":{"inline_featured_image":false},"product_brand":[],"product_cat":[57],"product_tag":[],"class_list":{"0":"post-318","1":"product","2":"type-product","3":"status-publish","4":"has-post-thumbnail","6":"product_cat-gauze-grepptejp","8":"first","9":"instock","10":"shipping-taxable","11":"purchasable","12":"product-type-simple"},"yoast_head":"<!-- This site is optimized with the Yoast SEO plugin v27.5 - https:\/\/yoast.com\/product\/yoast-seo-wordpress\/ -->\n<title>Howies Gauze Grip Rosa - Howies Hockey Sverige<\/title>\n<meta name=\"robots\" content=\"index, follow, max-snippet:-1, max-image-preview:large, max-video-preview:-1\" \/>\n<link rel=\"canonical\" href=\"https:\/\/gethowies.com\/se\/produkt\/howies-gauze-grip-rosa\/\" \/>\n<meta property=\"og:locale\" content=\"sv_SE\" \/>\n<meta property=\"og:type\" content=\"article\" \/>\n<meta property=\"og:title\" content=\"Howies Gauze Grip Rosa - Howies Hockey Sverige\" \/>\n<meta property=\"og:description\" content=\"Howies Gauze Grip ger ger din skotthand b\u00e4ttre grepp vid skott och passning j\u00e4mf\u00f6rt med vanlig tygtejp. Gauze Grip \u00e4r tunnare och lite str\u00e4vare \u00e4n Howies Pro Grip Soft. Vilken som passar b\u00e4st \u00e4r en smaksak s\u00e5 varf\u00f6r inte prova en av varje. B\u00e5da anv\u00e4nds av spelare i NHL och SHL.\" \/>\n<meta property=\"og:url\" content=\"https:\/\/gethowies.com\/se\/produkt\/howies-gauze-grip-rosa\/\" \/>\n<meta property=\"og:site_name\" content=\"Howies Hockey Sverige\" \/>\n<meta property=\"article:modified_time\" content=\"2022-06-07T12:54:32+00:00\" \/>\n<meta property=\"og:image\" content=\"https:\/\/gethowies.com\/se\/wp-content\/uploads\/sites\/2\/2018\/08\/pink-gauze-grip.jpg\" \/>\n\t<meta property=\"og:image:width\" content=\"1020\" \/>\n\t<meta property=\"og:image:height\" content=\"1020\" \/>\n\t<meta property=\"og:image:type\" content=\"image\/jpeg\" \/>\n<meta name=\"twitter:card\" content=\"summary_large_image\" \/>\n<script type=\"application\/ld+json\" class=\"yoast-schema-graph\">{\"@context\":\"https:\\\/\\\/schema.org\",\"@graph\":[{\"@type\":\"WebPage\",\"@id\":\"https:\\\/\\\/gethowies.com\\\/se\\\/produkt\\\/howies-gauze-grip-rosa\\\/\",\"url\":\"https:\\\/\\\/gethowies.com\\\/se\\\/produkt\\\/howies-gauze-grip-rosa\\\/\",\"name\":\"Howies Gauze Grip Rosa - Howies Hockey Sverige\",\"isPartOf\":{\"@id\":\"https:\\\/\\\/gethowies.com\\\/se\\\/#website\"},\"primaryImageOfPage\":{\"@id\":\"https:\\\/\\\/gethowies.com\\\/se\\\/produkt\\\/howies-gauze-grip-rosa\\\/#primaryimage\"},\"image\":{\"@id\":\"https:\\\/\\\/gethowies.com\\\/se\\\/produkt\\\/howies-gauze-grip-rosa\\\/#primaryimage\"},\"thumbnailUrl\":\"https:\\\/\\\/gethowies.com\\\/se\\\/wp-content\\\/uploads\\\/sites\\\/2\\\/2018\\\/08\\\/pink-gauze-grip.jpg\",\"datePublished\":\"2018-08-14T19:15:13+00:00\",\"dateModified\":\"2022-06-07T12:54:32+00:00\",\"breadcrumb\":{\"@id\":\"https:\\\/\\\/gethowies.com\\\/se\\\/produkt\\\/howies-gauze-grip-rosa\\\/#breadcrumb\"},\"inLanguage\":\"sv-SE\",\"potentialAction\":[{\"@type\":\"ReadAction\",\"target\":[\"https:\\\/\\\/gethowies.com\\\/se\\\/produkt\\\/howies-gauze-grip-rosa\\\/\"]}]},{\"@type\":\"ImageObject\",\"inLanguage\":\"sv-SE\",\"@id\":\"https:\\\/\\\/gethowies.com\\\/se\\\/produkt\\\/howies-gauze-grip-rosa\\\/#primaryimage\",\"url\":\"https:\\\/\\\/gethowies.com\\\/se\\\/wp-content\\\/uploads\\\/sites\\\/2\\\/2018\\\/08\\\/pink-gauze-grip.jpg\",\"contentUrl\":\"https:\\\/\\\/gethowies.com\\\/se\\\/wp-content\\\/uploads\\\/sites\\\/2\\\/2018\\\/08\\\/pink-gauze-grip.jpg\",\"width\":1020,\"height\":1020},{\"@type\":\"BreadcrumbList\",\"@id\":\"https:\\\/\\\/gethowies.com\\\/se\\\/produkt\\\/howies-gauze-grip-rosa\\\/#breadcrumb\",\"itemListElement\":[{\"@type\":\"ListItem\",\"position\":1,\"name\":\"Hem\",\"item\":\"https:\\\/\\\/gethowies.com\\\/se\\\/\"},{\"@type\":\"ListItem\",\"position\":2,\"name\":\"Shop\",\"item\":\"https:\\\/\\\/gethowies.com\\\/se\\\/shop\\\/\"},{\"@type\":\"ListItem\",\"position\":3,\"name\":\"Howies Gauze Grip Rosa\"}]},{\"@type\":\"WebSite\",\"@id\":\"https:\\\/\\\/gethowies.com\\\/se\\\/#website\",\"url\":\"https:\\\/\\\/gethowies.com\\\/se\\\/\",\"name\":\"Howies Hockey Sverige\",\"description\":\"\",\"potentialAction\":[{\"@type\":\"SearchAction\",\"target\":{\"@type\":\"EntryPoint\",\"urlTemplate\":\"https:\\\/\\\/gethowies.com\\\/se\\\/?s={search_term_string}\"},\"query-input\":{\"@type\":\"PropertyValueSpecification\",\"valueRequired\":true,\"valueName\":\"search_term_string\"}}],\"inLanguage\":\"sv-SE\"}]}<\/script>\n<!-- \/ Yoast SEO plugin. -->","yoast_head_json":{"title":"Howies Gauze Grip Rosa - Howies Hockey Sverige","robots":{"index":"index","follow":"follow","max-snippet":"max-snippet:-1","max-image-preview":"max-image-preview:large","max-video-preview":"max-video-preview:-1"},"canonical":"https:\/\/gethowies.com\/se\/produkt\/howies-gauze-grip-rosa\/","og_locale":"sv_SE","og_type":"article","og_title":"Howies Gauze Grip Rosa - Howies Hockey Sverige","og_description":"Howies Gauze Grip ger ger din skotthand b\u00e4ttre grepp vid skott och passning j\u00e4mf\u00f6rt med vanlig tygtejp. Gauze Grip \u00e4r tunnare och lite str\u00e4vare \u00e4n Howies Pro Grip Soft. Vilken som passar b\u00e4st \u00e4r en smaksak s\u00e5 varf\u00f6r inte prova en av varje. B\u00e5da anv\u00e4nds av spelare i NHL och SHL.","og_url":"https:\/\/gethowies.com\/se\/produkt\/howies-gauze-grip-rosa\/","og_site_name":"Howies Hockey Sverige","article_modified_time":"2022-06-07T12:54:32+00:00","og_image":[{"width":1020,"height":1020,"url":"https:\/\/gethowies.com\/se\/wp-content\/uploads\/sites\/2\/2018\/08\/pink-gauze-grip.jpg","type":"image\/jpeg"}],"twitter_card":"summary_large_image","schema":{"@context":"https:\/\/schema.org","@graph":[{"@type":"WebPage","@id":"https:\/\/gethowies.com\/se\/produkt\/howies-gauze-grip-rosa\/","url":"https:\/\/gethowies.com\/se\/produkt\/howies-gauze-grip-rosa\/","name":"Howies Gauze Grip Rosa - Howies Hockey Sverige","isPartOf":{"@id":"https:\/\/gethowies.com\/se\/#website"},"primaryImageOfPage":{"@id":"https:\/\/gethowies.com\/se\/produkt\/howies-gauze-grip-rosa\/#primaryimage"},"image":{"@id":"https:\/\/gethowies.com\/se\/produkt\/howies-gauze-grip-rosa\/#primaryimage"},"thumbnailUrl":"https:\/\/gethowies.com\/se\/wp-content\/uploads\/sites\/2\/2018\/08\/pink-gauze-grip.jpg","datePublished":"2018-08-14T19:15:13+00:00","dateModified":"2022-06-07T12:54:32+00:00","breadcrumb":{"@id":"https:\/\/gethowies.com\/se\/produkt\/howies-gauze-grip-rosa\/#breadcrumb"},"inLanguage":"sv-SE","potentialAction":[{"@type":"ReadAction","target":["https:\/\/gethowies.com\/se\/produkt\/howies-gauze-grip-rosa\/"]}]},{"@type":"ImageObject","inLanguage":"sv-SE","@id":"https:\/\/gethowies.com\/se\/produkt\/howies-gauze-grip-rosa\/#primaryimage","url":"https:\/\/gethowies.com\/se\/wp-content\/uploads\/sites\/2\/2018\/08\/pink-gauze-grip.jpg","contentUrl":"https:\/\/gethowies.com\/se\/wp-content\/uploads\/sites\/2\/2018\/08\/pink-gauze-grip.jpg","width":1020,"height":1020},{"@type":"BreadcrumbList","@id":"https:\/\/gethowies.com\/se\/produkt\/howies-gauze-grip-rosa\/#breadcrumb","itemListElement":[{"@type":"ListItem","position":1,"name":"Hem","item":"https:\/\/gethowies.com\/se\/"},{"@type":"ListItem","position":2,"name":"Shop","item":"https:\/\/gethowies.com\/se\/shop\/"},{"@type":"ListItem","position":3,"name":"Howies Gauze Grip Rosa"}]},{"@type":"WebSite","@id":"https:\/\/gethowies.com\/se\/#website","url":"https:\/\/gethowies.com\/se\/","name":"Howies Hockey Sverige","description":"","potentialAction":[{"@type":"SearchAction","target":{"@type":"EntryPoint","urlTemplate":"https:\/\/gethowies.com\/se\/?s={search_term_string}"},"query-input":{"@type":"PropertyValueSpecification","valueRequired":true,"valueName":"search_term_string"}}],"inLanguage":"sv-SE"}]}},"_links":{"self":[{"href":"https:\/\/gethowies.com\/se\/wp-json\/wp\/v2\/product\/318","targetHints":{"allow":["GET"]}}],"collection":[{"href":"https:\/\/gethowies.com\/se\/wp-json\/wp\/v2\/product"}],"about":[{"href":"https:\/\/gethowies.com\/se\/wp-json\/wp\/v2\/types\/product"}],"replies":[{"embeddable":true,"href":"https:\/\/gethowies.com\/se\/wp-json\/wp\/v2\/comments?post=318"}],"wp:featuredmedia":[{"embeddable":true,"href":"https:\/\/gethowies.com\/se\/wp-json\/wp\/v2\/media\/364"}],"wp:attachment":[{"href":"https:\/\/gethowies.com\/se\/wp-json\/wp\/v2\/media?parent=318"}],"wp:term":[{"taxonomy":"product_brand","embeddable":true,"href":"https:\/\/gethowies.com\/se\/wp-json\/wp\/v2\/product_brand?post=318"},{"taxonomy":"product_cat","embeddable":true,"href":"https:\/\/gethowies.com\/se\/wp-json\/wp\/v2\/product_cat?post=318"},{"taxonomy":"product_tag","embeddable":true,"href":"https:\/\/gethowies.com\/se\/wp-json\/wp\/v2\/product_tag?post=318"}],"curies":[{"name":"wp","href":"https:\/\/api.w.org\/{rel}","templated":true}]}}