{"id":323,"date":"2018-08-14T21:15:14","date_gmt":"2018-08-14T19:15:14","guid":{"rendered":"https:\/\/gethowies.com\/se\/produkt\/import-placeholder-for-5683\/"},"modified":"2022-12-07T19:37:07","modified_gmt":"2022-12-07T18:37:07","slug":"howies-pro-issotejp","status":"publish","type":"product","link":"https:\/\/gethowies.com\/se\/produkt\/howies-pro-issotejp\/","title":{"rendered":"Howies Pro Issotejp"},"content":{"rendered":"<p>Howies Pro issotejp \u00e4r en svart hockeytejp som framf\u00f6rallt anv\u00e4nds till bladet. Tejpen har en kladdig yta p\u00e5 b\u00e4gge sidor om tejpen f\u00f6r b\u00e4ttre vibrationsabsorption och puckhantering. Denna issotejpen har en l\u00e5ng h\u00e5llbarhet tack vare den kladdiga ytan och tjockleken p\u00e5 tejpen. <\/p>\n","protected":false},"excerpt":{"rendered":"<p>Howies Pro issotejp \u00e4r en svart hockeytejp som framf\u00f6rallt anv\u00e4nds till bladet. Tejpen har en kladdig yta p\u00e5 b\u00e4gge sidor om tejpen f\u00f6r b\u00e4ttre vibrationsabsorption och puckhantering. Denna issotejpen har en l\u00e5ng h\u00e5llbarhet tack vare den kladdiga ytan och tjockleken p\u00e5 tejpen.<\/p>\n","protected":false},"featured_media":371,"comment_status":"closed","ping_status":"closed","template":"","meta":{"inline_featured_image":false},"product_brand":[],"product_cat":[153],"product_tag":[],"class_list":{"0":"post-323","1":"product","2":"type-product","3":"status-publish","4":"has-post-thumbnail","6":"product_cat-issotejp","8":"first","9":"instock","10":"shipping-taxable","11":"purchasable","12":"product-type-simple"},"yoast_head":"<!-- This site is optimized with the Yoast SEO plugin v27.5 - https:\/\/yoast.com\/product\/yoast-seo-wordpress\/ -->\n<title>Howies Pro Issotejp - Howies Hockey Sverige<\/title>\n<meta name=\"robots\" content=\"index, follow, max-snippet:-1, max-image-preview:large, max-video-preview:-1\" \/>\n<link rel=\"canonical\" href=\"https:\/\/gethowies.com\/se\/produkt\/howies-pro-issotejp\/\" \/>\n<meta property=\"og:locale\" content=\"sv_SE\" \/>\n<meta property=\"og:type\" content=\"article\" \/>\n<meta property=\"og:title\" content=\"Howies Pro Issotejp - Howies Hockey Sverige\" \/>\n<meta property=\"og:description\" content=\"Howies Pro issotejp \u00e4r en svart hockeytejp som framf\u00f6rallt anv\u00e4nds till bladet. Tejpen har en kladdig yta p\u00e5 b\u00e4gge sidor om tejpen f\u00f6r b\u00e4ttre vibrationsabsorption och puckhantering. Denna issotejpen har en l\u00e5ng h\u00e5llbarhet tack vare den kladdiga ytan och tjockleken p\u00e5 tejpen.\" \/>\n<meta property=\"og:url\" content=\"https:\/\/gethowies.com\/se\/produkt\/howies-pro-issotejp\/\" \/>\n<meta property=\"og:site_name\" content=\"Howies Hockey Sverige\" \/>\n<meta property=\"article:modified_time\" content=\"2022-12-07T18:37:07+00:00\" \/>\n<meta property=\"og:image\" content=\"https:\/\/gethowies.com\/se\/wp-content\/uploads\/sites\/2\/2018\/08\/HH-FrictionTape1.jpg\" \/>\n\t<meta property=\"og:image:width\" content=\"500\" \/>\n\t<meta property=\"og:image:height\" content=\"500\" \/>\n\t<meta property=\"og:image:type\" content=\"image\/jpeg\" \/>\n<meta name=\"twitter:card\" content=\"summary_large_image\" \/>\n<script type=\"application\/ld+json\" class=\"yoast-schema-graph\">{\"@context\":\"https:\\\/\\\/schema.org\",\"@graph\":[{\"@type\":\"WebPage\",\"@id\":\"https:\\\/\\\/gethowies.com\\\/se\\\/produkt\\\/howies-pro-issotejp\\\/\",\"url\":\"https:\\\/\\\/gethowies.com\\\/se\\\/produkt\\\/howies-pro-issotejp\\\/\",\"name\":\"Howies Pro Issotejp - Howies Hockey Sverige\",\"isPartOf\":{\"@id\":\"https:\\\/\\\/gethowies.com\\\/se\\\/#website\"},\"primaryImageOfPage\":{\"@id\":\"https:\\\/\\\/gethowies.com\\\/se\\\/produkt\\\/howies-pro-issotejp\\\/#primaryimage\"},\"image\":{\"@id\":\"https:\\\/\\\/gethowies.com\\\/se\\\/produkt\\\/howies-pro-issotejp\\\/#primaryimage\"},\"thumbnailUrl\":\"https:\\\/\\\/gethowies.com\\\/se\\\/wp-content\\\/uploads\\\/sites\\\/2\\\/2018\\\/08\\\/HH-FrictionTape1.jpg\",\"datePublished\":\"2018-08-14T19:15:14+00:00\",\"dateModified\":\"2022-12-07T18:37:07+00:00\",\"breadcrumb\":{\"@id\":\"https:\\\/\\\/gethowies.com\\\/se\\\/produkt\\\/howies-pro-issotejp\\\/#breadcrumb\"},\"inLanguage\":\"sv-SE\",\"potentialAction\":[{\"@type\":\"ReadAction\",\"target\":[\"https:\\\/\\\/gethowies.com\\\/se\\\/produkt\\\/howies-pro-issotejp\\\/\"]}]},{\"@type\":\"ImageObject\",\"inLanguage\":\"sv-SE\",\"@id\":\"https:\\\/\\\/gethowies.com\\\/se\\\/produkt\\\/howies-pro-issotejp\\\/#primaryimage\",\"url\":\"https:\\\/\\\/gethowies.com\\\/se\\\/wp-content\\\/uploads\\\/sites\\\/2\\\/2018\\\/08\\\/HH-FrictionTape1.jpg\",\"contentUrl\":\"https:\\\/\\\/gethowies.com\\\/se\\\/wp-content\\\/uploads\\\/sites\\\/2\\\/2018\\\/08\\\/HH-FrictionTape1.jpg\",\"width\":500,\"height\":500},{\"@type\":\"BreadcrumbList\",\"@id\":\"https:\\\/\\\/gethowies.com\\\/se\\\/produkt\\\/howies-pro-issotejp\\\/#breadcrumb\",\"itemListElement\":[{\"@type\":\"ListItem\",\"position\":1,\"name\":\"Hem\",\"item\":\"https:\\\/\\\/gethowies.com\\\/se\\\/\"},{\"@type\":\"ListItem\",\"position\":2,\"name\":\"Shop\",\"item\":\"https:\\\/\\\/gethowies.com\\\/se\\\/shop\\\/\"},{\"@type\":\"ListItem\",\"position\":3,\"name\":\"Howies Pro Issotejp\"}]},{\"@type\":\"WebSite\",\"@id\":\"https:\\\/\\\/gethowies.com\\\/se\\\/#website\",\"url\":\"https:\\\/\\\/gethowies.com\\\/se\\\/\",\"name\":\"Howies Hockey Sverige\",\"description\":\"\",\"potentialAction\":[{\"@type\":\"SearchAction\",\"target\":{\"@type\":\"EntryPoint\",\"urlTemplate\":\"https:\\\/\\\/gethowies.com\\\/se\\\/?s={search_term_string}\"},\"query-input\":{\"@type\":\"PropertyValueSpecification\",\"valueRequired\":true,\"valueName\":\"search_term_string\"}}],\"inLanguage\":\"sv-SE\"}]}<\/script>\n<!-- \/ Yoast SEO plugin. -->","yoast_head_json":{"title":"Howies Pro Issotejp - Howies Hockey Sverige","robots":{"index":"index","follow":"follow","max-snippet":"max-snippet:-1","max-image-preview":"max-image-preview:large","max-video-preview":"max-video-preview:-1"},"canonical":"https:\/\/gethowies.com\/se\/produkt\/howies-pro-issotejp\/","og_locale":"sv_SE","og_type":"article","og_title":"Howies Pro Issotejp - Howies Hockey Sverige","og_description":"Howies Pro issotejp \u00e4r en svart hockeytejp som framf\u00f6rallt anv\u00e4nds till bladet. Tejpen har en kladdig yta p\u00e5 b\u00e4gge sidor om tejpen f\u00f6r b\u00e4ttre vibrationsabsorption och puckhantering. Denna issotejpen har en l\u00e5ng h\u00e5llbarhet tack vare den kladdiga ytan och tjockleken p\u00e5 tejpen.","og_url":"https:\/\/gethowies.com\/se\/produkt\/howies-pro-issotejp\/","og_site_name":"Howies Hockey Sverige","article_modified_time":"2022-12-07T18:37:07+00:00","og_image":[{"width":500,"height":500,"url":"https:\/\/gethowies.com\/se\/wp-content\/uploads\/sites\/2\/2018\/08\/HH-FrictionTape1.jpg","type":"image\/jpeg"}],"twitter_card":"summary_large_image","schema":{"@context":"https:\/\/schema.org","@graph":[{"@type":"WebPage","@id":"https:\/\/gethowies.com\/se\/produkt\/howies-pro-issotejp\/","url":"https:\/\/gethowies.com\/se\/produkt\/howies-pro-issotejp\/","name":"Howies Pro Issotejp - Howies Hockey Sverige","isPartOf":{"@id":"https:\/\/gethowies.com\/se\/#website"},"primaryImageOfPage":{"@id":"https:\/\/gethowies.com\/se\/produkt\/howies-pro-issotejp\/#primaryimage"},"image":{"@id":"https:\/\/gethowies.com\/se\/produkt\/howies-pro-issotejp\/#primaryimage"},"thumbnailUrl":"https:\/\/gethowies.com\/se\/wp-content\/uploads\/sites\/2\/2018\/08\/HH-FrictionTape1.jpg","datePublished":"2018-08-14T19:15:14+00:00","dateModified":"2022-12-07T18:37:07+00:00","breadcrumb":{"@id":"https:\/\/gethowies.com\/se\/produkt\/howies-pro-issotejp\/#breadcrumb"},"inLanguage":"sv-SE","potentialAction":[{"@type":"ReadAction","target":["https:\/\/gethowies.com\/se\/produkt\/howies-pro-issotejp\/"]}]},{"@type":"ImageObject","inLanguage":"sv-SE","@id":"https:\/\/gethowies.com\/se\/produkt\/howies-pro-issotejp\/#primaryimage","url":"https:\/\/gethowies.com\/se\/wp-content\/uploads\/sites\/2\/2018\/08\/HH-FrictionTape1.jpg","contentUrl":"https:\/\/gethowies.com\/se\/wp-content\/uploads\/sites\/2\/2018\/08\/HH-FrictionTape1.jpg","width":500,"height":500},{"@type":"BreadcrumbList","@id":"https:\/\/gethowies.com\/se\/produkt\/howies-pro-issotejp\/#breadcrumb","itemListElement":[{"@type":"ListItem","position":1,"name":"Hem","item":"https:\/\/gethowies.com\/se\/"},{"@type":"ListItem","position":2,"name":"Shop","item":"https:\/\/gethowies.com\/se\/shop\/"},{"@type":"ListItem","position":3,"name":"Howies Pro Issotejp"}]},{"@type":"WebSite","@id":"https:\/\/gethowies.com\/se\/#website","url":"https:\/\/gethowies.com\/se\/","name":"Howies Hockey Sverige","description":"","potentialAction":[{"@type":"SearchAction","target":{"@type":"EntryPoint","urlTemplate":"https:\/\/gethowies.com\/se\/?s={search_term_string}"},"query-input":{"@type":"PropertyValueSpecification","valueRequired":true,"valueName":"search_term_string"}}],"inLanguage":"sv-SE"}]}},"_links":{"self":[{"href":"https:\/\/gethowies.com\/se\/wp-json\/wp\/v2\/product\/323","targetHints":{"allow":["GET"]}}],"collection":[{"href":"https:\/\/gethowies.com\/se\/wp-json\/wp\/v2\/product"}],"about":[{"href":"https:\/\/gethowies.com\/se\/wp-json\/wp\/v2\/types\/product"}],"replies":[{"embeddable":true,"href":"https:\/\/gethowies.com\/se\/wp-json\/wp\/v2\/comments?post=323"}],"wp:featuredmedia":[{"embeddable":true,"href":"https:\/\/gethowies.com\/se\/wp-json\/wp\/v2\/media\/371"}],"wp:attachment":[{"href":"https:\/\/gethowies.com\/se\/wp-json\/wp\/v2\/media?parent=323"}],"wp:term":[{"taxonomy":"product_brand","embeddable":true,"href":"https:\/\/gethowies.com\/se\/wp-json\/wp\/v2\/product_brand?post=323"},{"taxonomy":"product_cat","embeddable":true,"href":"https:\/\/gethowies.com\/se\/wp-json\/wp\/v2\/product_cat?post=323"},{"taxonomy":"product_tag","embeddable":true,"href":"https:\/\/gethowies.com\/se\/wp-json\/wp\/v2\/product_tag?post=323"}],"curies":[{"name":"wp","href":"https:\/\/api.w.org\/{rel}","templated":true}]}}