{"id":327,"date":"2018-08-14T21:15:41","date_gmt":"2018-08-14T19:15:41","guid":{"rendered":"https:\/\/gethowies.com\/se\/produkt\/import-placeholder-for-5708\/"},"modified":"2022-06-07T14:52:52","modified_gmt":"2022-06-07T12:52:52","slug":"howies-split-svart","status":"publish","type":"product","link":"https:\/\/gethowies.com\/se\/produkt\/howies-split-svart\/","title":{"rendered":"Howies Split Tape Svart"},"content":{"rendered":"<p>Ett nytt smidigt s\u00e4tt att tejpa knoppen p\u00e5. Gillar du som m\u00e5nga andra en n\u00e5got smalare knopp, brukar du riva av tejpen f\u00f6r att f\u00e5 den smalare? Blir den inte alltid samma bredd p\u00e5 alla klubbor? D\u00e5 \u00e4r denna produkten till dig. Tejpen \u00e4r 36mm bred, delad i tv\u00e5 bredder. En 24mm tejp f\u00f6r att tejpa bladet eller f\u00f6r att avsluta knoppen med, och en 12mm tejp som \u00e4r perfekt f\u00f6r att tejpa sj\u00e4lva knoppen med. B\u00e4gge tejperna kan anv\u00e4ndas oberoende av varandra. Finns i svart och vit.<\/p>\n","protected":false},"excerpt":{"rendered":"<p>Ett nytt smidigt s\u00e4tt att tejpa knoppen p\u00e5. Gillar du som m\u00e5nga andra en n\u00e5got smalare knopp, brukar du riva av tejpen f\u00f6r att f\u00e5 den smalare? Blir den inte alltid samma bredd p\u00e5 alla klubbor? D\u00e5 \u00e4r denna produkten till dig. Tejpen \u00e4r 36mm bred, delad i tv\u00e5 bredder. En 24mm tejp f\u00f6r att [&#8230;]\n","protected":false},"featured_media":373,"comment_status":"closed","ping_status":"closed","template":"","meta":{"inline_featured_image":false},"product_brand":[],"product_cat":[50],"product_tag":[],"class_list":{"0":"post-327","1":"product","2":"type-product","3":"status-publish","4":"has-post-thumbnail","6":"product_cat-tygtejp-svart-vit","8":"first","9":"instock","10":"shipping-taxable","11":"purchasable","12":"product-type-simple"},"yoast_head":"<!-- This site is optimized with the Yoast SEO plugin v27.5 - https:\/\/yoast.com\/product\/yoast-seo-wordpress\/ -->\n<title>Howies Split Tape Svart - Howies Hockey Sverige<\/title>\n<meta name=\"robots\" content=\"index, follow, max-snippet:-1, max-image-preview:large, max-video-preview:-1\" \/>\n<link rel=\"canonical\" href=\"https:\/\/gethowies.com\/se\/produkt\/howies-split-svart\/\" \/>\n<meta property=\"og:locale\" content=\"sv_SE\" \/>\n<meta property=\"og:type\" content=\"article\" \/>\n<meta property=\"og:title\" content=\"Howies Split Tape Svart - Howies Hockey Sverige\" \/>\n<meta property=\"og:description\" content=\"Ett nytt smidigt s\u00e4tt att tejpa knoppen p\u00e5. Gillar du som m\u00e5nga andra en n\u00e5got smalare knopp, brukar du riva av tejpen f\u00f6r att f\u00e5 den smalare? Blir den inte alltid samma bredd p\u00e5 alla klubbor? D\u00e5 \u00e4r denna produkten till dig. Tejpen \u00e4r 36mm bred, delad i tv\u00e5 bredder. En 24mm tejp f\u00f6r att [...]\" \/>\n<meta property=\"og:url\" content=\"https:\/\/gethowies.com\/se\/produkt\/howies-split-svart\/\" \/>\n<meta property=\"og:site_name\" content=\"Howies Hockey Sverige\" \/>\n<meta property=\"article:modified_time\" content=\"2022-06-07T12:52:52+00:00\" \/>\n<meta property=\"og:image\" content=\"https:\/\/gethowies.com\/se\/wp-content\/uploads\/sites\/2\/2018\/08\/hht_split_black.jpg\" \/>\n\t<meta property=\"og:image:width\" content=\"1020\" \/>\n\t<meta property=\"og:image:height\" content=\"1020\" \/>\n\t<meta property=\"og:image:type\" content=\"image\/jpeg\" \/>\n<meta name=\"twitter:card\" content=\"summary_large_image\" \/>\n<script type=\"application\/ld+json\" class=\"yoast-schema-graph\">{\"@context\":\"https:\\\/\\\/schema.org\",\"@graph\":[{\"@type\":\"WebPage\",\"@id\":\"https:\\\/\\\/gethowies.com\\\/se\\\/produkt\\\/howies-split-svart\\\/\",\"url\":\"https:\\\/\\\/gethowies.com\\\/se\\\/produkt\\\/howies-split-svart\\\/\",\"name\":\"Howies Split Tape Svart - Howies Hockey Sverige\",\"isPartOf\":{\"@id\":\"https:\\\/\\\/gethowies.com\\\/se\\\/#website\"},\"primaryImageOfPage\":{\"@id\":\"https:\\\/\\\/gethowies.com\\\/se\\\/produkt\\\/howies-split-svart\\\/#primaryimage\"},\"image\":{\"@id\":\"https:\\\/\\\/gethowies.com\\\/se\\\/produkt\\\/howies-split-svart\\\/#primaryimage\"},\"thumbnailUrl\":\"https:\\\/\\\/gethowies.com\\\/se\\\/wp-content\\\/uploads\\\/sites\\\/2\\\/2018\\\/08\\\/hht_split_black.jpg\",\"datePublished\":\"2018-08-14T19:15:41+00:00\",\"dateModified\":\"2022-06-07T12:52:52+00:00\",\"breadcrumb\":{\"@id\":\"https:\\\/\\\/gethowies.com\\\/se\\\/produkt\\\/howies-split-svart\\\/#breadcrumb\"},\"inLanguage\":\"sv-SE\",\"potentialAction\":[{\"@type\":\"ReadAction\",\"target\":[\"https:\\\/\\\/gethowies.com\\\/se\\\/produkt\\\/howies-split-svart\\\/\"]}]},{\"@type\":\"ImageObject\",\"inLanguage\":\"sv-SE\",\"@id\":\"https:\\\/\\\/gethowies.com\\\/se\\\/produkt\\\/howies-split-svart\\\/#primaryimage\",\"url\":\"https:\\\/\\\/gethowies.com\\\/se\\\/wp-content\\\/uploads\\\/sites\\\/2\\\/2018\\\/08\\\/hht_split_black.jpg\",\"contentUrl\":\"https:\\\/\\\/gethowies.com\\\/se\\\/wp-content\\\/uploads\\\/sites\\\/2\\\/2018\\\/08\\\/hht_split_black.jpg\",\"width\":1020,\"height\":1020},{\"@type\":\"BreadcrumbList\",\"@id\":\"https:\\\/\\\/gethowies.com\\\/se\\\/produkt\\\/howies-split-svart\\\/#breadcrumb\",\"itemListElement\":[{\"@type\":\"ListItem\",\"position\":1,\"name\":\"Hem\",\"item\":\"https:\\\/\\\/gethowies.com\\\/se\\\/\"},{\"@type\":\"ListItem\",\"position\":2,\"name\":\"Shop\",\"item\":\"https:\\\/\\\/gethowies.com\\\/se\\\/shop\\\/\"},{\"@type\":\"ListItem\",\"position\":3,\"name\":\"Howies Split Tape Svart\"}]},{\"@type\":\"WebSite\",\"@id\":\"https:\\\/\\\/gethowies.com\\\/se\\\/#website\",\"url\":\"https:\\\/\\\/gethowies.com\\\/se\\\/\",\"name\":\"Howies Hockey Sverige\",\"description\":\"\",\"potentialAction\":[{\"@type\":\"SearchAction\",\"target\":{\"@type\":\"EntryPoint\",\"urlTemplate\":\"https:\\\/\\\/gethowies.com\\\/se\\\/?s={search_term_string}\"},\"query-input\":{\"@type\":\"PropertyValueSpecification\",\"valueRequired\":true,\"valueName\":\"search_term_string\"}}],\"inLanguage\":\"sv-SE\"}]}<\/script>\n<!-- \/ Yoast SEO plugin. -->","yoast_head_json":{"title":"Howies Split Tape Svart - Howies Hockey Sverige","robots":{"index":"index","follow":"follow","max-snippet":"max-snippet:-1","max-image-preview":"max-image-preview:large","max-video-preview":"max-video-preview:-1"},"canonical":"https:\/\/gethowies.com\/se\/produkt\/howies-split-svart\/","og_locale":"sv_SE","og_type":"article","og_title":"Howies Split Tape Svart - Howies Hockey Sverige","og_description":"Ett nytt smidigt s\u00e4tt att tejpa knoppen p\u00e5. Gillar du som m\u00e5nga andra en n\u00e5got smalare knopp, brukar du riva av tejpen f\u00f6r att f\u00e5 den smalare? Blir den inte alltid samma bredd p\u00e5 alla klubbor? D\u00e5 \u00e4r denna produkten till dig. Tejpen \u00e4r 36mm bred, delad i tv\u00e5 bredder. En 24mm tejp f\u00f6r att [...]","og_url":"https:\/\/gethowies.com\/se\/produkt\/howies-split-svart\/","og_site_name":"Howies Hockey Sverige","article_modified_time":"2022-06-07T12:52:52+00:00","og_image":[{"width":1020,"height":1020,"url":"https:\/\/gethowies.com\/se\/wp-content\/uploads\/sites\/2\/2018\/08\/hht_split_black.jpg","type":"image\/jpeg"}],"twitter_card":"summary_large_image","schema":{"@context":"https:\/\/schema.org","@graph":[{"@type":"WebPage","@id":"https:\/\/gethowies.com\/se\/produkt\/howies-split-svart\/","url":"https:\/\/gethowies.com\/se\/produkt\/howies-split-svart\/","name":"Howies Split Tape Svart - Howies Hockey Sverige","isPartOf":{"@id":"https:\/\/gethowies.com\/se\/#website"},"primaryImageOfPage":{"@id":"https:\/\/gethowies.com\/se\/produkt\/howies-split-svart\/#primaryimage"},"image":{"@id":"https:\/\/gethowies.com\/se\/produkt\/howies-split-svart\/#primaryimage"},"thumbnailUrl":"https:\/\/gethowies.com\/se\/wp-content\/uploads\/sites\/2\/2018\/08\/hht_split_black.jpg","datePublished":"2018-08-14T19:15:41+00:00","dateModified":"2022-06-07T12:52:52+00:00","breadcrumb":{"@id":"https:\/\/gethowies.com\/se\/produkt\/howies-split-svart\/#breadcrumb"},"inLanguage":"sv-SE","potentialAction":[{"@type":"ReadAction","target":["https:\/\/gethowies.com\/se\/produkt\/howies-split-svart\/"]}]},{"@type":"ImageObject","inLanguage":"sv-SE","@id":"https:\/\/gethowies.com\/se\/produkt\/howies-split-svart\/#primaryimage","url":"https:\/\/gethowies.com\/se\/wp-content\/uploads\/sites\/2\/2018\/08\/hht_split_black.jpg","contentUrl":"https:\/\/gethowies.com\/se\/wp-content\/uploads\/sites\/2\/2018\/08\/hht_split_black.jpg","width":1020,"height":1020},{"@type":"BreadcrumbList","@id":"https:\/\/gethowies.com\/se\/produkt\/howies-split-svart\/#breadcrumb","itemListElement":[{"@type":"ListItem","position":1,"name":"Hem","item":"https:\/\/gethowies.com\/se\/"},{"@type":"ListItem","position":2,"name":"Shop","item":"https:\/\/gethowies.com\/se\/shop\/"},{"@type":"ListItem","position":3,"name":"Howies Split Tape Svart"}]},{"@type":"WebSite","@id":"https:\/\/gethowies.com\/se\/#website","url":"https:\/\/gethowies.com\/se\/","name":"Howies Hockey Sverige","description":"","potentialAction":[{"@type":"SearchAction","target":{"@type":"EntryPoint","urlTemplate":"https:\/\/gethowies.com\/se\/?s={search_term_string}"},"query-input":{"@type":"PropertyValueSpecification","valueRequired":true,"valueName":"search_term_string"}}],"inLanguage":"sv-SE"}]}},"_links":{"self":[{"href":"https:\/\/gethowies.com\/se\/wp-json\/wp\/v2\/product\/327","targetHints":{"allow":["GET"]}}],"collection":[{"href":"https:\/\/gethowies.com\/se\/wp-json\/wp\/v2\/product"}],"about":[{"href":"https:\/\/gethowies.com\/se\/wp-json\/wp\/v2\/types\/product"}],"replies":[{"embeddable":true,"href":"https:\/\/gethowies.com\/se\/wp-json\/wp\/v2\/comments?post=327"}],"wp:featuredmedia":[{"embeddable":true,"href":"https:\/\/gethowies.com\/se\/wp-json\/wp\/v2\/media\/373"}],"wp:attachment":[{"href":"https:\/\/gethowies.com\/se\/wp-json\/wp\/v2\/media?parent=327"}],"wp:term":[{"taxonomy":"product_brand","embeddable":true,"href":"https:\/\/gethowies.com\/se\/wp-json\/wp\/v2\/product_brand?post=327"},{"taxonomy":"product_cat","embeddable":true,"href":"https:\/\/gethowies.com\/se\/wp-json\/wp\/v2\/product_cat?post=327"},{"taxonomy":"product_tag","embeddable":true,"href":"https:\/\/gethowies.com\/se\/wp-json\/wp\/v2\/product_tag?post=327"}],"curies":[{"name":"wp","href":"https:\/\/api.w.org\/{rel}","templated":true}]}}