{"id":348,"date":"2018-08-14T21:17:02","date_gmt":"2018-08-14T19:17:02","guid":{"rendered":"https:\/\/gethowies.com\/se\/produkt\/import-placeholder-for-6157\/"},"modified":"2022-06-07T14:51:17","modified_gmt":"2022-06-07T12:51:17","slug":"skate-soakers-pro-silver","status":"publish","type":"product","link":"https:\/\/gethowies.com\/se\/produkt\/skate-soakers-pro-silver\/","title":{"rendered":"Skate Soakers Pro Silver"},"content":{"rendered":"<p><strong>Kompromissa inte med dina skridskoskydd<\/strong><br \/>Dina skridskor beh\u00f6ver riktiga skydd som b\u00e5de skyddar och bevarar skridskoskenan intakt mellan match och tr\u00e4ning. N\u00e4r du har f\u00e5tt till den perfekta \u00e5kytan, radien, sk\u00e5len, slipningen s\u00e5 vill du beh\u00e5lla den s\u00e5 l\u00e4nge som m\u00f6jlig. Ett jack eller d\u00e5lig kant kan spoliera det gyllene l\u00e4get du skapat.<\/p>\n<p><strong>Hockeylife Skate Guards Pro skyddar dina skenor<\/strong><br \/>V\u00e5ra skate guards PRO \u00e4r extra kraftiga och ger maximalt skydd mot jack och repor. Tjock handduks mjuk insida som absorberar fukt och f\u00f6rhindrar rost. Kombinera med v\u00e5r specialdesignade handduk f\u00f6r skridskoskenor<\/p>\n<p><strong>Storlek<\/strong><br \/>Junior: 1 &#8211; 5<br \/>Senior: 6 &#8211; 12<\/p>\n","protected":false},"excerpt":{"rendered":"<p>&#8216;- Kraftiga skate soakers som skyddar mot jack och repor.<br \/>\n&#8211; F\u00f6rst\u00e4rkt handduks mjuk insida som absorberar fukt och f\u00f6rhindrar rost.<br \/>\n&#8211; Den professionella spelarens naturliga val.<br \/>\n&#8211; Finns i 6 f\u00e4rger samt i junior och senior storlek.&#8217;<\/p>\n","protected":false},"featured_media":379,"comment_status":"closed","ping_status":"closed","template":"","meta":{"inline_featured_image":false},"product_brand":[],"product_cat":[150],"product_tag":[],"class_list":{"0":"post-348","1":"product","2":"type-product","3":"status-publish","4":"has-post-thumbnail","6":"product_cat-skridskoskydd","8":"first","9":"instock","10":"shipping-taxable","11":"purchasable","12":"product-type-variable"},"yoast_head":"<!-- This site is optimized with the Yoast SEO plugin v27.5 - https:\/\/yoast.com\/product\/yoast-seo-wordpress\/ -->\n<title>Skate Soakers Pro Silver - Howies Hockey Sverige<\/title>\n<meta name=\"robots\" content=\"index, follow, max-snippet:-1, max-image-preview:large, max-video-preview:-1\" \/>\n<link rel=\"canonical\" href=\"https:\/\/gethowies.com\/se\/produkt\/skate-soakers-pro-silver\/\" \/>\n<meta property=\"og:locale\" content=\"sv_SE\" \/>\n<meta property=\"og:type\" content=\"article\" \/>\n<meta property=\"og:title\" content=\"Skate Soakers Pro Silver - Howies Hockey Sverige\" \/>\n<meta property=\"og:description\" content=\"&#039;- Kraftiga skate soakers som skyddar mot jack och repor. - F\u00f6rst\u00e4rkt handduks mjuk insida som absorberar fukt och f\u00f6rhindrar rost. - Den professionella spelarens naturliga val. - Finns i 6 f\u00e4rger samt i junior och senior storlek.&#039;\" \/>\n<meta property=\"og:url\" content=\"https:\/\/gethowies.com\/se\/produkt\/skate-soakers-pro-silver\/\" \/>\n<meta property=\"og:site_name\" content=\"Howies Hockey Sverige\" \/>\n<meta property=\"article:modified_time\" content=\"2022-06-07T12:51:17+00:00\" \/>\n<meta property=\"og:image\" content=\"https:\/\/gethowies.com\/se\/wp-content\/uploads\/sites\/2\/2018\/08\/skate_soakers_silver.jpg\" \/>\n\t<meta property=\"og:image:width\" content=\"1020\" \/>\n\t<meta property=\"og:image:height\" content=\"1020\" \/>\n\t<meta property=\"og:image:type\" content=\"image\/jpeg\" \/>\n<meta name=\"twitter:card\" content=\"summary_large_image\" \/>\n<meta name=\"twitter:label1\" content=\"Ber\u00e4knad l\u00e4stid\" \/>\n\t<meta name=\"twitter:data1\" content=\"1 minut\" \/>\n<script type=\"application\/ld+json\" class=\"yoast-schema-graph\">{\"@context\":\"https:\\\/\\\/schema.org\",\"@graph\":[{\"@type\":\"WebPage\",\"@id\":\"https:\\\/\\\/gethowies.com\\\/se\\\/produkt\\\/skate-soakers-pro-silver\\\/\",\"url\":\"https:\\\/\\\/gethowies.com\\\/se\\\/produkt\\\/skate-soakers-pro-silver\\\/\",\"name\":\"Skate Soakers Pro Silver - Howies Hockey Sverige\",\"isPartOf\":{\"@id\":\"https:\\\/\\\/gethowies.com\\\/se\\\/#website\"},\"primaryImageOfPage\":{\"@id\":\"https:\\\/\\\/gethowies.com\\\/se\\\/produkt\\\/skate-soakers-pro-silver\\\/#primaryimage\"},\"image\":{\"@id\":\"https:\\\/\\\/gethowies.com\\\/se\\\/produkt\\\/skate-soakers-pro-silver\\\/#primaryimage\"},\"thumbnailUrl\":\"https:\\\/\\\/gethowies.com\\\/se\\\/wp-content\\\/uploads\\\/sites\\\/2\\\/2018\\\/08\\\/skate_soakers_silver.jpg\",\"datePublished\":\"2018-08-14T19:17:02+00:00\",\"dateModified\":\"2022-06-07T12:51:17+00:00\",\"breadcrumb\":{\"@id\":\"https:\\\/\\\/gethowies.com\\\/se\\\/produkt\\\/skate-soakers-pro-silver\\\/#breadcrumb\"},\"inLanguage\":\"sv-SE\",\"potentialAction\":[{\"@type\":\"ReadAction\",\"target\":[\"https:\\\/\\\/gethowies.com\\\/se\\\/produkt\\\/skate-soakers-pro-silver\\\/\"]}]},{\"@type\":\"ImageObject\",\"inLanguage\":\"sv-SE\",\"@id\":\"https:\\\/\\\/gethowies.com\\\/se\\\/produkt\\\/skate-soakers-pro-silver\\\/#primaryimage\",\"url\":\"https:\\\/\\\/gethowies.com\\\/se\\\/wp-content\\\/uploads\\\/sites\\\/2\\\/2018\\\/08\\\/skate_soakers_silver.jpg\",\"contentUrl\":\"https:\\\/\\\/gethowies.com\\\/se\\\/wp-content\\\/uploads\\\/sites\\\/2\\\/2018\\\/08\\\/skate_soakers_silver.jpg\",\"width\":1020,\"height\":1020},{\"@type\":\"BreadcrumbList\",\"@id\":\"https:\\\/\\\/gethowies.com\\\/se\\\/produkt\\\/skate-soakers-pro-silver\\\/#breadcrumb\",\"itemListElement\":[{\"@type\":\"ListItem\",\"position\":1,\"name\":\"Hem\",\"item\":\"https:\\\/\\\/gethowies.com\\\/se\\\/\"},{\"@type\":\"ListItem\",\"position\":2,\"name\":\"Shop\",\"item\":\"https:\\\/\\\/gethowies.com\\\/se\\\/shop\\\/\"},{\"@type\":\"ListItem\",\"position\":3,\"name\":\"Skate Soakers Pro Silver\"}]},{\"@type\":\"WebSite\",\"@id\":\"https:\\\/\\\/gethowies.com\\\/se\\\/#website\",\"url\":\"https:\\\/\\\/gethowies.com\\\/se\\\/\",\"name\":\"Howies Hockey Sverige\",\"description\":\"\",\"potentialAction\":[{\"@type\":\"SearchAction\",\"target\":{\"@type\":\"EntryPoint\",\"urlTemplate\":\"https:\\\/\\\/gethowies.com\\\/se\\\/?s={search_term_string}\"},\"query-input\":{\"@type\":\"PropertyValueSpecification\",\"valueRequired\":true,\"valueName\":\"search_term_string\"}}],\"inLanguage\":\"sv-SE\"}]}<\/script>\n<!-- \/ Yoast SEO plugin. -->","yoast_head_json":{"title":"Skate Soakers Pro Silver - Howies Hockey Sverige","robots":{"index":"index","follow":"follow","max-snippet":"max-snippet:-1","max-image-preview":"max-image-preview:large","max-video-preview":"max-video-preview:-1"},"canonical":"https:\/\/gethowies.com\/se\/produkt\/skate-soakers-pro-silver\/","og_locale":"sv_SE","og_type":"article","og_title":"Skate Soakers Pro Silver - Howies Hockey Sverige","og_description":"'- Kraftiga skate soakers som skyddar mot jack och repor. - F\u00f6rst\u00e4rkt handduks mjuk insida som absorberar fukt och f\u00f6rhindrar rost. - Den professionella spelarens naturliga val. - Finns i 6 f\u00e4rger samt i junior och senior storlek.'","og_url":"https:\/\/gethowies.com\/se\/produkt\/skate-soakers-pro-silver\/","og_site_name":"Howies Hockey Sverige","article_modified_time":"2022-06-07T12:51:17+00:00","og_image":[{"width":1020,"height":1020,"url":"https:\/\/gethowies.com\/se\/wp-content\/uploads\/sites\/2\/2018\/08\/skate_soakers_silver.jpg","type":"image\/jpeg"}],"twitter_card":"summary_large_image","twitter_misc":{"Ber\u00e4knad l\u00e4stid":"1 minut"},"schema":{"@context":"https:\/\/schema.org","@graph":[{"@type":"WebPage","@id":"https:\/\/gethowies.com\/se\/produkt\/skate-soakers-pro-silver\/","url":"https:\/\/gethowies.com\/se\/produkt\/skate-soakers-pro-silver\/","name":"Skate Soakers Pro Silver - Howies Hockey Sverige","isPartOf":{"@id":"https:\/\/gethowies.com\/se\/#website"},"primaryImageOfPage":{"@id":"https:\/\/gethowies.com\/se\/produkt\/skate-soakers-pro-silver\/#primaryimage"},"image":{"@id":"https:\/\/gethowies.com\/se\/produkt\/skate-soakers-pro-silver\/#primaryimage"},"thumbnailUrl":"https:\/\/gethowies.com\/se\/wp-content\/uploads\/sites\/2\/2018\/08\/skate_soakers_silver.jpg","datePublished":"2018-08-14T19:17:02+00:00","dateModified":"2022-06-07T12:51:17+00:00","breadcrumb":{"@id":"https:\/\/gethowies.com\/se\/produkt\/skate-soakers-pro-silver\/#breadcrumb"},"inLanguage":"sv-SE","potentialAction":[{"@type":"ReadAction","target":["https:\/\/gethowies.com\/se\/produkt\/skate-soakers-pro-silver\/"]}]},{"@type":"ImageObject","inLanguage":"sv-SE","@id":"https:\/\/gethowies.com\/se\/produkt\/skate-soakers-pro-silver\/#primaryimage","url":"https:\/\/gethowies.com\/se\/wp-content\/uploads\/sites\/2\/2018\/08\/skate_soakers_silver.jpg","contentUrl":"https:\/\/gethowies.com\/se\/wp-content\/uploads\/sites\/2\/2018\/08\/skate_soakers_silver.jpg","width":1020,"height":1020},{"@type":"BreadcrumbList","@id":"https:\/\/gethowies.com\/se\/produkt\/skate-soakers-pro-silver\/#breadcrumb","itemListElement":[{"@type":"ListItem","position":1,"name":"Hem","item":"https:\/\/gethowies.com\/se\/"},{"@type":"ListItem","position":2,"name":"Shop","item":"https:\/\/gethowies.com\/se\/shop\/"},{"@type":"ListItem","position":3,"name":"Skate Soakers Pro Silver"}]},{"@type":"WebSite","@id":"https:\/\/gethowies.com\/se\/#website","url":"https:\/\/gethowies.com\/se\/","name":"Howies Hockey Sverige","description":"","potentialAction":[{"@type":"SearchAction","target":{"@type":"EntryPoint","urlTemplate":"https:\/\/gethowies.com\/se\/?s={search_term_string}"},"query-input":{"@type":"PropertyValueSpecification","valueRequired":true,"valueName":"search_term_string"}}],"inLanguage":"sv-SE"}]}},"_links":{"self":[{"href":"https:\/\/gethowies.com\/se\/wp-json\/wp\/v2\/product\/348","targetHints":{"allow":["GET"]}}],"collection":[{"href":"https:\/\/gethowies.com\/se\/wp-json\/wp\/v2\/product"}],"about":[{"href":"https:\/\/gethowies.com\/se\/wp-json\/wp\/v2\/types\/product"}],"replies":[{"embeddable":true,"href":"https:\/\/gethowies.com\/se\/wp-json\/wp\/v2\/comments?post=348"}],"wp:featuredmedia":[{"embeddable":true,"href":"https:\/\/gethowies.com\/se\/wp-json\/wp\/v2\/media\/379"}],"wp:attachment":[{"href":"https:\/\/gethowies.com\/se\/wp-json\/wp\/v2\/media?parent=348"}],"wp:term":[{"taxonomy":"product_brand","embeddable":true,"href":"https:\/\/gethowies.com\/se\/wp-json\/wp\/v2\/product_brand?post=348"},{"taxonomy":"product_cat","embeddable":true,"href":"https:\/\/gethowies.com\/se\/wp-json\/wp\/v2\/product_cat?post=348"},{"taxonomy":"product_tag","embeddable":true,"href":"https:\/\/gethowies.com\/se\/wp-json\/wp\/v2\/product_tag?post=348"}],"curies":[{"name":"wp","href":"https:\/\/api.w.org\/{rel}","templated":true}]}}