{"id":5379,"date":"2018-03-04T21:02:32","date_gmt":"2018-03-04T20:02:32","guid":{"rendered":"https:\/\/hockeylife.se\/?post_type=product&#038;p=5379"},"modified":"2022-06-07T15:34:07","modified_gmt":"2022-06-07T13:34:07","slug":"taktiktavla-medium-2","status":"publish","type":"product","link":"https:\/\/gethowies.com\/se\/produkt\/taktiktavla-medium-2\/","title":{"rendered":"Taktiktavla Medium"},"content":{"rendered":"<p>Taktiktavla med kraftig metallh\u00e5llare och penna. V\u00e5r mest popul\u00e4ra form av taktiktavlor och kanske det viktigaste tillbeh\u00f6ret en tr\u00e4nare kan ha. Visar helplan p\u00e5 ena sidan och halvplan p\u00e5 andra sidan. Storlek: 25,4 cm x 40,64 cm<\/p>\n","protected":false},"excerpt":{"rendered":"<p>Taktiktavla med kraftig metallh\u00e5llare och penna. V\u00e5r mest popul\u00e4ra form av taktiktavlor och kanske det viktigaste tillbeh\u00f6ret en tr\u00e4nare kan ha. Visar helplan p\u00e5 ena sidan och halvplan p\u00e5 andra sidan. Storlek: 25,4 cm x 40,64 cm<\/p>\n","protected":false},"featured_media":5388,"comment_status":"closed","ping_status":"closed","template":"","meta":{"inline_featured_image":false},"product_brand":[],"product_cat":[154],"product_tag":[],"class_list":{"0":"post-5379","1":"product","2":"type-product","3":"status-publish","4":"has-post-thumbnail","6":"product_cat-tranare","8":"first","9":"instock","10":"shipping-taxable","11":"purchasable","12":"product-type-simple"},"yoast_head":"<!-- This site is optimized with the Yoast SEO plugin v27.5 - https:\/\/yoast.com\/product\/yoast-seo-wordpress\/ -->\n<title>Taktiktavla Medium - Howies Hockey Sverige<\/title>\n<meta name=\"robots\" content=\"index, follow, max-snippet:-1, max-image-preview:large, max-video-preview:-1\" \/>\n<link rel=\"canonical\" href=\"https:\/\/gethowies.com\/se\/produkt\/taktiktavla-medium-2\/\" \/>\n<meta property=\"og:locale\" content=\"sv_SE\" \/>\n<meta property=\"og:type\" content=\"article\" \/>\n<meta property=\"og:title\" content=\"Taktiktavla Medium - Howies Hockey Sverige\" \/>\n<meta property=\"og:description\" content=\"Taktiktavla med kraftig metallh\u00e5llare och penna. V\u00e5r mest popul\u00e4ra form av taktiktavlor och kanske det viktigaste tillbeh\u00f6ret en tr\u00e4nare kan ha. Visar helplan p\u00e5 ena sidan och halvplan p\u00e5 andra sidan. Storlek: 25,4 cm x 40,64 cm\" \/>\n<meta property=\"og:url\" content=\"https:\/\/gethowies.com\/se\/produkt\/taktiktavla-medium-2\/\" \/>\n<meta property=\"og:site_name\" content=\"Howies Hockey Sverige\" \/>\n<meta property=\"article:modified_time\" content=\"2022-06-07T13:34:07+00:00\" \/>\n<meta property=\"og:image\" content=\"https:\/\/gethowies.com\/se\/wp-content\/uploads\/sites\/2\/2018\/03\/coach-board-medium.jpg\" \/>\n\t<meta property=\"og:image:width\" content=\"1020\" \/>\n\t<meta property=\"og:image:height\" content=\"1020\" \/>\n\t<meta property=\"og:image:type\" content=\"image\/jpeg\" \/>\n<meta name=\"twitter:card\" content=\"summary_large_image\" \/>\n<script type=\"application\/ld+json\" class=\"yoast-schema-graph\">{\"@context\":\"https:\\\/\\\/schema.org\",\"@graph\":[{\"@type\":\"WebPage\",\"@id\":\"https:\\\/\\\/gethowies.com\\\/se\\\/produkt\\\/taktiktavla-medium-2\\\/\",\"url\":\"https:\\\/\\\/gethowies.com\\\/se\\\/produkt\\\/taktiktavla-medium-2\\\/\",\"name\":\"Taktiktavla Medium - Howies Hockey Sverige\",\"isPartOf\":{\"@id\":\"https:\\\/\\\/gethowies.com\\\/se\\\/#website\"},\"primaryImageOfPage\":{\"@id\":\"https:\\\/\\\/gethowies.com\\\/se\\\/produkt\\\/taktiktavla-medium-2\\\/#primaryimage\"},\"image\":{\"@id\":\"https:\\\/\\\/gethowies.com\\\/se\\\/produkt\\\/taktiktavla-medium-2\\\/#primaryimage\"},\"thumbnailUrl\":\"https:\\\/\\\/gethowies.com\\\/se\\\/wp-content\\\/uploads\\\/sites\\\/2\\\/2018\\\/03\\\/coach-board-medium.jpg\",\"datePublished\":\"2018-03-04T20:02:32+00:00\",\"dateModified\":\"2022-06-07T13:34:07+00:00\",\"breadcrumb\":{\"@id\":\"https:\\\/\\\/gethowies.com\\\/se\\\/produkt\\\/taktiktavla-medium-2\\\/#breadcrumb\"},\"inLanguage\":\"sv-SE\",\"potentialAction\":[{\"@type\":\"ReadAction\",\"target\":[\"https:\\\/\\\/gethowies.com\\\/se\\\/produkt\\\/taktiktavla-medium-2\\\/\"]}]},{\"@type\":\"ImageObject\",\"inLanguage\":\"sv-SE\",\"@id\":\"https:\\\/\\\/gethowies.com\\\/se\\\/produkt\\\/taktiktavla-medium-2\\\/#primaryimage\",\"url\":\"https:\\\/\\\/gethowies.com\\\/se\\\/wp-content\\\/uploads\\\/sites\\\/2\\\/2018\\\/03\\\/coach-board-medium.jpg\",\"contentUrl\":\"https:\\\/\\\/gethowies.com\\\/se\\\/wp-content\\\/uploads\\\/sites\\\/2\\\/2018\\\/03\\\/coach-board-medium.jpg\",\"width\":1020,\"height\":1020,\"caption\":\"taktiktavla hockey\"},{\"@type\":\"BreadcrumbList\",\"@id\":\"https:\\\/\\\/gethowies.com\\\/se\\\/produkt\\\/taktiktavla-medium-2\\\/#breadcrumb\",\"itemListElement\":[{\"@type\":\"ListItem\",\"position\":1,\"name\":\"Hem\",\"item\":\"https:\\\/\\\/gethowies.com\\\/se\\\/\"},{\"@type\":\"ListItem\",\"position\":2,\"name\":\"Shop\",\"item\":\"https:\\\/\\\/gethowies.com\\\/se\\\/shop\\\/\"},{\"@type\":\"ListItem\",\"position\":3,\"name\":\"Taktiktavla Medium\"}]},{\"@type\":\"WebSite\",\"@id\":\"https:\\\/\\\/gethowies.com\\\/se\\\/#website\",\"url\":\"https:\\\/\\\/gethowies.com\\\/se\\\/\",\"name\":\"Howies Hockey Sverige\",\"description\":\"\",\"potentialAction\":[{\"@type\":\"SearchAction\",\"target\":{\"@type\":\"EntryPoint\",\"urlTemplate\":\"https:\\\/\\\/gethowies.com\\\/se\\\/?s={search_term_string}\"},\"query-input\":{\"@type\":\"PropertyValueSpecification\",\"valueRequired\":true,\"valueName\":\"search_term_string\"}}],\"inLanguage\":\"sv-SE\"}]}<\/script>\n<!-- \/ Yoast SEO plugin. -->","yoast_head_json":{"title":"Taktiktavla Medium - Howies Hockey Sverige","robots":{"index":"index","follow":"follow","max-snippet":"max-snippet:-1","max-image-preview":"max-image-preview:large","max-video-preview":"max-video-preview:-1"},"canonical":"https:\/\/gethowies.com\/se\/produkt\/taktiktavla-medium-2\/","og_locale":"sv_SE","og_type":"article","og_title":"Taktiktavla Medium - Howies Hockey Sverige","og_description":"Taktiktavla med kraftig metallh\u00e5llare och penna. V\u00e5r mest popul\u00e4ra form av taktiktavlor och kanske det viktigaste tillbeh\u00f6ret en tr\u00e4nare kan ha. Visar helplan p\u00e5 ena sidan och halvplan p\u00e5 andra sidan. Storlek: 25,4 cm x 40,64 cm","og_url":"https:\/\/gethowies.com\/se\/produkt\/taktiktavla-medium-2\/","og_site_name":"Howies Hockey Sverige","article_modified_time":"2022-06-07T13:34:07+00:00","og_image":[{"width":1020,"height":1020,"url":"https:\/\/gethowies.com\/se\/wp-content\/uploads\/sites\/2\/2018\/03\/coach-board-medium.jpg","type":"image\/jpeg"}],"twitter_card":"summary_large_image","schema":{"@context":"https:\/\/schema.org","@graph":[{"@type":"WebPage","@id":"https:\/\/gethowies.com\/se\/produkt\/taktiktavla-medium-2\/","url":"https:\/\/gethowies.com\/se\/produkt\/taktiktavla-medium-2\/","name":"Taktiktavla Medium - Howies Hockey Sverige","isPartOf":{"@id":"https:\/\/gethowies.com\/se\/#website"},"primaryImageOfPage":{"@id":"https:\/\/gethowies.com\/se\/produkt\/taktiktavla-medium-2\/#primaryimage"},"image":{"@id":"https:\/\/gethowies.com\/se\/produkt\/taktiktavla-medium-2\/#primaryimage"},"thumbnailUrl":"https:\/\/gethowies.com\/se\/wp-content\/uploads\/sites\/2\/2018\/03\/coach-board-medium.jpg","datePublished":"2018-03-04T20:02:32+00:00","dateModified":"2022-06-07T13:34:07+00:00","breadcrumb":{"@id":"https:\/\/gethowies.com\/se\/produkt\/taktiktavla-medium-2\/#breadcrumb"},"inLanguage":"sv-SE","potentialAction":[{"@type":"ReadAction","target":["https:\/\/gethowies.com\/se\/produkt\/taktiktavla-medium-2\/"]}]},{"@type":"ImageObject","inLanguage":"sv-SE","@id":"https:\/\/gethowies.com\/se\/produkt\/taktiktavla-medium-2\/#primaryimage","url":"https:\/\/gethowies.com\/se\/wp-content\/uploads\/sites\/2\/2018\/03\/coach-board-medium.jpg","contentUrl":"https:\/\/gethowies.com\/se\/wp-content\/uploads\/sites\/2\/2018\/03\/coach-board-medium.jpg","width":1020,"height":1020,"caption":"taktiktavla hockey"},{"@type":"BreadcrumbList","@id":"https:\/\/gethowies.com\/se\/produkt\/taktiktavla-medium-2\/#breadcrumb","itemListElement":[{"@type":"ListItem","position":1,"name":"Hem","item":"https:\/\/gethowies.com\/se\/"},{"@type":"ListItem","position":2,"name":"Shop","item":"https:\/\/gethowies.com\/se\/shop\/"},{"@type":"ListItem","position":3,"name":"Taktiktavla Medium"}]},{"@type":"WebSite","@id":"https:\/\/gethowies.com\/se\/#website","url":"https:\/\/gethowies.com\/se\/","name":"Howies Hockey Sverige","description":"","potentialAction":[{"@type":"SearchAction","target":{"@type":"EntryPoint","urlTemplate":"https:\/\/gethowies.com\/se\/?s={search_term_string}"},"query-input":{"@type":"PropertyValueSpecification","valueRequired":true,"valueName":"search_term_string"}}],"inLanguage":"sv-SE"}]}},"_links":{"self":[{"href":"https:\/\/gethowies.com\/se\/wp-json\/wp\/v2\/product\/5379","targetHints":{"allow":["GET"]}}],"collection":[{"href":"https:\/\/gethowies.com\/se\/wp-json\/wp\/v2\/product"}],"about":[{"href":"https:\/\/gethowies.com\/se\/wp-json\/wp\/v2\/types\/product"}],"replies":[{"embeddable":true,"href":"https:\/\/gethowies.com\/se\/wp-json\/wp\/v2\/comments?post=5379"}],"wp:featuredmedia":[{"embeddable":true,"href":"https:\/\/gethowies.com\/se\/wp-json\/wp\/v2\/media\/5388"}],"wp:attachment":[{"href":"https:\/\/gethowies.com\/se\/wp-json\/wp\/v2\/media?parent=5379"}],"wp:term":[{"taxonomy":"product_brand","embeddable":true,"href":"https:\/\/gethowies.com\/se\/wp-json\/wp\/v2\/product_brand?post=5379"},{"taxonomy":"product_cat","embeddable":true,"href":"https:\/\/gethowies.com\/se\/wp-json\/wp\/v2\/product_cat?post=5379"},{"taxonomy":"product_tag","embeddable":true,"href":"https:\/\/gethowies.com\/se\/wp-json\/wp\/v2\/product_tag?post=5379"}],"curies":[{"name":"wp","href":"https:\/\/api.w.org\/{rel}","templated":true}]}}