{"id":5389,"date":"2018-03-04T21:27:01","date_gmt":"2018-03-04T20:27:01","guid":{"rendered":"https:\/\/hockeylife.se\/?post_type=product&#038;p=5389"},"modified":"2022-06-07T15:33:31","modified_gmt":"2022-06-07T13:33:31","slug":"taktiktavla-pocket","status":"publish","type":"product","link":"https:\/\/gethowies.com\/se\/produkt\/taktiktavla-pocket\/","title":{"rendered":"Taktiktavla Pocket"},"content":{"rendered":"<p>Taktiktavla i pocket format. Denna taktiktavla passar utm\u00e4rkt att ha med sig i fickan f\u00f6r snabb \u00e5tkomst n\u00e4r du st\u00e5r i b\u00e5set eller vill f\u00f6rklara n\u00e5got ute p\u00e5 isen. Taktiktavlan visar helplan p\u00e5 ena sidan och halvplan p\u00e5 andra. Storlek: 15 cm x 10 cm.<\/p>\n","protected":false},"excerpt":{"rendered":"<p>Taktiktavla i pocket format. Denna taktiktavla passar utm\u00e4rkt att ha med sig i fickan f\u00f6r snabb \u00e5tkomst n\u00e4r du st\u00e5r i b\u00e5set eller vill f\u00f6rklara n\u00e5got ute p\u00e5 isen. Taktiktavlan visar helplan p\u00e5 ena sidan och halvplan p\u00e5 andra. Storlek: 15 cm x 10 cm.<\/p>\n","protected":false},"featured_media":5390,"comment_status":"closed","ping_status":"closed","template":"","meta":{"inline_featured_image":false},"product_brand":[],"product_cat":[154],"product_tag":[],"class_list":{"0":"post-5389","1":"product","2":"type-product","3":"status-publish","4":"has-post-thumbnail","6":"product_cat-tranare","8":"first","9":"instock","10":"shipping-taxable","11":"purchasable","12":"product-type-simple"},"yoast_head":"<!-- This site is optimized with the Yoast SEO plugin v27.5 - https:\/\/yoast.com\/product\/yoast-seo-wordpress\/ -->\n<title>Taktiktavla Hockey Pocket - Howies Hockey Sverige<\/title>\n<meta name=\"robots\" content=\"index, follow, max-snippet:-1, max-image-preview:large, max-video-preview:-1\" \/>\n<link rel=\"canonical\" href=\"https:\/\/gethowies.com\/se\/produkt\/taktiktavla-pocket\/\" \/>\n<meta property=\"og:locale\" content=\"sv_SE\" \/>\n<meta property=\"og:type\" content=\"article\" \/>\n<meta property=\"og:title\" content=\"Taktiktavla Hockey Pocket - Howies Hockey Sverige\" \/>\n<meta property=\"og:description\" content=\"Taktiktavla i pocket format. Denna taktiktavla passar utm\u00e4rkt att ha med sig i fickan f\u00f6r snabb \u00e5tkomst n\u00e4r du st\u00e5r i b\u00e5set eller vill f\u00f6rklara n\u00e5got ute p\u00e5 isen. Taktiktavlan visar helplan p\u00e5 ena sidan och halvplan p\u00e5 andra. Storlek: 15 cm x 10 cm.\" \/>\n<meta property=\"og:url\" content=\"https:\/\/gethowies.com\/se\/produkt\/taktiktavla-pocket\/\" \/>\n<meta property=\"og:site_name\" content=\"Howies Hockey Sverige\" \/>\n<meta property=\"article:modified_time\" content=\"2022-06-07T13:33:31+00:00\" \/>\n<meta property=\"og:image\" content=\"https:\/\/gethowies.com\/se\/wp-content\/uploads\/sites\/2\/2018\/03\/coach-board-pocket.jpg\" \/>\n\t<meta property=\"og:image:width\" content=\"1020\" \/>\n\t<meta property=\"og:image:height\" content=\"1020\" \/>\n\t<meta property=\"og:image:type\" content=\"image\/jpeg\" \/>\n<meta name=\"twitter:card\" content=\"summary_large_image\" \/>\n<script type=\"application\/ld+json\" class=\"yoast-schema-graph\">{\"@context\":\"https:\\\/\\\/schema.org\",\"@graph\":[{\"@type\":\"WebPage\",\"@id\":\"https:\\\/\\\/gethowies.com\\\/se\\\/produkt\\\/taktiktavla-pocket\\\/\",\"url\":\"https:\\\/\\\/gethowies.com\\\/se\\\/produkt\\\/taktiktavla-pocket\\\/\",\"name\":\"Taktiktavla Hockey Pocket - Howies Hockey Sverige\",\"isPartOf\":{\"@id\":\"https:\\\/\\\/gethowies.com\\\/se\\\/#website\"},\"primaryImageOfPage\":{\"@id\":\"https:\\\/\\\/gethowies.com\\\/se\\\/produkt\\\/taktiktavla-pocket\\\/#primaryimage\"},\"image\":{\"@id\":\"https:\\\/\\\/gethowies.com\\\/se\\\/produkt\\\/taktiktavla-pocket\\\/#primaryimage\"},\"thumbnailUrl\":\"https:\\\/\\\/gethowies.com\\\/se\\\/wp-content\\\/uploads\\\/sites\\\/2\\\/2018\\\/03\\\/coach-board-pocket.jpg\",\"datePublished\":\"2018-03-04T20:27:01+00:00\",\"dateModified\":\"2022-06-07T13:33:31+00:00\",\"breadcrumb\":{\"@id\":\"https:\\\/\\\/gethowies.com\\\/se\\\/produkt\\\/taktiktavla-pocket\\\/#breadcrumb\"},\"inLanguage\":\"sv-SE\",\"potentialAction\":[{\"@type\":\"ReadAction\",\"target\":[\"https:\\\/\\\/gethowies.com\\\/se\\\/produkt\\\/taktiktavla-pocket\\\/\"]}]},{\"@type\":\"ImageObject\",\"inLanguage\":\"sv-SE\",\"@id\":\"https:\\\/\\\/gethowies.com\\\/se\\\/produkt\\\/taktiktavla-pocket\\\/#primaryimage\",\"url\":\"https:\\\/\\\/gethowies.com\\\/se\\\/wp-content\\\/uploads\\\/sites\\\/2\\\/2018\\\/03\\\/coach-board-pocket.jpg\",\"contentUrl\":\"https:\\\/\\\/gethowies.com\\\/se\\\/wp-content\\\/uploads\\\/sites\\\/2\\\/2018\\\/03\\\/coach-board-pocket.jpg\",\"width\":1020,\"height\":1020},{\"@type\":\"BreadcrumbList\",\"@id\":\"https:\\\/\\\/gethowies.com\\\/se\\\/produkt\\\/taktiktavla-pocket\\\/#breadcrumb\",\"itemListElement\":[{\"@type\":\"ListItem\",\"position\":1,\"name\":\"Hem\",\"item\":\"https:\\\/\\\/gethowies.com\\\/se\\\/\"},{\"@type\":\"ListItem\",\"position\":2,\"name\":\"Shop\",\"item\":\"https:\\\/\\\/gethowies.com\\\/se\\\/shop\\\/\"},{\"@type\":\"ListItem\",\"position\":3,\"name\":\"Taktiktavla Pocket\"}]},{\"@type\":\"WebSite\",\"@id\":\"https:\\\/\\\/gethowies.com\\\/se\\\/#website\",\"url\":\"https:\\\/\\\/gethowies.com\\\/se\\\/\",\"name\":\"Howies Hockey Sverige\",\"description\":\"\",\"potentialAction\":[{\"@type\":\"SearchAction\",\"target\":{\"@type\":\"EntryPoint\",\"urlTemplate\":\"https:\\\/\\\/gethowies.com\\\/se\\\/?s={search_term_string}\"},\"query-input\":{\"@type\":\"PropertyValueSpecification\",\"valueRequired\":true,\"valueName\":\"search_term_string\"}}],\"inLanguage\":\"sv-SE\"}]}<\/script>\n<!-- \/ Yoast SEO plugin. -->","yoast_head_json":{"title":"Taktiktavla Hockey Pocket - Howies Hockey Sverige","robots":{"index":"index","follow":"follow","max-snippet":"max-snippet:-1","max-image-preview":"max-image-preview:large","max-video-preview":"max-video-preview:-1"},"canonical":"https:\/\/gethowies.com\/se\/produkt\/taktiktavla-pocket\/","og_locale":"sv_SE","og_type":"article","og_title":"Taktiktavla Hockey Pocket - Howies Hockey Sverige","og_description":"Taktiktavla i pocket format. Denna taktiktavla passar utm\u00e4rkt att ha med sig i fickan f\u00f6r snabb \u00e5tkomst n\u00e4r du st\u00e5r i b\u00e5set eller vill f\u00f6rklara n\u00e5got ute p\u00e5 isen. Taktiktavlan visar helplan p\u00e5 ena sidan och halvplan p\u00e5 andra. Storlek: 15 cm x 10 cm.","og_url":"https:\/\/gethowies.com\/se\/produkt\/taktiktavla-pocket\/","og_site_name":"Howies Hockey Sverige","article_modified_time":"2022-06-07T13:33:31+00:00","og_image":[{"width":1020,"height":1020,"url":"https:\/\/gethowies.com\/se\/wp-content\/uploads\/sites\/2\/2018\/03\/coach-board-pocket.jpg","type":"image\/jpeg"}],"twitter_card":"summary_large_image","schema":{"@context":"https:\/\/schema.org","@graph":[{"@type":"WebPage","@id":"https:\/\/gethowies.com\/se\/produkt\/taktiktavla-pocket\/","url":"https:\/\/gethowies.com\/se\/produkt\/taktiktavla-pocket\/","name":"Taktiktavla Hockey Pocket - Howies Hockey Sverige","isPartOf":{"@id":"https:\/\/gethowies.com\/se\/#website"},"primaryImageOfPage":{"@id":"https:\/\/gethowies.com\/se\/produkt\/taktiktavla-pocket\/#primaryimage"},"image":{"@id":"https:\/\/gethowies.com\/se\/produkt\/taktiktavla-pocket\/#primaryimage"},"thumbnailUrl":"https:\/\/gethowies.com\/se\/wp-content\/uploads\/sites\/2\/2018\/03\/coach-board-pocket.jpg","datePublished":"2018-03-04T20:27:01+00:00","dateModified":"2022-06-07T13:33:31+00:00","breadcrumb":{"@id":"https:\/\/gethowies.com\/se\/produkt\/taktiktavla-pocket\/#breadcrumb"},"inLanguage":"sv-SE","potentialAction":[{"@type":"ReadAction","target":["https:\/\/gethowies.com\/se\/produkt\/taktiktavla-pocket\/"]}]},{"@type":"ImageObject","inLanguage":"sv-SE","@id":"https:\/\/gethowies.com\/se\/produkt\/taktiktavla-pocket\/#primaryimage","url":"https:\/\/gethowies.com\/se\/wp-content\/uploads\/sites\/2\/2018\/03\/coach-board-pocket.jpg","contentUrl":"https:\/\/gethowies.com\/se\/wp-content\/uploads\/sites\/2\/2018\/03\/coach-board-pocket.jpg","width":1020,"height":1020},{"@type":"BreadcrumbList","@id":"https:\/\/gethowies.com\/se\/produkt\/taktiktavla-pocket\/#breadcrumb","itemListElement":[{"@type":"ListItem","position":1,"name":"Hem","item":"https:\/\/gethowies.com\/se\/"},{"@type":"ListItem","position":2,"name":"Shop","item":"https:\/\/gethowies.com\/se\/shop\/"},{"@type":"ListItem","position":3,"name":"Taktiktavla Pocket"}]},{"@type":"WebSite","@id":"https:\/\/gethowies.com\/se\/#website","url":"https:\/\/gethowies.com\/se\/","name":"Howies Hockey Sverige","description":"","potentialAction":[{"@type":"SearchAction","target":{"@type":"EntryPoint","urlTemplate":"https:\/\/gethowies.com\/se\/?s={search_term_string}"},"query-input":{"@type":"PropertyValueSpecification","valueRequired":true,"valueName":"search_term_string"}}],"inLanguage":"sv-SE"}]}},"_links":{"self":[{"href":"https:\/\/gethowies.com\/se\/wp-json\/wp\/v2\/product\/5389","targetHints":{"allow":["GET"]}}],"collection":[{"href":"https:\/\/gethowies.com\/se\/wp-json\/wp\/v2\/product"}],"about":[{"href":"https:\/\/gethowies.com\/se\/wp-json\/wp\/v2\/types\/product"}],"replies":[{"embeddable":true,"href":"https:\/\/gethowies.com\/se\/wp-json\/wp\/v2\/comments?post=5389"}],"wp:featuredmedia":[{"embeddable":true,"href":"https:\/\/gethowies.com\/se\/wp-json\/wp\/v2\/media\/5390"}],"wp:attachment":[{"href":"https:\/\/gethowies.com\/se\/wp-json\/wp\/v2\/media?parent=5389"}],"wp:term":[{"taxonomy":"product_brand","embeddable":true,"href":"https:\/\/gethowies.com\/se\/wp-json\/wp\/v2\/product_brand?post=5389"},{"taxonomy":"product_cat","embeddable":true,"href":"https:\/\/gethowies.com\/se\/wp-json\/wp\/v2\/product_cat?post=5389"},{"taxonomy":"product_tag","embeddable":true,"href":"https:\/\/gethowies.com\/se\/wp-json\/wp\/v2\/product_tag?post=5389"}],"curies":[{"name":"wp","href":"https:\/\/api.w.org\/{rel}","templated":true}]}}