{"id":5653,"date":"2018-04-01T10:45:15","date_gmt":"2018-04-01T08:45:15","guid":{"rendered":"https:\/\/hockeylife.se\/?post_type=product&#038;p=5653"},"modified":"2022-12-18T13:52:39","modified_gmt":"2022-12-18T12:52:39","slug":"howies-tejp-sax","status":"publish","type":"product","link":"https:\/\/gethowies.com\/se\/produkt\/howies-tejp-sax\/","title":{"rendered":"Howies Tejp Sax"},"content":{"rendered":"<p>Du \u00e4r precis som alla seri\u00f6sa ishockeyspelare noggrann med din tejpning av bladet innan match och tr\u00e4ning. 25 mm eller 36 mm bred, Howies tejp \u00e4r en smaksak, men oavsett s\u00e5 g\u00e4ller det att f\u00e5 till avslutningen. V\u00e5r specialdesignade tejp sax i rostfritt st\u00e5l ger dit tejp arbete ett perfekt avslut till ditt blad genom sin konstruktion och skarpa kanter.<\/p>\n","protected":false},"excerpt":{"rendered":"<p>Du \u00e4r precis som alla seri\u00f6sa ishockeyspelare noggrann med din tejpning av bladet innan match och tr\u00e4ning. 25 mm eller 36 mm bred, Howies tejp \u00e4r en smaksak, men oavsett s\u00e5 g\u00e4ller det att f\u00e5 till avslutningen. V\u00e5r specialdesignade tejp sax i rostfritt st\u00e5l ger dit tejp arbete ett perfekt avslut till ditt blad genom [&#8230;]\n","protected":false},"featured_media":5654,"comment_status":"closed","ping_status":"closed","template":"","meta":{"inline_featured_image":false},"product_brand":[],"product_cat":[141],"product_tag":[],"class_list":{"0":"post-5653","1":"product","2":"type-product","3":"status-publish","4":"has-post-thumbnail","6":"product_cat-tillbehor","8":"first","9":"instock","10":"shipping-taxable","11":"purchasable","12":"product-type-simple"},"yoast_head":"<!-- This site is optimized with the Yoast SEO plugin v27.5 - https:\/\/yoast.com\/product\/yoast-seo-wordpress\/ -->\n<title>Howies Tejp Sax - Howies Hockey Sverige<\/title>\n<meta name=\"robots\" content=\"index, follow, max-snippet:-1, max-image-preview:large, max-video-preview:-1\" \/>\n<link rel=\"canonical\" href=\"https:\/\/gethowies.com\/se\/produkt\/howies-tejp-sax\/\" \/>\n<meta property=\"og:locale\" content=\"sv_SE\" \/>\n<meta property=\"og:type\" content=\"article\" \/>\n<meta property=\"og:title\" content=\"Howies Tejp Sax - Howies Hockey Sverige\" \/>\n<meta property=\"og:description\" content=\"Du \u00e4r precis som alla seri\u00f6sa ishockeyspelare noggrann med din tejpning av bladet innan match och tr\u00e4ning. 25 mm eller 36 mm bred, Howies tejp \u00e4r en smaksak, men oavsett s\u00e5 g\u00e4ller det att f\u00e5 till avslutningen. V\u00e5r specialdesignade tejp sax i rostfritt st\u00e5l ger dit tejp arbete ett perfekt avslut till ditt blad genom [...]\" \/>\n<meta property=\"og:url\" content=\"https:\/\/gethowies.com\/se\/produkt\/howies-tejp-sax\/\" \/>\n<meta property=\"og:site_name\" content=\"Howies Hockey Sverige\" \/>\n<meta property=\"article:modified_time\" content=\"2022-12-18T12:52:39+00:00\" \/>\n<meta property=\"og:image\" content=\"https:\/\/gethowies.com\/se\/wp-content\/uploads\/sites\/2\/2018\/04\/howiestape-scissors.jpg_640x640.jpg\" \/>\n\t<meta property=\"og:image:width\" content=\"558\" \/>\n\t<meta property=\"og:image:height\" content=\"558\" \/>\n\t<meta property=\"og:image:type\" content=\"image\/jpeg\" \/>\n<meta name=\"twitter:card\" content=\"summary_large_image\" \/>\n<script type=\"application\/ld+json\" class=\"yoast-schema-graph\">{\"@context\":\"https:\\\/\\\/schema.org\",\"@graph\":[{\"@type\":\"WebPage\",\"@id\":\"https:\\\/\\\/gethowies.com\\\/se\\\/produkt\\\/howies-tejp-sax\\\/\",\"url\":\"https:\\\/\\\/gethowies.com\\\/se\\\/produkt\\\/howies-tejp-sax\\\/\",\"name\":\"Howies Tejp Sax - Howies Hockey Sverige\",\"isPartOf\":{\"@id\":\"https:\\\/\\\/gethowies.com\\\/se\\\/#website\"},\"primaryImageOfPage\":{\"@id\":\"https:\\\/\\\/gethowies.com\\\/se\\\/produkt\\\/howies-tejp-sax\\\/#primaryimage\"},\"image\":{\"@id\":\"https:\\\/\\\/gethowies.com\\\/se\\\/produkt\\\/howies-tejp-sax\\\/#primaryimage\"},\"thumbnailUrl\":\"https:\\\/\\\/gethowies.com\\\/se\\\/wp-content\\\/uploads\\\/sites\\\/2\\\/2018\\\/04\\\/howiestape-scissors.jpg_640x640.jpg\",\"datePublished\":\"2018-04-01T08:45:15+00:00\",\"dateModified\":\"2022-12-18T12:52:39+00:00\",\"breadcrumb\":{\"@id\":\"https:\\\/\\\/gethowies.com\\\/se\\\/produkt\\\/howies-tejp-sax\\\/#breadcrumb\"},\"inLanguage\":\"sv-SE\",\"potentialAction\":[{\"@type\":\"ReadAction\",\"target\":[\"https:\\\/\\\/gethowies.com\\\/se\\\/produkt\\\/howies-tejp-sax\\\/\"]}]},{\"@type\":\"ImageObject\",\"inLanguage\":\"sv-SE\",\"@id\":\"https:\\\/\\\/gethowies.com\\\/se\\\/produkt\\\/howies-tejp-sax\\\/#primaryimage\",\"url\":\"https:\\\/\\\/gethowies.com\\\/se\\\/wp-content\\\/uploads\\\/sites\\\/2\\\/2018\\\/04\\\/howiestape-scissors.jpg_640x640.jpg\",\"contentUrl\":\"https:\\\/\\\/gethowies.com\\\/se\\\/wp-content\\\/uploads\\\/sites\\\/2\\\/2018\\\/04\\\/howiestape-scissors.jpg_640x640.jpg\",\"width\":558,\"height\":558},{\"@type\":\"BreadcrumbList\",\"@id\":\"https:\\\/\\\/gethowies.com\\\/se\\\/produkt\\\/howies-tejp-sax\\\/#breadcrumb\",\"itemListElement\":[{\"@type\":\"ListItem\",\"position\":1,\"name\":\"Hem\",\"item\":\"https:\\\/\\\/gethowies.com\\\/se\\\/\"},{\"@type\":\"ListItem\",\"position\":2,\"name\":\"Shop\",\"item\":\"https:\\\/\\\/gethowies.com\\\/se\\\/shop\\\/\"},{\"@type\":\"ListItem\",\"position\":3,\"name\":\"Howies Tejp Sax\"}]},{\"@type\":\"WebSite\",\"@id\":\"https:\\\/\\\/gethowies.com\\\/se\\\/#website\",\"url\":\"https:\\\/\\\/gethowies.com\\\/se\\\/\",\"name\":\"Howies Hockey Sverige\",\"description\":\"\",\"potentialAction\":[{\"@type\":\"SearchAction\",\"target\":{\"@type\":\"EntryPoint\",\"urlTemplate\":\"https:\\\/\\\/gethowies.com\\\/se\\\/?s={search_term_string}\"},\"query-input\":{\"@type\":\"PropertyValueSpecification\",\"valueRequired\":true,\"valueName\":\"search_term_string\"}}],\"inLanguage\":\"sv-SE\"}]}<\/script>\n<!-- \/ Yoast SEO plugin. -->","yoast_head_json":{"title":"Howies Tejp Sax - Howies Hockey Sverige","robots":{"index":"index","follow":"follow","max-snippet":"max-snippet:-1","max-image-preview":"max-image-preview:large","max-video-preview":"max-video-preview:-1"},"canonical":"https:\/\/gethowies.com\/se\/produkt\/howies-tejp-sax\/","og_locale":"sv_SE","og_type":"article","og_title":"Howies Tejp Sax - Howies Hockey Sverige","og_description":"Du \u00e4r precis som alla seri\u00f6sa ishockeyspelare noggrann med din tejpning av bladet innan match och tr\u00e4ning. 25 mm eller 36 mm bred, Howies tejp \u00e4r en smaksak, men oavsett s\u00e5 g\u00e4ller det att f\u00e5 till avslutningen. V\u00e5r specialdesignade tejp sax i rostfritt st\u00e5l ger dit tejp arbete ett perfekt avslut till ditt blad genom [...]","og_url":"https:\/\/gethowies.com\/se\/produkt\/howies-tejp-sax\/","og_site_name":"Howies Hockey Sverige","article_modified_time":"2022-12-18T12:52:39+00:00","og_image":[{"width":558,"height":558,"url":"https:\/\/gethowies.com\/se\/wp-content\/uploads\/sites\/2\/2018\/04\/howiestape-scissors.jpg_640x640.jpg","type":"image\/jpeg"}],"twitter_card":"summary_large_image","schema":{"@context":"https:\/\/schema.org","@graph":[{"@type":"WebPage","@id":"https:\/\/gethowies.com\/se\/produkt\/howies-tejp-sax\/","url":"https:\/\/gethowies.com\/se\/produkt\/howies-tejp-sax\/","name":"Howies Tejp Sax - Howies Hockey Sverige","isPartOf":{"@id":"https:\/\/gethowies.com\/se\/#website"},"primaryImageOfPage":{"@id":"https:\/\/gethowies.com\/se\/produkt\/howies-tejp-sax\/#primaryimage"},"image":{"@id":"https:\/\/gethowies.com\/se\/produkt\/howies-tejp-sax\/#primaryimage"},"thumbnailUrl":"https:\/\/gethowies.com\/se\/wp-content\/uploads\/sites\/2\/2018\/04\/howiestape-scissors.jpg_640x640.jpg","datePublished":"2018-04-01T08:45:15+00:00","dateModified":"2022-12-18T12:52:39+00:00","breadcrumb":{"@id":"https:\/\/gethowies.com\/se\/produkt\/howies-tejp-sax\/#breadcrumb"},"inLanguage":"sv-SE","potentialAction":[{"@type":"ReadAction","target":["https:\/\/gethowies.com\/se\/produkt\/howies-tejp-sax\/"]}]},{"@type":"ImageObject","inLanguage":"sv-SE","@id":"https:\/\/gethowies.com\/se\/produkt\/howies-tejp-sax\/#primaryimage","url":"https:\/\/gethowies.com\/se\/wp-content\/uploads\/sites\/2\/2018\/04\/howiestape-scissors.jpg_640x640.jpg","contentUrl":"https:\/\/gethowies.com\/se\/wp-content\/uploads\/sites\/2\/2018\/04\/howiestape-scissors.jpg_640x640.jpg","width":558,"height":558},{"@type":"BreadcrumbList","@id":"https:\/\/gethowies.com\/se\/produkt\/howies-tejp-sax\/#breadcrumb","itemListElement":[{"@type":"ListItem","position":1,"name":"Hem","item":"https:\/\/gethowies.com\/se\/"},{"@type":"ListItem","position":2,"name":"Shop","item":"https:\/\/gethowies.com\/se\/shop\/"},{"@type":"ListItem","position":3,"name":"Howies Tejp Sax"}]},{"@type":"WebSite","@id":"https:\/\/gethowies.com\/se\/#website","url":"https:\/\/gethowies.com\/se\/","name":"Howies Hockey Sverige","description":"","potentialAction":[{"@type":"SearchAction","target":{"@type":"EntryPoint","urlTemplate":"https:\/\/gethowies.com\/se\/?s={search_term_string}"},"query-input":{"@type":"PropertyValueSpecification","valueRequired":true,"valueName":"search_term_string"}}],"inLanguage":"sv-SE"}]}},"_links":{"self":[{"href":"https:\/\/gethowies.com\/se\/wp-json\/wp\/v2\/product\/5653","targetHints":{"allow":["GET"]}}],"collection":[{"href":"https:\/\/gethowies.com\/se\/wp-json\/wp\/v2\/product"}],"about":[{"href":"https:\/\/gethowies.com\/se\/wp-json\/wp\/v2\/types\/product"}],"replies":[{"embeddable":true,"href":"https:\/\/gethowies.com\/se\/wp-json\/wp\/v2\/comments?post=5653"}],"wp:featuredmedia":[{"embeddable":true,"href":"https:\/\/gethowies.com\/se\/wp-json\/wp\/v2\/media\/5654"}],"wp:attachment":[{"href":"https:\/\/gethowies.com\/se\/wp-json\/wp\/v2\/media?parent=5653"}],"wp:term":[{"taxonomy":"product_brand","embeddable":true,"href":"https:\/\/gethowies.com\/se\/wp-json\/wp\/v2\/product_brand?post=5653"},{"taxonomy":"product_cat","embeddable":true,"href":"https:\/\/gethowies.com\/se\/wp-json\/wp\/v2\/product_cat?post=5653"},{"taxonomy":"product_tag","embeddable":true,"href":"https:\/\/gethowies.com\/se\/wp-json\/wp\/v2\/product_tag?post=5653"}],"curies":[{"name":"wp","href":"https:\/\/api.w.org\/{rel}","templated":true}]}}