{"id":6068,"date":"2018-07-20T22:49:55","date_gmt":"2018-07-20T20:49:55","guid":{"rendered":"https:\/\/hockeylife.se\/?post_type=product&#038;p=6068"},"modified":"2022-12-12T16:57:50","modified_gmt":"2022-12-12T15:57:50","slug":"tape-tiger","status":"publish","type":"product","link":"https:\/\/gethowies.com\/se\/produkt\/tape-tiger\/","title":{"rendered":"Tape Tiger"},"content":{"rendered":"<p>Tape Tiger avl\u00e4gsnar tejpen fr\u00e5n bladet i ett svep snabbt och smidigt utan att skada bladet. Tape Tiger har tidigare varit NHL materialf\u00f6rvaltarnas egna special verktyg som vi nu f\u00e5tt tillg\u00e5ng till. Ett oumb\u00e4rligt verktyg f\u00f6r alla spelare att ha i Tape bagen. Tape Tiger levereras med extra blad i varje f\u00f6rpackning<\/p>\n","protected":false},"excerpt":{"rendered":"<p>Tape Tiger avl\u00e4gsnar tejpen fr\u00e5n bladet i ett svep snabbt och smidigt utan att skada bladet. Tape Tiger har tidigare varit NHL materialf\u00f6rvaltarnas egna special verktyg som vi nu f\u00e5tt tillg\u00e5ng till. Ett oumb\u00e4rligt verktyg f\u00f6r alla spelare att ha i Tape bagen. Tape Tiger levereras med extra blad i varje f\u00f6rpackning<\/p>\n","protected":false},"featured_media":6069,"comment_status":"closed","ping_status":"closed","template":"","meta":{"inline_featured_image":false},"product_brand":[],"product_cat":[141],"product_tag":[],"class_list":{"0":"post-6068","1":"product","2":"type-product","3":"status-publish","4":"has-post-thumbnail","6":"product_cat-tillbehor","8":"first","9":"instock","10":"shipping-taxable","11":"purchasable","12":"product-type-simple"},"yoast_head":"<!-- This site is optimized with the Yoast SEO plugin v27.5 - https:\/\/yoast.com\/product\/yoast-seo-wordpress\/ -->\n<title>Tape Tiger - Howies Hockey Sverige<\/title>\n<meta name=\"robots\" content=\"index, follow, max-snippet:-1, max-image-preview:large, max-video-preview:-1\" \/>\n<link rel=\"canonical\" href=\"https:\/\/gethowies.com\/se\/produkt\/tape-tiger\/\" \/>\n<meta property=\"og:locale\" content=\"sv_SE\" \/>\n<meta property=\"og:type\" content=\"article\" \/>\n<meta property=\"og:title\" content=\"Tape Tiger - Howies Hockey Sverige\" \/>\n<meta property=\"og:description\" content=\"Tape Tiger avl\u00e4gsnar tejpen fr\u00e5n bladet i ett svep snabbt och smidigt utan att skada bladet. Tape Tiger har tidigare varit NHL materialf\u00f6rvaltarnas egna special verktyg som vi nu f\u00e5tt tillg\u00e5ng till. Ett oumb\u00e4rligt verktyg f\u00f6r alla spelare att ha i Tape bagen. Tape Tiger levereras med extra blad i varje f\u00f6rpackning\" \/>\n<meta property=\"og:url\" content=\"https:\/\/gethowies.com\/se\/produkt\/tape-tiger\/\" \/>\n<meta property=\"og:site_name\" content=\"Howies Hockey Sverige\" \/>\n<meta property=\"article:modified_time\" content=\"2022-12-12T15:57:50+00:00\" \/>\n<meta property=\"og:image\" content=\"https:\/\/gethowies.com\/se\/wp-content\/uploads\/sites\/2\/2018\/07\/tape_tiger_grande.jpg\" \/>\n\t<meta property=\"og:image:width\" content=\"540\" \/>\n\t<meta property=\"og:image:height\" content=\"540\" \/>\n\t<meta property=\"og:image:type\" content=\"image\/jpeg\" \/>\n<meta name=\"twitter:card\" content=\"summary_large_image\" \/>\n<script type=\"application\/ld+json\" class=\"yoast-schema-graph\">{\"@context\":\"https:\\\/\\\/schema.org\",\"@graph\":[{\"@type\":\"WebPage\",\"@id\":\"https:\\\/\\\/gethowies.com\\\/se\\\/produkt\\\/tape-tiger\\\/\",\"url\":\"https:\\\/\\\/gethowies.com\\\/se\\\/produkt\\\/tape-tiger\\\/\",\"name\":\"Tape Tiger - Howies Hockey Sverige\",\"isPartOf\":{\"@id\":\"https:\\\/\\\/gethowies.com\\\/se\\\/#website\"},\"primaryImageOfPage\":{\"@id\":\"https:\\\/\\\/gethowies.com\\\/se\\\/produkt\\\/tape-tiger\\\/#primaryimage\"},\"image\":{\"@id\":\"https:\\\/\\\/gethowies.com\\\/se\\\/produkt\\\/tape-tiger\\\/#primaryimage\"},\"thumbnailUrl\":\"https:\\\/\\\/gethowies.com\\\/se\\\/wp-content\\\/uploads\\\/sites\\\/2\\\/2018\\\/07\\\/tape_tiger_grande.jpg\",\"datePublished\":\"2018-07-20T20:49:55+00:00\",\"dateModified\":\"2022-12-12T15:57:50+00:00\",\"breadcrumb\":{\"@id\":\"https:\\\/\\\/gethowies.com\\\/se\\\/produkt\\\/tape-tiger\\\/#breadcrumb\"},\"inLanguage\":\"sv-SE\",\"potentialAction\":[{\"@type\":\"ReadAction\",\"target\":[\"https:\\\/\\\/gethowies.com\\\/se\\\/produkt\\\/tape-tiger\\\/\"]}]},{\"@type\":\"ImageObject\",\"inLanguage\":\"sv-SE\",\"@id\":\"https:\\\/\\\/gethowies.com\\\/se\\\/produkt\\\/tape-tiger\\\/#primaryimage\",\"url\":\"https:\\\/\\\/gethowies.com\\\/se\\\/wp-content\\\/uploads\\\/sites\\\/2\\\/2018\\\/07\\\/tape_tiger_grande.jpg\",\"contentUrl\":\"https:\\\/\\\/gethowies.com\\\/se\\\/wp-content\\\/uploads\\\/sites\\\/2\\\/2018\\\/07\\\/tape_tiger_grande.jpg\",\"width\":540,\"height\":540},{\"@type\":\"BreadcrumbList\",\"@id\":\"https:\\\/\\\/gethowies.com\\\/se\\\/produkt\\\/tape-tiger\\\/#breadcrumb\",\"itemListElement\":[{\"@type\":\"ListItem\",\"position\":1,\"name\":\"Hem\",\"item\":\"https:\\\/\\\/gethowies.com\\\/se\\\/\"},{\"@type\":\"ListItem\",\"position\":2,\"name\":\"Shop\",\"item\":\"https:\\\/\\\/gethowies.com\\\/se\\\/shop\\\/\"},{\"@type\":\"ListItem\",\"position\":3,\"name\":\"Tape Tiger\"}]},{\"@type\":\"WebSite\",\"@id\":\"https:\\\/\\\/gethowies.com\\\/se\\\/#website\",\"url\":\"https:\\\/\\\/gethowies.com\\\/se\\\/\",\"name\":\"Howies Hockey Sverige\",\"description\":\"\",\"potentialAction\":[{\"@type\":\"SearchAction\",\"target\":{\"@type\":\"EntryPoint\",\"urlTemplate\":\"https:\\\/\\\/gethowies.com\\\/se\\\/?s={search_term_string}\"},\"query-input\":{\"@type\":\"PropertyValueSpecification\",\"valueRequired\":true,\"valueName\":\"search_term_string\"}}],\"inLanguage\":\"sv-SE\"}]}<\/script>\n<!-- \/ Yoast SEO plugin. -->","yoast_head_json":{"title":"Tape Tiger - Howies Hockey Sverige","robots":{"index":"index","follow":"follow","max-snippet":"max-snippet:-1","max-image-preview":"max-image-preview:large","max-video-preview":"max-video-preview:-1"},"canonical":"https:\/\/gethowies.com\/se\/produkt\/tape-tiger\/","og_locale":"sv_SE","og_type":"article","og_title":"Tape Tiger - Howies Hockey Sverige","og_description":"Tape Tiger avl\u00e4gsnar tejpen fr\u00e5n bladet i ett svep snabbt och smidigt utan att skada bladet. Tape Tiger har tidigare varit NHL materialf\u00f6rvaltarnas egna special verktyg som vi nu f\u00e5tt tillg\u00e5ng till. Ett oumb\u00e4rligt verktyg f\u00f6r alla spelare att ha i Tape bagen. Tape Tiger levereras med extra blad i varje f\u00f6rpackning","og_url":"https:\/\/gethowies.com\/se\/produkt\/tape-tiger\/","og_site_name":"Howies Hockey Sverige","article_modified_time":"2022-12-12T15:57:50+00:00","og_image":[{"width":540,"height":540,"url":"https:\/\/gethowies.com\/se\/wp-content\/uploads\/sites\/2\/2018\/07\/tape_tiger_grande.jpg","type":"image\/jpeg"}],"twitter_card":"summary_large_image","schema":{"@context":"https:\/\/schema.org","@graph":[{"@type":"WebPage","@id":"https:\/\/gethowies.com\/se\/produkt\/tape-tiger\/","url":"https:\/\/gethowies.com\/se\/produkt\/tape-tiger\/","name":"Tape Tiger - Howies Hockey Sverige","isPartOf":{"@id":"https:\/\/gethowies.com\/se\/#website"},"primaryImageOfPage":{"@id":"https:\/\/gethowies.com\/se\/produkt\/tape-tiger\/#primaryimage"},"image":{"@id":"https:\/\/gethowies.com\/se\/produkt\/tape-tiger\/#primaryimage"},"thumbnailUrl":"https:\/\/gethowies.com\/se\/wp-content\/uploads\/sites\/2\/2018\/07\/tape_tiger_grande.jpg","datePublished":"2018-07-20T20:49:55+00:00","dateModified":"2022-12-12T15:57:50+00:00","breadcrumb":{"@id":"https:\/\/gethowies.com\/se\/produkt\/tape-tiger\/#breadcrumb"},"inLanguage":"sv-SE","potentialAction":[{"@type":"ReadAction","target":["https:\/\/gethowies.com\/se\/produkt\/tape-tiger\/"]}]},{"@type":"ImageObject","inLanguage":"sv-SE","@id":"https:\/\/gethowies.com\/se\/produkt\/tape-tiger\/#primaryimage","url":"https:\/\/gethowies.com\/se\/wp-content\/uploads\/sites\/2\/2018\/07\/tape_tiger_grande.jpg","contentUrl":"https:\/\/gethowies.com\/se\/wp-content\/uploads\/sites\/2\/2018\/07\/tape_tiger_grande.jpg","width":540,"height":540},{"@type":"BreadcrumbList","@id":"https:\/\/gethowies.com\/se\/produkt\/tape-tiger\/#breadcrumb","itemListElement":[{"@type":"ListItem","position":1,"name":"Hem","item":"https:\/\/gethowies.com\/se\/"},{"@type":"ListItem","position":2,"name":"Shop","item":"https:\/\/gethowies.com\/se\/shop\/"},{"@type":"ListItem","position":3,"name":"Tape Tiger"}]},{"@type":"WebSite","@id":"https:\/\/gethowies.com\/se\/#website","url":"https:\/\/gethowies.com\/se\/","name":"Howies Hockey Sverige","description":"","potentialAction":[{"@type":"SearchAction","target":{"@type":"EntryPoint","urlTemplate":"https:\/\/gethowies.com\/se\/?s={search_term_string}"},"query-input":{"@type":"PropertyValueSpecification","valueRequired":true,"valueName":"search_term_string"}}],"inLanguage":"sv-SE"}]}},"_links":{"self":[{"href":"https:\/\/gethowies.com\/se\/wp-json\/wp\/v2\/product\/6068","targetHints":{"allow":["GET"]}}],"collection":[{"href":"https:\/\/gethowies.com\/se\/wp-json\/wp\/v2\/product"}],"about":[{"href":"https:\/\/gethowies.com\/se\/wp-json\/wp\/v2\/types\/product"}],"replies":[{"embeddable":true,"href":"https:\/\/gethowies.com\/se\/wp-json\/wp\/v2\/comments?post=6068"}],"wp:featuredmedia":[{"embeddable":true,"href":"https:\/\/gethowies.com\/se\/wp-json\/wp\/v2\/media\/6069"}],"wp:attachment":[{"href":"https:\/\/gethowies.com\/se\/wp-json\/wp\/v2\/media?parent=6068"}],"wp:term":[{"taxonomy":"product_brand","embeddable":true,"href":"https:\/\/gethowies.com\/se\/wp-json\/wp\/v2\/product_brand?post=6068"},{"taxonomy":"product_cat","embeddable":true,"href":"https:\/\/gethowies.com\/se\/wp-json\/wp\/v2\/product_cat?post=6068"},{"taxonomy":"product_tag","embeddable":true,"href":"https:\/\/gethowies.com\/se\/wp-json\/wp\/v2\/product_tag?post=6068"}],"curies":[{"name":"wp","href":"https:\/\/api.w.org\/{rel}","templated":true}]}}