{"id":6232,"date":"2018-08-14T21:43:06","date_gmt":"2018-08-14T19:43:06","guid":{"rendered":"https:\/\/hockeylife.se\/?post_type=product&#038;p=6232"},"modified":"2023-02-06T21:57:19","modified_gmt":"2023-02-06T20:57:19","slug":"howies-achilles-heel-gel-pad","status":"publish","type":"product","link":"https:\/\/gethowies.com\/se\/produkt\/howies-achilles-heel-gel-pad\/","title":{"rendered":"Howies Achilles Heel Gel Pad"},"content":{"rendered":"<p>V\u00e5ra hockey gel pads \u00e4r special anpassade f\u00f6r skridskor, varje gel pad har klister p\u00e5 baksidan och appliceras enkelt p\u00e5 plats. V\u00e5ra special designade gel pads i silikon material avlastar, skyddar och f\u00f6rhindrar sm\u00e4rta p\u00e5 akilles. Levereras i f\u00f6rpackning om ett par \/ 2 styck.<\/p>\n<p>&nbsp;<\/p>\n","protected":false},"excerpt":{"rendered":"<p>V\u00e5ra hockey gel pads \u00e4r special anpassade f\u00f6r skridskor, varje gel pad har klister p\u00e5 baksidan och appliceras enkelt p\u00e5 plats. V\u00e5ra special designade gel pads i silikon material avlastar, skyddar och f\u00f6rhindrar sm\u00e4rta p\u00e5 akilles. Levereras i f\u00f6rpackning om ett par \/ 2 styck. &nbsp;<\/p>\n","protected":false},"featured_media":6233,"comment_status":"closed","ping_status":"closed","template":"","meta":{"inline_featured_image":false},"product_brand":[],"product_cat":[141],"product_tag":[],"class_list":{"0":"post-6232","1":"product","2":"type-product","3":"status-publish","4":"has-post-thumbnail","6":"product_cat-tillbehor","8":"first","9":"instock","10":"shipping-taxable","11":"purchasable","12":"product-type-simple"},"yoast_head":"<!-- This site is optimized with the Yoast SEO plugin v27.5 - https:\/\/yoast.com\/product\/yoast-seo-wordpress\/ -->\n<title>Howies Achilles Heel Gel Pad - Howies Hockey Sverige<\/title>\n<meta name=\"robots\" content=\"index, follow, max-snippet:-1, max-image-preview:large, max-video-preview:-1\" \/>\n<link rel=\"canonical\" href=\"https:\/\/gethowies.com\/se\/produkt\/howies-achilles-heel-gel-pad\/\" \/>\n<meta property=\"og:locale\" content=\"sv_SE\" \/>\n<meta property=\"og:type\" content=\"article\" \/>\n<meta property=\"og:title\" content=\"Howies Achilles Heel Gel Pad - Howies Hockey Sverige\" \/>\n<meta property=\"og:description\" content=\"V\u00e5ra hockey gel pads \u00e4r special anpassade f\u00f6r skridskor, varje gel pad har klister p\u00e5 baksidan och appliceras enkelt p\u00e5 plats. V\u00e5ra special designade gel pads i silikon material avlastar, skyddar och f\u00f6rhindrar sm\u00e4rta p\u00e5 akilles. Levereras i f\u00f6rpackning om ett par \/ 2 styck. &nbsp;\" \/>\n<meta property=\"og:url\" content=\"https:\/\/gethowies.com\/se\/produkt\/howies-achilles-heel-gel-pad\/\" \/>\n<meta property=\"og:site_name\" content=\"Howies Hockey Sverige\" \/>\n<meta property=\"article:modified_time\" content=\"2023-02-06T20:57:19+00:00\" \/>\n<meta property=\"og:image\" content=\"https:\/\/gethowies.com\/se\/wp-content\/uploads\/sites\/2\/2018\/08\/hht-achilles-gelpad.jpg\" \/>\n\t<meta property=\"og:image:width\" content=\"480\" \/>\n\t<meta property=\"og:image:height\" content=\"480\" \/>\n\t<meta property=\"og:image:type\" content=\"image\/jpeg\" \/>\n<meta name=\"twitter:card\" content=\"summary_large_image\" \/>\n<script type=\"application\/ld+json\" class=\"yoast-schema-graph\">{\"@context\":\"https:\\\/\\\/schema.org\",\"@graph\":[{\"@type\":\"WebPage\",\"@id\":\"https:\\\/\\\/gethowies.com\\\/se\\\/produkt\\\/howies-achilles-heel-gel-pad\\\/\",\"url\":\"https:\\\/\\\/gethowies.com\\\/se\\\/produkt\\\/howies-achilles-heel-gel-pad\\\/\",\"name\":\"Howies Achilles Heel Gel Pad - Howies Hockey Sverige\",\"isPartOf\":{\"@id\":\"https:\\\/\\\/gethowies.com\\\/se\\\/#website\"},\"primaryImageOfPage\":{\"@id\":\"https:\\\/\\\/gethowies.com\\\/se\\\/produkt\\\/howies-achilles-heel-gel-pad\\\/#primaryimage\"},\"image\":{\"@id\":\"https:\\\/\\\/gethowies.com\\\/se\\\/produkt\\\/howies-achilles-heel-gel-pad\\\/#primaryimage\"},\"thumbnailUrl\":\"https:\\\/\\\/gethowies.com\\\/se\\\/wp-content\\\/uploads\\\/sites\\\/2\\\/2018\\\/08\\\/hht-achilles-gelpad.jpg\",\"datePublished\":\"2018-08-14T19:43:06+00:00\",\"dateModified\":\"2023-02-06T20:57:19+00:00\",\"breadcrumb\":{\"@id\":\"https:\\\/\\\/gethowies.com\\\/se\\\/produkt\\\/howies-achilles-heel-gel-pad\\\/#breadcrumb\"},\"inLanguage\":\"sv-SE\",\"potentialAction\":[{\"@type\":\"ReadAction\",\"target\":[\"https:\\\/\\\/gethowies.com\\\/se\\\/produkt\\\/howies-achilles-heel-gel-pad\\\/\"]}]},{\"@type\":\"ImageObject\",\"inLanguage\":\"sv-SE\",\"@id\":\"https:\\\/\\\/gethowies.com\\\/se\\\/produkt\\\/howies-achilles-heel-gel-pad\\\/#primaryimage\",\"url\":\"https:\\\/\\\/gethowies.com\\\/se\\\/wp-content\\\/uploads\\\/sites\\\/2\\\/2018\\\/08\\\/hht-achilles-gelpad.jpg\",\"contentUrl\":\"https:\\\/\\\/gethowies.com\\\/se\\\/wp-content\\\/uploads\\\/sites\\\/2\\\/2018\\\/08\\\/hht-achilles-gelpad.jpg\",\"width\":480,\"height\":480},{\"@type\":\"BreadcrumbList\",\"@id\":\"https:\\\/\\\/gethowies.com\\\/se\\\/produkt\\\/howies-achilles-heel-gel-pad\\\/#breadcrumb\",\"itemListElement\":[{\"@type\":\"ListItem\",\"position\":1,\"name\":\"Hem\",\"item\":\"https:\\\/\\\/gethowies.com\\\/se\\\/\"},{\"@type\":\"ListItem\",\"position\":2,\"name\":\"Shop\",\"item\":\"https:\\\/\\\/gethowies.com\\\/se\\\/shop\\\/\"},{\"@type\":\"ListItem\",\"position\":3,\"name\":\"Howies Achilles Heel Gel Pad\"}]},{\"@type\":\"WebSite\",\"@id\":\"https:\\\/\\\/gethowies.com\\\/se\\\/#website\",\"url\":\"https:\\\/\\\/gethowies.com\\\/se\\\/\",\"name\":\"Howies Hockey Sverige\",\"description\":\"\",\"potentialAction\":[{\"@type\":\"SearchAction\",\"target\":{\"@type\":\"EntryPoint\",\"urlTemplate\":\"https:\\\/\\\/gethowies.com\\\/se\\\/?s={search_term_string}\"},\"query-input\":{\"@type\":\"PropertyValueSpecification\",\"valueRequired\":true,\"valueName\":\"search_term_string\"}}],\"inLanguage\":\"sv-SE\"}]}<\/script>\n<!-- \/ Yoast SEO plugin. -->","yoast_head_json":{"title":"Howies Achilles Heel Gel Pad - Howies Hockey Sverige","robots":{"index":"index","follow":"follow","max-snippet":"max-snippet:-1","max-image-preview":"max-image-preview:large","max-video-preview":"max-video-preview:-1"},"canonical":"https:\/\/gethowies.com\/se\/produkt\/howies-achilles-heel-gel-pad\/","og_locale":"sv_SE","og_type":"article","og_title":"Howies Achilles Heel Gel Pad - Howies Hockey Sverige","og_description":"V\u00e5ra hockey gel pads \u00e4r special anpassade f\u00f6r skridskor, varje gel pad har klister p\u00e5 baksidan och appliceras enkelt p\u00e5 plats. V\u00e5ra special designade gel pads i silikon material avlastar, skyddar och f\u00f6rhindrar sm\u00e4rta p\u00e5 akilles. Levereras i f\u00f6rpackning om ett par \/ 2 styck. &nbsp;","og_url":"https:\/\/gethowies.com\/se\/produkt\/howies-achilles-heel-gel-pad\/","og_site_name":"Howies Hockey Sverige","article_modified_time":"2023-02-06T20:57:19+00:00","og_image":[{"width":480,"height":480,"url":"https:\/\/gethowies.com\/se\/wp-content\/uploads\/sites\/2\/2018\/08\/hht-achilles-gelpad.jpg","type":"image\/jpeg"}],"twitter_card":"summary_large_image","schema":{"@context":"https:\/\/schema.org","@graph":[{"@type":"WebPage","@id":"https:\/\/gethowies.com\/se\/produkt\/howies-achilles-heel-gel-pad\/","url":"https:\/\/gethowies.com\/se\/produkt\/howies-achilles-heel-gel-pad\/","name":"Howies Achilles Heel Gel Pad - Howies Hockey Sverige","isPartOf":{"@id":"https:\/\/gethowies.com\/se\/#website"},"primaryImageOfPage":{"@id":"https:\/\/gethowies.com\/se\/produkt\/howies-achilles-heel-gel-pad\/#primaryimage"},"image":{"@id":"https:\/\/gethowies.com\/se\/produkt\/howies-achilles-heel-gel-pad\/#primaryimage"},"thumbnailUrl":"https:\/\/gethowies.com\/se\/wp-content\/uploads\/sites\/2\/2018\/08\/hht-achilles-gelpad.jpg","datePublished":"2018-08-14T19:43:06+00:00","dateModified":"2023-02-06T20:57:19+00:00","breadcrumb":{"@id":"https:\/\/gethowies.com\/se\/produkt\/howies-achilles-heel-gel-pad\/#breadcrumb"},"inLanguage":"sv-SE","potentialAction":[{"@type":"ReadAction","target":["https:\/\/gethowies.com\/se\/produkt\/howies-achilles-heel-gel-pad\/"]}]},{"@type":"ImageObject","inLanguage":"sv-SE","@id":"https:\/\/gethowies.com\/se\/produkt\/howies-achilles-heel-gel-pad\/#primaryimage","url":"https:\/\/gethowies.com\/se\/wp-content\/uploads\/sites\/2\/2018\/08\/hht-achilles-gelpad.jpg","contentUrl":"https:\/\/gethowies.com\/se\/wp-content\/uploads\/sites\/2\/2018\/08\/hht-achilles-gelpad.jpg","width":480,"height":480},{"@type":"BreadcrumbList","@id":"https:\/\/gethowies.com\/se\/produkt\/howies-achilles-heel-gel-pad\/#breadcrumb","itemListElement":[{"@type":"ListItem","position":1,"name":"Hem","item":"https:\/\/gethowies.com\/se\/"},{"@type":"ListItem","position":2,"name":"Shop","item":"https:\/\/gethowies.com\/se\/shop\/"},{"@type":"ListItem","position":3,"name":"Howies Achilles Heel Gel Pad"}]},{"@type":"WebSite","@id":"https:\/\/gethowies.com\/se\/#website","url":"https:\/\/gethowies.com\/se\/","name":"Howies Hockey Sverige","description":"","potentialAction":[{"@type":"SearchAction","target":{"@type":"EntryPoint","urlTemplate":"https:\/\/gethowies.com\/se\/?s={search_term_string}"},"query-input":{"@type":"PropertyValueSpecification","valueRequired":true,"valueName":"search_term_string"}}],"inLanguage":"sv-SE"}]}},"_links":{"self":[{"href":"https:\/\/gethowies.com\/se\/wp-json\/wp\/v2\/product\/6232","targetHints":{"allow":["GET"]}}],"collection":[{"href":"https:\/\/gethowies.com\/se\/wp-json\/wp\/v2\/product"}],"about":[{"href":"https:\/\/gethowies.com\/se\/wp-json\/wp\/v2\/types\/product"}],"replies":[{"embeddable":true,"href":"https:\/\/gethowies.com\/se\/wp-json\/wp\/v2\/comments?post=6232"}],"wp:featuredmedia":[{"embeddable":true,"href":"https:\/\/gethowies.com\/se\/wp-json\/wp\/v2\/media\/6233"}],"wp:attachment":[{"href":"https:\/\/gethowies.com\/se\/wp-json\/wp\/v2\/media?parent=6232"}],"wp:term":[{"taxonomy":"product_brand","embeddable":true,"href":"https:\/\/gethowies.com\/se\/wp-json\/wp\/v2\/product_brand?post=6232"},{"taxonomy":"product_cat","embeddable":true,"href":"https:\/\/gethowies.com\/se\/wp-json\/wp\/v2\/product_cat?post=6232"},{"taxonomy":"product_tag","embeddable":true,"href":"https:\/\/gethowies.com\/se\/wp-json\/wp\/v2\/product_tag?post=6232"}],"curies":[{"name":"wp","href":"https:\/\/api.w.org\/{rel}","templated":true}]}}