{"id":6470,"date":"2017-11-07T21:06:41","date_gmt":"2017-11-07T20:06:41","guid":{"rendered":"https:\/\/hockeylife.se\/?post_type=product&#038;p=285"},"modified":"2026-02-24T12:41:03","modified_gmt":"2026-02-24T11:41:03","slug":"howies-hockey-tape-bag","status":"publish","type":"product","link":"https:\/\/gethowies.com\/se\/produkt\/howies-hockey-tape-bag\/","title":{"rendered":"Howies Tape Bag"},"content":{"rendered":"<h3>Organisera dina prylar<\/h3>\n<div>Alla hockeyspelare vet vad som h\u00e4nder med en bra rulle tejp efter att du kastat den i v\u00e4skan. Efter ett par dagar \u00e4r den lite sliten. Efter en vecka eller tv\u00e5, \u00e4r den n\u00e4stan oanv\u00e4ndbar. Det \u00e4r d\u00e4rf\u00f6r vi skapade Howies Tejp Bag. Gjord f\u00f6r att skydda tejp, lagra extra skridskosn\u00f6ren, stickwax mm, och f\u00f6r att h\u00e5lla hela din v\u00e4ska organiserad. Tejp Bag&#8217;n befriar dig fr\u00e5n b\u00f6rdan av f\u00f6rst\u00f6rda rullar, borttappat stickvax och skridskosn\u00f6ren som pl\u00f6tsligt f\u00e5tt ben. Du har ju faktiskt v\u00e4rldens b\u00e4sta tejp&#8230; Nu \u00e4r det dags att h\u00e5lla det p\u00e5 det s\u00e4ttet.<\/div>\n<h3><\/h3>\n<h3>Storlek &amp; Material<\/h3>\n<p>L\u00e4ngd 25cm, H\u00f6jd 13cm, Bredd 13cm.\u00a0Tillverkad i 1680D polyester f\u00f6r extrem h\u00e5llbarhet.\u00a0Ett stort f\u00f6rvaringsfack med f\u00f6rst\u00e4rkt dragkedja.\u00a0ID h\u00e5llare f\u00f6r att personifiera din v\u00e4ska.<\/p>\n","protected":false},"excerpt":{"rendered":"<p>Tejpbag fr\u00e5n Howies Hockey, f\u00f6rvarar och skyddar dina tejprullar, sn\u00f6ren, wax och schampo.<\/p>\n","protected":false},"featured_media":4588,"comment_status":"closed","ping_status":"closed","template":"","meta":{"inline_featured_image":false},"product_brand":[],"product_cat":[141],"product_tag":[],"class_list":{"0":"post-6470","1":"product","2":"type-product","3":"status-publish","4":"has-post-thumbnail","6":"product_cat-tillbehor","8":"first","9":"instock","10":"shipping-taxable","11":"purchasable","12":"product-type-simple"},"yoast_head":"<!-- This site is optimized with the Yoast SEO plugin v27.5 - https:\/\/yoast.com\/product\/yoast-seo-wordpress\/ -->\n<title>Howies Tape Bag - Howies Hockey Sverige<\/title>\n<meta name=\"robots\" content=\"index, follow, max-snippet:-1, max-image-preview:large, max-video-preview:-1\" \/>\n<link rel=\"canonical\" href=\"https:\/\/gethowies.com\/se\/produkt\/howies-hockey-tape-bag\/\" \/>\n<meta property=\"og:locale\" content=\"sv_SE\" \/>\n<meta property=\"og:type\" content=\"article\" \/>\n<meta property=\"og:title\" content=\"Howies Tape Bag - Howies Hockey Sverige\" \/>\n<meta property=\"og:description\" content=\"Tejpbag fr\u00e5n Howies Hockey, f\u00f6rvarar och skyddar dina tejprullar, sn\u00f6ren, wax och schampo.\" \/>\n<meta property=\"og:url\" content=\"https:\/\/gethowies.com\/se\/produkt\/howies-hockey-tape-bag\/\" \/>\n<meta property=\"og:site_name\" content=\"Howies Hockey Sverige\" \/>\n<meta property=\"article:modified_time\" content=\"2026-02-24T11:41:03+00:00\" \/>\n<meta property=\"og:image\" content=\"https:\/\/gethowies.com\/se\/wp-content\/uploads\/sites\/2\/2017\/11\/hht-bag-4.jpg\" \/>\n\t<meta property=\"og:image:width\" content=\"1020\" \/>\n\t<meta property=\"og:image:height\" content=\"1020\" \/>\n\t<meta property=\"og:image:type\" content=\"image\/jpeg\" \/>\n<meta name=\"twitter:card\" content=\"summary_large_image\" \/>\n<meta name=\"twitter:label1\" content=\"Ber\u00e4knad l\u00e4stid\" \/>\n\t<meta name=\"twitter:data1\" content=\"1 minut\" \/>\n<script type=\"application\/ld+json\" class=\"yoast-schema-graph\">{\"@context\":\"https:\\\/\\\/schema.org\",\"@graph\":[{\"@type\":\"WebPage\",\"@id\":\"https:\\\/\\\/gethowies.com\\\/se\\\/produkt\\\/howies-hockey-tape-bag\\\/\",\"url\":\"https:\\\/\\\/gethowies.com\\\/se\\\/produkt\\\/howies-hockey-tape-bag\\\/\",\"name\":\"Howies Tape Bag - Howies Hockey Sverige\",\"isPartOf\":{\"@id\":\"https:\\\/\\\/gethowies.com\\\/se\\\/#website\"},\"primaryImageOfPage\":{\"@id\":\"https:\\\/\\\/gethowies.com\\\/se\\\/produkt\\\/howies-hockey-tape-bag\\\/#primaryimage\"},\"image\":{\"@id\":\"https:\\\/\\\/gethowies.com\\\/se\\\/produkt\\\/howies-hockey-tape-bag\\\/#primaryimage\"},\"thumbnailUrl\":\"https:\\\/\\\/gethowies.com\\\/se\\\/wp-content\\\/uploads\\\/sites\\\/2\\\/2017\\\/11\\\/hht-bag-4.jpg\",\"datePublished\":\"2017-11-07T20:06:41+00:00\",\"dateModified\":\"2026-02-24T11:41:03+00:00\",\"breadcrumb\":{\"@id\":\"https:\\\/\\\/gethowies.com\\\/se\\\/produkt\\\/howies-hockey-tape-bag\\\/#breadcrumb\"},\"inLanguage\":\"sv-SE\",\"potentialAction\":[{\"@type\":\"ReadAction\",\"target\":[\"https:\\\/\\\/gethowies.com\\\/se\\\/produkt\\\/howies-hockey-tape-bag\\\/\"]}]},{\"@type\":\"ImageObject\",\"inLanguage\":\"sv-SE\",\"@id\":\"https:\\\/\\\/gethowies.com\\\/se\\\/produkt\\\/howies-hockey-tape-bag\\\/#primaryimage\",\"url\":\"https:\\\/\\\/gethowies.com\\\/se\\\/wp-content\\\/uploads\\\/sites\\\/2\\\/2017\\\/11\\\/hht-bag-4.jpg\",\"contentUrl\":\"https:\\\/\\\/gethowies.com\\\/se\\\/wp-content\\\/uploads\\\/sites\\\/2\\\/2017\\\/11\\\/hht-bag-4.jpg\",\"width\":1020,\"height\":1020,\"caption\":\"Howies Hockey Tapebag\"},{\"@type\":\"BreadcrumbList\",\"@id\":\"https:\\\/\\\/gethowies.com\\\/se\\\/produkt\\\/howies-hockey-tape-bag\\\/#breadcrumb\",\"itemListElement\":[{\"@type\":\"ListItem\",\"position\":1,\"name\":\"Hem\",\"item\":\"https:\\\/\\\/gethowies.com\\\/se\\\/\"},{\"@type\":\"ListItem\",\"position\":2,\"name\":\"Shop\",\"item\":\"https:\\\/\\\/gethowies.com\\\/se\\\/shop\\\/\"},{\"@type\":\"ListItem\",\"position\":3,\"name\":\"Howies Tape Bag\"}]},{\"@type\":\"WebSite\",\"@id\":\"https:\\\/\\\/gethowies.com\\\/se\\\/#website\",\"url\":\"https:\\\/\\\/gethowies.com\\\/se\\\/\",\"name\":\"Howies Hockey Sverige\",\"description\":\"\",\"potentialAction\":[{\"@type\":\"SearchAction\",\"target\":{\"@type\":\"EntryPoint\",\"urlTemplate\":\"https:\\\/\\\/gethowies.com\\\/se\\\/?s={search_term_string}\"},\"query-input\":{\"@type\":\"PropertyValueSpecification\",\"valueRequired\":true,\"valueName\":\"search_term_string\"}}],\"inLanguage\":\"sv-SE\"}]}<\/script>\n<!-- \/ Yoast SEO plugin. -->","yoast_head_json":{"title":"Howies Tape Bag - Howies Hockey Sverige","robots":{"index":"index","follow":"follow","max-snippet":"max-snippet:-1","max-image-preview":"max-image-preview:large","max-video-preview":"max-video-preview:-1"},"canonical":"https:\/\/gethowies.com\/se\/produkt\/howies-hockey-tape-bag\/","og_locale":"sv_SE","og_type":"article","og_title":"Howies Tape Bag - Howies Hockey Sverige","og_description":"Tejpbag fr\u00e5n Howies Hockey, f\u00f6rvarar och skyddar dina tejprullar, sn\u00f6ren, wax och schampo.","og_url":"https:\/\/gethowies.com\/se\/produkt\/howies-hockey-tape-bag\/","og_site_name":"Howies Hockey Sverige","article_modified_time":"2026-02-24T11:41:03+00:00","og_image":[{"width":1020,"height":1020,"url":"https:\/\/gethowies.com\/se\/wp-content\/uploads\/sites\/2\/2017\/11\/hht-bag-4.jpg","type":"image\/jpeg"}],"twitter_card":"summary_large_image","twitter_misc":{"Ber\u00e4knad l\u00e4stid":"1 minut"},"schema":{"@context":"https:\/\/schema.org","@graph":[{"@type":"WebPage","@id":"https:\/\/gethowies.com\/se\/produkt\/howies-hockey-tape-bag\/","url":"https:\/\/gethowies.com\/se\/produkt\/howies-hockey-tape-bag\/","name":"Howies Tape Bag - Howies Hockey Sverige","isPartOf":{"@id":"https:\/\/gethowies.com\/se\/#website"},"primaryImageOfPage":{"@id":"https:\/\/gethowies.com\/se\/produkt\/howies-hockey-tape-bag\/#primaryimage"},"image":{"@id":"https:\/\/gethowies.com\/se\/produkt\/howies-hockey-tape-bag\/#primaryimage"},"thumbnailUrl":"https:\/\/gethowies.com\/se\/wp-content\/uploads\/sites\/2\/2017\/11\/hht-bag-4.jpg","datePublished":"2017-11-07T20:06:41+00:00","dateModified":"2026-02-24T11:41:03+00:00","breadcrumb":{"@id":"https:\/\/gethowies.com\/se\/produkt\/howies-hockey-tape-bag\/#breadcrumb"},"inLanguage":"sv-SE","potentialAction":[{"@type":"ReadAction","target":["https:\/\/gethowies.com\/se\/produkt\/howies-hockey-tape-bag\/"]}]},{"@type":"ImageObject","inLanguage":"sv-SE","@id":"https:\/\/gethowies.com\/se\/produkt\/howies-hockey-tape-bag\/#primaryimage","url":"https:\/\/gethowies.com\/se\/wp-content\/uploads\/sites\/2\/2017\/11\/hht-bag-4.jpg","contentUrl":"https:\/\/gethowies.com\/se\/wp-content\/uploads\/sites\/2\/2017\/11\/hht-bag-4.jpg","width":1020,"height":1020,"caption":"Howies Hockey Tapebag"},{"@type":"BreadcrumbList","@id":"https:\/\/gethowies.com\/se\/produkt\/howies-hockey-tape-bag\/#breadcrumb","itemListElement":[{"@type":"ListItem","position":1,"name":"Hem","item":"https:\/\/gethowies.com\/se\/"},{"@type":"ListItem","position":2,"name":"Shop","item":"https:\/\/gethowies.com\/se\/shop\/"},{"@type":"ListItem","position":3,"name":"Howies Tape Bag"}]},{"@type":"WebSite","@id":"https:\/\/gethowies.com\/se\/#website","url":"https:\/\/gethowies.com\/se\/","name":"Howies Hockey Sverige","description":"","potentialAction":[{"@type":"SearchAction","target":{"@type":"EntryPoint","urlTemplate":"https:\/\/gethowies.com\/se\/?s={search_term_string}"},"query-input":{"@type":"PropertyValueSpecification","valueRequired":true,"valueName":"search_term_string"}}],"inLanguage":"sv-SE"}]}},"_links":{"self":[{"href":"https:\/\/gethowies.com\/se\/wp-json\/wp\/v2\/product\/6470","targetHints":{"allow":["GET"]}}],"collection":[{"href":"https:\/\/gethowies.com\/se\/wp-json\/wp\/v2\/product"}],"about":[{"href":"https:\/\/gethowies.com\/se\/wp-json\/wp\/v2\/types\/product"}],"replies":[{"embeddable":true,"href":"https:\/\/gethowies.com\/se\/wp-json\/wp\/v2\/comments?post=6470"}],"wp:featuredmedia":[{"embeddable":true,"href":"https:\/\/gethowies.com\/se\/wp-json\/wp\/v2\/media\/4588"}],"wp:attachment":[{"href":"https:\/\/gethowies.com\/se\/wp-json\/wp\/v2\/media?parent=6470"}],"wp:term":[{"taxonomy":"product_brand","embeddable":true,"href":"https:\/\/gethowies.com\/se\/wp-json\/wp\/v2\/product_brand?post=6470"},{"taxonomy":"product_cat","embeddable":true,"href":"https:\/\/gethowies.com\/se\/wp-json\/wp\/v2\/product_cat?post=6470"},{"taxonomy":"product_tag","embeddable":true,"href":"https:\/\/gethowies.com\/se\/wp-json\/wp\/v2\/product_tag?post=6470"}],"curies":[{"name":"wp","href":"https:\/\/api.w.org\/{rel}","templated":true}]}}