{"id":70,"date":"2018-08-14T20:58:26","date_gmt":"2018-08-14T18:58:26","guid":{"rendered":"https:\/\/gethowies.com\/se\/produkt\/import-placeholder-for-352\/"},"modified":"2022-06-07T15:25:38","modified_gmt":"2022-06-07T13:25:38","slug":"eat-sleep-hockey-mossa","status":"publish","type":"product","link":"https:\/\/gethowies.com\/se\/produkt\/eat-sleep-hockey-mossa\/","title":{"rendered":"Eat Sleep Hockey M\u00f6ssa"},"content":{"rendered":"<h2>Winter Classic Look<\/h2>\n<p>Det finns inget v\u00e4rre \u00e4n frusna \u00f6ron. P\u00e5 uterinken, uppv\u00e4rmningen eller i omkl\u00e4dningsrummet. Detta \u00e4r Eat Sleep Hockey kollektionens senaste tillskott i serien, och nu hockeyns absolut tuffaste m\u00f6ssa p\u00e5 marknaden. T\u00e4t v\u00e4vd och dubbelvikt kant f\u00f6r att h\u00e5lla dig varm och samtidigt beh\u00e5lla den klassiska Winter Classic looken.<\/p>\n<h3>Material<\/h3>\n<p>M\u00f6ssan \u00e4r tillverkad av ett ylle-akryl material som kombinerar fina egenskaper fr\u00e5n b\u00e5de ull och akryl och d\u00e4rf\u00f6r \u00e4r den; varm, luftig, l\u00e4tt och f\u00f6rm\u00e5nligare \u00e4n ylle. Eat Sleep Hockey \u00e4r inv\u00e4vt i materialet och spelaren \u00e4r sj\u00e4lvklart broderad.<\/p>\n<p>M\u00f6ssan \u00e4r unisize, vilket betyder att en storlek passar de flesta huvuden, fr\u00e5n barn till vuxna.<\/p>\n","protected":false},"excerpt":{"rendered":"<p>Winter Classic Look Det finns inget v\u00e4rre \u00e4n frusna \u00f6ron. P\u00e5 uterinken, uppv\u00e4rmningen eller i omkl\u00e4dningsrummet. Detta \u00e4r Eat Sleep Hockey kollektionens senaste tillskott i serien, och nu hockeyns absolut tuffaste m\u00f6ssa p\u00e5 marknaden. T\u00e4t v\u00e4vd och dubbelvikt kant f\u00f6r att h\u00e5lla dig varm och samtidigt beh\u00e5lla den klassiska Winter Classic looken. Material M\u00f6ssan \u00e4r [&#8230;]\n","protected":false},"featured_media":91,"comment_status":"closed","ping_status":"closed","template":"","meta":{"inline_featured_image":false},"product_brand":[],"product_cat":[35],"product_tag":[],"class_list":{"0":"post-70","1":"product","2":"type-product","3":"status-publish","4":"has-post-thumbnail","6":"product_cat-kepsar-mossor","8":"first","9":"outofstock","10":"shipping-taxable","11":"purchasable","12":"product-type-simple"},"yoast_head":"<!-- This site is optimized with the Yoast SEO plugin v27.5 - https:\/\/yoast.com\/product\/yoast-seo-wordpress\/ -->\n<title>Eat Sleep Hockey M\u00f6ssa - Howies Hockey Sverige<\/title>\n<meta name=\"robots\" content=\"index, follow, max-snippet:-1, max-image-preview:large, max-video-preview:-1\" \/>\n<link rel=\"canonical\" href=\"https:\/\/gethowies.com\/se\/produkt\/eat-sleep-hockey-mossa\/\" \/>\n<meta property=\"og:locale\" content=\"sv_SE\" \/>\n<meta property=\"og:type\" content=\"article\" \/>\n<meta property=\"og:title\" content=\"Eat Sleep Hockey M\u00f6ssa - Howies Hockey Sverige\" \/>\n<meta property=\"og:description\" content=\"Winter Classic Look Det finns inget v\u00e4rre \u00e4n frusna \u00f6ron. P\u00e5 uterinken, uppv\u00e4rmningen eller i omkl\u00e4dningsrummet. Detta \u00e4r Eat Sleep Hockey kollektionens senaste tillskott i serien, och nu hockeyns absolut tuffaste m\u00f6ssa p\u00e5 marknaden. T\u00e4t v\u00e4vd och dubbelvikt kant f\u00f6r att h\u00e5lla dig varm och samtidigt beh\u00e5lla den klassiska Winter Classic looken. Material M\u00f6ssan \u00e4r [...]\" \/>\n<meta property=\"og:url\" content=\"https:\/\/gethowies.com\/se\/produkt\/eat-sleep-hockey-mossa\/\" \/>\n<meta property=\"og:site_name\" content=\"Howies Hockey Sverige\" \/>\n<meta property=\"article:modified_time\" content=\"2022-06-07T13:25:38+00:00\" \/>\n<meta property=\"og:image\" content=\"https:\/\/gethowies.com\/se\/wp-content\/uploads\/sites\/2\/2018\/08\/eatsleep-beanie-1.jpg\" \/>\n\t<meta property=\"og:image:width\" content=\"1020\" \/>\n\t<meta property=\"og:image:height\" content=\"1200\" \/>\n\t<meta property=\"og:image:type\" content=\"image\/jpeg\" \/>\n<meta name=\"twitter:card\" content=\"summary_large_image\" \/>\n<meta name=\"twitter:label1\" content=\"Ber\u00e4knad l\u00e4stid\" \/>\n\t<meta name=\"twitter:data1\" content=\"1 minut\" \/>\n<script type=\"application\/ld+json\" class=\"yoast-schema-graph\">{\"@context\":\"https:\\\/\\\/schema.org\",\"@graph\":[{\"@type\":\"WebPage\",\"@id\":\"https:\\\/\\\/gethowies.com\\\/se\\\/produkt\\\/eat-sleep-hockey-mossa\\\/\",\"url\":\"https:\\\/\\\/gethowies.com\\\/se\\\/produkt\\\/eat-sleep-hockey-mossa\\\/\",\"name\":\"Eat Sleep Hockey M\u00f6ssa - Howies Hockey Sverige\",\"isPartOf\":{\"@id\":\"https:\\\/\\\/gethowies.com\\\/se\\\/#website\"},\"primaryImageOfPage\":{\"@id\":\"https:\\\/\\\/gethowies.com\\\/se\\\/produkt\\\/eat-sleep-hockey-mossa\\\/#primaryimage\"},\"image\":{\"@id\":\"https:\\\/\\\/gethowies.com\\\/se\\\/produkt\\\/eat-sleep-hockey-mossa\\\/#primaryimage\"},\"thumbnailUrl\":\"https:\\\/\\\/gethowies.com\\\/se\\\/wp-content\\\/uploads\\\/sites\\\/2\\\/2018\\\/08\\\/eatsleep-beanie-1.jpg\",\"datePublished\":\"2018-08-14T18:58:26+00:00\",\"dateModified\":\"2022-06-07T13:25:38+00:00\",\"breadcrumb\":{\"@id\":\"https:\\\/\\\/gethowies.com\\\/se\\\/produkt\\\/eat-sleep-hockey-mossa\\\/#breadcrumb\"},\"inLanguage\":\"sv-SE\",\"potentialAction\":[{\"@type\":\"ReadAction\",\"target\":[\"https:\\\/\\\/gethowies.com\\\/se\\\/produkt\\\/eat-sleep-hockey-mossa\\\/\"]}]},{\"@type\":\"ImageObject\",\"inLanguage\":\"sv-SE\",\"@id\":\"https:\\\/\\\/gethowies.com\\\/se\\\/produkt\\\/eat-sleep-hockey-mossa\\\/#primaryimage\",\"url\":\"https:\\\/\\\/gethowies.com\\\/se\\\/wp-content\\\/uploads\\\/sites\\\/2\\\/2018\\\/08\\\/eatsleep-beanie-1.jpg\",\"contentUrl\":\"https:\\\/\\\/gethowies.com\\\/se\\\/wp-content\\\/uploads\\\/sites\\\/2\\\/2018\\\/08\\\/eatsleep-beanie-1.jpg\",\"width\":1020,\"height\":1200},{\"@type\":\"BreadcrumbList\",\"@id\":\"https:\\\/\\\/gethowies.com\\\/se\\\/produkt\\\/eat-sleep-hockey-mossa\\\/#breadcrumb\",\"itemListElement\":[{\"@type\":\"ListItem\",\"position\":1,\"name\":\"Hem\",\"item\":\"https:\\\/\\\/gethowies.com\\\/se\\\/\"},{\"@type\":\"ListItem\",\"position\":2,\"name\":\"Shop\",\"item\":\"https:\\\/\\\/gethowies.com\\\/se\\\/shop\\\/\"},{\"@type\":\"ListItem\",\"position\":3,\"name\":\"Eat Sleep Hockey M\u00f6ssa\"}]},{\"@type\":\"WebSite\",\"@id\":\"https:\\\/\\\/gethowies.com\\\/se\\\/#website\",\"url\":\"https:\\\/\\\/gethowies.com\\\/se\\\/\",\"name\":\"Howies Hockey Sverige\",\"description\":\"\",\"potentialAction\":[{\"@type\":\"SearchAction\",\"target\":{\"@type\":\"EntryPoint\",\"urlTemplate\":\"https:\\\/\\\/gethowies.com\\\/se\\\/?s={search_term_string}\"},\"query-input\":{\"@type\":\"PropertyValueSpecification\",\"valueRequired\":true,\"valueName\":\"search_term_string\"}}],\"inLanguage\":\"sv-SE\"}]}<\/script>\n<!-- \/ Yoast SEO plugin. -->","yoast_head_json":{"title":"Eat Sleep Hockey M\u00f6ssa - Howies Hockey Sverige","robots":{"index":"index","follow":"follow","max-snippet":"max-snippet:-1","max-image-preview":"max-image-preview:large","max-video-preview":"max-video-preview:-1"},"canonical":"https:\/\/gethowies.com\/se\/produkt\/eat-sleep-hockey-mossa\/","og_locale":"sv_SE","og_type":"article","og_title":"Eat Sleep Hockey M\u00f6ssa - Howies Hockey Sverige","og_description":"Winter Classic Look Det finns inget v\u00e4rre \u00e4n frusna \u00f6ron. P\u00e5 uterinken, uppv\u00e4rmningen eller i omkl\u00e4dningsrummet. Detta \u00e4r Eat Sleep Hockey kollektionens senaste tillskott i serien, och nu hockeyns absolut tuffaste m\u00f6ssa p\u00e5 marknaden. T\u00e4t v\u00e4vd och dubbelvikt kant f\u00f6r att h\u00e5lla dig varm och samtidigt beh\u00e5lla den klassiska Winter Classic looken. Material M\u00f6ssan \u00e4r [...]","og_url":"https:\/\/gethowies.com\/se\/produkt\/eat-sleep-hockey-mossa\/","og_site_name":"Howies Hockey Sverige","article_modified_time":"2022-06-07T13:25:38+00:00","og_image":[{"width":1020,"height":1200,"url":"https:\/\/gethowies.com\/se\/wp-content\/uploads\/sites\/2\/2018\/08\/eatsleep-beanie-1.jpg","type":"image\/jpeg"}],"twitter_card":"summary_large_image","twitter_misc":{"Ber\u00e4knad l\u00e4stid":"1 minut"},"schema":{"@context":"https:\/\/schema.org","@graph":[{"@type":"WebPage","@id":"https:\/\/gethowies.com\/se\/produkt\/eat-sleep-hockey-mossa\/","url":"https:\/\/gethowies.com\/se\/produkt\/eat-sleep-hockey-mossa\/","name":"Eat Sleep Hockey M\u00f6ssa - Howies Hockey Sverige","isPartOf":{"@id":"https:\/\/gethowies.com\/se\/#website"},"primaryImageOfPage":{"@id":"https:\/\/gethowies.com\/se\/produkt\/eat-sleep-hockey-mossa\/#primaryimage"},"image":{"@id":"https:\/\/gethowies.com\/se\/produkt\/eat-sleep-hockey-mossa\/#primaryimage"},"thumbnailUrl":"https:\/\/gethowies.com\/se\/wp-content\/uploads\/sites\/2\/2018\/08\/eatsleep-beanie-1.jpg","datePublished":"2018-08-14T18:58:26+00:00","dateModified":"2022-06-07T13:25:38+00:00","breadcrumb":{"@id":"https:\/\/gethowies.com\/se\/produkt\/eat-sleep-hockey-mossa\/#breadcrumb"},"inLanguage":"sv-SE","potentialAction":[{"@type":"ReadAction","target":["https:\/\/gethowies.com\/se\/produkt\/eat-sleep-hockey-mossa\/"]}]},{"@type":"ImageObject","inLanguage":"sv-SE","@id":"https:\/\/gethowies.com\/se\/produkt\/eat-sleep-hockey-mossa\/#primaryimage","url":"https:\/\/gethowies.com\/se\/wp-content\/uploads\/sites\/2\/2018\/08\/eatsleep-beanie-1.jpg","contentUrl":"https:\/\/gethowies.com\/se\/wp-content\/uploads\/sites\/2\/2018\/08\/eatsleep-beanie-1.jpg","width":1020,"height":1200},{"@type":"BreadcrumbList","@id":"https:\/\/gethowies.com\/se\/produkt\/eat-sleep-hockey-mossa\/#breadcrumb","itemListElement":[{"@type":"ListItem","position":1,"name":"Hem","item":"https:\/\/gethowies.com\/se\/"},{"@type":"ListItem","position":2,"name":"Shop","item":"https:\/\/gethowies.com\/se\/shop\/"},{"@type":"ListItem","position":3,"name":"Eat Sleep Hockey M\u00f6ssa"}]},{"@type":"WebSite","@id":"https:\/\/gethowies.com\/se\/#website","url":"https:\/\/gethowies.com\/se\/","name":"Howies Hockey Sverige","description":"","potentialAction":[{"@type":"SearchAction","target":{"@type":"EntryPoint","urlTemplate":"https:\/\/gethowies.com\/se\/?s={search_term_string}"},"query-input":{"@type":"PropertyValueSpecification","valueRequired":true,"valueName":"search_term_string"}}],"inLanguage":"sv-SE"}]}},"_links":{"self":[{"href":"https:\/\/gethowies.com\/se\/wp-json\/wp\/v2\/product\/70","targetHints":{"allow":["GET"]}}],"collection":[{"href":"https:\/\/gethowies.com\/se\/wp-json\/wp\/v2\/product"}],"about":[{"href":"https:\/\/gethowies.com\/se\/wp-json\/wp\/v2\/types\/product"}],"replies":[{"embeddable":true,"href":"https:\/\/gethowies.com\/se\/wp-json\/wp\/v2\/comments?post=70"}],"wp:featuredmedia":[{"embeddable":true,"href":"https:\/\/gethowies.com\/se\/wp-json\/wp\/v2\/media\/91"}],"wp:attachment":[{"href":"https:\/\/gethowies.com\/se\/wp-json\/wp\/v2\/media?parent=70"}],"wp:term":[{"taxonomy":"product_brand","embeddable":true,"href":"https:\/\/gethowies.com\/se\/wp-json\/wp\/v2\/product_brand?post=70"},{"taxonomy":"product_cat","embeddable":true,"href":"https:\/\/gethowies.com\/se\/wp-json\/wp\/v2\/product_cat?post=70"},{"taxonomy":"product_tag","embeddable":true,"href":"https:\/\/gethowies.com\/se\/wp-json\/wp\/v2\/product_tag?post=70"}],"curies":[{"name":"wp","href":"https:\/\/api.w.org\/{rel}","templated":true}]}}