{"id":72,"date":"2018-08-14T20:58:26","date_gmt":"2018-08-14T18:58:26","guid":{"rendered":"https:\/\/gethowies.com\/se\/produkt\/import-placeholder-for-356\/"},"modified":"2023-08-09T17:49:54","modified_gmt":"2023-08-09T15:49:54","slug":"eat-sleep-hockey-snapback-2","status":"publish","type":"product","link":"https:\/\/gethowies.com\/se\/produkt\/eat-sleep-hockey-snapback-2\/","title":{"rendered":"Eat Sleep Hockey Snapback"},"content":{"rendered":"<h3>King of snapbacks<\/h3>\n<p>Hockeyns tuffaste keps som visar att du \u00e4r ishockeyspelare. Vare sig det \u00e4r i omkl\u00e4dningsrummet, i gymmet eller p\u00e5 stranden&#8230; Budskapet \u00e4r tydligt, det \u00e4r hockey som g\u00e4ller f\u00f6r dig! Eat Sleep Hockey snapbacks hittar du endast hos\u00a0Howies Hockey Tape.\u00a0Storleken \u00e4r unisize (reglerbart band).<\/p>\n","protected":false},"excerpt":{"rendered":"<p><font size=\"2\"color=\"black\"><strong>F\u00e4rg<\/strong> &#8211; Vit<\/font><\/p>\n<div class=\"boxarna\">\n<ul>\n<li class=\"ccurrent\"><a href=\"..\/eat-sleep-hockey-snapback-vit\/\">\n<div class=\"white\"><\/div>\n<p><\/a><\/li>\n<li><a href=\"..\/eat-sleep-hockey-snapback\/\">\n<div class=\"navy\">\n  <\/div>\n<p><\/a><\/li>\n<\/ul>\n<\/div>\n","protected":false},"featured_media":111,"comment_status":"closed","ping_status":"closed","template":"","meta":{"inline_featured_image":false},"product_brand":[],"product_cat":[35],"product_tag":[],"class_list":{"0":"post-72","1":"product","2":"type-product","3":"status-publish","4":"has-post-thumbnail","6":"product_cat-kepsar-mossor","8":"first","9":"instock","10":"shipping-taxable","11":"purchasable","12":"product-type-simple"},"yoast_head":"<!-- This site is optimized with the Yoast SEO plugin v27.5 - https:\/\/yoast.com\/product\/yoast-seo-wordpress\/ -->\n<title>Eat Sleep Hockey Snapback - Howies Hockey Sverige<\/title>\n<meta name=\"robots\" content=\"index, follow, max-snippet:-1, max-image-preview:large, max-video-preview:-1\" \/>\n<link rel=\"canonical\" href=\"https:\/\/gethowies.com\/se\/produkt\/eat-sleep-hockey-snapback-2\/\" \/>\n<meta property=\"og:locale\" content=\"sv_SE\" \/>\n<meta property=\"og:type\" content=\"article\" \/>\n<meta property=\"og:title\" content=\"Eat Sleep Hockey Snapback - Howies Hockey Sverige\" \/>\n<meta property=\"og:description\" content=\"F\u00e4rg - Vit\" \/>\n<meta property=\"og:url\" content=\"https:\/\/gethowies.com\/se\/produkt\/eat-sleep-hockey-snapback-2\/\" \/>\n<meta property=\"og:site_name\" content=\"Howies Hockey Sverige\" \/>\n<meta property=\"article:modified_time\" content=\"2023-08-09T15:49:54+00:00\" \/>\n<meta property=\"og:image\" content=\"https:\/\/gethowies.com\/se\/wp-content\/uploads\/sites\/2\/2018\/08\/eatsleep-snapback-white.jpg\" \/>\n\t<meta property=\"og:image:width\" content=\"1020\" \/>\n\t<meta property=\"og:image:height\" content=\"1020\" \/>\n\t<meta property=\"og:image:type\" content=\"image\/jpeg\" \/>\n<meta name=\"twitter:card\" content=\"summary_large_image\" \/>\n<script type=\"application\/ld+json\" class=\"yoast-schema-graph\">{\"@context\":\"https:\\\/\\\/schema.org\",\"@graph\":[{\"@type\":\"WebPage\",\"@id\":\"https:\\\/\\\/gethowies.com\\\/se\\\/produkt\\\/eat-sleep-hockey-snapback-2\\\/\",\"url\":\"https:\\\/\\\/gethowies.com\\\/se\\\/produkt\\\/eat-sleep-hockey-snapback-2\\\/\",\"name\":\"Eat Sleep Hockey Snapback - Howies Hockey Sverige\",\"isPartOf\":{\"@id\":\"https:\\\/\\\/gethowies.com\\\/se\\\/#website\"},\"primaryImageOfPage\":{\"@id\":\"https:\\\/\\\/gethowies.com\\\/se\\\/produkt\\\/eat-sleep-hockey-snapback-2\\\/#primaryimage\"},\"image\":{\"@id\":\"https:\\\/\\\/gethowies.com\\\/se\\\/produkt\\\/eat-sleep-hockey-snapback-2\\\/#primaryimage\"},\"thumbnailUrl\":\"https:\\\/\\\/gethowies.com\\\/se\\\/wp-content\\\/uploads\\\/sites\\\/2\\\/2018\\\/08\\\/eatsleep-snapback-white.jpg\",\"datePublished\":\"2018-08-14T18:58:26+00:00\",\"dateModified\":\"2023-08-09T15:49:54+00:00\",\"breadcrumb\":{\"@id\":\"https:\\\/\\\/gethowies.com\\\/se\\\/produkt\\\/eat-sleep-hockey-snapback-2\\\/#breadcrumb\"},\"inLanguage\":\"sv-SE\",\"potentialAction\":[{\"@type\":\"ReadAction\",\"target\":[\"https:\\\/\\\/gethowies.com\\\/se\\\/produkt\\\/eat-sleep-hockey-snapback-2\\\/\"]}]},{\"@type\":\"ImageObject\",\"inLanguage\":\"sv-SE\",\"@id\":\"https:\\\/\\\/gethowies.com\\\/se\\\/produkt\\\/eat-sleep-hockey-snapback-2\\\/#primaryimage\",\"url\":\"https:\\\/\\\/gethowies.com\\\/se\\\/wp-content\\\/uploads\\\/sites\\\/2\\\/2018\\\/08\\\/eatsleep-snapback-white.jpg\",\"contentUrl\":\"https:\\\/\\\/gethowies.com\\\/se\\\/wp-content\\\/uploads\\\/sites\\\/2\\\/2018\\\/08\\\/eatsleep-snapback-white.jpg\",\"width\":1020,\"height\":1020},{\"@type\":\"BreadcrumbList\",\"@id\":\"https:\\\/\\\/gethowies.com\\\/se\\\/produkt\\\/eat-sleep-hockey-snapback-2\\\/#breadcrumb\",\"itemListElement\":[{\"@type\":\"ListItem\",\"position\":1,\"name\":\"Hem\",\"item\":\"https:\\\/\\\/gethowies.com\\\/se\\\/\"},{\"@type\":\"ListItem\",\"position\":2,\"name\":\"Shop\",\"item\":\"https:\\\/\\\/gethowies.com\\\/se\\\/shop\\\/\"},{\"@type\":\"ListItem\",\"position\":3,\"name\":\"Eat Sleep Hockey Snapback\"}]},{\"@type\":\"WebSite\",\"@id\":\"https:\\\/\\\/gethowies.com\\\/se\\\/#website\",\"url\":\"https:\\\/\\\/gethowies.com\\\/se\\\/\",\"name\":\"Howies Hockey Sverige\",\"description\":\"\",\"potentialAction\":[{\"@type\":\"SearchAction\",\"target\":{\"@type\":\"EntryPoint\",\"urlTemplate\":\"https:\\\/\\\/gethowies.com\\\/se\\\/?s={search_term_string}\"},\"query-input\":{\"@type\":\"PropertyValueSpecification\",\"valueRequired\":true,\"valueName\":\"search_term_string\"}}],\"inLanguage\":\"sv-SE\"}]}<\/script>\n<!-- \/ Yoast SEO plugin. -->","yoast_head_json":{"title":"Eat Sleep Hockey Snapback - Howies Hockey Sverige","robots":{"index":"index","follow":"follow","max-snippet":"max-snippet:-1","max-image-preview":"max-image-preview:large","max-video-preview":"max-video-preview:-1"},"canonical":"https:\/\/gethowies.com\/se\/produkt\/eat-sleep-hockey-snapback-2\/","og_locale":"sv_SE","og_type":"article","og_title":"Eat Sleep Hockey Snapback - Howies Hockey Sverige","og_description":"F\u00e4rg - Vit","og_url":"https:\/\/gethowies.com\/se\/produkt\/eat-sleep-hockey-snapback-2\/","og_site_name":"Howies Hockey Sverige","article_modified_time":"2023-08-09T15:49:54+00:00","og_image":[{"width":1020,"height":1020,"url":"https:\/\/gethowies.com\/se\/wp-content\/uploads\/sites\/2\/2018\/08\/eatsleep-snapback-white.jpg","type":"image\/jpeg"}],"twitter_card":"summary_large_image","schema":{"@context":"https:\/\/schema.org","@graph":[{"@type":"WebPage","@id":"https:\/\/gethowies.com\/se\/produkt\/eat-sleep-hockey-snapback-2\/","url":"https:\/\/gethowies.com\/se\/produkt\/eat-sleep-hockey-snapback-2\/","name":"Eat Sleep Hockey Snapback - Howies Hockey Sverige","isPartOf":{"@id":"https:\/\/gethowies.com\/se\/#website"},"primaryImageOfPage":{"@id":"https:\/\/gethowies.com\/se\/produkt\/eat-sleep-hockey-snapback-2\/#primaryimage"},"image":{"@id":"https:\/\/gethowies.com\/se\/produkt\/eat-sleep-hockey-snapback-2\/#primaryimage"},"thumbnailUrl":"https:\/\/gethowies.com\/se\/wp-content\/uploads\/sites\/2\/2018\/08\/eatsleep-snapback-white.jpg","datePublished":"2018-08-14T18:58:26+00:00","dateModified":"2023-08-09T15:49:54+00:00","breadcrumb":{"@id":"https:\/\/gethowies.com\/se\/produkt\/eat-sleep-hockey-snapback-2\/#breadcrumb"},"inLanguage":"sv-SE","potentialAction":[{"@type":"ReadAction","target":["https:\/\/gethowies.com\/se\/produkt\/eat-sleep-hockey-snapback-2\/"]}]},{"@type":"ImageObject","inLanguage":"sv-SE","@id":"https:\/\/gethowies.com\/se\/produkt\/eat-sleep-hockey-snapback-2\/#primaryimage","url":"https:\/\/gethowies.com\/se\/wp-content\/uploads\/sites\/2\/2018\/08\/eatsleep-snapback-white.jpg","contentUrl":"https:\/\/gethowies.com\/se\/wp-content\/uploads\/sites\/2\/2018\/08\/eatsleep-snapback-white.jpg","width":1020,"height":1020},{"@type":"BreadcrumbList","@id":"https:\/\/gethowies.com\/se\/produkt\/eat-sleep-hockey-snapback-2\/#breadcrumb","itemListElement":[{"@type":"ListItem","position":1,"name":"Hem","item":"https:\/\/gethowies.com\/se\/"},{"@type":"ListItem","position":2,"name":"Shop","item":"https:\/\/gethowies.com\/se\/shop\/"},{"@type":"ListItem","position":3,"name":"Eat Sleep Hockey Snapback"}]},{"@type":"WebSite","@id":"https:\/\/gethowies.com\/se\/#website","url":"https:\/\/gethowies.com\/se\/","name":"Howies Hockey Sverige","description":"","potentialAction":[{"@type":"SearchAction","target":{"@type":"EntryPoint","urlTemplate":"https:\/\/gethowies.com\/se\/?s={search_term_string}"},"query-input":{"@type":"PropertyValueSpecification","valueRequired":true,"valueName":"search_term_string"}}],"inLanguage":"sv-SE"}]}},"_links":{"self":[{"href":"https:\/\/gethowies.com\/se\/wp-json\/wp\/v2\/product\/72","targetHints":{"allow":["GET"]}}],"collection":[{"href":"https:\/\/gethowies.com\/se\/wp-json\/wp\/v2\/product"}],"about":[{"href":"https:\/\/gethowies.com\/se\/wp-json\/wp\/v2\/types\/product"}],"replies":[{"embeddable":true,"href":"https:\/\/gethowies.com\/se\/wp-json\/wp\/v2\/comments?post=72"}],"wp:featuredmedia":[{"embeddable":true,"href":"https:\/\/gethowies.com\/se\/wp-json\/wp\/v2\/media\/111"}],"wp:attachment":[{"href":"https:\/\/gethowies.com\/se\/wp-json\/wp\/v2\/media?parent=72"}],"wp:term":[{"taxonomy":"product_brand","embeddable":true,"href":"https:\/\/gethowies.com\/se\/wp-json\/wp\/v2\/product_brand?post=72"},{"taxonomy":"product_cat","embeddable":true,"href":"https:\/\/gethowies.com\/se\/wp-json\/wp\/v2\/product_cat?post=72"},{"taxonomy":"product_tag","embeddable":true,"href":"https:\/\/gethowies.com\/se\/wp-json\/wp\/v2\/product_tag?post=72"}],"curies":[{"name":"wp","href":"https:\/\/api.w.org\/{rel}","templated":true}]}}