{"id":73,"date":"2018-08-14T20:58:26","date_gmt":"2018-08-14T18:58:26","guid":{"rendered":"https:\/\/gethowies.com\/se\/produkt\/import-placeholder-for-358\/"},"modified":"2022-06-07T15:29:52","modified_gmt":"2022-06-07T13:29:52","slug":"howies-athletic-tape-36-mm","status":"publish","type":"product","link":"https:\/\/gethowies.com\/se\/produkt\/howies-athletic-tape-36-mm\/","title":{"rendered":"Howies Athletic Tape 36 mm"},"content":{"rendered":"<h3>Skadetejp<\/h3>\n<p>Hockeyspelare f\u00e5r emellan \u00e5t mindre skador som beh\u00f6ver fixas. Med Howies Athletic Tape beh\u00f6ver du inte st\u00e5 \u00e5t sidan. 100% blekt bomull, l\u00e4tt att vira p\u00e5 och enkel att riva av. Designad f\u00f6r dem mindre skadorna som beh\u00f6ver \u00e5tg\u00e4rdas som ett finger, en ankel, en handled mm. Med Howies Athletic Tape skall det till mycket mer \u00e4n s\u00e5 f\u00f6r att h\u00e5lla dig borta fr\u00e5n spel.<\/p>\n","protected":false},"excerpt":{"rendered":"<p>Skadetejp Hockeyspelare f\u00e5r emellan \u00e5t mindre skador som beh\u00f6ver fixas. Med Howies Athletic Tape beh\u00f6ver du inte st\u00e5 \u00e5t sidan. 100% blekt bomull, l\u00e4tt att vira p\u00e5 och enkel att riva av. Designad f\u00f6r dem mindre skadorna som beh\u00f6ver \u00e5tg\u00e4rdas som ett finger, en ankel, en handled mm. Med Howies Athletic Tape skall det till [&#8230;]\n","protected":false},"featured_media":112,"comment_status":"closed","ping_status":"closed","template":"","meta":{"inline_featured_image":false},"product_brand":[],"product_cat":[37],"product_tag":[],"class_list":{"0":"post-73","1":"product","2":"type-product","3":"status-publish","4":"has-post-thumbnail","6":"product_cat-howies-athletic-tape","8":"first","9":"instock","10":"shipping-taxable","11":"purchasable","12":"product-type-simple"},"yoast_head":"<!-- This site is optimized with the Yoast SEO plugin v27.5 - https:\/\/yoast.com\/product\/yoast-seo-wordpress\/ -->\n<title>Howies Athletic Tape 36 mm - Howies Hockey Sverige<\/title>\n<meta name=\"robots\" content=\"index, follow, max-snippet:-1, max-image-preview:large, max-video-preview:-1\" \/>\n<link rel=\"canonical\" href=\"https:\/\/gethowies.com\/se\/produkt\/howies-athletic-tape-36-mm\/\" \/>\n<meta property=\"og:locale\" content=\"sv_SE\" \/>\n<meta property=\"og:type\" content=\"article\" \/>\n<meta property=\"og:title\" content=\"Howies Athletic Tape 36 mm - Howies Hockey Sverige\" \/>\n<meta property=\"og:description\" content=\"Skadetejp Hockeyspelare f\u00e5r emellan \u00e5t mindre skador som beh\u00f6ver fixas. Med Howies Athletic Tape beh\u00f6ver du inte st\u00e5 \u00e5t sidan. 100% blekt bomull, l\u00e4tt att vira p\u00e5 och enkel att riva av. Designad f\u00f6r dem mindre skadorna som beh\u00f6ver \u00e5tg\u00e4rdas som ett finger, en ankel, en handled mm. Med Howies Athletic Tape skall det till [...]\" \/>\n<meta property=\"og:url\" content=\"https:\/\/gethowies.com\/se\/produkt\/howies-athletic-tape-36-mm\/\" \/>\n<meta property=\"og:site_name\" content=\"Howies Hockey Sverige\" \/>\n<meta property=\"article:modified_time\" content=\"2022-06-07T13:29:52+00:00\" \/>\n<meta property=\"og:image\" content=\"https:\/\/gethowies.com\/se\/wp-content\/uploads\/sites\/2\/2018\/08\/howies-athletic.jpg\" \/>\n\t<meta property=\"og:image:width\" content=\"1020\" \/>\n\t<meta property=\"og:image:height\" content=\"1020\" \/>\n\t<meta property=\"og:image:type\" content=\"image\/jpeg\" \/>\n<meta name=\"twitter:card\" content=\"summary_large_image\" \/>\n<script type=\"application\/ld+json\" class=\"yoast-schema-graph\">{\"@context\":\"https:\\\/\\\/schema.org\",\"@graph\":[{\"@type\":\"WebPage\",\"@id\":\"https:\\\/\\\/gethowies.com\\\/se\\\/produkt\\\/howies-athletic-tape-36-mm\\\/\",\"url\":\"https:\\\/\\\/gethowies.com\\\/se\\\/produkt\\\/howies-athletic-tape-36-mm\\\/\",\"name\":\"Howies Athletic Tape 36 mm - Howies Hockey Sverige\",\"isPartOf\":{\"@id\":\"https:\\\/\\\/gethowies.com\\\/se\\\/#website\"},\"primaryImageOfPage\":{\"@id\":\"https:\\\/\\\/gethowies.com\\\/se\\\/produkt\\\/howies-athletic-tape-36-mm\\\/#primaryimage\"},\"image\":{\"@id\":\"https:\\\/\\\/gethowies.com\\\/se\\\/produkt\\\/howies-athletic-tape-36-mm\\\/#primaryimage\"},\"thumbnailUrl\":\"https:\\\/\\\/gethowies.com\\\/se\\\/wp-content\\\/uploads\\\/sites\\\/2\\\/2018\\\/08\\\/howies-athletic.jpg\",\"datePublished\":\"2018-08-14T18:58:26+00:00\",\"dateModified\":\"2022-06-07T13:29:52+00:00\",\"breadcrumb\":{\"@id\":\"https:\\\/\\\/gethowies.com\\\/se\\\/produkt\\\/howies-athletic-tape-36-mm\\\/#breadcrumb\"},\"inLanguage\":\"sv-SE\",\"potentialAction\":[{\"@type\":\"ReadAction\",\"target\":[\"https:\\\/\\\/gethowies.com\\\/se\\\/produkt\\\/howies-athletic-tape-36-mm\\\/\"]}]},{\"@type\":\"ImageObject\",\"inLanguage\":\"sv-SE\",\"@id\":\"https:\\\/\\\/gethowies.com\\\/se\\\/produkt\\\/howies-athletic-tape-36-mm\\\/#primaryimage\",\"url\":\"https:\\\/\\\/gethowies.com\\\/se\\\/wp-content\\\/uploads\\\/sites\\\/2\\\/2018\\\/08\\\/howies-athletic.jpg\",\"contentUrl\":\"https:\\\/\\\/gethowies.com\\\/se\\\/wp-content\\\/uploads\\\/sites\\\/2\\\/2018\\\/08\\\/howies-athletic.jpg\",\"width\":1020,\"height\":1020},{\"@type\":\"BreadcrumbList\",\"@id\":\"https:\\\/\\\/gethowies.com\\\/se\\\/produkt\\\/howies-athletic-tape-36-mm\\\/#breadcrumb\",\"itemListElement\":[{\"@type\":\"ListItem\",\"position\":1,\"name\":\"Hem\",\"item\":\"https:\\\/\\\/gethowies.com\\\/se\\\/\"},{\"@type\":\"ListItem\",\"position\":2,\"name\":\"Shop\",\"item\":\"https:\\\/\\\/gethowies.com\\\/se\\\/shop\\\/\"},{\"@type\":\"ListItem\",\"position\":3,\"name\":\"Howies Athletic Tape 36 mm\"}]},{\"@type\":\"WebSite\",\"@id\":\"https:\\\/\\\/gethowies.com\\\/se\\\/#website\",\"url\":\"https:\\\/\\\/gethowies.com\\\/se\\\/\",\"name\":\"Howies Hockey Sverige\",\"description\":\"\",\"potentialAction\":[{\"@type\":\"SearchAction\",\"target\":{\"@type\":\"EntryPoint\",\"urlTemplate\":\"https:\\\/\\\/gethowies.com\\\/se\\\/?s={search_term_string}\"},\"query-input\":{\"@type\":\"PropertyValueSpecification\",\"valueRequired\":true,\"valueName\":\"search_term_string\"}}],\"inLanguage\":\"sv-SE\"}]}<\/script>\n<!-- \/ Yoast SEO plugin. -->","yoast_head_json":{"title":"Howies Athletic Tape 36 mm - Howies Hockey Sverige","robots":{"index":"index","follow":"follow","max-snippet":"max-snippet:-1","max-image-preview":"max-image-preview:large","max-video-preview":"max-video-preview:-1"},"canonical":"https:\/\/gethowies.com\/se\/produkt\/howies-athletic-tape-36-mm\/","og_locale":"sv_SE","og_type":"article","og_title":"Howies Athletic Tape 36 mm - Howies Hockey Sverige","og_description":"Skadetejp Hockeyspelare f\u00e5r emellan \u00e5t mindre skador som beh\u00f6ver fixas. Med Howies Athletic Tape beh\u00f6ver du inte st\u00e5 \u00e5t sidan. 100% blekt bomull, l\u00e4tt att vira p\u00e5 och enkel att riva av. Designad f\u00f6r dem mindre skadorna som beh\u00f6ver \u00e5tg\u00e4rdas som ett finger, en ankel, en handled mm. Med Howies Athletic Tape skall det till [...]","og_url":"https:\/\/gethowies.com\/se\/produkt\/howies-athletic-tape-36-mm\/","og_site_name":"Howies Hockey Sverige","article_modified_time":"2022-06-07T13:29:52+00:00","og_image":[{"width":1020,"height":1020,"url":"https:\/\/gethowies.com\/se\/wp-content\/uploads\/sites\/2\/2018\/08\/howies-athletic.jpg","type":"image\/jpeg"}],"twitter_card":"summary_large_image","schema":{"@context":"https:\/\/schema.org","@graph":[{"@type":"WebPage","@id":"https:\/\/gethowies.com\/se\/produkt\/howies-athletic-tape-36-mm\/","url":"https:\/\/gethowies.com\/se\/produkt\/howies-athletic-tape-36-mm\/","name":"Howies Athletic Tape 36 mm - Howies Hockey Sverige","isPartOf":{"@id":"https:\/\/gethowies.com\/se\/#website"},"primaryImageOfPage":{"@id":"https:\/\/gethowies.com\/se\/produkt\/howies-athletic-tape-36-mm\/#primaryimage"},"image":{"@id":"https:\/\/gethowies.com\/se\/produkt\/howies-athletic-tape-36-mm\/#primaryimage"},"thumbnailUrl":"https:\/\/gethowies.com\/se\/wp-content\/uploads\/sites\/2\/2018\/08\/howies-athletic.jpg","datePublished":"2018-08-14T18:58:26+00:00","dateModified":"2022-06-07T13:29:52+00:00","breadcrumb":{"@id":"https:\/\/gethowies.com\/se\/produkt\/howies-athletic-tape-36-mm\/#breadcrumb"},"inLanguage":"sv-SE","potentialAction":[{"@type":"ReadAction","target":["https:\/\/gethowies.com\/se\/produkt\/howies-athletic-tape-36-mm\/"]}]},{"@type":"ImageObject","inLanguage":"sv-SE","@id":"https:\/\/gethowies.com\/se\/produkt\/howies-athletic-tape-36-mm\/#primaryimage","url":"https:\/\/gethowies.com\/se\/wp-content\/uploads\/sites\/2\/2018\/08\/howies-athletic.jpg","contentUrl":"https:\/\/gethowies.com\/se\/wp-content\/uploads\/sites\/2\/2018\/08\/howies-athletic.jpg","width":1020,"height":1020},{"@type":"BreadcrumbList","@id":"https:\/\/gethowies.com\/se\/produkt\/howies-athletic-tape-36-mm\/#breadcrumb","itemListElement":[{"@type":"ListItem","position":1,"name":"Hem","item":"https:\/\/gethowies.com\/se\/"},{"@type":"ListItem","position":2,"name":"Shop","item":"https:\/\/gethowies.com\/se\/shop\/"},{"@type":"ListItem","position":3,"name":"Howies Athletic Tape 36 mm"}]},{"@type":"WebSite","@id":"https:\/\/gethowies.com\/se\/#website","url":"https:\/\/gethowies.com\/se\/","name":"Howies Hockey Sverige","description":"","potentialAction":[{"@type":"SearchAction","target":{"@type":"EntryPoint","urlTemplate":"https:\/\/gethowies.com\/se\/?s={search_term_string}"},"query-input":{"@type":"PropertyValueSpecification","valueRequired":true,"valueName":"search_term_string"}}],"inLanguage":"sv-SE"}]}},"_links":{"self":[{"href":"https:\/\/gethowies.com\/se\/wp-json\/wp\/v2\/product\/73","targetHints":{"allow":["GET"]}}],"collection":[{"href":"https:\/\/gethowies.com\/se\/wp-json\/wp\/v2\/product"}],"about":[{"href":"https:\/\/gethowies.com\/se\/wp-json\/wp\/v2\/types\/product"}],"replies":[{"embeddable":true,"href":"https:\/\/gethowies.com\/se\/wp-json\/wp\/v2\/comments?post=73"}],"wp:featuredmedia":[{"embeddable":true,"href":"https:\/\/gethowies.com\/se\/wp-json\/wp\/v2\/media\/112"}],"wp:attachment":[{"href":"https:\/\/gethowies.com\/se\/wp-json\/wp\/v2\/media?parent=73"}],"wp:term":[{"taxonomy":"product_brand","embeddable":true,"href":"https:\/\/gethowies.com\/se\/wp-json\/wp\/v2\/product_brand?post=73"},{"taxonomy":"product_cat","embeddable":true,"href":"https:\/\/gethowies.com\/se\/wp-json\/wp\/v2\/product_cat?post=73"},{"taxonomy":"product_tag","embeddable":true,"href":"https:\/\/gethowies.com\/se\/wp-json\/wp\/v2\/product_tag?post=73"}],"curies":[{"name":"wp","href":"https:\/\/api.w.org\/{rel}","templated":true}]}}